{"id":1579,"date":"2019-02-22T11:38:03","date_gmt":"2019-02-22T10:38:03","guid":{"rendered":"http:\/\/3joursdecherbourg.fr\/?page_id=1579"},"modified":"2019-12-02T14:32:25","modified_gmt":"2019-12-02T13:32:25","slug":"1ere-etape-3","status":"publish","type":"page","link":"https:\/\/3joursdecherbourg.fr\/?page_id=1579","title":{"rendered":"1\u00e8re \u00e9tape 2019"},"content":{"rendered":"<p>On ne change pas une \u00ab\u00a0\u00e9tape\u00a0\u00bb qui gagne!<\/p>\n<p>Les changements apport\u00e9s l&rsquo;an dernier ont \u00e9t\u00e9 appr\u00e9ci\u00e9s<a href=\"https:\/\/3joursdecherbourg.fr\/?attachment_id=1832\" rel=\"attachment wp-att-1832\"><img data-recalc-dims=\"1\" loading=\"lazy\" decoding=\"async\" data-attachment-id=\"1832\" data-permalink=\"https:\/\/3joursdecherbourg.fr\/?attachment_id=1832\" data-orig-file=\"https:\/\/i0.wp.com\/3joursdecherbourg.fr\/wp-content\/uploads\/2019\/07\/DSC_2451.jpg?fit=1504%2C1000&amp;ssl=1\" data-orig-size=\"1504,1000\" data-comments-opened=\"1\" data-image-meta=\"{&quot;aperture&quot;:&quot;5.6&quot;,&quot;credit&quot;:&quot;&quot;,&quot;camera&quot;:&quot;NIKON D50&quot;,&quot;caption&quot;:&quot;&quot;,&quot;created_timestamp&quot;:&quot;1535725503&quot;,&quot;copyright&quot;:&quot;&quot;,&quot;focal_length&quot;:&quot;55&quot;,&quot;iso&quot;:&quot;0&quot;,&quot;shutter_speed&quot;:&quot;0.01&quot;,&quot;title&quot;:&quot;&quot;,&quot;orientation&quot;:&quot;1&quot;}\" data-image-title=\"DSC_2451\" data-image-description=\"\" data-image-caption=\"\" data-medium-file=\"https:\/\/i0.wp.com\/3joursdecherbourg.fr\/wp-content\/uploads\/2019\/07\/DSC_2451.jpg?fit=300%2C199&amp;ssl=1\" data-large-file=\"https:\/\/i0.wp.com\/3joursdecherbourg.fr\/wp-content\/uploads\/2019\/07\/DSC_2451.jpg?fit=640%2C426&amp;ssl=1\" width=\"300\" height=\"199\" class=\"alignright size-medium wp-image-1832\" alt=\"\" src=\"https:\/\/i0.wp.com\/3joursdecherbourg.fr\/wp-content\/uploads\/2019\/07\/DSC_2451.jpg?resize=300%2C199&#038;ssl=1\" srcset=\"https:\/\/i0.wp.com\/3joursdecherbourg.fr\/wp-content\/uploads\/2019\/07\/DSC_2451.jpg?resize=300%2C199&amp;ssl=1 300w, https:\/\/i0.wp.com\/3joursdecherbourg.fr\/wp-content\/uploads\/2019\/07\/DSC_2451.jpg?resize=768%2C511&amp;ssl=1 768w, https:\/\/i0.wp.com\/3joursdecherbourg.fr\/wp-content\/uploads\/2019\/07\/DSC_2451.jpg?resize=1024%2C681&amp;ssl=1 1024w, https:\/\/i0.wp.com\/3joursdecherbourg.fr\/wp-content\/uploads\/2019\/07\/DSC_2451.jpg?w=1504&amp;ssl=1 1504w, https:\/\/i0.wp.com\/3joursdecherbourg.fr\/wp-content\/uploads\/2019\/07\/DSC_2451.jpg?w=1280&amp;ssl=1 1280w\" sizes=\"auto, (max-width: 300px) 100vw, 300px\" \/><\/a> par les coureurs, les suiveurs et sans doute les nombreux spectateurs pr\u00e9sents le long des routes de cette premi\u00e8re \u00e9tape. La mont\u00e9e de Beauvais, d\u00e8s le 33\u00e8me kilom\u00e8tre \u00e9tire le peloton sur les routes \u00e9troites et sinueuses avant Montebourg.<\/p>\n<p>Et comme l&rsquo;an dernier, la mont\u00e9e finale de La montagne du Roule d\u00e9signe un beau vainqueur!<\/p>\n<p><\/p>\n\n\n<figure class=\"wp-block-embed-pdf-viewer-embed-pdf-viewer wp-block-embed-pdf-viewer-embed-pdf-viewer__content-wrapper\"><object class=\"embed-pdf-viewer\" data=\"https:\/\/3joursdecherbourg.fr\/wp-content\/uploads\/2019\/07\/1\u00e8re-\u00e9tape-2019.pdf#scrollbar=1&amp;toolbar=1\" type=\"application\/pdf\" height=\"800\" width=\"600\"><\/object><iframe loading=\"lazy\" class=\"embed-pdf-viewer\" src=\"https:\/\/docs.google.com\/viewer?url=http%3A%2F%2F3joursdecherbourg.fr%2Fwp-content%2Fuploads%2F2019%2F07%2F1%C3%A8re-%C3%A9tape-2019.pdf&amp;embedded=true\" frameborder=\"0\" height=\"800\" width=\"600\"><\/iframe><\/figure>\n\n\n\n<iframe src=\"https:\/\/www.calculitineraires.fr\/serviceweb\/carteweb-topo.php?id=912253&#038;zoom=auto&#038;type=plan&#038;color=FF0000\" style=\"width: 100%; height: 900px; border:0; border-style:none; overflow:hidden;\" allowfullscreen><\/iframe>\n","protected":false},"excerpt":{"rendered":"<p>On ne change pas une \u00ab\u00a0\u00e9tape\u00a0\u00bb qui gagne! Les changements apport\u00e9s l&rsquo;an dernier ont \u00e9t\u00e9 appr\u00e9ci\u00e9s par les coureurs, les suiveurs et sans doute les nombreux spectateurs pr\u00e9sents le long des routes de cette premi\u00e8re \u00e9tape. La mont\u00e9e de Beauvais, &hellip; <a href=\"https:\/\/3joursdecherbourg.fr\/?page_id=1579\">Continuer la lecture <span class=\"meta-nav\">&rarr;<\/span><\/a><\/p>\n","protected":false},"author":1,"featured_media":0,"parent":0,"menu_order":0,"comment_status":"closed","ping_status":"closed","template":"","meta":{"footnotes":""},"class_list":["post-1579","page","type-page","status-publish","hentry"],"jetpack_shortlink":"https:\/\/wp.me\/P8fpGS-pt","jetpack-related-posts":[{"id":3086,"url":"https:\/\/3joursdecherbourg.fr\/?page_id=3086","url_meta":{"origin":1579,"position":0},"title":"1\u00e8re \u00e9tape 2022","author":"admin3809","date":"11 avril 2022","format":false,"excerpt":"Bretteville-en-saire --> Port-Bail-sur-Mer (146.22km) La parcours interactif: https:\/\/www.relive.cc\/view\/vevYoJQndJ6\/explore Le circuit sur \u00ab\u00a0Calcul itin\u00e9raires\u00a0\u00bb : https:\/\/www.calculitineraires.fr\/index.php?id=1200864#map https:\/\/youtu.be\/T1dh5fwO-X4 Cette premi\u00e8re \u00e9tape 2022 est la reconduction de l'an pass\u00e9. Les coureurs semblent l'avoir particuli\u00e8rement appr\u00e9ci\u00e9e pour son profil vari\u00e9 et rapide. Son arriv\u00e9e sera \u00e0 nouveau jug\u00e9e \u00e0 Port-Bail-sur-Mer, qui nous a accueillis\u2026","rel":"","context":"Article similaire","block_context":{"text":"Article similaire","link":""},"img":{"alt_text":"","src":"https:\/\/i0.wp.com\/3joursdecherbourg.fr\/wp-content\/uploads\/2022\/04\/DSC_3033-1024x681.jpg?resize=350%2C200&ssl=1","width":350,"height":200,"srcset":"https:\/\/i0.wp.com\/3joursdecherbourg.fr\/wp-content\/uploads\/2022\/04\/DSC_3033-1024x681.jpg?resize=350%2C200&ssl=1 1x, https:\/\/i0.wp.com\/3joursdecherbourg.fr\/wp-content\/uploads\/2022\/04\/DSC_3033-1024x681.jpg?resize=525%2C300&ssl=1 1.5x"},"classes":[]},{"id":4080,"url":"https:\/\/3joursdecherbourg.fr\/?page_id=4080","url_meta":{"origin":1579,"position":1},"title":"2\u00e8me \u00e9tape 2023","author":"admin3809","date":"8 mars 2023","format":false,"excerpt":"https:\/\/youtu.be\/EIvUOdhcAwg?si=ilNhSLQf4j1OCfn6 https:\/\/www.calculitineraires.fr\/index.php?id=1313632#map Un \u00e9tape presque identique \u00e0 l'an dernier. Le seul changement se situe \u00e0 Brix avec la mont\u00e9e directe vers le bourg. 163km \u00e0 parcourir avant de pouvoir esp\u00e9rer lever les bras, comme le Champion de France Matt\u00e9o VERCHER en 2022. Retrouve le circuit sur STRAVA :","rel":"","context":"Article similaire","block_context":{"text":"Article similaire","link":""},"img":{"alt_text":"","src":"https:\/\/i0.wp.com\/img.youtube.com\/vi\/EIvUOdhcAwg\/0.jpg?resize=350%2C200","width":350,"height":200},"classes":[]},{"id":921,"url":"https:\/\/3joursdecherbourg.fr\/?page_id=921","url_meta":{"origin":1579,"position":2},"title":"2\u00e8me \u00e9tape 2018","author":"admin3809","date":"3 janvier 2018","format":false,"excerpt":"Cette belle \u00e9tape avait \u00e9t\u00e9 appr\u00e9ci\u00e9e l'an dernier par tous les coureurs, suiveurs et les nombreux spectateurs mass\u00e9s dans toutes les difficult\u00e9s du parcours. Elle est renouvel\u00e9e cette ann\u00e9e, en modifiant seulement l'avant-dernier kilom\u00e8tre pour \u00e9viter le boulevard de l'Atlantique \u00e0 Octeville. \u00a0 \u00a0 \u00a0 Nota: sous r\u00e9serve de validation\u2026","rel":"","context":"Article similaire","block_context":{"text":"Article similaire","link":""},"img":{"alt_text":"","src":"https:\/\/i0.wp.com\/3joursdecherbourg.fr\/wp-content\/uploads\/2018\/05\/LES-3-JOURS-2017-suite-066-300x200.jpg?resize=350%2C200","width":350,"height":200},"classes":[]},{"id":2898,"url":"https:\/\/3joursdecherbourg.fr\/?page_id=2898","url_meta":{"origin":1579,"position":3},"title":"Les r\u00e9sultats 2021","author":"admin3809","date":"3 septembre 2021","format":false,"excerpt":"\u00a0 3\u00e8me \u00e9tape:\u00a0 Un sc\u00e9nario identique \u00e0 la veille avec une \u00e9chapp\u00e9e au long cours rattrap\u00e9e sur le tard. Quelque secondes d'avances auront suffi pour d\u00e9signer le vainqueur de la mont\u00e9e du Roule. Cette \u00e9tape disput\u00e9e sous un temps d'abord brumeux s'est termin\u00e9e au grand soleil, devant le millier de\u2026","rel":"","context":"Article similaire","block_context":{"text":"Article similaire","link":""},"img":{"alt_text":"","src":"https:\/\/i0.wp.com\/3joursdecherbourg.fr\/wp-content\/uploads\/2021\/09\/DSC_3143-1024x681.jpg?resize=350%2C200&ssl=1","width":350,"height":200,"srcset":"https:\/\/i0.wp.com\/3joursdecherbourg.fr\/wp-content\/uploads\/2021\/09\/DSC_3143-1024x681.jpg?resize=350%2C200&ssl=1 1x, https:\/\/i0.wp.com\/3joursdecherbourg.fr\/wp-content\/uploads\/2021\/09\/DSC_3143-1024x681.jpg?resize=525%2C300&ssl=1 1.5x"},"classes":[]},{"id":93,"url":"https:\/\/3joursdecherbourg.fr\/?page_id=93","url_meta":{"origin":1579,"position":4},"title":"1\u00e8re \u00e9tape 2017","author":"admin3809","date":"24 d\u00e9cembre 2016","format":false,"excerpt":"La traditionnelle \u00e9tape du Val-de-Saire garde sa configuration \u00e9trenn\u00e9e l'an dernier. Un trac\u00e9 champ\u00eatre qui marie la beaut\u00e9 de la c\u00f4te Est du Cotentin avec les verts p\u00e2turages du bocage Normand. Mais les coureurs sont rappel\u00e9s \u00e0 la r\u00e9alit\u00e9 de la course par les c\u00f4tes de la Pernelle et du\u2026","rel":"","context":"Article similaire","block_context":{"text":"Article similaire","link":""},"img":{"alt_text":"","src":"https:\/\/i0.wp.com\/3joursdecherbourg.fr\/wp-content\/uploads\/2016\/12\/3-jours-de-cherbourg-2014-361-52-300x200.jpg?resize=350%2C200","width":350,"height":200},"classes":[]},{"id":2108,"url":"https:\/\/3joursdecherbourg.fr\/?page_id=2108","url_meta":{"origin":1579,"position":5},"title":"2\u00e8me \u00e9tape 2021","author":"admin3809","date":"2 d\u00e9cembre 2019","format":false,"excerpt":"Pour cette deuxi\u00e8me \u00e9tape 2021, les modifications concernent d'abord un passage pour un point chaud dans le bourg de Flamanville, une mont\u00e9e de Brix par un c\u00f4t\u00e9 diff\u00e9rent et \u00e9galement 2 tours 1\/4 d'un circuit final par la mont\u00e9e des Ragotins. LE TRAJET","rel":"","context":"Article similaire","block_context":{"text":"Article similaire","link":""},"img":{"alt_text":"","src":"https:\/\/i0.wp.com\/3joursdecherbourg.fr\/wp-content\/uploads\/2020\/02\/Catigny.jpg?resize=350%2C200&ssl=1","width":350,"height":200,"srcset":"https:\/\/i0.wp.com\/3joursdecherbourg.fr\/wp-content\/uploads\/2020\/02\/Catigny.jpg?resize=350%2C200&ssl=1 1x, https:\/\/i0.wp.com\/3joursdecherbourg.fr\/wp-content\/uploads\/2020\/02\/Catigny.jpg?resize=525%2C300&ssl=1 1.5x, https:\/\/i0.wp.com\/3joursdecherbourg.fr\/wp-content\/uploads\/2020\/02\/Catigny.jpg?resize=700%2C400&ssl=1 2x"},"classes":[]}],"jetpack_likes_enabled":false,"jetpack_sharing_enabled":true,"_links":{"self":[{"href":"https:\/\/3joursdecherbourg.fr\/index.php?rest_route=\/wp\/v2\/pages\/1579","targetHints":{"allow":["GET"]}}],"collection":[{"href":"https:\/\/3joursdecherbourg.fr\/index.php?rest_route=\/wp\/v2\/pages"}],"about":[{"href":"https:\/\/3joursdecherbourg.fr\/index.php?rest_route=\/wp\/v2\/types\/page"}],"author":[{"embeddable":true,"href":"https:\/\/3joursdecherbourg.fr\/index.php?rest_route=\/wp\/v2\/users\/1"}],"replies":[{"embeddable":true,"href":"https:\/\/3joursdecherbourg.fr\/index.php?rest_route=%2Fwp%2Fv2%2Fcomments&post=1579"}],"version-history":[{"count":25,"href":"https:\/\/3joursdecherbourg.fr\/index.php?rest_route=\/wp\/v2\/pages\/1579\/revisions"}],"predecessor-version":[{"id":2094,"href":"https:\/\/3joursdecherbourg.fr\/index.php?rest_route=\/wp\/v2\/pages\/1579\/revisions\/2094"}],"wp:attachment":[{"href":"https:\/\/3joursdecherbourg.fr\/index.php?rest_route=%2Fwp%2Fv2%2Fmedia&parent=1579"}],"curies":[{"name":"wp","href":"https:\/\/api.w.org\/{rel}","templated":true}]}}