{"id":1581,"date":"2019-02-22T11:38:23","date_gmt":"2019-02-22T10:38:23","guid":{"rendered":"http:\/\/3joursdecherbourg.fr\/?page_id=1581"},"modified":"2019-12-02T14:29:41","modified_gmt":"2019-12-02T13:29:41","slug":"2eme-etape-3","status":"publish","type":"page","link":"https:\/\/3joursdecherbourg.fr\/?page_id=1581","title":{"rendered":"2\u00e8me \u00e9tape 2019"},"content":{"rendered":"<div class=\"mceTemp\">\n<div id=\"attachment_1866\" style=\"width: 310px\" class=\"wp-caption alignleft\"><a href=\"https:\/\/3joursdecherbourg.fr\/?attachment_id=1866\" rel=\"attachment wp-att-1866\"><img data-recalc-dims=\"1\" loading=\"lazy\" decoding=\"async\" aria-describedby=\"caption-attachment-1866\" data-attachment-id=\"1866\" data-permalink=\"https:\/\/3joursdecherbourg.fr\/?attachment_id=1866\" data-orig-file=\"https:\/\/i0.wp.com\/3joursdecherbourg.fr\/wp-content\/uploads\/2019\/07\/DSC_2528.jpg?fit=1504%2C1000&amp;ssl=1\" data-orig-size=\"1504,1000\" data-comments-opened=\"1\" data-image-meta=\"{&quot;aperture&quot;:&quot;5.6&quot;,&quot;credit&quot;:&quot;&quot;,&quot;camera&quot;:&quot;NIKON D50&quot;,&quot;caption&quot;:&quot;&quot;,&quot;created_timestamp&quot;:&quot;1535809614&quot;,&quot;copyright&quot;:&quot;&quot;,&quot;focal_length&quot;:&quot;300&quot;,&quot;iso&quot;:&quot;0&quot;,&quot;shutter_speed&quot;:&quot;0.0015625&quot;,&quot;title&quot;:&quot;&quot;,&quot;orientation&quot;:&quot;1&quot;}\" data-image-title=\"DSC_2528\" data-image-description=\"\" data-image-caption=\"&lt;p&gt;Des paysages magnifiques que les coureurs n&amp;rsquo;ont peut-\u00eatre pas le temps de go\u00fbter!&lt;\/p&gt;\n\" data-medium-file=\"https:\/\/i0.wp.com\/3joursdecherbourg.fr\/wp-content\/uploads\/2019\/07\/DSC_2528.jpg?fit=300%2C199&amp;ssl=1\" data-large-file=\"https:\/\/i0.wp.com\/3joursdecherbourg.fr\/wp-content\/uploads\/2019\/07\/DSC_2528.jpg?fit=640%2C426&amp;ssl=1\" width=\"300\" height=\"199\" class=\"size-medium wp-image-1866\" alt=\"\" src=\"https:\/\/i0.wp.com\/3joursdecherbourg.fr\/wp-content\/uploads\/2019\/07\/DSC_2528.jpg?resize=300%2C199&#038;ssl=1\" srcset=\"https:\/\/i0.wp.com\/3joursdecherbourg.fr\/wp-content\/uploads\/2019\/07\/DSC_2528.jpg?resize=300%2C199&amp;ssl=1 300w, https:\/\/i0.wp.com\/3joursdecherbourg.fr\/wp-content\/uploads\/2019\/07\/DSC_2528.jpg?resize=768%2C511&amp;ssl=1 768w, https:\/\/i0.wp.com\/3joursdecherbourg.fr\/wp-content\/uploads\/2019\/07\/DSC_2528.jpg?resize=1024%2C681&amp;ssl=1 1024w, https:\/\/i0.wp.com\/3joursdecherbourg.fr\/wp-content\/uploads\/2019\/07\/DSC_2528.jpg?w=1504&amp;ssl=1 1504w, https:\/\/i0.wp.com\/3joursdecherbourg.fr\/wp-content\/uploads\/2019\/07\/DSC_2528.jpg?w=1280&amp;ssl=1 1280w\" sizes=\"auto, (max-width: 300px) 100vw, 300px\" \/><\/a><p id=\"caption-attachment-1866\" class=\"wp-caption-text\">Des paysages magnifiques que les coureurs n&rsquo;ont peut-\u00eatre pas le temps de go\u00fbter!<\/p><\/div>\n<p>Une deuxi\u00e8me \u00e9tape difficile qui monte et descend sans cesse. Les bosses sont courtes, 1 \u00e0 2 km tout au plus, mais raides. C&rsquo;est une \u00e9tape qui permet \u00e0 un puncheur de lever les bras rue Roger Salengro \u00e0 Octeville.<\/p>\n<\/div>\n\n\n<figure class=\"wp-block-embed-pdf-viewer-embed-pdf-viewer wp-block-embed-pdf-viewer-embed-pdf-viewer__content-wrapper\"><object class=\"embed-pdf-viewer\" data=\"https:\/\/3joursdecherbourg.fr\/wp-content\/uploads\/2019\/06\/2\u00e8me-\u00e9tape-2019.pdf#scrollbar=1&amp;toolbar=1\" type=\"application\/pdf\" height=\"800\" width=\"600\"><\/object><iframe loading=\"lazy\" class=\"embed-pdf-viewer\" src=\"https:\/\/docs.google.com\/viewer?url=http%3A%2F%2F3joursdecherbourg.fr%2Fwp-content%2Fuploads%2F2019%2F06%2F2%C3%A8me-%C3%A9tape-2019.pdf&amp;embedded=true\" frameborder=\"0\" height=\"800\" width=\"600\"><\/iframe><\/figure>\n\n\n\n<iframe src=\"https:\/\/www.calculitineraires.fr\/serviceweb\/carteweb-topo.php?id=912256&amp;zoom=auto&amp;type=plan&amp;color=FF0000\" style=\"width: 100%; height: 900px; border:0; border-style:none; overflow:hidden;\" allowfullscreen=\"\"><\/iframe>\n","protected":false},"excerpt":{"rendered":"<p>Une deuxi\u00e8me \u00e9tape difficile qui monte et descend sans cesse. Les bosses sont courtes, 1 \u00e0 2 km tout au plus, mais raides. C&rsquo;est une \u00e9tape qui permet \u00e0 un puncheur de lever les bras rue Roger Salengro \u00e0 Octeville.<\/p>\n","protected":false},"author":1,"featured_media":0,"parent":0,"menu_order":0,"comment_status":"closed","ping_status":"closed","template":"","meta":{"footnotes":""},"class_list":["post-1581","page","type-page","status-publish","hentry"],"jetpack_shortlink":"https:\/\/wp.me\/P8fpGS-pv","jetpack-related-posts":[{"id":2898,"url":"https:\/\/3joursdecherbourg.fr\/?page_id=2898","url_meta":{"origin":1581,"position":0},"title":"Les r\u00e9sultats 2021","author":"admin3809","date":"3 septembre 2021","format":false,"excerpt":"\u00a0 3\u00e8me \u00e9tape:\u00a0 Un sc\u00e9nario identique \u00e0 la veille avec une \u00e9chapp\u00e9e au long cours rattrap\u00e9e sur le tard. Quelque secondes d'avances auront suffi pour d\u00e9signer le vainqueur de la mont\u00e9e du Roule. Cette \u00e9tape disput\u00e9e sous un temps d'abord brumeux s'est termin\u00e9e au grand soleil, devant le millier de\u2026","rel":"","context":"Article similaire","block_context":{"text":"Article similaire","link":""},"img":{"alt_text":"","src":"https:\/\/i0.wp.com\/3joursdecherbourg.fr\/wp-content\/uploads\/2021\/09\/DSC_3143-1024x681.jpg?resize=350%2C200&ssl=1","width":350,"height":200,"srcset":"https:\/\/i0.wp.com\/3joursdecherbourg.fr\/wp-content\/uploads\/2021\/09\/DSC_3143-1024x681.jpg?resize=350%2C200&ssl=1 1x, https:\/\/i0.wp.com\/3joursdecherbourg.fr\/wp-content\/uploads\/2021\/09\/DSC_3143-1024x681.jpg?resize=525%2C300&ssl=1 1.5x"},"classes":[]},{"id":927,"url":"https:\/\/3joursdecherbourg.fr\/?page_id=927","url_meta":{"origin":1581,"position":1},"title":"Les r\u00e9sultats 2018","author":"admin3809","date":"3 janvier 2018","format":false,"excerpt":"Une troisi\u00e8me \u00e9tape au m\u00eame rythme que les deux autres: effr\u00e9n\u00e9! Des attaques sans cesse, des \u00e9chapp\u00e9es qui ne peuvent prendre du champ, et comme pr\u00e9vu, les derni\u00e8res bosses qui font la diff\u00e9rence. Et c'est Matthieu Burgaudeau, Vend\u00e9e U, qui rafle la mise \u00e0 l'arriv\u00e9e. Au g\u00e9n\u00e9ral, c'est un Cherbourg\u2026","rel":"","context":"Article similaire","block_context":{"text":"Article similaire","link":""},"img":{"alt_text":"","src":"https:\/\/i0.wp.com\/3joursdecherbourg.fr\/wp-content\/uploads\/2018\/09\/DSC_2702.jpg?resize=350%2C200","width":350,"height":200,"srcset":"https:\/\/i0.wp.com\/3joursdecherbourg.fr\/wp-content\/uploads\/2018\/09\/DSC_2702.jpg?resize=350%2C200 1x, https:\/\/i0.wp.com\/3joursdecherbourg.fr\/wp-content\/uploads\/2018\/09\/DSC_2702.jpg?resize=525%2C300 1.5x, https:\/\/i0.wp.com\/3joursdecherbourg.fr\/wp-content\/uploads\/2018\/09\/DSC_2702.jpg?resize=700%2C400 2x, https:\/\/i0.wp.com\/3joursdecherbourg.fr\/wp-content\/uploads\/2018\/09\/DSC_2702.jpg?resize=1050%2C600 3x"},"classes":[]},{"id":1583,"url":"https:\/\/3joursdecherbourg.fr\/?page_id=1583","url_meta":{"origin":1581,"position":2},"title":"3\u00e8me \u00e9tape 2019","author":"admin3809","date":"22 f\u00e9vrier 2019","format":false,"excerpt":"Une troisi\u00e8me \u00e9tape qui se lance sans difficult\u00e9s majeures, de Bricquebec \u00e0 Saint-Sauveur-le-Vicomte, qui va fl\u00e2ner vers la c\u00f4te de Portbail \u00e0 Barneville-Carteret avant de revenir vers Les Pieux. Une premi\u00e8re partie \"bucolique\", sauf si le vent s'en m\u00eale! Le retour par La Hague, \u00e0 partir de Di\u00e9lette, est plus\u2026","rel":"","context":"Article similaire","block_context":{"text":"Article similaire","link":""},"img":{"alt_text":"","src":"https:\/\/i0.wp.com\/3joursdecherbourg.fr\/wp-content\/uploads\/2019\/07\/DSC_2698-300x199.jpg?resize=350%2C200","width":350,"height":200},"classes":[]},{"id":1579,"url":"https:\/\/3joursdecherbourg.fr\/?page_id=1579","url_meta":{"origin":1581,"position":3},"title":"1\u00e8re \u00e9tape 2019","author":"admin3809","date":"22 f\u00e9vrier 2019","format":false,"excerpt":"On ne change pas une \"\u00e9tape\" qui gagne! Les changements apport\u00e9s l'an dernier ont \u00e9t\u00e9 appr\u00e9ci\u00e9s par les coureurs, les suiveurs et sans doute les nombreux spectateurs pr\u00e9sents le long des routes de cette premi\u00e8re \u00e9tape. La mont\u00e9e de Beauvais, d\u00e8s le 33\u00e8me kilom\u00e8tre \u00e9tire le peloton sur les routes\u2026","rel":"","context":"Article similaire","block_context":{"text":"Article similaire","link":""},"img":{"alt_text":"","src":"https:\/\/i0.wp.com\/3joursdecherbourg.fr\/wp-content\/uploads\/2019\/07\/DSC_2451-300x199.jpg?resize=350%2C200","width":350,"height":200},"classes":[]},{"id":1594,"url":"https:\/\/3joursdecherbourg.fr\/?page_id=1594","url_meta":{"origin":1581,"position":4},"title":"Les r\u00e9sultats 2019","author":"admin3809","date":"22 f\u00e9vrier 2019","format":false,"excerpt":"La troisi\u00e8me et derni\u00e8re \u00e9tape a consacr\u00e9 le Team Nantes Atlantique et son jeune coureur, Louis Barr\u00e9 dans la d\u00e9fense de son maillot de leader de l'\u00e9preuve. Apr\u00e8s les premi\u00e8res escarmouches, une \u00e9chapp\u00e9e a pu prendre les devants et rester aux avants postes jusqu'aux difficiles bosses des derniers kilom\u00e8tres. Owen\u2026","rel":"","context":"Article similaire","block_context":{"text":"Article similaire","link":""},"img":{"alt_text":"","src":"https:\/\/i0.wp.com\/3joursdecherbourg.fr\/wp-content\/uploads\/2019\/09\/DSC_2981-300x199.jpg?resize=350%2C200","width":350,"height":200},"classes":[]},{"id":2110,"url":"https:\/\/3joursdecherbourg.fr\/?page_id=2110","url_meta":{"origin":1581,"position":5},"title":"3\u00e8me \u00e9tape 2021","author":"admin3809","date":"2 d\u00e9cembre 2019","format":false,"excerpt":"Cette derni\u00e8re \u00e9tape sacrera sans nul doute un grand champion au sommet de la Montagne du Roule. C'est en effet l\u00e0 que se terminera cette \u00e9dition 2021 apr\u00e8s une \u00e9tape particuli\u00e8rement difficile. Le d\u00e9part sera donn\u00e9 \u00e0 la sortie de Tourlaville en haut de la c\u00f4te de Br\u00e9qu\u00e9cal qui constituera\u2026","rel":"","context":"Article similaire","block_context":{"text":"Article similaire","link":""},"img":{"alt_text":"","src":"https:\/\/i0.wp.com\/3joursdecherbourg.fr\/wp-content\/uploads\/2020\/02\/Sciotot.jpg?resize=350%2C200&ssl=1","width":350,"height":200,"srcset":"https:\/\/i0.wp.com\/3joursdecherbourg.fr\/wp-content\/uploads\/2020\/02\/Sciotot.jpg?resize=350%2C200&ssl=1 1x, https:\/\/i0.wp.com\/3joursdecherbourg.fr\/wp-content\/uploads\/2020\/02\/Sciotot.jpg?resize=525%2C300&ssl=1 1.5x"},"classes":[]}],"jetpack_likes_enabled":false,"jetpack_sharing_enabled":true,"_links":{"self":[{"href":"https:\/\/3joursdecherbourg.fr\/index.php?rest_route=\/wp\/v2\/pages\/1581","targetHints":{"allow":["GET"]}}],"collection":[{"href":"https:\/\/3joursdecherbourg.fr\/index.php?rest_route=\/wp\/v2\/pages"}],"about":[{"href":"https:\/\/3joursdecherbourg.fr\/index.php?rest_route=\/wp\/v2\/types\/page"}],"author":[{"embeddable":true,"href":"https:\/\/3joursdecherbourg.fr\/index.php?rest_route=\/wp\/v2\/users\/1"}],"replies":[{"embeddable":true,"href":"https:\/\/3joursdecherbourg.fr\/index.php?rest_route=%2Fwp%2Fv2%2Fcomments&post=1581"}],"version-history":[{"count":10,"href":"https:\/\/3joursdecherbourg.fr\/index.php?rest_route=\/wp\/v2\/pages\/1581\/revisions"}],"predecessor-version":[{"id":2089,"href":"https:\/\/3joursdecherbourg.fr\/index.php?rest_route=\/wp\/v2\/pages\/1581\/revisions\/2089"}],"wp:attachment":[{"href":"https:\/\/3joursdecherbourg.fr\/index.php?rest_route=%2Fwp%2Fv2%2Fmedia&parent=1581"}],"curies":[{"name":"wp","href":"https:\/\/api.w.org\/{rel}","templated":true}]}}