{"id":1583,"date":"2019-02-22T11:38:54","date_gmt":"2019-02-22T10:38:54","guid":{"rendered":"http:\/\/3joursdecherbourg.fr\/?page_id=1583"},"modified":"2019-12-02T14:30:00","modified_gmt":"2019-12-02T13:30:00","slug":"3eme-etape-3","status":"publish","type":"page","link":"https:\/\/3joursdecherbourg.fr\/?page_id=1583","title":{"rendered":"3\u00e8me \u00e9tape 2019"},"content":{"rendered":"<p>Une troisi\u00e8me \u00e9tape qui se lance sans difficult\u00e9s majeures, de Bricquebec \u00e0 Saint-Sauveur-le-Vicomte, qui va fl\u00e2ner vers la c\u00f4te de Portbail<\/p>\n<div id=\"attachment_1862\" style=\"width: 310px\" class=\"wp-caption alignright\"><a href=\"https:\/\/3joursdecherbourg.fr\/?attachment_id=1862\" rel=\"attachment wp-att-1862\"><img data-recalc-dims=\"1\" loading=\"lazy\" decoding=\"async\" aria-describedby=\"caption-attachment-1862\" data-attachment-id=\"1862\" data-permalink=\"https:\/\/3joursdecherbourg.fr\/?attachment_id=1862\" data-orig-file=\"https:\/\/i0.wp.com\/3joursdecherbourg.fr\/wp-content\/uploads\/2019\/07\/DSC_2698.jpg?fit=1504%2C1000&amp;ssl=1\" data-orig-size=\"1504,1000\" data-comments-opened=\"1\" data-image-meta=\"{&quot;aperture&quot;:&quot;4.5&quot;,&quot;credit&quot;:&quot;&quot;,&quot;camera&quot;:&quot;NIKON D50&quot;,&quot;caption&quot;:&quot;&quot;,&quot;created_timestamp&quot;:&quot;1535901166&quot;,&quot;copyright&quot;:&quot;&quot;,&quot;focal_length&quot;:&quot;70&quot;,&quot;iso&quot;:&quot;0&quot;,&quot;shutter_speed&quot;:&quot;0.002&quot;,&quot;title&quot;:&quot;&quot;,&quot;orientation&quot;:&quot;1&quot;}\" data-image-title=\"DSC_2698\" data-image-description=\"\" data-image-caption=\"&lt;p&gt;Omonville: oui, \u00e7a grimpe!&lt;\/p&gt;\n\" data-medium-file=\"https:\/\/i0.wp.com\/3joursdecherbourg.fr\/wp-content\/uploads\/2019\/07\/DSC_2698.jpg?fit=300%2C199&amp;ssl=1\" data-large-file=\"https:\/\/i0.wp.com\/3joursdecherbourg.fr\/wp-content\/uploads\/2019\/07\/DSC_2698.jpg?fit=640%2C426&amp;ssl=1\" width=\"300\" height=\"199\" class=\"size-medium wp-image-1862\" alt=\"\" src=\"https:\/\/i0.wp.com\/3joursdecherbourg.fr\/wp-content\/uploads\/2019\/07\/DSC_2698.jpg?resize=300%2C199&#038;ssl=1\" srcset=\"https:\/\/i0.wp.com\/3joursdecherbourg.fr\/wp-content\/uploads\/2019\/07\/DSC_2698.jpg?resize=300%2C199&amp;ssl=1 300w, https:\/\/i0.wp.com\/3joursdecherbourg.fr\/wp-content\/uploads\/2019\/07\/DSC_2698.jpg?resize=768%2C511&amp;ssl=1 768w, https:\/\/i0.wp.com\/3joursdecherbourg.fr\/wp-content\/uploads\/2019\/07\/DSC_2698.jpg?resize=1024%2C681&amp;ssl=1 1024w, https:\/\/i0.wp.com\/3joursdecherbourg.fr\/wp-content\/uploads\/2019\/07\/DSC_2698.jpg?w=1504&amp;ssl=1 1504w, https:\/\/i0.wp.com\/3joursdecherbourg.fr\/wp-content\/uploads\/2019\/07\/DSC_2698.jpg?w=1280&amp;ssl=1 1280w\" sizes=\"auto, (max-width: 300px) 100vw, 300px\" \/><\/a><p id=\"caption-attachment-1862\" class=\"wp-caption-text\">Omonville: oui, \u00e7a grimpe!<\/p><\/div>\n<p>\u00e0 Barneville-Carteret avant de revenir vers Les Pieux. Une premi\u00e8re partie \u00ab\u00a0bucolique\u00a0\u00bb, sauf si le vent s&rsquo;en m\u00eale!<\/p>\n<p>Le retour par La Hague, \u00e0 partir de Di\u00e9lette, est plus difficile. Les c\u00f4tes d&rsquo;Omonville, de La Valette puis des Aiguillons s\u00e9lectionneront un beau vainqueur \u00e0 l&rsquo;arriv\u00e9e \u00e0 Cherbourg.<\/p>\n\n\n<figure class=\"wp-block-embed-pdf-viewer-embed-pdf-viewer wp-block-embed-pdf-viewer-embed-pdf-viewer__content-wrapper\"><object class=\"embed-pdf-viewer\" data=\"https:\/\/3joursdecherbourg.fr\/wp-content\/uploads\/2019\/04\/3\u00e8me-\u00e9tape-2019.pdf#scrollbar=1&amp;toolbar=1\" type=\"application\/pdf\" height=\"800\" width=\"600\"><\/object><iframe loading=\"lazy\" class=\"embed-pdf-viewer\" src=\"https:\/\/docs.google.com\/viewer?url=http%3A%2F%2F3joursdecherbourg.fr%2Fwp-content%2Fuploads%2F2019%2F04%2F3%C3%A8me-%C3%A9tape-2019.pdf&amp;embedded=true\" frameborder=\"0\" height=\"800\" width=\"600\"><\/iframe><\/figure>\n\n\n\n<iframe src=\"https:\/\/www.calculitineraires.fr\/serviceweb\/carteweb-topo.php?id=912311&#038;zoom=auto&#038;type=plan&#038;color=FF0000\" style=\"width: 100%; height: 900px; border:0; border-style:none; overflow:hidden;\" allowfullscreen><\/iframe>\n","protected":false},"excerpt":{"rendered":"<p>Une troisi\u00e8me \u00e9tape qui se lance sans difficult\u00e9s majeures, de Bricquebec \u00e0 Saint-Sauveur-le-Vicomte, qui va fl\u00e2ner vers la c\u00f4te de Portbail \u00e0 Barneville-Carteret avant de revenir vers Les Pieux. Une premi\u00e8re partie \u00ab\u00a0bucolique\u00a0\u00bb, sauf si le vent s&rsquo;en m\u00eale! Le &hellip; <a href=\"https:\/\/3joursdecherbourg.fr\/?page_id=1583\">Continuer la lecture <span class=\"meta-nav\">&rarr;<\/span><\/a><\/p>\n","protected":false},"author":1,"featured_media":0,"parent":0,"menu_order":0,"comment_status":"closed","ping_status":"closed","template":"","meta":{"footnotes":""},"class_list":["post-1583","page","type-page","status-publish","hentry"],"jetpack_shortlink":"https:\/\/wp.me\/P8fpGS-px","jetpack-related-posts":[{"id":2110,"url":"https:\/\/3joursdecherbourg.fr\/?page_id=2110","url_meta":{"origin":1583,"position":0},"title":"3\u00e8me \u00e9tape 2021","author":"admin3809","date":"2 d\u00e9cembre 2019","format":false,"excerpt":"Cette derni\u00e8re \u00e9tape sacrera sans nul doute un grand champion au sommet de la Montagne du Roule. C'est en effet l\u00e0 que se terminera cette \u00e9dition 2021 apr\u00e8s une \u00e9tape particuli\u00e8rement difficile. Le d\u00e9part sera donn\u00e9 \u00e0 la sortie de Tourlaville en haut de la c\u00f4te de Br\u00e9qu\u00e9cal qui constituera\u2026","rel":"","context":"Article similaire","block_context":{"text":"Article similaire","link":""},"img":{"alt_text":"","src":"https:\/\/i0.wp.com\/3joursdecherbourg.fr\/wp-content\/uploads\/2020\/02\/Sciotot.jpg?resize=350%2C200&ssl=1","width":350,"height":200,"srcset":"https:\/\/i0.wp.com\/3joursdecherbourg.fr\/wp-content\/uploads\/2020\/02\/Sciotot.jpg?resize=350%2C200&ssl=1 1x, https:\/\/i0.wp.com\/3joursdecherbourg.fr\/wp-content\/uploads\/2020\/02\/Sciotot.jpg?resize=525%2C300&ssl=1 1.5x"},"classes":[]},{"id":4078,"url":"https:\/\/3joursdecherbourg.fr\/?page_id=4078","url_meta":{"origin":1583,"position":1},"title":"1\u00e8re \u00e9tape 2023","author":"admin3809","date":"8 mars 2023","format":false,"excerpt":"https:\/\/youtu.be\/RfWuC_Hms0s https:\/\/youtu.be\/A-Rp0FnVHqw?si=vLJr27Vg-7lbq967 https:\/\/www.calculitineraires.fr\/index.php?id=1363012#map Apr\u00e8s 2 ann\u00e9es \u00e0 Portbail-sur-Mer, c'est maintenant Bricquebec-en-Cotentin qui accueillera l'arriv\u00e9e de cette premi\u00e8re \u00e9tape 2023. Avec un d\u00e9part classique par le Val-de-Saire, la premi\u00e8re difficult\u00e9 de La Pernelle arrive tr\u00e8s rapidement. Un changement ensuite puisque dans le bourg du Vast les coureurs partiront \u00e0 gauche directement\u2026","rel":"","context":"Article similaire","block_context":{"text":"Article similaire","link":""},"img":{"alt_text":"","src":"https:\/\/i0.wp.com\/img.youtube.com\/vi\/RfWuC_Hms0s\/0.jpg?resize=350%2C200","width":350,"height":200},"classes":[]},{"id":1594,"url":"https:\/\/3joursdecherbourg.fr\/?page_id=1594","url_meta":{"origin":1583,"position":2},"title":"Les r\u00e9sultats 2019","author":"admin3809","date":"22 f\u00e9vrier 2019","format":false,"excerpt":"La troisi\u00e8me et derni\u00e8re \u00e9tape a consacr\u00e9 le Team Nantes Atlantique et son jeune coureur, Louis Barr\u00e9 dans la d\u00e9fense de son maillot de leader de l'\u00e9preuve. Apr\u00e8s les premi\u00e8res escarmouches, une \u00e9chapp\u00e9e a pu prendre les devants et rester aux avants postes jusqu'aux difficiles bosses des derniers kilom\u00e8tres. Owen\u2026","rel":"","context":"Article similaire","block_context":{"text":"Article similaire","link":""},"img":{"alt_text":"","src":"https:\/\/i0.wp.com\/3joursdecherbourg.fr\/wp-content\/uploads\/2019\/09\/DSC_2981-300x199.jpg?resize=350%2C200","width":350,"height":200},"classes":[]},{"id":3090,"url":"https:\/\/3joursdecherbourg.fr\/?page_id=3090","url_meta":{"origin":1583,"position":3},"title":"3\u00e8me \u00e9tape 2022","author":"admin3809","date":"11 avril 2022","format":false,"excerpt":"Tourlaville --> Cherbourg (145.33km) Le parcours interactif: https:\/\/www.relive.cc\/view\/vLqekLDDYdO\/explore Le circuit sur \"Calcul itin\u00e9raires\": https:\/\/www.calculitineraires.fr\/index.php?id=1264009#map https:\/\/youtu.be\/UKYpCs1gZUY L\u00e9g\u00e8rement raccourcie, 145 km quand m\u00eame, l'\u00e9tape nous emm\u00e8nera d'abord vers Sottevast et son Point Chaud puis une route vers Breuville pas facile du tout. La remont\u00e9e de La Hague apr\u00e8s Barneville-Carteret (sans Le Pou\u2026","rel":"","context":"Article similaire","block_context":{"text":"Article similaire","link":""},"img":{"alt_text":"","src":"https:\/\/i0.wp.com\/3joursdecherbourg.fr\/wp-content\/uploads\/2022\/04\/DSC_3173-1024x681.jpg?resize=350%2C200&ssl=1","width":350,"height":200,"srcset":"https:\/\/i0.wp.com\/3joursdecherbourg.fr\/wp-content\/uploads\/2022\/04\/DSC_3173-1024x681.jpg?resize=350%2C200&ssl=1 1x, https:\/\/i0.wp.com\/3joursdecherbourg.fr\/wp-content\/uploads\/2022\/04\/DSC_3173-1024x681.jpg?resize=525%2C300&ssl=1 1.5x"},"classes":[]},{"id":2898,"url":"https:\/\/3joursdecherbourg.fr\/?page_id=2898","url_meta":{"origin":1583,"position":4},"title":"Les r\u00e9sultats 2021","author":"admin3809","date":"3 septembre 2021","format":false,"excerpt":"\u00a0 3\u00e8me \u00e9tape:\u00a0 Un sc\u00e9nario identique \u00e0 la veille avec une \u00e9chapp\u00e9e au long cours rattrap\u00e9e sur le tard. Quelque secondes d'avances auront suffi pour d\u00e9signer le vainqueur de la mont\u00e9e du Roule. Cette \u00e9tape disput\u00e9e sous un temps d'abord brumeux s'est termin\u00e9e au grand soleil, devant le millier de\u2026","rel":"","context":"Article similaire","block_context":{"text":"Article similaire","link":""},"img":{"alt_text":"","src":"https:\/\/i0.wp.com\/3joursdecherbourg.fr\/wp-content\/uploads\/2021\/09\/DSC_3143-1024x681.jpg?resize=350%2C200&ssl=1","width":350,"height":200,"srcset":"https:\/\/i0.wp.com\/3joursdecherbourg.fr\/wp-content\/uploads\/2021\/09\/DSC_3143-1024x681.jpg?resize=350%2C200&ssl=1 1x, https:\/\/i0.wp.com\/3joursdecherbourg.fr\/wp-content\/uploads\/2021\/09\/DSC_3143-1024x681.jpg?resize=525%2C300&ssl=1 1.5x"},"classes":[]},{"id":927,"url":"https:\/\/3joursdecherbourg.fr\/?page_id=927","url_meta":{"origin":1583,"position":5},"title":"Les r\u00e9sultats 2018","author":"admin3809","date":"3 janvier 2018","format":false,"excerpt":"Une troisi\u00e8me \u00e9tape au m\u00eame rythme que les deux autres: effr\u00e9n\u00e9! Des attaques sans cesse, des \u00e9chapp\u00e9es qui ne peuvent prendre du champ, et comme pr\u00e9vu, les derni\u00e8res bosses qui font la diff\u00e9rence. Et c'est Matthieu Burgaudeau, Vend\u00e9e U, qui rafle la mise \u00e0 l'arriv\u00e9e. Au g\u00e9n\u00e9ral, c'est un Cherbourg\u2026","rel":"","context":"Article similaire","block_context":{"text":"Article similaire","link":""},"img":{"alt_text":"","src":"https:\/\/i0.wp.com\/3joursdecherbourg.fr\/wp-content\/uploads\/2018\/09\/DSC_2702.jpg?resize=350%2C200","width":350,"height":200,"srcset":"https:\/\/i0.wp.com\/3joursdecherbourg.fr\/wp-content\/uploads\/2018\/09\/DSC_2702.jpg?resize=350%2C200 1x, https:\/\/i0.wp.com\/3joursdecherbourg.fr\/wp-content\/uploads\/2018\/09\/DSC_2702.jpg?resize=525%2C300 1.5x, https:\/\/i0.wp.com\/3joursdecherbourg.fr\/wp-content\/uploads\/2018\/09\/DSC_2702.jpg?resize=700%2C400 2x, https:\/\/i0.wp.com\/3joursdecherbourg.fr\/wp-content\/uploads\/2018\/09\/DSC_2702.jpg?resize=1050%2C600 3x"},"classes":[]}],"jetpack_likes_enabled":false,"jetpack_sharing_enabled":true,"_links":{"self":[{"href":"https:\/\/3joursdecherbourg.fr\/index.php?rest_route=\/wp\/v2\/pages\/1583","targetHints":{"allow":["GET"]}}],"collection":[{"href":"https:\/\/3joursdecherbourg.fr\/index.php?rest_route=\/wp\/v2\/pages"}],"about":[{"href":"https:\/\/3joursdecherbourg.fr\/index.php?rest_route=\/wp\/v2\/types\/page"}],"author":[{"embeddable":true,"href":"https:\/\/3joursdecherbourg.fr\/index.php?rest_route=\/wp\/v2\/users\/1"}],"replies":[{"embeddable":true,"href":"https:\/\/3joursdecherbourg.fr\/index.php?rest_route=%2Fwp%2Fv2%2Fcomments&post=1583"}],"version-history":[{"count":11,"href":"https:\/\/3joursdecherbourg.fr\/index.php?rest_route=\/wp\/v2\/pages\/1583\/revisions"}],"predecessor-version":[{"id":2090,"href":"https:\/\/3joursdecherbourg.fr\/index.php?rest_route=\/wp\/v2\/pages\/1583\/revisions\/2090"}],"wp:attachment":[{"href":"https:\/\/3joursdecherbourg.fr\/index.php?rest_route=%2Fwp%2Fv2%2Fmedia&parent=1583"}],"curies":[{"name":"wp","href":"https:\/\/api.w.org\/{rel}","templated":true}]}}