{"id":1587,"date":"2019-02-22T11:41:37","date_gmt":"2019-02-22T10:41:37","guid":{"rendered":"http:\/\/3joursdecherbourg.fr\/?page_id=1587"},"modified":"2019-12-02T14:31:01","modified_gmt":"2019-12-02T13:31:01","slug":"les-equipes","status":"publish","type":"page","link":"https:\/\/3joursdecherbourg.fr\/?page_id=1587","title":{"rendered":"Les \u00e9quipes 2019"},"content":{"rendered":"\n<figure class=\"wp-block-embed-pdf-viewer-embed-pdf-viewer wp-block-embed-pdf-viewer-embed-pdf-viewer__content-wrapper\"><object class=\"embed-pdf-viewer\" data=\"https:\/\/3joursdecherbourg.fr\/wp-content\/uploads\/2019\/08\/Les-\u00e9quipes-2019.pdf#scrollbar=1&amp;toolbar=1\" type=\"application\/pdf\" height=\"800\" width=\"600\"><\/object><iframe loading=\"lazy\" class=\"embed-pdf-viewer\" src=\"https:\/\/docs.google.com\/viewer?url=http%3A%2F%2F3joursdecherbourg.fr%2Fwp-content%2Fuploads%2F2019%2F08%2FLes-%C3%A9quipes-2019.pdf&amp;embedded=true\" frameborder=\"0\" height=\"800\" width=\"600\"><\/iframe><\/figure>\n","protected":false},"excerpt":{"rendered":"","protected":false},"author":1,"featured_media":0,"parent":0,"menu_order":0,"comment_status":"closed","ping_status":"closed","template":"","meta":{"footnotes":""},"class_list":["post-1587","page","type-page","status-publish","hentry"],"jetpack_shortlink":"https:\/\/wp.me\/P8fpGS-pB","jetpack-related-posts":[{"id":936,"url":"https:\/\/3joursdecherbourg.fr\/?page_id=936","url_meta":{"origin":1587,"position":0},"title":"Les \u00e9quipes 2018","author":"admin3809","date":"3 janvier 2018","format":false,"excerpt":"Liste des \u00e9quipes retenues pour l'\u00e9dition 2018 des \"3 jours de Cherbourg\". 3 \u00e9quipes \u00e9trang\u00e8res 9 \u00e9quipes DN1 9 \u00e9quipes DN2 2 \u00e9quipes DN3 1 \u00e9quipe r\u00e9gionale 1 \u00e9quipe mixte Chaque \u00e9quipe retiendra cinq coureurs pour le d\u00e9part de l'\u00e9preuve. [table id=9 \/][table id=10 \/][table id=11 \/][table id=12 \/][table id=13\u2026","rel":"","context":"Article similaire","block_context":{"text":"Article similaire","link":""},"img":{"alt_text":"","src":"","width":0,"height":0},"classes":[]},{"id":2164,"url":"https:\/\/3joursdecherbourg.fr\/?page_id=2164","url_meta":{"origin":1587,"position":1},"title":"Les \u00e9quipes 2020","author":"admin3809","date":"21 f\u00e9vrier 2020","format":false,"excerpt":"Liste des \u00e9quipes qui ont postul\u00e9 pour l'\u00e9dition 2020. La s\u00e9lection des \u00e9quipes retenues sera effectu\u00e9e avant fin avril.","rel":"","context":"Article similaire","block_context":{"text":"Article similaire","link":""},"img":{"alt_text":"","src":"","width":0,"height":0},"classes":[]},{"id":3094,"url":"https:\/\/3joursdecherbourg.fr\/?page_id=3094","url_meta":{"origin":1587,"position":2},"title":"Les \u00e9quipes 2022","author":"admin3809","date":"11 avril 2022","format":false,"excerpt":"Liste des \u00e9quipes N1, auxquelles nous avons souhait\u00e9 ajouter une \u00e9quipe invit\u00e9e, la s\u00e9lection Normandie, soit 28 \u00e9quipes de 6 coureurs au d\u00e9part de l'\u00e9preuve. https:\/\/youtu.be\/ZSkgPJ_bO9g","rel":"","context":"Article similaire","block_context":{"text":"Article similaire","link":""},"img":{"alt_text":"","src":"https:\/\/i0.wp.com\/3joursdecherbourg.fr\/wp-content\/uploads\/2022\/04\/telechargement-2.png?resize=350%2C200&ssl=1","width":350,"height":200},"classes":[]},{"id":2294,"url":"https:\/\/3joursdecherbourg.fr\/?page_id=2294","url_meta":{"origin":1587,"position":3},"title":"Les \u00e9quipes 2021","author":"admin3809","date":"24 d\u00e9cembre 2020","format":false,"excerpt":"41 \u00e9quipes ont postul\u00e9 pour cette \u00e9dition 2021 des \"3 jours de Cherbourg en Cotentin\". Quelques unes se\u00a0 sont ensuite d\u00e9sist\u00e9es. Nous avons d\u00e9cid\u00e9, apr\u00e8s concertation avec la ville de Cherbourg-en-Cotentin, partenaire principal de l'\u00e9preuve, de retenir ces candidatures dans l'optique d'une course du plus haut niveau, apr\u00e8s une ann\u00e9e\u2026","rel":"","context":"Article similaire","block_context":{"text":"Article similaire","link":""},"img":{"alt_text":"","src":"","width":0,"height":0},"classes":[]},{"id":5080,"url":"https:\/\/3joursdecherbourg.fr\/?page_id=5080","url_meta":{"origin":1587,"position":4},"title":"Les \u00e9quipes 2025","author":"admin3809","date":"28 mai 2025","format":false,"excerpt":"","rel":"","context":"Article similaire","block_context":{"text":"Article similaire","link":""},"img":{"alt_text":"","src":"","width":0,"height":0},"classes":[]},{"id":4118,"url":"https:\/\/3joursdecherbourg.fr\/?page_id=4118","url_meta":{"origin":1587,"position":5},"title":"Les \u00e9quipes 2023","author":"admin3809","date":"27 mars 2023","format":false,"excerpt":"","rel":"","context":"Article similaire","block_context":{"text":"Article similaire","link":""},"img":{"alt_text":"","src":"https:\/\/i0.wp.com\/3joursdecherbourg.fr\/wp-content\/uploads\/2023\/08\/Les-equipes-1.jpg?resize=350%2C200&ssl=1","width":350,"height":200,"srcset":"https:\/\/i0.wp.com\/3joursdecherbourg.fr\/wp-content\/uploads\/2023\/08\/Les-equipes-1.jpg?resize=350%2C200&ssl=1 1x, https:\/\/i0.wp.com\/3joursdecherbourg.fr\/wp-content\/uploads\/2023\/08\/Les-equipes-1.jpg?resize=525%2C300&ssl=1 1.5x, https:\/\/i0.wp.com\/3joursdecherbourg.fr\/wp-content\/uploads\/2023\/08\/Les-equipes-1.jpg?resize=700%2C400&ssl=1 2x"},"classes":[]}],"jetpack_likes_enabled":false,"jetpack_sharing_enabled":true,"_links":{"self":[{"href":"https:\/\/3joursdecherbourg.fr\/index.php?rest_route=\/wp\/v2\/pages\/1587","targetHints":{"allow":["GET"]}}],"collection":[{"href":"https:\/\/3joursdecherbourg.fr\/index.php?rest_route=\/wp\/v2\/pages"}],"about":[{"href":"https:\/\/3joursdecherbourg.fr\/index.php?rest_route=\/wp\/v2\/types\/page"}],"author":[{"embeddable":true,"href":"https:\/\/3joursdecherbourg.fr\/index.php?rest_route=\/wp\/v2\/users\/1"}],"replies":[{"embeddable":true,"href":"https:\/\/3joursdecherbourg.fr\/index.php?rest_route=%2Fwp%2Fv2%2Fcomments&post=1587"}],"version-history":[{"count":12,"href":"https:\/\/3joursdecherbourg.fr\/index.php?rest_route=\/wp\/v2\/pages\/1587\/revisions"}],"predecessor-version":[{"id":2092,"href":"https:\/\/3joursdecherbourg.fr\/index.php?rest_route=\/wp\/v2\/pages\/1587\/revisions\/2092"}],"wp:attachment":[{"href":"https:\/\/3joursdecherbourg.fr\/index.php?rest_route=%2Fwp%2Fv2%2Fmedia&parent=1587"}],"curies":[{"name":"wp","href":"https:\/\/api.w.org\/{rel}","templated":true}]}}