{"id":2,"date":"2016-12-22T17:25:44","date_gmt":"2016-12-22T16:25:44","guid":{"rendered":"http:\/\/3joursdecherbourg.fr\/?page_id=2"},"modified":"2022-07-04T17:01:03","modified_gmt":"2022-07-04T15:01:03","slug":"page-d-exemple","status":"publish","type":"page","link":"https:\/\/3joursdecherbourg.fr\/?page_id=2","title":{"rendered":"Le mot du Pr\u00e9sident"},"content":{"rendered":"<p><em>Depuis plus de quarante ans, les meilleurs <\/em><em>cyclistes amateurs de l\u2019hexagone et d&rsquo;ailleurs sillonnent les routes du Cotentin \u00e0 l\u2019appel de l\u2019<strong>Amicale Cycliste des 3 Jours de Cherbourg.<\/strong><\/em><\/p>\n<p><em>Jean-Claude PRIGENT a men\u00e9 l\u2019\u00e9quipe des b\u00e9n\u00e9voles avec brio pendant 25 ans puis a souhait\u00e9 retrouver son pays basque natal, puis les Pays de la Loire. Il est parti avec la nostalgie des grandes heures de cette course mythique, le souvenir des gloires pass\u00e9es, des exploits r\u00e9alis\u00e9s, mais aussi l\u2019\u00e9motion des \u00e9preuves travers\u00e9es et des douleurs partag\u00e9es.<\/em><\/p>\n<p><em>Jean-Marie HERAUVILLE a pris le relais pendant 3 ann\u00e9es et a laiss\u00e9 la main \u00e0 l&rsquo;aube de la 40\u00e8me \u00e9dition.<\/em><\/p>\n<p><em>Depuis cette 40\u00e8me, avec toujours une \u00e9quipe de b\u00e9n\u00e9voles comp\u00e9tents et efficaces, nous nous effor\u00e7ons de continuer \u00e0 faire de ces 3 \u00a0jours une comp\u00e9tition de tr\u00e8s haut niveau dans notre Cotentin.<\/em><\/p>\n<p><em>C\u2019est une lourde t\u00e2che que de mettre en place une telle comp\u00e9tition \u00e0 laquelle nous travaillons tout au long de l\u2019ann\u00e9e, avec des d\u00e9couragements face aux maints probl\u00e8mes \u00e0 r\u00e9soudre, puis les p\u00e9riodes de satisfaction devant le succ\u00e8s et la r\u00e9ussite qui nous attend chaque ann\u00e9e.<\/em><\/p>\n<p><em>Un grand merci \u00e0 tous nos fid\u00e8les partenaires qui \u0153uvrent pour nous permettre de maintenir ces \u00ab\u00a0<strong>3 jours de Cherbourg en Cotentin<\/strong>\u00a0\u00bb au plus haut niveau du cyclisme \u00ab\u00a0Elite Nationale\u00a0\u00bb.<\/em><\/p>\n<p><em>La t\u00e2che est difficile, elle a ses joies et ses peines, mais c\u2019est gr\u00e2ce au travail de toute une \u00e9quipe que le succ\u00e8s est au rendez-vous chaque ann\u00e9e.<\/em><\/p>\n<p style=\"text-align: right; padding-left: 120px;\">Bernard BERHAULT<a href=\"https:\/\/i0.wp.com\/3joursdecherbourg.fr\/wp-content\/uploads\/2022\/07\/1-12-1-scaled.jpg?ssl=1\"><img data-recalc-dims=\"1\" loading=\"lazy\" decoding=\"async\" data-attachment-id=\"3251\" data-permalink=\"https:\/\/3joursdecherbourg.fr\/?attachment_id=3251\" data-orig-file=\"https:\/\/i0.wp.com\/3joursdecherbourg.fr\/wp-content\/uploads\/2022\/07\/1-12-1-scaled.jpg?fit=1920%2C2560&amp;ssl=1\" data-orig-size=\"1920,2560\" data-comments-opened=\"1\" data-image-meta=\"{&quot;aperture&quot;:&quot;1.6&quot;,&quot;credit&quot;:&quot;&quot;,&quot;camera&quot;:&quot;iPhone 13&quot;,&quot;caption&quot;:&quot;&quot;,&quot;created_timestamp&quot;:&quot;1653504611&quot;,&quot;copyright&quot;:&quot;&quot;,&quot;focal_length&quot;:&quot;5.1&quot;,&quot;iso&quot;:&quot;200&quot;,&quot;shutter_speed&quot;:&quot;0.02&quot;,&quot;title&quot;:&quot;&quot;,&quot;orientation&quot;:&quot;0&quot;}\" data-image-title=\"1 (12)\" data-image-description=\"\" data-image-caption=\"\" data-medium-file=\"https:\/\/i0.wp.com\/3joursdecherbourg.fr\/wp-content\/uploads\/2022\/07\/1-12-1-scaled.jpg?fit=225%2C300&amp;ssl=1\" data-large-file=\"https:\/\/i0.wp.com\/3joursdecherbourg.fr\/wp-content\/uploads\/2022\/07\/1-12-1-scaled.jpg?fit=640%2C853&amp;ssl=1\" class=\"alignright wp-image-3251 \" src=\"https:\/\/i0.wp.com\/3joursdecherbourg.fr\/wp-content\/uploads\/2022\/07\/1-12-1-scaled.jpg?resize=136%2C181&#038;ssl=1\" alt=\"\" width=\"136\" height=\"181\" srcset=\"https:\/\/i0.wp.com\/3joursdecherbourg.fr\/wp-content\/uploads\/2022\/07\/1-12-1-scaled.jpg?w=1920&amp;ssl=1 1920w, https:\/\/i0.wp.com\/3joursdecherbourg.fr\/wp-content\/uploads\/2022\/07\/1-12-1-scaled.jpg?resize=225%2C300&amp;ssl=1 225w, https:\/\/i0.wp.com\/3joursdecherbourg.fr\/wp-content\/uploads\/2022\/07\/1-12-1-scaled.jpg?resize=768%2C1024&amp;ssl=1 768w, https:\/\/i0.wp.com\/3joursdecherbourg.fr\/wp-content\/uploads\/2022\/07\/1-12-1-scaled.jpg?resize=1152%2C1536&amp;ssl=1 1152w, https:\/\/i0.wp.com\/3joursdecherbourg.fr\/wp-content\/uploads\/2022\/07\/1-12-1-scaled.jpg?resize=1536%2C2048&amp;ssl=1 1536w, https:\/\/i0.wp.com\/3joursdecherbourg.fr\/wp-content\/uploads\/2022\/07\/1-12-1-scaled.jpg?w=1280&amp;ssl=1 1280w\" sizes=\"auto, (max-width: 136px) 100vw, 136px\" \/><\/a><\/p>\n<p style=\"text-align: right; padding-left: 120px;\">Pr\u00e9sident de l\u2019Amicale Cycliste des 3 Jours de Cherbourg<\/p>\n","protected":false},"excerpt":{"rendered":"<p>Depuis plus de quarante ans, les meilleurs cyclistes amateurs de l\u2019hexagone et d&rsquo;ailleurs sillonnent les routes du Cotentin \u00e0 l\u2019appel de l\u2019Amicale Cycliste des 3 Jours de Cherbourg. Jean-Claude PRIGENT a men\u00e9 l\u2019\u00e9quipe des b\u00e9n\u00e9voles avec brio pendant 25 ans &hellip; <a href=\"https:\/\/3joursdecherbourg.fr\/?page_id=2\">Continuer la lecture <span class=\"meta-nav\">&rarr;<\/span><\/a><\/p>\n","protected":false},"author":1,"featured_media":0,"parent":0,"menu_order":0,"comment_status":"closed","ping_status":"open","template":"","meta":{"footnotes":""},"class_list":["post-2","page","type-page","status-publish","hentry"],"jetpack_shortlink":"https:\/\/wp.me\/P8fpGS-2","jetpack-related-posts":[{"id":47,"url":"https:\/\/3joursdecherbourg.fr\/?page_id=47","url_meta":{"origin":2,"position":0},"title":"L&rsquo;association","author":"admin3809","date":"24 d\u00e9cembre 2016","format":false,"excerpt":"Le mot du Pr\u00e9sident : Depuis plus de quarante ans, les meilleurs cyclistes amateurs de l\u2019hexagone et d'ailleurs sillonnent les routes du Cotentin \u00e0 l\u2019appel de l\u2019Amicale Cycliste des 3 Jours de Cherbourg. Jean-Claude PRIGENT a men\u00e9 l\u2019\u00e9quipe des b\u00e9n\u00e9voles avec brio pendant 25 ans puis a souhait\u00e9 retrouver son\u2026","rel":"","context":"Article similaire","block_context":{"text":"Article similaire","link":""},"img":{"alt_text":"","src":"https:\/\/i0.wp.com\/3joursdecherbourg.fr\/wp-content\/uploads\/2023\/08\/IMG_0008-3-scaled.jpg?resize=350%2C200&ssl=1","width":350,"height":200,"srcset":"https:\/\/i0.wp.com\/3joursdecherbourg.fr\/wp-content\/uploads\/2023\/08\/IMG_0008-3-scaled.jpg?resize=350%2C200&ssl=1 1x, https:\/\/i0.wp.com\/3joursdecherbourg.fr\/wp-content\/uploads\/2023\/08\/IMG_0008-3-scaled.jpg?resize=525%2C300&ssl=1 1.5x, https:\/\/i0.wp.com\/3joursdecherbourg.fr\/wp-content\/uploads\/2023\/08\/IMG_0008-3-scaled.jpg?resize=700%2C400&ssl=1 2x, https:\/\/i0.wp.com\/3joursdecherbourg.fr\/wp-content\/uploads\/2023\/08\/IMG_0008-3-scaled.jpg?resize=1050%2C600&ssl=1 3x, https:\/\/i0.wp.com\/3joursdecherbourg.fr\/wp-content\/uploads\/2023\/08\/IMG_0008-3-scaled.jpg?resize=1400%2C800&ssl=1 4x"},"classes":[]},{"id":5085,"url":"https:\/\/3joursdecherbourg.fr\/?page_id=5085","url_meta":{"origin":2,"position":1},"title":"Chrono Montagne 2025","author":"admin3809","date":"28 mai 2025","format":false,"excerpt":"Dans l\u2019attente de l\u2019arriv\u00e9e de la 3\u00e8me \u00e9tape des \u00ab 3 jours de Cherbourg en Cotentin \u00bb, l\u2019Amicale Cycliste a voulu r\u00e9activer l\u2019ancienne mont\u00e9e chronom\u00e9tr\u00e9e de la Montagne du Roule: 1, 1 km \u00e0 9% de moyenne. Dans les ann\u00e9es 60, le prix Schneider \u2013 Andr\u00e9 H\u00e9bert, organis\u00e9 par l\u2019ASC\u2026","rel":"","context":"Article similaire","block_context":{"text":"Article similaire","link":""},"img":{"alt_text":"","src":"https:\/\/i0.wp.com\/3joursdecherbourg.fr\/wp-content\/uploads\/2025\/08\/Copie-de-44-3.png?resize=350%2C200&ssl=1","width":350,"height":200,"srcset":"https:\/\/i0.wp.com\/3joursdecherbourg.fr\/wp-content\/uploads\/2025\/08\/Copie-de-44-3.png?resize=350%2C200&ssl=1 1x, https:\/\/i0.wp.com\/3joursdecherbourg.fr\/wp-content\/uploads\/2025\/08\/Copie-de-44-3.png?resize=525%2C300&ssl=1 1.5x, https:\/\/i0.wp.com\/3joursdecherbourg.fr\/wp-content\/uploads\/2025\/08\/Copie-de-44-3.png?resize=700%2C400&ssl=1 2x, https:\/\/i0.wp.com\/3joursdecherbourg.fr\/wp-content\/uploads\/2025\/08\/Copie-de-44-3.png?resize=1050%2C600&ssl=1 3x, https:\/\/i0.wp.com\/3joursdecherbourg.fr\/wp-content\/uploads\/2025\/08\/Copie-de-44-3.png?resize=1400%2C800&ssl=1 4x"},"classes":[]},{"id":4163,"url":"https:\/\/3joursdecherbourg.fr\/?page_id=4163","url_meta":{"origin":2,"position":2},"title":"Chrono Montagne 2023","author":"admin3809","date":"7 juillet 2023","format":false,"excerpt":"Dans l\u2019attente de l\u2019arriv\u00e9e de la 3\u00e8me \u00e9tape des \u00ab 3 jours de Cherbourg en Cotentin \u00bb, l\u2019Amicale Cycliste a voulu r\u00e9activer l\u2019ancienne mont\u00e9e chronom\u00e9tr\u00e9e de la Montagne du Roule: 1, 1 km \u00e0 9% de moyenne. Dans les ann\u00e9es 60, le prix Schneider \u2013 Andr\u00e9 H\u00e9bert, organis\u00e9 par l\u2019ASC\u2026","rel":"","context":"Article similaire","block_context":{"text":"Article similaire","link":""},"img":{"alt_text":"delisle raymond","src":"https:\/\/i0.wp.com\/www.lncpro.fr\/user\/textes\/grands-champions\/delisle_raymond.jpg?resize=350%2C200","width":350,"height":200},"classes":[]},{"id":4654,"url":"https:\/\/3joursdecherbourg.fr\/?page_id=4654","url_meta":{"origin":2,"position":3},"title":"Chrono Montagne 2024","author":"admin3809","date":"24 juillet 2024","format":false,"excerpt":"Dans l\u2019attente de l\u2019arriv\u00e9e de la 3\u00e8me \u00e9tape des \u00ab 3 jours de Cherbourg en Cotentin \u00bb, l\u2019Amicale Cycliste a voulu r\u00e9activer l\u2019ancienne mont\u00e9e chronom\u00e9tr\u00e9e de la Montagne du Roule: 1, 1 km \u00e0 9% de moyenne. Dans les ann\u00e9es 60, le prix Schneider \u2013 Andr\u00e9 H\u00e9bert, organis\u00e9 par l\u2019ASC\u2026","rel":"","context":"Article similaire","block_context":{"text":"Article similaire","link":""},"img":{"alt_text":"delisle raymond","src":"https:\/\/i0.wp.com\/www.lncpro.fr\/user\/textes\/grands-champions\/delisle_raymond.jpg?resize=350%2C200","width":350,"height":200},"classes":[]},{"id":2493,"url":"https:\/\/3joursdecherbourg.fr\/?page_id=2493","url_meta":{"origin":2,"position":4},"title":"Chrono Montagne 2021","author":"admin3809","date":"21 juillet 2021","format":false,"excerpt":"Dans l'attente de l'arriv\u00e9e de la 3\u00e8me \u00e9tape des \"3 jours de Cherbourg en Cotentin\", le dimanche 5 septembre 2021, l'Amicale Cycliste a voulu r\u00e9activer l'ancienne mont\u00e9e chronom\u00e9tr\u00e9e de la Montagne du Roule: 1, 1 km \u00e0 9% de moyenne. Dans les ann\u00e9es 60, le prix Schneider-Andr\u00e9 H\u00e9bert, organis\u00e9 par\u2026","rel":"","context":"Article similaire","block_context":{"text":"Article similaire","link":""},"img":{"alt_text":"delisle raymond","src":"https:\/\/i0.wp.com\/www.lncpro.fr\/user\/textes\/grands-champions\/delisle_raymond.jpg?resize=350%2C200","width":350,"height":200},"classes":[]},{"id":3155,"url":"https:\/\/3joursdecherbourg.fr\/?page_id=3155","url_meta":{"origin":2,"position":5},"title":"Chrono Montagne 2022","author":"admin3809","date":"20 avril 2022","format":false,"excerpt":"Dans l'attente de l'arriv\u00e9e de la 3\u00e8me \u00e9tape des \"3 jours de Cherbourg en Cotentin\", l'Amicale Cycliste a voulu r\u00e9activer l'ancienne mont\u00e9e chronom\u00e9tr\u00e9e de la Montagne du Roule: 1, 1 km \u00e0 9% de moyenne. Dans les ann\u00e9es 60, le prix Schneider - Andr\u00e9 H\u00e9bert, organis\u00e9 par l'ASC Cyclisme, r\u00e9unissait\u2026","rel":"","context":"Article similaire","block_context":{"text":"Article similaire","link":""},"img":{"alt_text":"delisle raymond","src":"https:\/\/i0.wp.com\/www.lncpro.fr\/user\/textes\/grands-champions\/delisle_raymond.jpg?resize=350%2C200","width":350,"height":200},"classes":[]}],"jetpack_likes_enabled":false,"jetpack_sharing_enabled":true,"_links":{"self":[{"href":"https:\/\/3joursdecherbourg.fr\/index.php?rest_route=\/wp\/v2\/pages\/2","targetHints":{"allow":["GET"]}}],"collection":[{"href":"https:\/\/3joursdecherbourg.fr\/index.php?rest_route=\/wp\/v2\/pages"}],"about":[{"href":"https:\/\/3joursdecherbourg.fr\/index.php?rest_route=\/wp\/v2\/types\/page"}],"author":[{"embeddable":true,"href":"https:\/\/3joursdecherbourg.fr\/index.php?rest_route=\/wp\/v2\/users\/1"}],"replies":[{"embeddable":true,"href":"https:\/\/3joursdecherbourg.fr\/index.php?rest_route=%2Fwp%2Fv2%2Fcomments&post=2"}],"version-history":[{"count":14,"href":"https:\/\/3joursdecherbourg.fr\/index.php?rest_route=\/wp\/v2\/pages\/2\/revisions"}],"predecessor-version":[{"id":3260,"href":"https:\/\/3joursdecherbourg.fr\/index.php?rest_route=\/wp\/v2\/pages\/2\/revisions\/3260"}],"wp:attachment":[{"href":"https:\/\/3joursdecherbourg.fr\/index.php?rest_route=%2Fwp%2Fv2%2Fmedia&parent=2"}],"curies":[{"name":"wp","href":"https:\/\/api.w.org\/{rel}","templated":true}]}}