{"id":2098,"date":"2019-12-02T15:01:00","date_gmt":"2019-12-02T14:01:00","guid":{"rendered":"http:\/\/3joursdecherbourg.fr\/?page_id=2098"},"modified":"2021-08-23T12:00:55","modified_gmt":"2021-08-23T10:00:55","slug":"1ere-etape-2020","status":"publish","type":"page","link":"https:\/\/3joursdecherbourg.fr\/?page_id=2098","title":{"rendered":"1\u00e8re \u00e9tape 2021"},"content":{"rendered":"<p>Cette premi\u00e8re \u00e9tape 2021 est une nouveaut\u00e9. Son arriv\u00e9e sera en effet jug\u00e9e, pour la premi\u00e8re fois, non pas \u00e0 Cherbourg comme d&rsquo;habitude, mais \u00e0 l&rsquo;ouest du Cotentin: <strong>Port-Bail-sur-Mer<\/strong>. Avec un d\u00e9part classique par le Val-de-Saire, les deux difficult\u00e9s de La Pernelle puis du Vast arriveront tr\u00e8s rapidement, alors qu&rsquo;elles \u00e9taient les ann\u00e9es pr\u00e9c\u00e9dentes plut\u00f4t en deuxi\u00e8me partie d&rsquo;\u00e9tape.<\/p>\n<div id=\"attachment_2171\" style=\"width: 310px\" class=\"wp-caption alignright\"><a href=\"https:\/\/3joursdecherbourg.fr\/?attachment_id=2171\" rel=\"attachment wp-att-2171\"><img data-recalc-dims=\"1\" loading=\"lazy\" decoding=\"async\" aria-describedby=\"caption-attachment-2171\" data-attachment-id=\"2171\" data-permalink=\"https:\/\/3joursdecherbourg.fr\/?attachment_id=2171\" data-orig-file=\"https:\/\/i0.wp.com\/3joursdecherbourg.fr\/wp-content\/uploads\/2020\/02\/DSC_6054-scaled.jpg?fit=2560%2C1707&amp;ssl=1\" data-orig-size=\"2560,1707\" data-comments-opened=\"1\" data-image-meta=\"{&quot;aperture&quot;:&quot;5&quot;,&quot;credit&quot;:&quot;&quot;,&quot;camera&quot;:&quot;NIKON D3X&quot;,&quot;caption&quot;:&quot;&quot;,&quot;created_timestamp&quot;:&quot;1567791778&quot;,&quot;copyright&quot;:&quot;&quot;,&quot;focal_length&quot;:&quot;80&quot;,&quot;iso&quot;:&quot;500&quot;,&quot;shutter_speed&quot;:&quot;0.00125&quot;,&quot;title&quot;:&quot;&quot;,&quot;orientation&quot;:&quot;1&quot;}\" data-image-title=\"DSC_6054\" data-image-description=\"\" data-image-caption=\"&lt;p&gt;Le passage \u00e0 La Pernelle&lt;\/p&gt;\n\" data-medium-file=\"https:\/\/i0.wp.com\/3joursdecherbourg.fr\/wp-content\/uploads\/2020\/02\/DSC_6054-scaled.jpg?fit=300%2C200&amp;ssl=1\" data-large-file=\"https:\/\/i0.wp.com\/3joursdecherbourg.fr\/wp-content\/uploads\/2020\/02\/DSC_6054-scaled.jpg?fit=640%2C427&amp;ssl=1\" class=\"size-medium wp-image-2171\" src=\"https:\/\/i0.wp.com\/3joursdecherbourg.fr\/wp-content\/uploads\/2020\/02\/DSC_6054.jpg?resize=300%2C200&#038;ssl=1\" alt=\"\" width=\"300\" height=\"200\" srcset=\"https:\/\/i0.wp.com\/3joursdecherbourg.fr\/wp-content\/uploads\/2020\/02\/DSC_6054-scaled.jpg?resize=300%2C200&amp;ssl=1 300w, https:\/\/i0.wp.com\/3joursdecherbourg.fr\/wp-content\/uploads\/2020\/02\/DSC_6054-scaled.jpg?resize=1024%2C683&amp;ssl=1 1024w, https:\/\/i0.wp.com\/3joursdecherbourg.fr\/wp-content\/uploads\/2020\/02\/DSC_6054-scaled.jpg?resize=768%2C512&amp;ssl=1 768w, https:\/\/i0.wp.com\/3joursdecherbourg.fr\/wp-content\/uploads\/2020\/02\/DSC_6054-scaled.jpg?resize=1536%2C1024&amp;ssl=1 1536w, https:\/\/i0.wp.com\/3joursdecherbourg.fr\/wp-content\/uploads\/2020\/02\/DSC_6054-scaled.jpg?resize=2048%2C1365&amp;ssl=1 2048w, https:\/\/i0.wp.com\/3joursdecherbourg.fr\/wp-content\/uploads\/2020\/02\/DSC_6054-scaled.jpg?w=1280&amp;ssl=1 1280w, https:\/\/i0.wp.com\/3joursdecherbourg.fr\/wp-content\/uploads\/2020\/02\/DSC_6054-scaled.jpg?w=1920&amp;ssl=1 1920w\" sizes=\"auto, (max-width: 300px) 100vw, 300px\" \/><\/a><p id=\"caption-attachment-2171\" class=\"wp-caption-text\">Dans la c\u00f4te de La Pernelle<\/p><\/div>\n<p>Apr\u00e8s la troisi\u00e8me et derni\u00e8re difficult\u00e9, la mont\u00e9e de Beauvais \u00e0 Morsaline, les coureurs traverseront le Cotentin d&rsquo;est en ouest pour rejoindre la c\u00f4te des Isles. Les 30 derniers km sur le circuit cher \u00e0 Andr\u00e9 Quentin et sa \u00ab\u00a0Gainsbarre\u00a0\u00bb permettront sans doute aux plus rapides de se disputer le sprint final.<\/p>\n<p>\u00a0<\/p>\n<p><a href=\"https:\/\/www.calculitineraires.fr\/index.php?id=1132237#map\">LE TRAJET\u00a0<\/a><\/p>\n\n<a href=\"https:\/\/3joursdecherbourg.fr\/wp-content\/uploads\/2021\/05\/1ere-etape-2021-Port-Bail-v2.pdf\" class=\"pdfemb-viewer\" style=\"\" data-width=\"max\" data-height=\"max\" data-toolbar=\"bottom\" data-toolbar-fixed=\"off\">1ere-etape-2021-Port-Bail-v2<\/a>\n<p class=\"wp-block-pdfemb-pdf-embedder-viewer\"><\/p>\n\n\n\n<div class=\"wp-block-image\"><figure class=\"alignright size-large\"><img data-recalc-dims=\"1\" loading=\"lazy\" decoding=\"async\" width=\"397\" height=\"189\" data-attachment-id=\"2172\" data-permalink=\"https:\/\/3joursdecherbourg.fr\/?attachment_id=2172\" data-orig-file=\"https:\/\/i0.wp.com\/3joursdecherbourg.fr\/wp-content\/uploads\/2020\/02\/La-Pernelle.jpg?fit=397%2C189&amp;ssl=1\" data-orig-size=\"397,189\" data-comments-opened=\"1\" data-image-meta=\"{&quot;aperture&quot;:&quot;0&quot;,&quot;credit&quot;:&quot;&quot;,&quot;camera&quot;:&quot;&quot;,&quot;caption&quot;:&quot;&quot;,&quot;created_timestamp&quot;:&quot;0&quot;,&quot;copyright&quot;:&quot;&quot;,&quot;focal_length&quot;:&quot;0&quot;,&quot;iso&quot;:&quot;0&quot;,&quot;shutter_speed&quot;:&quot;0&quot;,&quot;title&quot;:&quot;&quot;,&quot;orientation&quot;:&quot;0&quot;}\" data-image-title=\"La-Pernelle\" data-image-description=\"\" data-image-caption=\"\" data-medium-file=\"https:\/\/i0.wp.com\/3joursdecherbourg.fr\/wp-content\/uploads\/2020\/02\/La-Pernelle.jpg?fit=300%2C143&amp;ssl=1\" data-large-file=\"https:\/\/i0.wp.com\/3joursdecherbourg.fr\/wp-content\/uploads\/2020\/02\/La-Pernelle.jpg?fit=397%2C189&amp;ssl=1\" src=\"https:\/\/i0.wp.com\/3joursdecherbourg.fr\/wp-content\/uploads\/2020\/02\/La-Pernelle.jpg?resize=397%2C189&#038;ssl=1\" alt=\"\" class=\"wp-image-2172\" srcset=\"https:\/\/i0.wp.com\/3joursdecherbourg.fr\/wp-content\/uploads\/2020\/02\/La-Pernelle.jpg?w=397&amp;ssl=1 397w, https:\/\/i0.wp.com\/3joursdecherbourg.fr\/wp-content\/uploads\/2020\/02\/La-Pernelle.jpg?resize=300%2C143&amp;ssl=1 300w\" sizes=\"auto, (max-width: 397px) 100vw, 397px\" \/><\/figure><\/div>\n\n\n\n<figure class=\"wp-block-image size-large\"><img data-recalc-dims=\"1\" loading=\"lazy\" decoding=\"async\" width=\"397\" height=\"227\" data-attachment-id=\"2173\" data-permalink=\"https:\/\/3joursdecherbourg.fr\/?attachment_id=2173\" data-orig-file=\"https:\/\/i0.wp.com\/3joursdecherbourg.fr\/wp-content\/uploads\/2020\/02\/Le-Vast.jpg?fit=397%2C227&amp;ssl=1\" data-orig-size=\"397,227\" data-comments-opened=\"1\" data-image-meta=\"{&quot;aperture&quot;:&quot;0&quot;,&quot;credit&quot;:&quot;&quot;,&quot;camera&quot;:&quot;&quot;,&quot;caption&quot;:&quot;&quot;,&quot;created_timestamp&quot;:&quot;0&quot;,&quot;copyright&quot;:&quot;&quot;,&quot;focal_length&quot;:&quot;0&quot;,&quot;iso&quot;:&quot;0&quot;,&quot;shutter_speed&quot;:&quot;0&quot;,&quot;title&quot;:&quot;&quot;,&quot;orientation&quot;:&quot;0&quot;}\" data-image-title=\"Le-Vast\" data-image-description=\"\" data-image-caption=\"\" data-medium-file=\"https:\/\/i0.wp.com\/3joursdecherbourg.fr\/wp-content\/uploads\/2020\/02\/Le-Vast.jpg?fit=300%2C172&amp;ssl=1\" data-large-file=\"https:\/\/i0.wp.com\/3joursdecherbourg.fr\/wp-content\/uploads\/2020\/02\/Le-Vast.jpg?fit=397%2C227&amp;ssl=1\" src=\"https:\/\/i0.wp.com\/3joursdecherbourg.fr\/wp-content\/uploads\/2020\/02\/Le-Vast.jpg?resize=397%2C227&#038;ssl=1\" alt=\"\" class=\"wp-image-2173\" srcset=\"https:\/\/i0.wp.com\/3joursdecherbourg.fr\/wp-content\/uploads\/2020\/02\/Le-Vast.jpg?w=397&amp;ssl=1 397w, https:\/\/i0.wp.com\/3joursdecherbourg.fr\/wp-content\/uploads\/2020\/02\/Le-Vast.jpg?resize=300%2C172&amp;ssl=1 300w\" sizes=\"auto, (max-width: 397px) 100vw, 397px\" \/><\/figure>\n\n\n\n<div class=\"wp-block-image\"><figure class=\"alignright size-large\"><img data-recalc-dims=\"1\" loading=\"lazy\" decoding=\"async\" width=\"321\" height=\"178\" data-attachment-id=\"2174\" data-permalink=\"https:\/\/3joursdecherbourg.fr\/?attachment_id=2174\" data-orig-file=\"https:\/\/i0.wp.com\/3joursdecherbourg.fr\/wp-content\/uploads\/2020\/02\/Beauvais.jpg?fit=321%2C178&amp;ssl=1\" data-orig-size=\"321,178\" data-comments-opened=\"1\" data-image-meta=\"{&quot;aperture&quot;:&quot;0&quot;,&quot;credit&quot;:&quot;&quot;,&quot;camera&quot;:&quot;&quot;,&quot;caption&quot;:&quot;&quot;,&quot;created_timestamp&quot;:&quot;0&quot;,&quot;copyright&quot;:&quot;&quot;,&quot;focal_length&quot;:&quot;0&quot;,&quot;iso&quot;:&quot;0&quot;,&quot;shutter_speed&quot;:&quot;0&quot;,&quot;title&quot;:&quot;&quot;,&quot;orientation&quot;:&quot;0&quot;}\" data-image-title=\"Beauvais\" data-image-description=\"\" data-image-caption=\"\" data-medium-file=\"https:\/\/i0.wp.com\/3joursdecherbourg.fr\/wp-content\/uploads\/2020\/02\/Beauvais.jpg?fit=300%2C166&amp;ssl=1\" data-large-file=\"https:\/\/i0.wp.com\/3joursdecherbourg.fr\/wp-content\/uploads\/2020\/02\/Beauvais.jpg?fit=321%2C178&amp;ssl=1\" src=\"https:\/\/i0.wp.com\/3joursdecherbourg.fr\/wp-content\/uploads\/2020\/02\/Beauvais.jpg?resize=321%2C178&#038;ssl=1\" alt=\"\" class=\"wp-image-2174\" srcset=\"https:\/\/i0.wp.com\/3joursdecherbourg.fr\/wp-content\/uploads\/2020\/02\/Beauvais.jpg?w=321&amp;ssl=1 321w, https:\/\/i0.wp.com\/3joursdecherbourg.fr\/wp-content\/uploads\/2020\/02\/Beauvais.jpg?resize=300%2C166&amp;ssl=1 300w\" sizes=\"auto, (max-width: 321px) 100vw, 321px\" \/><\/figure><\/div>\n\n\n<a href=\"https:\/\/3joursdecherbourg.fr\/wp-content\/uploads\/2021\/05\/1ere-etape-2021-circuit-final-Port-Bail.pdf\" class=\"pdfemb-viewer\" style=\"\" data-width=\"max\" data-height=\"max\" data-toolbar=\"bottom\" data-toolbar-fixed=\"off\">1ere-etape-2021-circuit-final-Port-Bail<\/a>\n<p class=\"wp-block-pdfemb-pdf-embedder-viewer\"><\/p>\n","protected":false},"excerpt":{"rendered":"<p>Cette premi\u00e8re \u00e9tape 2021 est une nouveaut\u00e9. Son arriv\u00e9e sera en effet jug\u00e9e, pour la premi\u00e8re fois, non pas \u00e0 Cherbourg comme d&rsquo;habitude, mais \u00e0 l&rsquo;ouest du Cotentin: Port-Bail-sur-Mer. Avec un d\u00e9part classique par le Val-de-Saire, les deux difficult\u00e9s de &hellip; <a href=\"https:\/\/3joursdecherbourg.fr\/?page_id=2098\">Continuer la lecture <span class=\"meta-nav\">&rarr;<\/span><\/a><\/p>\n","protected":false},"author":1,"featured_media":0,"parent":0,"menu_order":0,"comment_status":"closed","ping_status":"closed","template":"","meta":{"footnotes":""},"class_list":["post-2098","page","type-page","status-publish","hentry"],"jetpack_shortlink":"https:\/\/wp.me\/P8fpGS-xQ","jetpack-related-posts":[{"id":4078,"url":"https:\/\/3joursdecherbourg.fr\/?page_id=4078","url_meta":{"origin":2098,"position":0},"title":"1\u00e8re \u00e9tape 2023","author":"admin3809","date":"8 mars 2023","format":false,"excerpt":"https:\/\/youtu.be\/RfWuC_Hms0s https:\/\/youtu.be\/A-Rp0FnVHqw?si=vLJr27Vg-7lbq967 https:\/\/www.calculitineraires.fr\/index.php?id=1363012#map Apr\u00e8s 2 ann\u00e9es \u00e0 Portbail-sur-Mer, c'est maintenant Bricquebec-en-Cotentin qui accueillera l'arriv\u00e9e de cette premi\u00e8re \u00e9tape 2023. Avec un d\u00e9part classique par le Val-de-Saire, la premi\u00e8re difficult\u00e9 de La Pernelle arrive tr\u00e8s rapidement. Un changement ensuite puisque dans le bourg du Vast les coureurs partiront \u00e0 gauche directement\u2026","rel":"","context":"Article similaire","block_context":{"text":"Article similaire","link":""},"img":{"alt_text":"","src":"https:\/\/i0.wp.com\/img.youtube.com\/vi\/RfWuC_Hms0s\/0.jpg?resize=350%2C200","width":350,"height":200},"classes":[]},{"id":3086,"url":"https:\/\/3joursdecherbourg.fr\/?page_id=3086","url_meta":{"origin":2098,"position":1},"title":"1\u00e8re \u00e9tape 2022","author":"admin3809","date":"11 avril 2022","format":false,"excerpt":"Bretteville-en-saire --> Port-Bail-sur-Mer (146.22km) La parcours interactif: https:\/\/www.relive.cc\/view\/vevYoJQndJ6\/explore Le circuit sur \u00ab\u00a0Calcul itin\u00e9raires\u00a0\u00bb : https:\/\/www.calculitineraires.fr\/index.php?id=1200864#map https:\/\/youtu.be\/T1dh5fwO-X4 Cette premi\u00e8re \u00e9tape 2022 est la reconduction de l'an pass\u00e9. Les coureurs semblent l'avoir particuli\u00e8rement appr\u00e9ci\u00e9e pour son profil vari\u00e9 et rapide. Son arriv\u00e9e sera \u00e0 nouveau jug\u00e9e \u00e0 Port-Bail-sur-Mer, qui nous a accueillis\u2026","rel":"","context":"Article similaire","block_context":{"text":"Article similaire","link":""},"img":{"alt_text":"","src":"https:\/\/i0.wp.com\/3joursdecherbourg.fr\/wp-content\/uploads\/2022\/04\/DSC_3033-1024x681.jpg?resize=350%2C200&ssl=1","width":350,"height":200,"srcset":"https:\/\/i0.wp.com\/3joursdecherbourg.fr\/wp-content\/uploads\/2022\/04\/DSC_3033-1024x681.jpg?resize=350%2C200&ssl=1 1x, https:\/\/i0.wp.com\/3joursdecherbourg.fr\/wp-content\/uploads\/2022\/04\/DSC_3033-1024x681.jpg?resize=525%2C300&ssl=1 1.5x"},"classes":[]},{"id":93,"url":"https:\/\/3joursdecherbourg.fr\/?page_id=93","url_meta":{"origin":2098,"position":2},"title":"1\u00e8re \u00e9tape 2017","author":"admin3809","date":"24 d\u00e9cembre 2016","format":false,"excerpt":"La traditionnelle \u00e9tape du Val-de-Saire garde sa configuration \u00e9trenn\u00e9e l'an dernier. Un trac\u00e9 champ\u00eatre qui marie la beaut\u00e9 de la c\u00f4te Est du Cotentin avec les verts p\u00e2turages du bocage Normand. Mais les coureurs sont rappel\u00e9s \u00e0 la r\u00e9alit\u00e9 de la course par les c\u00f4tes de la Pernelle et du\u2026","rel":"","context":"Article similaire","block_context":{"text":"Article similaire","link":""},"img":{"alt_text":"","src":"https:\/\/i0.wp.com\/3joursdecherbourg.fr\/wp-content\/uploads\/2016\/12\/3-jours-de-cherbourg-2014-361-52-300x200.jpg?resize=350%2C200","width":350,"height":200},"classes":[]},{"id":3092,"url":"https:\/\/3joursdecherbourg.fr\/?page_id=3092","url_meta":{"origin":2098,"position":3},"title":"Les r\u00e9sum\u00e9s des \u00e9tapes 2022","author":"admin3809","date":"11 avril 2022","format":false,"excerpt":"1\u00e9re \u00e9tapes (Bretteville - Port-Bail-sur-Mer) Cette \u00e9dition 2022 des 3 jours de Cherbourg en Cotentin a commenc\u00e9 fort par la premi\u00e8re \u00e9tape reliant Bretteville \u00e0 Port-Bail-sur-Mer, cette \u00e9tape longue de 146 kilom\u00e8tres a \u00e9t\u00e9 riche en rebondissements. Le d\u00e9part a \u00e9t\u00e9 marqu\u00e9 par plusieurs probl\u00e8mes m\u00e9caniques et d\u2019une chute dans\u2026","rel":"","context":"Article similaire","block_context":{"text":"Article similaire","link":""},"img":{"alt_text":"","src":"https:\/\/i0.wp.com\/3joursdecherbourg.fr\/wp-content\/uploads\/2022\/09\/IMG_2920-300x200.jpg?resize=350%2C200&ssl=1","width":350,"height":200},"classes":[]},{"id":2898,"url":"https:\/\/3joursdecherbourg.fr\/?page_id=2898","url_meta":{"origin":2098,"position":4},"title":"Les r\u00e9sultats 2021","author":"admin3809","date":"3 septembre 2021","format":false,"excerpt":"\u00a0 3\u00e8me \u00e9tape:\u00a0 Un sc\u00e9nario identique \u00e0 la veille avec une \u00e9chapp\u00e9e au long cours rattrap\u00e9e sur le tard. Quelque secondes d'avances auront suffi pour d\u00e9signer le vainqueur de la mont\u00e9e du Roule. Cette \u00e9tape disput\u00e9e sous un temps d'abord brumeux s'est termin\u00e9e au grand soleil, devant le millier de\u2026","rel":"","context":"Article similaire","block_context":{"text":"Article similaire","link":""},"img":{"alt_text":"","src":"https:\/\/i0.wp.com\/3joursdecherbourg.fr\/wp-content\/uploads\/2021\/09\/DSC_3143-1024x681.jpg?resize=350%2C200&ssl=1","width":350,"height":200,"srcset":"https:\/\/i0.wp.com\/3joursdecherbourg.fr\/wp-content\/uploads\/2021\/09\/DSC_3143-1024x681.jpg?resize=350%2C200&ssl=1 1x, https:\/\/i0.wp.com\/3joursdecherbourg.fr\/wp-content\/uploads\/2021\/09\/DSC_3143-1024x681.jpg?resize=525%2C300&ssl=1 1.5x"},"classes":[]},{"id":1594,"url":"https:\/\/3joursdecherbourg.fr\/?page_id=1594","url_meta":{"origin":2098,"position":5},"title":"Les r\u00e9sultats 2019","author":"admin3809","date":"22 f\u00e9vrier 2019","format":false,"excerpt":"La troisi\u00e8me et derni\u00e8re \u00e9tape a consacr\u00e9 le Team Nantes Atlantique et son jeune coureur, Louis Barr\u00e9 dans la d\u00e9fense de son maillot de leader de l'\u00e9preuve. Apr\u00e8s les premi\u00e8res escarmouches, une \u00e9chapp\u00e9e a pu prendre les devants et rester aux avants postes jusqu'aux difficiles bosses des derniers kilom\u00e8tres. Owen\u2026","rel":"","context":"Article similaire","block_context":{"text":"Article similaire","link":""},"img":{"alt_text":"","src":"https:\/\/i0.wp.com\/3joursdecherbourg.fr\/wp-content\/uploads\/2019\/09\/DSC_2981-300x199.jpg?resize=350%2C200","width":350,"height":200},"classes":[]}],"jetpack_likes_enabled":false,"jetpack_sharing_enabled":true,"_links":{"self":[{"href":"https:\/\/3joursdecherbourg.fr\/index.php?rest_route=\/wp\/v2\/pages\/2098","targetHints":{"allow":["GET"]}}],"collection":[{"href":"https:\/\/3joursdecherbourg.fr\/index.php?rest_route=\/wp\/v2\/pages"}],"about":[{"href":"https:\/\/3joursdecherbourg.fr\/index.php?rest_route=\/wp\/v2\/types\/page"}],"author":[{"embeddable":true,"href":"https:\/\/3joursdecherbourg.fr\/index.php?rest_route=\/wp\/v2\/users\/1"}],"replies":[{"embeddable":true,"href":"https:\/\/3joursdecherbourg.fr\/index.php?rest_route=%2Fwp%2Fv2%2Fcomments&post=2098"}],"version-history":[{"count":21,"href":"https:\/\/3joursdecherbourg.fr\/index.php?rest_route=\/wp\/v2\/pages\/2098\/revisions"}],"predecessor-version":[{"id":3131,"href":"https:\/\/3joursdecherbourg.fr\/index.php?rest_route=\/wp\/v2\/pages\/2098\/revisions\/3131"}],"wp:attachment":[{"href":"https:\/\/3joursdecherbourg.fr\/index.php?rest_route=%2Fwp%2Fv2%2Fmedia&parent=2098"}],"curies":[{"name":"wp","href":"https:\/\/api.w.org\/{rel}","templated":true}]}}