{"id":2108,"date":"2019-12-02T15:03:04","date_gmt":"2019-12-02T14:03:04","guid":{"rendered":"http:\/\/3joursdecherbourg.fr\/?page_id=2108"},"modified":"2021-08-23T12:05:51","modified_gmt":"2021-08-23T10:05:51","slug":"2eme-etape-2020","status":"publish","type":"page","link":"https:\/\/3joursdecherbourg.fr\/?page_id=2108","title":{"rendered":"2\u00e8me \u00e9tape 2021"},"content":{"rendered":"<p>Pour cette deuxi\u00e8me \u00e9tape 2021, les modifications concernent d&rsquo;abord un passage pour un point chaud dans le bourg de Flamanville, une mont\u00e9e de Brix par un c\u00f4t\u00e9 diff\u00e9rent et \u00e9galement 2 tours 1\/4 d&rsquo;un circuit final par la mont\u00e9e des Ragotins.<\/p>\n<div id=\"attachment_2179\" style=\"width: 710px\" class=\"wp-caption alignright\"><a href=\"https:\/\/3joursdecherbourg.fr\/?attachment_id=2179\" rel=\"attachment wp-att-2179\"><img data-recalc-dims=\"1\" loading=\"lazy\" decoding=\"async\" aria-describedby=\"caption-attachment-2179\" data-attachment-id=\"2179\" data-permalink=\"https:\/\/3joursdecherbourg.fr\/?attachment_id=2179\" data-orig-file=\"https:\/\/i0.wp.com\/3joursdecherbourg.fr\/wp-content\/uploads\/2020\/02\/DSC_6358-scaled.jpg?fit=2560%2C1707&amp;ssl=1\" data-orig-size=\"2560,1707\" data-comments-opened=\"1\" data-image-meta=\"{&quot;aperture&quot;:&quot;7.1&quot;,&quot;credit&quot;:&quot;&quot;,&quot;camera&quot;:&quot;NIKON D3X&quot;,&quot;caption&quot;:&quot;&quot;,&quot;created_timestamp&quot;:&quot;1567878034&quot;,&quot;copyright&quot;:&quot;&quot;,&quot;focal_length&quot;:&quot;120&quot;,&quot;iso&quot;:&quot;500&quot;,&quot;shutter_speed&quot;:&quot;0.000625&quot;,&quot;title&quot;:&quot;&quot;,&quot;orientation&quot;:&quot;1&quot;}\" data-image-title=\"DSC_6358\" data-image-description=\"\" data-image-caption=\"&lt;p&gt;En 2019, Louis BARRE avait fait l&amp;rsquo;\u00e9cart dans les Ragotins.&lt;\/p&gt;\n\" data-medium-file=\"https:\/\/i0.wp.com\/3joursdecherbourg.fr\/wp-content\/uploads\/2020\/02\/DSC_6358-scaled.jpg?fit=300%2C200&amp;ssl=1\" data-large-file=\"https:\/\/i0.wp.com\/3joursdecherbourg.fr\/wp-content\/uploads\/2020\/02\/DSC_6358-scaled.jpg?fit=640%2C427&amp;ssl=1\" class=\"wp-image-2179\" src=\"https:\/\/i0.wp.com\/3joursdecherbourg.fr\/wp-content\/uploads\/2020\/02\/DSC_6358.jpg?resize=640%2C427&#038;ssl=1\" alt=\"\" width=\"640\" height=\"427\" srcset=\"https:\/\/i0.wp.com\/3joursdecherbourg.fr\/wp-content\/uploads\/2020\/02\/DSC_6358-scaled.jpg?resize=1024%2C683&amp;ssl=1 1024w, https:\/\/i0.wp.com\/3joursdecherbourg.fr\/wp-content\/uploads\/2020\/02\/DSC_6358-scaled.jpg?resize=300%2C200&amp;ssl=1 300w, https:\/\/i0.wp.com\/3joursdecherbourg.fr\/wp-content\/uploads\/2020\/02\/DSC_6358-scaled.jpg?resize=768%2C512&amp;ssl=1 768w, https:\/\/i0.wp.com\/3joursdecherbourg.fr\/wp-content\/uploads\/2020\/02\/DSC_6358-scaled.jpg?resize=1536%2C1024&amp;ssl=1 1536w, https:\/\/i0.wp.com\/3joursdecherbourg.fr\/wp-content\/uploads\/2020\/02\/DSC_6358-scaled.jpg?resize=2048%2C1365&amp;ssl=1 2048w, https:\/\/i0.wp.com\/3joursdecherbourg.fr\/wp-content\/uploads\/2020\/02\/DSC_6358-scaled.jpg?w=1280&amp;ssl=1 1280w, https:\/\/i0.wp.com\/3joursdecherbourg.fr\/wp-content\/uploads\/2020\/02\/DSC_6358-scaled.jpg?w=1920&amp;ssl=1 1920w\" sizes=\"auto, (max-width: 640px) 100vw, 640px\" \/><\/a><p id=\"caption-attachment-2179\" class=\"wp-caption-text\">En 2019, Louis BARRE avait fait l&rsquo;\u00e9cart dans les Ragotins.<\/p><\/div>\n<p><a href=\"https:\/\/www.calculitineraires.fr\/index.php?id=983864#map\">LE TRAJET<\/a><\/p>\n\n<a href=\"https:\/\/3joursdecherbourg.fr\/wp-content\/uploads\/2021\/05\/2eme-etape-2021-v2.pdf\" class=\"pdfemb-viewer\" style=\"\" data-width=\"max\" data-height=\"max\" data-toolbar=\"bottom\" data-toolbar-fixed=\"off\">2eme-etape-2021-v2<\/a>\n<p class=\"wp-block-pdfemb-pdf-embedder-viewer\"><\/p>\n\n\n\n<figure class=\"wp-block-image size-large\"><img data-recalc-dims=\"1\" loading=\"lazy\" decoding=\"async\" width=\"624\" height=\"189\" data-attachment-id=\"2180\" data-permalink=\"https:\/\/3joursdecherbourg.fr\/?attachment_id=2180\" data-orig-file=\"https:\/\/i0.wp.com\/3joursdecherbourg.fr\/wp-content\/uploads\/2020\/02\/Landemer.jpg?fit=624%2C189&amp;ssl=1\" data-orig-size=\"624,189\" data-comments-opened=\"1\" data-image-meta=\"{&quot;aperture&quot;:&quot;0&quot;,&quot;credit&quot;:&quot;&quot;,&quot;camera&quot;:&quot;&quot;,&quot;caption&quot;:&quot;&quot;,&quot;created_timestamp&quot;:&quot;0&quot;,&quot;copyright&quot;:&quot;&quot;,&quot;focal_length&quot;:&quot;0&quot;,&quot;iso&quot;:&quot;0&quot;,&quot;shutter_speed&quot;:&quot;0&quot;,&quot;title&quot;:&quot;&quot;,&quot;orientation&quot;:&quot;0&quot;}\" data-image-title=\"Landemer\" data-image-description=\"\" data-image-caption=\"\" data-medium-file=\"https:\/\/i0.wp.com\/3joursdecherbourg.fr\/wp-content\/uploads\/2020\/02\/Landemer.jpg?fit=300%2C91&amp;ssl=1\" data-large-file=\"https:\/\/i0.wp.com\/3joursdecherbourg.fr\/wp-content\/uploads\/2020\/02\/Landemer.jpg?fit=624%2C189&amp;ssl=1\" src=\"https:\/\/i0.wp.com\/3joursdecherbourg.fr\/wp-content\/uploads\/2020\/02\/Landemer.jpg?resize=624%2C189&#038;ssl=1\" alt=\"\" class=\"wp-image-2180\" srcset=\"https:\/\/i0.wp.com\/3joursdecherbourg.fr\/wp-content\/uploads\/2020\/02\/Landemer.jpg?w=624&amp;ssl=1 624w, https:\/\/i0.wp.com\/3joursdecherbourg.fr\/wp-content\/uploads\/2020\/02\/Landemer.jpg?resize=300%2C91&amp;ssl=1 300w\" sizes=\"auto, (max-width: 624px) 100vw, 624px\" \/><\/figure>\n\n\n\n<div class=\"wp-block-image\"><figure class=\"alignright size-large\"><img data-recalc-dims=\"1\" loading=\"lazy\" decoding=\"async\" width=\"284\" height=\"151\" data-attachment-id=\"2181\" data-permalink=\"https:\/\/3joursdecherbourg.fr\/?attachment_id=2181\" data-orig-file=\"https:\/\/i0.wp.com\/3joursdecherbourg.fr\/wp-content\/uploads\/2020\/02\/Port-Racine.jpg?fit=284%2C151&amp;ssl=1\" data-orig-size=\"284,151\" data-comments-opened=\"1\" data-image-meta=\"{&quot;aperture&quot;:&quot;0&quot;,&quot;credit&quot;:&quot;&quot;,&quot;camera&quot;:&quot;&quot;,&quot;caption&quot;:&quot;&quot;,&quot;created_timestamp&quot;:&quot;0&quot;,&quot;copyright&quot;:&quot;&quot;,&quot;focal_length&quot;:&quot;0&quot;,&quot;iso&quot;:&quot;0&quot;,&quot;shutter_speed&quot;:&quot;0&quot;,&quot;title&quot;:&quot;&quot;,&quot;orientation&quot;:&quot;0&quot;}\" data-image-title=\"Port-Racine\" data-image-description=\"\" data-image-caption=\"\" data-medium-file=\"https:\/\/i0.wp.com\/3joursdecherbourg.fr\/wp-content\/uploads\/2020\/02\/Port-Racine.jpg?fit=284%2C151&amp;ssl=1\" data-large-file=\"https:\/\/i0.wp.com\/3joursdecherbourg.fr\/wp-content\/uploads\/2020\/02\/Port-Racine.jpg?fit=284%2C151&amp;ssl=1\" src=\"https:\/\/i0.wp.com\/3joursdecherbourg.fr\/wp-content\/uploads\/2020\/02\/Port-Racine.jpg?resize=284%2C151&#038;ssl=1\" alt=\"\" class=\"wp-image-2181\"\/><\/figure><\/div>\n\n\n\n<figure class=\"wp-block-image size-large\"><img data-recalc-dims=\"1\" loading=\"lazy\" decoding=\"async\" width=\"640\" height=\"179\" data-attachment-id=\"2182\" data-permalink=\"https:\/\/3joursdecherbourg.fr\/?attachment_id=2182\" data-orig-file=\"https:\/\/i0.wp.com\/3joursdecherbourg.fr\/wp-content\/uploads\/2020\/02\/Catigny.jpg?fit=813%2C227&amp;ssl=1\" data-orig-size=\"813,227\" data-comments-opened=\"1\" data-image-meta=\"{&quot;aperture&quot;:&quot;0&quot;,&quot;credit&quot;:&quot;&quot;,&quot;camera&quot;:&quot;&quot;,&quot;caption&quot;:&quot;&quot;,&quot;created_timestamp&quot;:&quot;0&quot;,&quot;copyright&quot;:&quot;&quot;,&quot;focal_length&quot;:&quot;0&quot;,&quot;iso&quot;:&quot;0&quot;,&quot;shutter_speed&quot;:&quot;0&quot;,&quot;title&quot;:&quot;&quot;,&quot;orientation&quot;:&quot;0&quot;}\" data-image-title=\"Catigny\" data-image-description=\"\" data-image-caption=\"\" data-medium-file=\"https:\/\/i0.wp.com\/3joursdecherbourg.fr\/wp-content\/uploads\/2020\/02\/Catigny.jpg?fit=300%2C84&amp;ssl=1\" data-large-file=\"https:\/\/i0.wp.com\/3joursdecherbourg.fr\/wp-content\/uploads\/2020\/02\/Catigny.jpg?fit=640%2C179&amp;ssl=1\" src=\"https:\/\/i0.wp.com\/3joursdecherbourg.fr\/wp-content\/uploads\/2020\/02\/Catigny.jpg?resize=640%2C179&#038;ssl=1\" alt=\"\" class=\"wp-image-2182\" srcset=\"https:\/\/i0.wp.com\/3joursdecherbourg.fr\/wp-content\/uploads\/2020\/02\/Catigny.jpg?w=813&amp;ssl=1 813w, https:\/\/i0.wp.com\/3joursdecherbourg.fr\/wp-content\/uploads\/2020\/02\/Catigny.jpg?resize=300%2C84&amp;ssl=1 300w, https:\/\/i0.wp.com\/3joursdecherbourg.fr\/wp-content\/uploads\/2020\/02\/Catigny.jpg?resize=768%2C214&amp;ssl=1 768w\" sizes=\"auto, (max-width: 640px) 100vw, 640px\" \/><\/figure>\n\n\n\n<div class=\"wp-block-image\"><figure class=\"alignright size-large\"><img data-recalc-dims=\"1\" loading=\"lazy\" decoding=\"async\" width=\"472\" height=\"166\" data-attachment-id=\"2183\" data-permalink=\"https:\/\/3joursdecherbourg.fr\/?attachment_id=2183\" data-orig-file=\"https:\/\/i0.wp.com\/3joursdecherbourg.fr\/wp-content\/uploads\/2020\/02\/Brix.jpg?fit=472%2C166&amp;ssl=1\" data-orig-size=\"472,166\" data-comments-opened=\"1\" data-image-meta=\"{&quot;aperture&quot;:&quot;0&quot;,&quot;credit&quot;:&quot;&quot;,&quot;camera&quot;:&quot;&quot;,&quot;caption&quot;:&quot;&quot;,&quot;created_timestamp&quot;:&quot;0&quot;,&quot;copyright&quot;:&quot;&quot;,&quot;focal_length&quot;:&quot;0&quot;,&quot;iso&quot;:&quot;0&quot;,&quot;shutter_speed&quot;:&quot;0&quot;,&quot;title&quot;:&quot;&quot;,&quot;orientation&quot;:&quot;0&quot;}\" data-image-title=\"Brix\" data-image-description=\"\" data-image-caption=\"\" data-medium-file=\"https:\/\/i0.wp.com\/3joursdecherbourg.fr\/wp-content\/uploads\/2020\/02\/Brix.jpg?fit=300%2C106&amp;ssl=1\" data-large-file=\"https:\/\/i0.wp.com\/3joursdecherbourg.fr\/wp-content\/uploads\/2020\/02\/Brix.jpg?fit=472%2C166&amp;ssl=1\" src=\"https:\/\/i0.wp.com\/3joursdecherbourg.fr\/wp-content\/uploads\/2020\/02\/Brix.jpg?resize=472%2C166&#038;ssl=1\" alt=\"\" class=\"wp-image-2183\" srcset=\"https:\/\/i0.wp.com\/3joursdecherbourg.fr\/wp-content\/uploads\/2020\/02\/Brix.jpg?w=472&amp;ssl=1 472w, https:\/\/i0.wp.com\/3joursdecherbourg.fr\/wp-content\/uploads\/2020\/02\/Brix.jpg?resize=300%2C106&amp;ssl=1 300w\" sizes=\"auto, (max-width: 472px) 100vw, 472px\" \/><\/figure><\/div>\n\n\n\n<figure class=\"wp-block-image size-large\"><img data-recalc-dims=\"1\" loading=\"lazy\" decoding=\"async\" width=\"340\" height=\"166\" data-attachment-id=\"2184\" data-permalink=\"https:\/\/3joursdecherbourg.fr\/?attachment_id=2184\" data-orig-file=\"https:\/\/i0.wp.com\/3joursdecherbourg.fr\/wp-content\/uploads\/2020\/02\/Les-Ragotins.jpg?fit=340%2C166&amp;ssl=1\" data-orig-size=\"340,166\" data-comments-opened=\"1\" data-image-meta=\"{&quot;aperture&quot;:&quot;0&quot;,&quot;credit&quot;:&quot;&quot;,&quot;camera&quot;:&quot;&quot;,&quot;caption&quot;:&quot;&quot;,&quot;created_timestamp&quot;:&quot;0&quot;,&quot;copyright&quot;:&quot;&quot;,&quot;focal_length&quot;:&quot;0&quot;,&quot;iso&quot;:&quot;0&quot;,&quot;shutter_speed&quot;:&quot;0&quot;,&quot;title&quot;:&quot;&quot;,&quot;orientation&quot;:&quot;0&quot;}\" data-image-title=\"Les-Ragotins\" data-image-description=\"\" data-image-caption=\"\" data-medium-file=\"https:\/\/i0.wp.com\/3joursdecherbourg.fr\/wp-content\/uploads\/2020\/02\/Les-Ragotins.jpg?fit=300%2C146&amp;ssl=1\" data-large-file=\"https:\/\/i0.wp.com\/3joursdecherbourg.fr\/wp-content\/uploads\/2020\/02\/Les-Ragotins.jpg?fit=340%2C166&amp;ssl=1\" src=\"https:\/\/i0.wp.com\/3joursdecherbourg.fr\/wp-content\/uploads\/2020\/02\/Les-Ragotins.jpg?resize=340%2C166&#038;ssl=1\" alt=\"\" class=\"wp-image-2184\" srcset=\"https:\/\/i0.wp.com\/3joursdecherbourg.fr\/wp-content\/uploads\/2020\/02\/Les-Ragotins.jpg?w=340&amp;ssl=1 340w, https:\/\/i0.wp.com\/3joursdecherbourg.fr\/wp-content\/uploads\/2020\/02\/Les-Ragotins.jpg?resize=300%2C146&amp;ssl=1 300w\" sizes=\"auto, (max-width: 340px) 100vw, 340px\" \/><\/figure>\n\n\n<a href=\"https:\/\/3joursdecherbourg.fr\/wp-content\/uploads\/2021\/05\/2eme-etape-2021-Circuit-final.pdf\" class=\"pdfemb-viewer\" style=\"\" data-width=\"max\" data-height=\"max\" data-toolbar=\"bottom\" data-toolbar-fixed=\"off\">2eme-etape-2021-Circuit-final<\/a>\n<p class=\"wp-block-pdfemb-pdf-embedder-viewer\"><\/p>\n","protected":false},"excerpt":{"rendered":"<p>Pour cette deuxi\u00e8me \u00e9tape 2021, les modifications concernent d&rsquo;abord un passage pour un point chaud dans le bourg de Flamanville, une mont\u00e9e de Brix par un c\u00f4t\u00e9 diff\u00e9rent et \u00e9galement 2 tours 1\/4 d&rsquo;un circuit final par la mont\u00e9e des &hellip; <a href=\"https:\/\/3joursdecherbourg.fr\/?page_id=2108\">Continuer la lecture <span class=\"meta-nav\">&rarr;<\/span><\/a><\/p>\n","protected":false},"author":1,"featured_media":0,"parent":0,"menu_order":0,"comment_status":"closed","ping_status":"closed","template":"","meta":{"footnotes":""},"class_list":["post-2108","page","type-page","status-publish","hentry"],"jetpack_shortlink":"https:\/\/wp.me\/P8fpGS-y0","jetpack-related-posts":[{"id":4078,"url":"https:\/\/3joursdecherbourg.fr\/?page_id=4078","url_meta":{"origin":2108,"position":0},"title":"1\u00e8re \u00e9tape 2023","author":"admin3809","date":"8 mars 2023","format":false,"excerpt":"https:\/\/youtu.be\/RfWuC_Hms0s https:\/\/youtu.be\/A-Rp0FnVHqw?si=vLJr27Vg-7lbq967 https:\/\/www.calculitineraires.fr\/index.php?id=1363012#map Apr\u00e8s 2 ann\u00e9es \u00e0 Portbail-sur-Mer, c'est maintenant Bricquebec-en-Cotentin qui accueillera l'arriv\u00e9e de cette premi\u00e8re \u00e9tape 2023. Avec un d\u00e9part classique par le Val-de-Saire, la premi\u00e8re difficult\u00e9 de La Pernelle arrive tr\u00e8s rapidement. Un changement ensuite puisque dans le bourg du Vast les coureurs partiront \u00e0 gauche directement\u2026","rel":"","context":"Article similaire","block_context":{"text":"Article similaire","link":""},"img":{"alt_text":"","src":"https:\/\/i0.wp.com\/img.youtube.com\/vi\/RfWuC_Hms0s\/0.jpg?resize=350%2C200","width":350,"height":200},"classes":[]},{"id":919,"url":"https:\/\/3joursdecherbourg.fr\/?page_id=919","url_meta":{"origin":2108,"position":1},"title":"1\u00e8re \u00e9tape 2018","author":"admin3809","date":"3 janvier 2018","format":false,"excerpt":"Du changement cette ann\u00e9e dans cette premi\u00e8re \u00e9tape du Val-de-Saire, avec la mont\u00e9e de la c\u00f4te de Beauvais, \u00e0 Morsaline. La parcours s'effectue ensuite \u00e0 l'envers des ann\u00e9es pr\u00e9c\u00e9dentes, par Montebourg, Le Ham, Pont-l'Abb\u00e9, Sainte-M\u00e8re-Eglise, Quettehou\u2026 Une modification \u00e9galement apr\u00e8s la c\u00f4te du Vast, par le passage \u00e0 Brillevast afin\u2026","rel":"","context":"Article similaire","block_context":{"text":"Article similaire","link":""},"img":{"alt_text":"","src":"https:\/\/i0.wp.com\/3joursdecherbourg.fr\/wp-content\/uploads\/2018\/05\/C%C3%A9dric-Delaplace.jpg?resize=350%2C200","width":350,"height":200},"classes":[]},{"id":2098,"url":"https:\/\/3joursdecherbourg.fr\/?page_id=2098","url_meta":{"origin":2108,"position":2},"title":"1\u00e8re \u00e9tape 2021","author":"admin3809","date":"2 d\u00e9cembre 2019","format":false,"excerpt":"Cette premi\u00e8re \u00e9tape 2021 est une nouveaut\u00e9. Son arriv\u00e9e sera en effet jug\u00e9e, pour la premi\u00e8re fois, non pas \u00e0 Cherbourg comme d'habitude, mais \u00e0 l'ouest du Cotentin: Port-Bail-sur-Mer. Avec un d\u00e9part classique par le Val-de-Saire, les deux difficult\u00e9s de La Pernelle puis du Vast arriveront tr\u00e8s rapidement, alors qu'elles\u2026","rel":"","context":"Article similaire","block_context":{"text":"Article similaire","link":""},"img":{"alt_text":"","src":"https:\/\/i0.wp.com\/3joursdecherbourg.fr\/wp-content\/uploads\/2020\/02\/Le-Vast.jpg?resize=350%2C200&ssl=1","width":350,"height":200},"classes":[]},{"id":2898,"url":"https:\/\/3joursdecherbourg.fr\/?page_id=2898","url_meta":{"origin":2108,"position":3},"title":"Les r\u00e9sultats 2021","author":"admin3809","date":"3 septembre 2021","format":false,"excerpt":"\u00a0 3\u00e8me \u00e9tape:\u00a0 Un sc\u00e9nario identique \u00e0 la veille avec une \u00e9chapp\u00e9e au long cours rattrap\u00e9e sur le tard. Quelque secondes d'avances auront suffi pour d\u00e9signer le vainqueur de la mont\u00e9e du Roule. Cette \u00e9tape disput\u00e9e sous un temps d'abord brumeux s'est termin\u00e9e au grand soleil, devant le millier de\u2026","rel":"","context":"Article similaire","block_context":{"text":"Article similaire","link":""},"img":{"alt_text":"","src":"https:\/\/i0.wp.com\/3joursdecherbourg.fr\/wp-content\/uploads\/2021\/09\/DSC_3143-1024x681.jpg?resize=350%2C200&ssl=1","width":350,"height":200,"srcset":"https:\/\/i0.wp.com\/3joursdecherbourg.fr\/wp-content\/uploads\/2021\/09\/DSC_3143-1024x681.jpg?resize=350%2C200&ssl=1 1x, https:\/\/i0.wp.com\/3joursdecherbourg.fr\/wp-content\/uploads\/2021\/09\/DSC_3143-1024x681.jpg?resize=525%2C300&ssl=1 1.5x"},"classes":[]},{"id":1594,"url":"https:\/\/3joursdecherbourg.fr\/?page_id=1594","url_meta":{"origin":2108,"position":4},"title":"Les r\u00e9sultats 2019","author":"admin3809","date":"22 f\u00e9vrier 2019","format":false,"excerpt":"La troisi\u00e8me et derni\u00e8re \u00e9tape a consacr\u00e9 le Team Nantes Atlantique et son jeune coureur, Louis Barr\u00e9 dans la d\u00e9fense de son maillot de leader de l'\u00e9preuve. Apr\u00e8s les premi\u00e8res escarmouches, une \u00e9chapp\u00e9e a pu prendre les devants et rester aux avants postes jusqu'aux difficiles bosses des derniers kilom\u00e8tres. Owen\u2026","rel":"","context":"Article similaire","block_context":{"text":"Article similaire","link":""},"img":{"alt_text":"","src":"https:\/\/i0.wp.com\/3joursdecherbourg.fr\/wp-content\/uploads\/2019\/09\/DSC_2981-300x199.jpg?resize=350%2C200","width":350,"height":200},"classes":[]},{"id":2493,"url":"https:\/\/3joursdecherbourg.fr\/?page_id=2493","url_meta":{"origin":2108,"position":5},"title":"Chrono Montagne 2021","author":"admin3809","date":"21 juillet 2021","format":false,"excerpt":"Dans l'attente de l'arriv\u00e9e de la 3\u00e8me \u00e9tape des \"3 jours de Cherbourg en Cotentin\", le dimanche 5 septembre 2021, l'Amicale Cycliste a voulu r\u00e9activer l'ancienne mont\u00e9e chronom\u00e9tr\u00e9e de la Montagne du Roule: 1, 1 km \u00e0 9% de moyenne. Dans les ann\u00e9es 60, le prix Schneider-Andr\u00e9 H\u00e9bert, organis\u00e9 par\u2026","rel":"","context":"Article similaire","block_context":{"text":"Article similaire","link":""},"img":{"alt_text":"delisle raymond","src":"https:\/\/i0.wp.com\/www.lncpro.fr\/user\/textes\/grands-champions\/delisle_raymond.jpg?resize=350%2C200","width":350,"height":200},"classes":[]}],"jetpack_likes_enabled":false,"jetpack_sharing_enabled":true,"_links":{"self":[{"href":"https:\/\/3joursdecherbourg.fr\/index.php?rest_route=\/wp\/v2\/pages\/2108","targetHints":{"allow":["GET"]}}],"collection":[{"href":"https:\/\/3joursdecherbourg.fr\/index.php?rest_route=\/wp\/v2\/pages"}],"about":[{"href":"https:\/\/3joursdecherbourg.fr\/index.php?rest_route=\/wp\/v2\/types\/page"}],"author":[{"embeddable":true,"href":"https:\/\/3joursdecherbourg.fr\/index.php?rest_route=\/wp\/v2\/users\/1"}],"replies":[{"embeddable":true,"href":"https:\/\/3joursdecherbourg.fr\/index.php?rest_route=%2Fwp%2Fv2%2Fcomments&post=2108"}],"version-history":[{"count":13,"href":"https:\/\/3joursdecherbourg.fr\/index.php?rest_route=\/wp\/v2\/pages\/2108\/revisions"}],"predecessor-version":[{"id":2825,"href":"https:\/\/3joursdecherbourg.fr\/index.php?rest_route=\/wp\/v2\/pages\/2108\/revisions\/2825"}],"wp:attachment":[{"href":"https:\/\/3joursdecherbourg.fr\/index.php?rest_route=%2Fwp%2Fv2%2Fmedia&parent=2108"}],"curies":[{"name":"wp","href":"https:\/\/api.w.org\/{rel}","templated":true}]}}