{"id":2110,"date":"2019-12-02T15:04:32","date_gmt":"2019-12-02T14:04:32","guid":{"rendered":"http:\/\/3joursdecherbourg.fr\/?page_id=2110"},"modified":"2021-08-23T11:58:27","modified_gmt":"2021-08-23T09:58:27","slug":"3eme-etape-2020","status":"publish","type":"page","link":"https:\/\/3joursdecherbourg.fr\/?page_id=2110","title":{"rendered":"3\u00e8me \u00e9tape 2021"},"content":{"rendered":"<p>Cette derni\u00e8re \u00e9tape sacrera sans nul doute un grand champion au sommet de la <strong>Montagne du Roule.<\/strong> C&rsquo;est en effet l\u00e0 que se terminera cette \u00e9dition 2021 apr\u00e8s une \u00e9tape particuli\u00e8rement difficile. Le d\u00e9part sera donn\u00e9 \u00e0 la sortie de Tourlaville en haut de la c\u00f4te de Br\u00e9qu\u00e9cal qui constituera un bon \u00e9chauffement.<\/p>\n<div id=\"attachment_2187\" style=\"width: 310px\" class=\"wp-caption alignright\"><a href=\"https:\/\/3joursdecherbourg.fr\/?attachment_id=2187\" rel=\"attachment wp-att-2187\"><img data-recalc-dims=\"1\" loading=\"lazy\" decoding=\"async\" aria-describedby=\"caption-attachment-2187\" data-attachment-id=\"2187\" data-permalink=\"https:\/\/3joursdecherbourg.fr\/?attachment_id=2187\" data-orig-file=\"https:\/\/i0.wp.com\/3joursdecherbourg.fr\/wp-content\/uploads\/2020\/02\/DSC_2981.jpg?fit=1504%2C1000&amp;ssl=1\" data-orig-size=\"1504,1000\" data-comments-opened=\"1\" data-image-meta=\"{&quot;aperture&quot;:&quot;4&quot;,&quot;credit&quot;:&quot;&quot;,&quot;camera&quot;:&quot;NIKON D50&quot;,&quot;caption&quot;:&quot;&quot;,&quot;created_timestamp&quot;:&quot;1567952763&quot;,&quot;copyright&quot;:&quot;&quot;,&quot;focal_length&quot;:&quot;70&quot;,&quot;iso&quot;:&quot;0&quot;,&quot;shutter_speed&quot;:&quot;0.0008&quot;,&quot;title&quot;:&quot;&quot;,&quot;orientation&quot;:&quot;1&quot;}\" data-image-title=\"DSC_2981\" data-image-description=\"\" data-image-caption=\"&lt;p&gt;Di\u00e9lette, un paysage magnifique appr\u00e9ci\u00e9 de tous les suiveurs&amp;#8230;!&lt;\/p&gt;\n\" data-medium-file=\"https:\/\/i0.wp.com\/3joursdecherbourg.fr\/wp-content\/uploads\/2020\/02\/DSC_2981.jpg?fit=300%2C199&amp;ssl=1\" data-large-file=\"https:\/\/i0.wp.com\/3joursdecherbourg.fr\/wp-content\/uploads\/2020\/02\/DSC_2981.jpg?fit=640%2C426&amp;ssl=1\" class=\"size-medium wp-image-2187\" src=\"https:\/\/i0.wp.com\/3joursdecherbourg.fr\/wp-content\/uploads\/2020\/02\/DSC_2981.jpg?resize=300%2C199&#038;ssl=1\" alt=\"\" width=\"300\" height=\"199\" srcset=\"https:\/\/i0.wp.com\/3joursdecherbourg.fr\/wp-content\/uploads\/2020\/02\/DSC_2981.jpg?resize=300%2C199&amp;ssl=1 300w, https:\/\/i0.wp.com\/3joursdecherbourg.fr\/wp-content\/uploads\/2020\/02\/DSC_2981.jpg?resize=1024%2C681&amp;ssl=1 1024w, https:\/\/i0.wp.com\/3joursdecherbourg.fr\/wp-content\/uploads\/2020\/02\/DSC_2981.jpg?resize=768%2C511&amp;ssl=1 768w, https:\/\/i0.wp.com\/3joursdecherbourg.fr\/wp-content\/uploads\/2020\/02\/DSC_2981.jpg?w=1504&amp;ssl=1 1504w, https:\/\/i0.wp.com\/3joursdecherbourg.fr\/wp-content\/uploads\/2020\/02\/DSC_2981.jpg?w=1280&amp;ssl=1 1280w\" sizes=\"auto, (max-width: 300px) 100vw, 300px\" \/><\/a><p id=\"caption-attachment-2187\" class=\"wp-caption-text\">Di\u00e9lette, un paysage magnifique appr\u00e9ci\u00e9 de tous les suiveurs&#8230;!<\/p><\/div>\n<p>Passage \u00e0 Brix, Bricquebec, pour rejoindre la route \u00ab\u00a0touristique\u00a0\u00bb. S\u2019encha\u00eeneront ensuite les c\u00f4tes du Pou et de Sciotot. Une premi\u00e8re aussi avec le passage \u00e0 Vauville et sa longue remont\u00e9e vers Beaumont. Apr\u00e8s Omonville puis la mont\u00e9e de la Valette \u00e0 Urville, les coureurs emprunteront B\u00e9n\u00e9caire avec un petit d\u00e9tour pour un \u00ab\u00a0coup de cul\u00a0\u00bb d&rsquo;une cinquantaine de m\u00e8tres \u00e0 24%. Puis encore la mont\u00e9e de Saussey et la route des Roches avant l&rsquo;arriv\u00e9e \u00e0 La Montagne.<\/p>\n<p>Il ne pourra y avoir qu&rsquo;un grand vainqueur de ces 41\u00e8mes \u00ab\u00a03 Jours de Cherbourg en Cotentin\u00a0\u00bb<\/p>\n<p><a href=\"https:\/\/www.calculitineraires.fr\/index.php?id=1146380#map\">LE TRAJET\u00a0<\/a><\/p>\n\n<a href=\"https:\/\/3joursdecherbourg.fr\/wp-content\/uploads\/2021\/05\/3eme-etape-2021-v4.pdf\" class=\"pdfemb-viewer\" style=\"\" data-width=\"max\" data-height=\"max\" data-toolbar=\"bottom\" data-toolbar-fixed=\"off\">3eme-etape-2021-v4<\/a>\n<p class=\"wp-block-pdfemb-pdf-embedder-viewer\"><\/p>\n\n\n\n<div class=\"wp-block-image\"><figure class=\"alignright size-large\"><img data-recalc-dims=\"1\" loading=\"lazy\" decoding=\"async\" width=\"340\" height=\"166\" data-attachment-id=\"2188\" data-permalink=\"https:\/\/3joursdecherbourg.fr\/?attachment_id=2188\" data-orig-file=\"https:\/\/i0.wp.com\/3joursdecherbourg.fr\/wp-content\/uploads\/2020\/02\/Le-Pou.jpg?fit=340%2C166&amp;ssl=1\" data-orig-size=\"340,166\" data-comments-opened=\"1\" data-image-meta=\"{&quot;aperture&quot;:&quot;0&quot;,&quot;credit&quot;:&quot;&quot;,&quot;camera&quot;:&quot;&quot;,&quot;caption&quot;:&quot;&quot;,&quot;created_timestamp&quot;:&quot;0&quot;,&quot;copyright&quot;:&quot;&quot;,&quot;focal_length&quot;:&quot;0&quot;,&quot;iso&quot;:&quot;0&quot;,&quot;shutter_speed&quot;:&quot;0&quot;,&quot;title&quot;:&quot;&quot;,&quot;orientation&quot;:&quot;0&quot;}\" data-image-title=\"Le-Pou\" data-image-description=\"\" data-image-caption=\"\" data-medium-file=\"https:\/\/i0.wp.com\/3joursdecherbourg.fr\/wp-content\/uploads\/2020\/02\/Le-Pou.jpg?fit=300%2C146&amp;ssl=1\" data-large-file=\"https:\/\/i0.wp.com\/3joursdecherbourg.fr\/wp-content\/uploads\/2020\/02\/Le-Pou.jpg?fit=340%2C166&amp;ssl=1\" src=\"https:\/\/i0.wp.com\/3joursdecherbourg.fr\/wp-content\/uploads\/2020\/02\/Le-Pou.jpg?resize=340%2C166&#038;ssl=1\" alt=\"\" class=\"wp-image-2188\" srcset=\"https:\/\/i0.wp.com\/3joursdecherbourg.fr\/wp-content\/uploads\/2020\/02\/Le-Pou.jpg?w=340&amp;ssl=1 340w, https:\/\/i0.wp.com\/3joursdecherbourg.fr\/wp-content\/uploads\/2020\/02\/Le-Pou.jpg?resize=300%2C146&amp;ssl=1 300w\" sizes=\"auto, (max-width: 340px) 100vw, 340px\" \/><\/figure><\/div>\n\n\n\n<figure class=\"wp-block-image size-large\"><img data-recalc-dims=\"1\" loading=\"lazy\" decoding=\"async\" width=\"529\" height=\"200\" data-attachment-id=\"2189\" data-permalink=\"https:\/\/3joursdecherbourg.fr\/?attachment_id=2189\" data-orig-file=\"https:\/\/i0.wp.com\/3joursdecherbourg.fr\/wp-content\/uploads\/2020\/02\/Sciotot.jpg?fit=529%2C200&amp;ssl=1\" data-orig-size=\"529,200\" data-comments-opened=\"1\" data-image-meta=\"{&quot;aperture&quot;:&quot;0&quot;,&quot;credit&quot;:&quot;&quot;,&quot;camera&quot;:&quot;&quot;,&quot;caption&quot;:&quot;&quot;,&quot;created_timestamp&quot;:&quot;0&quot;,&quot;copyright&quot;:&quot;&quot;,&quot;focal_length&quot;:&quot;0&quot;,&quot;iso&quot;:&quot;0&quot;,&quot;shutter_speed&quot;:&quot;0&quot;,&quot;title&quot;:&quot;&quot;,&quot;orientation&quot;:&quot;0&quot;}\" data-image-title=\"Sciotot\" data-image-description=\"\" data-image-caption=\"\" data-medium-file=\"https:\/\/i0.wp.com\/3joursdecherbourg.fr\/wp-content\/uploads\/2020\/02\/Sciotot.jpg?fit=300%2C113&amp;ssl=1\" data-large-file=\"https:\/\/i0.wp.com\/3joursdecherbourg.fr\/wp-content\/uploads\/2020\/02\/Sciotot.jpg?fit=529%2C200&amp;ssl=1\" src=\"https:\/\/i0.wp.com\/3joursdecherbourg.fr\/wp-content\/uploads\/2020\/02\/Sciotot.jpg?resize=529%2C200&#038;ssl=1\" alt=\"\" class=\"wp-image-2189\" srcset=\"https:\/\/i0.wp.com\/3joursdecherbourg.fr\/wp-content\/uploads\/2020\/02\/Sciotot.jpg?w=529&amp;ssl=1 529w, https:\/\/i0.wp.com\/3joursdecherbourg.fr\/wp-content\/uploads\/2020\/02\/Sciotot.jpg?resize=300%2C113&amp;ssl=1 300w\" sizes=\"auto, (max-width: 529px) 100vw, 529px\" \/><\/figure>\n\n\n\n<div class=\"wp-block-image\"><figure class=\"alignright size-large\"><img data-recalc-dims=\"1\" loading=\"lazy\" decoding=\"async\" width=\"640\" height=\"170\" data-attachment-id=\"2191\" data-permalink=\"https:\/\/3joursdecherbourg.fr\/?attachment_id=2191\" data-orig-file=\"https:\/\/i0.wp.com\/3joursdecherbourg.fr\/wp-content\/uploads\/2020\/02\/Vauville.jpg?fit=969%2C257&amp;ssl=1\" data-orig-size=\"969,257\" data-comments-opened=\"1\" data-image-meta=\"{&quot;aperture&quot;:&quot;0&quot;,&quot;credit&quot;:&quot;&quot;,&quot;camera&quot;:&quot;&quot;,&quot;caption&quot;:&quot;&quot;,&quot;created_timestamp&quot;:&quot;0&quot;,&quot;copyright&quot;:&quot;&quot;,&quot;focal_length&quot;:&quot;0&quot;,&quot;iso&quot;:&quot;0&quot;,&quot;shutter_speed&quot;:&quot;0&quot;,&quot;title&quot;:&quot;&quot;,&quot;orientation&quot;:&quot;0&quot;}\" data-image-title=\"Vauville\" data-image-description=\"\" data-image-caption=\"\" data-medium-file=\"https:\/\/i0.wp.com\/3joursdecherbourg.fr\/wp-content\/uploads\/2020\/02\/Vauville.jpg?fit=300%2C80&amp;ssl=1\" data-large-file=\"https:\/\/i0.wp.com\/3joursdecherbourg.fr\/wp-content\/uploads\/2020\/02\/Vauville.jpg?fit=640%2C170&amp;ssl=1\" src=\"https:\/\/i0.wp.com\/3joursdecherbourg.fr\/wp-content\/uploads\/2020\/02\/Vauville.jpg?resize=640%2C170&#038;ssl=1\" alt=\"\" class=\"wp-image-2191\" srcset=\"https:\/\/i0.wp.com\/3joursdecherbourg.fr\/wp-content\/uploads\/2020\/02\/Vauville.jpg?w=969&amp;ssl=1 969w, https:\/\/i0.wp.com\/3joursdecherbourg.fr\/wp-content\/uploads\/2020\/02\/Vauville.jpg?resize=300%2C80&amp;ssl=1 300w, https:\/\/i0.wp.com\/3joursdecherbourg.fr\/wp-content\/uploads\/2020\/02\/Vauville.jpg?resize=768%2C204&amp;ssl=1 768w\" sizes=\"auto, (max-width: 640px) 100vw, 640px\" \/><\/figure><\/div>\n\n\n\n<figure class=\"wp-block-image size-large\"><img data-recalc-dims=\"1\" loading=\"lazy\" decoding=\"async\" width=\"640\" height=\"198\" data-attachment-id=\"2190\" data-permalink=\"https:\/\/3joursdecherbourg.fr\/?attachment_id=2190\" data-orig-file=\"https:\/\/i0.wp.com\/3joursdecherbourg.fr\/wp-content\/uploads\/2020\/02\/Omonville.jpg?fit=661%2C204&amp;ssl=1\" data-orig-size=\"661,204\" data-comments-opened=\"1\" data-image-meta=\"{&quot;aperture&quot;:&quot;0&quot;,&quot;credit&quot;:&quot;&quot;,&quot;camera&quot;:&quot;&quot;,&quot;caption&quot;:&quot;&quot;,&quot;created_timestamp&quot;:&quot;0&quot;,&quot;copyright&quot;:&quot;&quot;,&quot;focal_length&quot;:&quot;0&quot;,&quot;iso&quot;:&quot;0&quot;,&quot;shutter_speed&quot;:&quot;0&quot;,&quot;title&quot;:&quot;&quot;,&quot;orientation&quot;:&quot;0&quot;}\" data-image-title=\"Omonville\" data-image-description=\"\" data-image-caption=\"\" data-medium-file=\"https:\/\/i0.wp.com\/3joursdecherbourg.fr\/wp-content\/uploads\/2020\/02\/Omonville.jpg?fit=300%2C93&amp;ssl=1\" data-large-file=\"https:\/\/i0.wp.com\/3joursdecherbourg.fr\/wp-content\/uploads\/2020\/02\/Omonville.jpg?fit=640%2C198&amp;ssl=1\" src=\"https:\/\/i0.wp.com\/3joursdecherbourg.fr\/wp-content\/uploads\/2020\/02\/Omonville.jpg?resize=640%2C198&#038;ssl=1\" alt=\"\" class=\"wp-image-2190\" srcset=\"https:\/\/i0.wp.com\/3joursdecherbourg.fr\/wp-content\/uploads\/2020\/02\/Omonville.jpg?w=661&amp;ssl=1 661w, https:\/\/i0.wp.com\/3joursdecherbourg.fr\/wp-content\/uploads\/2020\/02\/Omonville.jpg?resize=300%2C93&amp;ssl=1 300w\" sizes=\"auto, (max-width: 640px) 100vw, 640px\" \/><\/figure>\n\n\n\n<div class=\"wp-block-image\"><figure class=\"alignright size-large\"><img data-recalc-dims=\"1\" loading=\"lazy\" decoding=\"async\" width=\"284\" height=\"159\" data-attachment-id=\"2192\" data-permalink=\"https:\/\/3joursdecherbourg.fr\/?attachment_id=2192\" data-orig-file=\"https:\/\/i0.wp.com\/3joursdecherbourg.fr\/wp-content\/uploads\/2020\/02\/Urville.jpg?fit=284%2C159&amp;ssl=1\" data-orig-size=\"284,159\" data-comments-opened=\"1\" data-image-meta=\"{&quot;aperture&quot;:&quot;0&quot;,&quot;credit&quot;:&quot;&quot;,&quot;camera&quot;:&quot;&quot;,&quot;caption&quot;:&quot;&quot;,&quot;created_timestamp&quot;:&quot;0&quot;,&quot;copyright&quot;:&quot;&quot;,&quot;focal_length&quot;:&quot;0&quot;,&quot;iso&quot;:&quot;0&quot;,&quot;shutter_speed&quot;:&quot;0&quot;,&quot;title&quot;:&quot;&quot;,&quot;orientation&quot;:&quot;0&quot;}\" data-image-title=\"Urville\" data-image-description=\"\" data-image-caption=\"\" data-medium-file=\"https:\/\/i0.wp.com\/3joursdecherbourg.fr\/wp-content\/uploads\/2020\/02\/Urville.jpg?fit=284%2C159&amp;ssl=1\" data-large-file=\"https:\/\/i0.wp.com\/3joursdecherbourg.fr\/wp-content\/uploads\/2020\/02\/Urville.jpg?fit=284%2C159&amp;ssl=1\" src=\"https:\/\/i0.wp.com\/3joursdecherbourg.fr\/wp-content\/uploads\/2020\/02\/Urville.jpg?resize=284%2C159&#038;ssl=1\" alt=\"\" class=\"wp-image-2192\"\/><\/figure><\/div>\n\n\n\n<figure class=\"wp-block-image size-large\"><img data-recalc-dims=\"1\" loading=\"lazy\" decoding=\"async\" width=\"640\" height=\"168\" data-attachment-id=\"2193\" data-permalink=\"https:\/\/3joursdecherbourg.fr\/?attachment_id=2193\" data-orig-file=\"https:\/\/i0.wp.com\/3joursdecherbourg.fr\/wp-content\/uploads\/2020\/02\/B%C3%A9n%C3%A9c%C3%A8re.jpg?fit=718%2C189&amp;ssl=1\" data-orig-size=\"718,189\" data-comments-opened=\"1\" data-image-meta=\"{&quot;aperture&quot;:&quot;0&quot;,&quot;credit&quot;:&quot;&quot;,&quot;camera&quot;:&quot;&quot;,&quot;caption&quot;:&quot;&quot;,&quot;created_timestamp&quot;:&quot;0&quot;,&quot;copyright&quot;:&quot;&quot;,&quot;focal_length&quot;:&quot;0&quot;,&quot;iso&quot;:&quot;0&quot;,&quot;shutter_speed&quot;:&quot;0&quot;,&quot;title&quot;:&quot;&quot;,&quot;orientation&quot;:&quot;0&quot;}\" data-image-title=\"B\u00e9n\u00e9c\u00e8re\" data-image-description=\"\" data-image-caption=\"\" data-medium-file=\"https:\/\/i0.wp.com\/3joursdecherbourg.fr\/wp-content\/uploads\/2020\/02\/B%C3%A9n%C3%A9c%C3%A8re.jpg?fit=300%2C79&amp;ssl=1\" data-large-file=\"https:\/\/i0.wp.com\/3joursdecherbourg.fr\/wp-content\/uploads\/2020\/02\/B%C3%A9n%C3%A9c%C3%A8re.jpg?fit=640%2C168&amp;ssl=1\" src=\"https:\/\/i0.wp.com\/3joursdecherbourg.fr\/wp-content\/uploads\/2020\/02\/B%C3%A9n%C3%A9c%C3%A8re.jpg?resize=640%2C168&#038;ssl=1\" alt=\"\" class=\"wp-image-2193\" srcset=\"https:\/\/i0.wp.com\/3joursdecherbourg.fr\/wp-content\/uploads\/2020\/02\/B%C3%A9n%C3%A9c%C3%A8re.jpg?w=718&amp;ssl=1 718w, https:\/\/i0.wp.com\/3joursdecherbourg.fr\/wp-content\/uploads\/2020\/02\/B%C3%A9n%C3%A9c%C3%A8re.jpg?resize=300%2C79&amp;ssl=1 300w\" sizes=\"auto, (max-width: 640px) 100vw, 640px\" \/><\/figure>\n\n\n\n<div class=\"wp-block-image\"><figure class=\"alignright size-large\"><img data-recalc-dims=\"1\" loading=\"lazy\" decoding=\"async\" width=\"454\" height=\"197\" data-attachment-id=\"2194\" data-permalink=\"https:\/\/3joursdecherbourg.fr\/?attachment_id=2194\" data-orig-file=\"https:\/\/i0.wp.com\/3joursdecherbourg.fr\/wp-content\/uploads\/2020\/02\/La-Montagne-du-Roule.jpg?fit=454%2C197&amp;ssl=1\" data-orig-size=\"454,197\" data-comments-opened=\"1\" data-image-meta=\"{&quot;aperture&quot;:&quot;0&quot;,&quot;credit&quot;:&quot;&quot;,&quot;camera&quot;:&quot;&quot;,&quot;caption&quot;:&quot;&quot;,&quot;created_timestamp&quot;:&quot;0&quot;,&quot;copyright&quot;:&quot;&quot;,&quot;focal_length&quot;:&quot;0&quot;,&quot;iso&quot;:&quot;0&quot;,&quot;shutter_speed&quot;:&quot;0&quot;,&quot;title&quot;:&quot;&quot;,&quot;orientation&quot;:&quot;0&quot;}\" data-image-title=\"La-Montagne-du-Roule\" data-image-description=\"\" data-image-caption=\"\" data-medium-file=\"https:\/\/i0.wp.com\/3joursdecherbourg.fr\/wp-content\/uploads\/2020\/02\/La-Montagne-du-Roule.jpg?fit=300%2C130&amp;ssl=1\" data-large-file=\"https:\/\/i0.wp.com\/3joursdecherbourg.fr\/wp-content\/uploads\/2020\/02\/La-Montagne-du-Roule.jpg?fit=454%2C197&amp;ssl=1\" src=\"https:\/\/i0.wp.com\/3joursdecherbourg.fr\/wp-content\/uploads\/2020\/02\/La-Montagne-du-Roule.jpg?resize=454%2C197&#038;ssl=1\" alt=\"\" class=\"wp-image-2194\" srcset=\"https:\/\/i0.wp.com\/3joursdecherbourg.fr\/wp-content\/uploads\/2020\/02\/La-Montagne-du-Roule.jpg?w=454&amp;ssl=1 454w, https:\/\/i0.wp.com\/3joursdecherbourg.fr\/wp-content\/uploads\/2020\/02\/La-Montagne-du-Roule.jpg?resize=300%2C130&amp;ssl=1 300w\" sizes=\"auto, (max-width: 454px) 100vw, 454px\" \/><\/figure><\/div>\n","protected":false},"excerpt":{"rendered":"<p>Cette derni\u00e8re \u00e9tape sacrera sans nul doute un grand champion au sommet de la Montagne du Roule. C&rsquo;est en effet l\u00e0 que se terminera cette \u00e9dition 2021 apr\u00e8s une \u00e9tape particuli\u00e8rement difficile. Le d\u00e9part sera donn\u00e9 \u00e0 la sortie de &hellip; <a href=\"https:\/\/3joursdecherbourg.fr\/?page_id=2110\">Continuer la lecture <span class=\"meta-nav\">&rarr;<\/span><\/a><\/p>\n","protected":false},"author":1,"featured_media":0,"parent":0,"menu_order":0,"comment_status":"closed","ping_status":"closed","template":"","meta":{"footnotes":""},"class_list":["post-2110","page","type-page","status-publish","hentry"],"jetpack_shortlink":"https:\/\/wp.me\/P8fpGS-y2","jetpack-related-posts":[{"id":919,"url":"https:\/\/3joursdecherbourg.fr\/?page_id=919","url_meta":{"origin":2110,"position":0},"title":"1\u00e8re \u00e9tape 2018","author":"admin3809","date":"3 janvier 2018","format":false,"excerpt":"Du changement cette ann\u00e9e dans cette premi\u00e8re \u00e9tape du Val-de-Saire, avec la mont\u00e9e de la c\u00f4te de Beauvais, \u00e0 Morsaline. La parcours s'effectue ensuite \u00e0 l'envers des ann\u00e9es pr\u00e9c\u00e9dentes, par Montebourg, Le Ham, Pont-l'Abb\u00e9, Sainte-M\u00e8re-Eglise, Quettehou\u2026 Une modification \u00e9galement apr\u00e8s la c\u00f4te du Vast, par le passage \u00e0 Brillevast afin\u2026","rel":"","context":"Article similaire","block_context":{"text":"Article similaire","link":""},"img":{"alt_text":"","src":"https:\/\/i0.wp.com\/3joursdecherbourg.fr\/wp-content\/uploads\/2018\/05\/C%C3%A9dric-Delaplace.jpg?resize=350%2C200","width":350,"height":200},"classes":[]},{"id":4078,"url":"https:\/\/3joursdecherbourg.fr\/?page_id=4078","url_meta":{"origin":2110,"position":1},"title":"1\u00e8re \u00e9tape 2023","author":"admin3809","date":"8 mars 2023","format":false,"excerpt":"https:\/\/youtu.be\/RfWuC_Hms0s https:\/\/youtu.be\/A-Rp0FnVHqw?si=vLJr27Vg-7lbq967 https:\/\/www.calculitineraires.fr\/index.php?id=1363012#map Apr\u00e8s 2 ann\u00e9es \u00e0 Portbail-sur-Mer, c'est maintenant Bricquebec-en-Cotentin qui accueillera l'arriv\u00e9e de cette premi\u00e8re \u00e9tape 2023. Avec un d\u00e9part classique par le Val-de-Saire, la premi\u00e8re difficult\u00e9 de La Pernelle arrive tr\u00e8s rapidement. Un changement ensuite puisque dans le bourg du Vast les coureurs partiront \u00e0 gauche directement\u2026","rel":"","context":"Article similaire","block_context":{"text":"Article similaire","link":""},"img":{"alt_text":"","src":"https:\/\/i0.wp.com\/img.youtube.com\/vi\/RfWuC_Hms0s\/0.jpg?resize=350%2C200","width":350,"height":200},"classes":[]},{"id":2098,"url":"https:\/\/3joursdecherbourg.fr\/?page_id=2098","url_meta":{"origin":2110,"position":2},"title":"1\u00e8re \u00e9tape 2021","author":"admin3809","date":"2 d\u00e9cembre 2019","format":false,"excerpt":"Cette premi\u00e8re \u00e9tape 2021 est une nouveaut\u00e9. Son arriv\u00e9e sera en effet jug\u00e9e, pour la premi\u00e8re fois, non pas \u00e0 Cherbourg comme d'habitude, mais \u00e0 l'ouest du Cotentin: Port-Bail-sur-Mer. Avec un d\u00e9part classique par le Val-de-Saire, les deux difficult\u00e9s de La Pernelle puis du Vast arriveront tr\u00e8s rapidement, alors qu'elles\u2026","rel":"","context":"Article similaire","block_context":{"text":"Article similaire","link":""},"img":{"alt_text":"","src":"https:\/\/i0.wp.com\/3joursdecherbourg.fr\/wp-content\/uploads\/2020\/02\/Le-Vast.jpg?resize=350%2C200&ssl=1","width":350,"height":200},"classes":[]},{"id":4241,"url":"https:\/\/3joursdecherbourg.fr\/?page_id=4241","url_meta":{"origin":2110,"position":3},"title":"Etape 1","author":"admin3809","date":"15 juillet 2023","format":false,"excerpt":"Victoire de SENICOURT Kylian (PHILIPPE WAGNER CYCLING) C\u2019est sous l\u2019\u00e9motion de la disparition de Johan Paque, directeur sportif du team Bricquebec-en-Cotentin que cette 43\u00e8me \u00e9dition des 3 jours de Cherbourg s\u2019est \u00e9lanc\u00e9e de la mairie de Tourlaville, commune d\u00e9l\u00e9gu\u00e9e de Cherbourg-en-Cotentin.\u00a0 D\u00e8s les premiers kilom\u00e8tres, plusieurs coureurs ont tent\u00e9 de\u2026","rel":"","context":"Article similaire","block_context":{"text":"Article similaire","link":""},"img":{"alt_text":"","src":"https:\/\/i0.wp.com\/3joursdecherbourg.fr\/wp-content\/uploads\/2023\/09\/Capture-decran-2023-09-01-233915.png?resize=350%2C200&ssl=1","width":350,"height":200,"srcset":"https:\/\/i0.wp.com\/3joursdecherbourg.fr\/wp-content\/uploads\/2023\/09\/Capture-decran-2023-09-01-233915.png?resize=350%2C200&ssl=1 1x, https:\/\/i0.wp.com\/3joursdecherbourg.fr\/wp-content\/uploads\/2023\/09\/Capture-decran-2023-09-01-233915.png?resize=525%2C300&ssl=1 1.5x, https:\/\/i0.wp.com\/3joursdecherbourg.fr\/wp-content\/uploads\/2023\/09\/Capture-decran-2023-09-01-233915.png?resize=700%2C400&ssl=1 2x, https:\/\/i0.wp.com\/3joursdecherbourg.fr\/wp-content\/uploads\/2023\/09\/Capture-decran-2023-09-01-233915.png?resize=1050%2C600&ssl=1 3x"},"classes":[]},{"id":2898,"url":"https:\/\/3joursdecherbourg.fr\/?page_id=2898","url_meta":{"origin":2110,"position":4},"title":"Les r\u00e9sultats 2021","author":"admin3809","date":"3 septembre 2021","format":false,"excerpt":"\u00a0 3\u00e8me \u00e9tape:\u00a0 Un sc\u00e9nario identique \u00e0 la veille avec une \u00e9chapp\u00e9e au long cours rattrap\u00e9e sur le tard. Quelque secondes d'avances auront suffi pour d\u00e9signer le vainqueur de la mont\u00e9e du Roule. Cette \u00e9tape disput\u00e9e sous un temps d'abord brumeux s'est termin\u00e9e au grand soleil, devant le millier de\u2026","rel":"","context":"Article similaire","block_context":{"text":"Article similaire","link":""},"img":{"alt_text":"","src":"https:\/\/i0.wp.com\/3joursdecherbourg.fr\/wp-content\/uploads\/2021\/09\/DSC_3143-1024x681.jpg?resize=350%2C200&ssl=1","width":350,"height":200,"srcset":"https:\/\/i0.wp.com\/3joursdecherbourg.fr\/wp-content\/uploads\/2021\/09\/DSC_3143-1024x681.jpg?resize=350%2C200&ssl=1 1x, https:\/\/i0.wp.com\/3joursdecherbourg.fr\/wp-content\/uploads\/2021\/09\/DSC_3143-1024x681.jpg?resize=525%2C300&ssl=1 1.5x"},"classes":[]},{"id":3092,"url":"https:\/\/3joursdecherbourg.fr\/?page_id=3092","url_meta":{"origin":2110,"position":5},"title":"Les r\u00e9sum\u00e9s des \u00e9tapes 2022","author":"admin3809","date":"11 avril 2022","format":false,"excerpt":"1\u00e9re \u00e9tapes (Bretteville - Port-Bail-sur-Mer) Cette \u00e9dition 2022 des 3 jours de Cherbourg en Cotentin a commenc\u00e9 fort par la premi\u00e8re \u00e9tape reliant Bretteville \u00e0 Port-Bail-sur-Mer, cette \u00e9tape longue de 146 kilom\u00e8tres a \u00e9t\u00e9 riche en rebondissements. Le d\u00e9part a \u00e9t\u00e9 marqu\u00e9 par plusieurs probl\u00e8mes m\u00e9caniques et d\u2019une chute dans\u2026","rel":"","context":"Article similaire","block_context":{"text":"Article similaire","link":""},"img":{"alt_text":"","src":"https:\/\/i0.wp.com\/3joursdecherbourg.fr\/wp-content\/uploads\/2022\/09\/IMG_2920-300x200.jpg?resize=350%2C200&ssl=1","width":350,"height":200},"classes":[]}],"jetpack_likes_enabled":false,"jetpack_sharing_enabled":true,"_links":{"self":[{"href":"https:\/\/3joursdecherbourg.fr\/index.php?rest_route=\/wp\/v2\/pages\/2110","targetHints":{"allow":["GET"]}}],"collection":[{"href":"https:\/\/3joursdecherbourg.fr\/index.php?rest_route=\/wp\/v2\/pages"}],"about":[{"href":"https:\/\/3joursdecherbourg.fr\/index.php?rest_route=\/wp\/v2\/types\/page"}],"author":[{"embeddable":true,"href":"https:\/\/3joursdecherbourg.fr\/index.php?rest_route=\/wp\/v2\/users\/1"}],"replies":[{"embeddable":true,"href":"https:\/\/3joursdecherbourg.fr\/index.php?rest_route=%2Fwp%2Fv2%2Fcomments&post=2110"}],"version-history":[{"count":12,"href":"https:\/\/3joursdecherbourg.fr\/index.php?rest_route=\/wp\/v2\/pages\/2110\/revisions"}],"predecessor-version":[{"id":2820,"href":"https:\/\/3joursdecherbourg.fr\/index.php?rest_route=\/wp\/v2\/pages\/2110\/revisions\/2820"}],"wp:attachment":[{"href":"https:\/\/3joursdecherbourg.fr\/index.php?rest_route=%2Fwp%2Fv2%2Fmedia&parent=2110"}],"curies":[{"name":"wp","href":"https:\/\/api.w.org\/{rel}","templated":true}]}}