{"id":2904,"date":"2021-09-03T23:20:22","date_gmt":"2021-09-03T21:20:22","guid":{"rendered":"https:\/\/3joursdecherbourg.fr\/?page_id=2904"},"modified":"2021-09-05T23:51:30","modified_gmt":"2021-09-05T21:51:30","slug":"classements-annexes-2021","status":"publish","type":"page","link":"https:\/\/3joursdecherbourg.fr\/?page_id=2904","title":{"rendered":"Classements annexes 2021"},"content":{"rendered":"<p><em><strong>1\u00e8re \u00e9tape 2021:<\/strong><\/em><\/p>\n<a href=\"https:\/\/3joursdecherbourg.fr\/wp-content\/uploads\/2021\/09\/3JC-EQUIPE-1.pdf\" class=\"pdfemb-viewer\" style=\"\" data-width=\"max\" data-height=\"max\" data-toolbar=\"bottom\" data-toolbar-fixed=\"off\">3JC EQUIPE 1<\/a>\n<a href=\"https:\/\/3joursdecherbourg.fr\/wp-content\/uploads\/2021\/09\/3JC-POINTS-ETAPE-1.pdf\" class=\"pdfemb-viewer\" style=\"\" data-width=\"max\" data-height=\"max\" data-toolbar=\"bottom\" data-toolbar-fixed=\"off\">3JC POINTS ETAPE 1<\/a>\n<a href=\"https:\/\/3joursdecherbourg.fr\/wp-content\/uploads\/2021\/09\/3JC-GRIMPEURS-ETAPE-1.pdf\" class=\"pdfemb-viewer\" style=\"\" data-width=\"max\" data-height=\"max\" data-toolbar=\"bottom\" data-toolbar-fixed=\"off\">3JC GRIMPEURS ETAPE 1<\/a>\n<p><em><strong>2\u00e8me \u00e9tape 2021:<\/strong><\/em><\/p>\n<a href=\"https:\/\/3joursdecherbourg.fr\/wp-content\/uploads\/2021\/09\/3JC-EQUIPE-ETAPE-2.pdf\" class=\"pdfemb-viewer\" style=\"\" data-width=\"max\" data-height=\"max\" data-toolbar=\"bottom\" data-toolbar-fixed=\"off\">3JC EQUIPE ETAPE 2<\/a>\n<a href=\"https:\/\/3joursdecherbourg.fr\/wp-content\/uploads\/2021\/09\/3JC-GENERAL-EQUIPE-ETAPE-2.pdf\" class=\"pdfemb-viewer\" style=\"\" data-width=\"max\" data-height=\"max\" data-toolbar=\"bottom\" data-toolbar-fixed=\"off\">3JC GENERAL EQUIPE ETAPE 2<\/a>\n<a href=\"https:\/\/3joursdecherbourg.fr\/wp-content\/uploads\/2021\/09\/3JC-GRIMPEURS-ETAPE-2.pdf\" class=\"pdfemb-viewer\" style=\"\" data-width=\"max\" data-height=\"max\" data-toolbar=\"bottom\" data-toolbar-fixed=\"off\">3JC GRIMPEURS ETAPE 2<\/a>\n<a href=\"https:\/\/3joursdecherbourg.fr\/wp-content\/uploads\/2021\/09\/3JC-GENERAL-GRIMPEURS-ETAPE-2.pdf\" class=\"pdfemb-viewer\" style=\"\" data-width=\"max\" data-height=\"max\" data-toolbar=\"bottom\" data-toolbar-fixed=\"off\">3JC GENERAL GRIMPEURS ETAPE 2<\/a>\n<a href=\"https:\/\/3joursdecherbourg.fr\/wp-content\/uploads\/2021\/09\/3JC-POITS-ETAPE-2.pdf\" class=\"pdfemb-viewer\" style=\"\" data-width=\"max\" data-height=\"max\" data-toolbar=\"bottom\" data-toolbar-fixed=\"off\">3JC POITS ETAPE 2<\/a>\n<a href=\"https:\/\/3joursdecherbourg.fr\/wp-content\/uploads\/2021\/09\/3JC-GENERAL-POINTS-ETAPE-2.pdf\" class=\"pdfemb-viewer\" style=\"\" data-width=\"max\" data-height=\"max\" data-toolbar=\"bottom\" data-toolbar-fixed=\"off\">3JC GENERAL POINTS ETAPE 2<\/a>\n<p><em><strong>3\u00e8me \u00e9tape 2021:<\/strong><\/em><\/p>\n<a href=\"https:\/\/3joursdecherbourg.fr\/wp-content\/uploads\/2021\/09\/3JC-EQUIPE-ETAPE-3.pdf\" class=\"pdfemb-viewer\" style=\"\" data-width=\"max\" data-height=\"max\" data-toolbar=\"bottom\" data-toolbar-fixed=\"off\">3JC EQUIPE ETAPE 3<\/a>\n<a href=\"https:\/\/3joursdecherbourg.fr\/wp-content\/uploads\/2021\/09\/3JC-EQUIPE-GENERAL.pdf\" class=\"pdfemb-viewer\" style=\"\" data-width=\"max\" data-height=\"max\" data-toolbar=\"bottom\" data-toolbar-fixed=\"off\">3JC EQUIPE GENERAL<\/a>\n<a href=\"https:\/\/3joursdecherbourg.fr\/wp-content\/uploads\/2021\/09\/3JC-GRIMPEURS-ETAPE-3.pdf\" class=\"pdfemb-viewer\" style=\"\" data-width=\"max\" data-height=\"max\" data-toolbar=\"bottom\" data-toolbar-fixed=\"off\">3JC GRIMPEURS ETAPE 3<\/a>\n<a href=\"https:\/\/3joursdecherbourg.fr\/wp-content\/uploads\/2021\/09\/3JC-GRIMPEURS-GENERAL.pdf\" class=\"pdfemb-viewer\" style=\"\" data-width=\"max\" data-height=\"max\" data-toolbar=\"bottom\" data-toolbar-fixed=\"off\">3JC GRIMPEURS GENERAL<\/a>\n<a href=\"https:\/\/3joursdecherbourg.fr\/wp-content\/uploads\/2021\/09\/3JC-POINTS-ETAPE-3.pdf\" class=\"pdfemb-viewer\" style=\"\" data-width=\"max\" data-height=\"max\" data-toolbar=\"bottom\" data-toolbar-fixed=\"off\">3JC POINTS ETAPE 3<\/a>\n<a href=\"https:\/\/3joursdecherbourg.fr\/wp-content\/uploads\/2021\/09\/3JC-POINTS-GENERAL.pdf\" class=\"pdfemb-viewer\" style=\"\" data-width=\"max\" data-height=\"max\" data-toolbar=\"bottom\" data-toolbar-fixed=\"off\">3JC POINTS GENERAL<\/a>\n","protected":false},"excerpt":{"rendered":"<p>1\u00e8re \u00e9tape 2021: 2\u00e8me \u00e9tape 2021: 3\u00e8me \u00e9tape 2021:<\/p>\n","protected":false},"author":1,"featured_media":0,"parent":0,"menu_order":0,"comment_status":"closed","ping_status":"closed","template":"","meta":{"footnotes":""},"class_list":["post-2904","page","type-page","status-publish","hentry"],"jetpack_shortlink":"https:\/\/wp.me\/P8fpGS-KQ","jetpack-related-posts":[{"id":136,"url":"https:\/\/3joursdecherbourg.fr\/?page_id=136","url_meta":{"origin":2904,"position":0},"title":"Les r\u00e9sultats 2017","author":"admin3809","date":"25 d\u00e9cembre 2016","format":false,"excerpt":"Classements 1\u00e8re \u00e9tape: Etape Grimpeurs Points Equipe Classements 2\u00e8me \u00e9tape: Etape Grimpeurs Points Equipe G\u00e9n\u00e9ral apr\u00e8s la 2\u00e8me \u00e9tape: Etapes Grimpeurs Points Equipe Classements 3\u00e8me \u00e9tape: Etape Grimpeurs Points Equipe G\u00e9n\u00e9ral apr\u00e8s la 3\u00e8me \u00e9tape, classement final: Etapes Grimpeurs Points Equipe \u00a0 \u00a0","rel":"","context":"Article similaire","block_context":{"text":"Article similaire","link":""},"img":{"alt_text":"","src":"","width":0,"height":0},"classes":[]},{"id":1594,"url":"https:\/\/3joursdecherbourg.fr\/?page_id=1594","url_meta":{"origin":2904,"position":1},"title":"Les r\u00e9sultats 2019","author":"admin3809","date":"22 f\u00e9vrier 2019","format":false,"excerpt":"La troisi\u00e8me et derni\u00e8re \u00e9tape a consacr\u00e9 le Team Nantes Atlantique et son jeune coureur, Louis Barr\u00e9 dans la d\u00e9fense de son maillot de leader de l'\u00e9preuve. Apr\u00e8s les premi\u00e8res escarmouches, une \u00e9chapp\u00e9e a pu prendre les devants et rester aux avants postes jusqu'aux difficiles bosses des derniers kilom\u00e8tres. Owen\u2026","rel":"","context":"Article similaire","block_context":{"text":"Article similaire","link":""},"img":{"alt_text":"","src":"https:\/\/i0.wp.com\/3joursdecherbourg.fr\/wp-content\/uploads\/2019\/09\/DSC_2981-300x199.jpg?resize=350%2C200","width":350,"height":200},"classes":[]},{"id":4078,"url":"https:\/\/3joursdecherbourg.fr\/?page_id=4078","url_meta":{"origin":2904,"position":2},"title":"1\u00e8re \u00e9tape 2023","author":"admin3809","date":"8 mars 2023","format":false,"excerpt":"https:\/\/youtu.be\/RfWuC_Hms0s https:\/\/youtu.be\/A-Rp0FnVHqw?si=vLJr27Vg-7lbq967 https:\/\/www.calculitineraires.fr\/index.php?id=1363012#map Apr\u00e8s 2 ann\u00e9es \u00e0 Portbail-sur-Mer, c'est maintenant Bricquebec-en-Cotentin qui accueillera l'arriv\u00e9e de cette premi\u00e8re \u00e9tape 2023. Avec un d\u00e9part classique par le Val-de-Saire, la premi\u00e8re difficult\u00e9 de La Pernelle arrive tr\u00e8s rapidement. Un changement ensuite puisque dans le bourg du Vast les coureurs partiront \u00e0 gauche directement\u2026","rel":"","context":"Article similaire","block_context":{"text":"Article similaire","link":""},"img":{"alt_text":"","src":"https:\/\/i0.wp.com\/img.youtube.com\/vi\/RfWuC_Hms0s\/0.jpg?resize=350%2C200","width":350,"height":200},"classes":[]},{"id":5572,"url":"https:\/\/3joursdecherbourg.fr\/?page_id=5572","url_meta":{"origin":2904,"position":3},"title":"Etape 1","author":"admin3809","date":"14 d\u00e9cembre 2025","format":false,"excerpt":"","rel":"","context":"Article similaire","block_context":{"text":"Article similaire","link":""},"img":{"alt_text":"","src":"","width":0,"height":0},"classes":[]},{"id":5573,"url":"https:\/\/3joursdecherbourg.fr\/?page_id=5573","url_meta":{"origin":2904,"position":4},"title":"2\u00e8me \u00e9tape","author":"admin3809","date":"14 d\u00e9cembre 2025","format":false,"excerpt":"","rel":"","context":"Article similaire","block_context":{"text":"Article similaire","link":""},"img":{"alt_text":"","src":"","width":0,"height":0},"classes":[]},{"id":5574,"url":"https:\/\/3joursdecherbourg.fr\/?page_id=5574","url_meta":{"origin":2904,"position":5},"title":"3\u00e8me \u00e9tape","author":"admin3809","date":"14 d\u00e9cembre 2025","format":false,"excerpt":"","rel":"","context":"Article similaire","block_context":{"text":"Article similaire","link":""},"img":{"alt_text":"","src":"","width":0,"height":0},"classes":[]}],"jetpack_likes_enabled":false,"jetpack_sharing_enabled":true,"_links":{"self":[{"href":"https:\/\/3joursdecherbourg.fr\/index.php?rest_route=\/wp\/v2\/pages\/2904","targetHints":{"allow":["GET"]}}],"collection":[{"href":"https:\/\/3joursdecherbourg.fr\/index.php?rest_route=\/wp\/v2\/pages"}],"about":[{"href":"https:\/\/3joursdecherbourg.fr\/index.php?rest_route=\/wp\/v2\/types\/page"}],"author":[{"embeddable":true,"href":"https:\/\/3joursdecherbourg.fr\/index.php?rest_route=\/wp\/v2\/users\/1"}],"replies":[{"embeddable":true,"href":"https:\/\/3joursdecherbourg.fr\/index.php?rest_route=%2Fwp%2Fv2%2Fcomments&post=2904"}],"version-history":[{"count":5,"href":"https:\/\/3joursdecherbourg.fr\/index.php?rest_route=\/wp\/v2\/pages\/2904\/revisions"}],"predecessor-version":[{"id":2946,"href":"https:\/\/3joursdecherbourg.fr\/index.php?rest_route=\/wp\/v2\/pages\/2904\/revisions\/2946"}],"wp:attachment":[{"href":"https:\/\/3joursdecherbourg.fr\/index.php?rest_route=%2Fwp%2Fv2%2Fmedia&parent=2904"}],"curies":[{"name":"wp","href":"https:\/\/api.w.org\/{rel}","templated":true}]}}