{"id":3079,"date":"2022-04-11T18:30:01","date_gmt":"2022-04-11T16:30:01","guid":{"rendered":"https:\/\/3joursdecherbourg.fr\/?page_id=3079"},"modified":"2022-04-11T18:30:02","modified_gmt":"2022-04-11T16:30:02","slug":"les-3-jours-2021-2","status":"publish","type":"page","link":"https:\/\/3joursdecherbourg.fr\/?page_id=3079","title":{"rendered":"Les 3 jours 2021"},"content":{"rendered":"","protected":false},"excerpt":{"rendered":"","protected":false},"author":1,"featured_media":0,"parent":0,"menu_order":0,"comment_status":"closed","ping_status":"closed","template":"","meta":{"footnotes":""},"class_list":["post-3079","page","type-page","status-publish","hentry"],"jetpack_shortlink":"https:\/\/wp.me\/P8fpGS-NF","jetpack-related-posts":[{"id":2271,"url":"https:\/\/3joursdecherbourg.fr\/?page_id=2271","url_meta":{"origin":3079,"position":0},"title":"Les 3 jours 2022","author":"admin3809","date":"19 octobre 2020","format":false,"excerpt":"","rel":"","context":"Article similaire","block_context":{"text":"Article similaire","link":""},"img":{"alt_text":"","src":"","width":0,"height":0},"classes":[]},{"id":2294,"url":"https:\/\/3joursdecherbourg.fr\/?page_id=2294","url_meta":{"origin":3079,"position":1},"title":"Les \u00e9quipes 2021","author":"admin3809","date":"24 d\u00e9cembre 2020","format":false,"excerpt":"41 \u00e9quipes ont postul\u00e9 pour cette \u00e9dition 2021 des \"3 jours de Cherbourg en Cotentin\". Quelques unes se\u00a0 sont ensuite d\u00e9sist\u00e9es. Nous avons d\u00e9cid\u00e9, apr\u00e8s concertation avec la ville de Cherbourg-en-Cotentin, partenaire principal de l'\u00e9preuve, de retenir ces candidatures dans l'optique d'une course du plus haut niveau, apr\u00e8s une ann\u00e9e\u2026","rel":"","context":"Article similaire","block_context":{"text":"Article similaire","link":""},"img":{"alt_text":"","src":"","width":0,"height":0},"classes":[]},{"id":908,"url":"https:\/\/3joursdecherbourg.fr\/?page_id=908","url_meta":{"origin":3079,"position":2},"title":"Les 3 jours 2018","author":"admin3809","date":"3 janvier 2018","format":false,"excerpt":"Organisation g\u00e9n\u00e9rale Les \u00e9quipes engag\u00e9es 1\u00e8re \u00e9tape 2\u00e8me \u00e9tape 3\u00e8me \u00e9tape Classements annexes Les r\u00e9sultats","rel":"","context":"Article similaire","block_context":{"text":"Article similaire","link":""},"img":{"alt_text":"","src":"","width":0,"height":0},"classes":[]},{"id":5078,"url":"https:\/\/3joursdecherbourg.fr\/?page_id=5078","url_meta":{"origin":3079,"position":3},"title":"Les 3 Jours 2025","author":"admin3809","date":"28 mai 2025","format":false,"excerpt":"","rel":"","context":"Article similaire","block_context":{"text":"Article similaire","link":""},"img":{"alt_text":"","src":"https:\/\/i0.wp.com\/3joursdecherbourg.fr\/wp-content\/uploads\/2025\/08\/Affiche-2025-1.pdf-1-pdf-724x1024.jpg?resize=350%2C200&ssl=1","width":350,"height":200,"srcset":"https:\/\/i0.wp.com\/3joursdecherbourg.fr\/wp-content\/uploads\/2025\/08\/Affiche-2025-1.pdf-1-pdf-724x1024.jpg?resize=350%2C200&ssl=1 1x, https:\/\/i0.wp.com\/3joursdecherbourg.fr\/wp-content\/uploads\/2025\/08\/Affiche-2025-1.pdf-1-pdf-724x1024.jpg?resize=525%2C300&ssl=1 1.5x, https:\/\/i0.wp.com\/3joursdecherbourg.fr\/wp-content\/uploads\/2025\/08\/Affiche-2025-1.pdf-1-pdf-724x1024.jpg?resize=700%2C400&ssl=1 2x"},"classes":[]},{"id":1569,"url":"https:\/\/3joursdecherbourg.fr\/?page_id=1569","url_meta":{"origin":3079,"position":4},"title":"Les 3 jours 2019","author":"admin3809","date":"22 f\u00e9vrier 2019","format":false,"excerpt":"","rel":"","context":"Article similaire","block_context":{"text":"Article similaire","link":""},"img":{"alt_text":"","src":"","width":0,"height":0},"classes":[]},{"id":4605,"url":"https:\/\/3joursdecherbourg.fr\/?page_id=4605","url_meta":{"origin":3079,"position":5},"title":"Les 3 jours 2024","author":"admin3809","date":"9 avril 2024","format":false,"excerpt":"","rel":"","context":"Article similaire","block_context":{"text":"Article similaire","link":""},"img":{"alt_text":"","src":"https:\/\/i0.wp.com\/3joursdecherbourg.fr\/wp-content\/uploads\/2024\/07\/mo.png?resize=350%2C200&ssl=1","width":350,"height":200,"srcset":"https:\/\/i0.wp.com\/3joursdecherbourg.fr\/wp-content\/uploads\/2024\/07\/mo.png?resize=350%2C200&ssl=1 1x, https:\/\/i0.wp.com\/3joursdecherbourg.fr\/wp-content\/uploads\/2024\/07\/mo.png?resize=525%2C300&ssl=1 1.5x, https:\/\/i0.wp.com\/3joursdecherbourg.fr\/wp-content\/uploads\/2024\/07\/mo.png?resize=700%2C400&ssl=1 2x, https:\/\/i0.wp.com\/3joursdecherbourg.fr\/wp-content\/uploads\/2024\/07\/mo.png?resize=1050%2C600&ssl=1 3x, https:\/\/i0.wp.com\/3joursdecherbourg.fr\/wp-content\/uploads\/2024\/07\/mo.png?resize=1400%2C800&ssl=1 4x"},"classes":[]}],"jetpack_likes_enabled":false,"jetpack_sharing_enabled":true,"_links":{"self":[{"href":"https:\/\/3joursdecherbourg.fr\/index.php?rest_route=\/wp\/v2\/pages\/3079","targetHints":{"allow":["GET"]}}],"collection":[{"href":"https:\/\/3joursdecherbourg.fr\/index.php?rest_route=\/wp\/v2\/pages"}],"about":[{"href":"https:\/\/3joursdecherbourg.fr\/index.php?rest_route=\/wp\/v2\/types\/page"}],"author":[{"embeddable":true,"href":"https:\/\/3joursdecherbourg.fr\/index.php?rest_route=\/wp\/v2\/users\/1"}],"replies":[{"embeddable":true,"href":"https:\/\/3joursdecherbourg.fr\/index.php?rest_route=%2Fwp%2Fv2%2Fcomments&post=3079"}],"version-history":[{"count":1,"href":"https:\/\/3joursdecherbourg.fr\/index.php?rest_route=\/wp\/v2\/pages\/3079\/revisions"}],"predecessor-version":[{"id":3080,"href":"https:\/\/3joursdecherbourg.fr\/index.php?rest_route=\/wp\/v2\/pages\/3079\/revisions\/3080"}],"wp:attachment":[{"href":"https:\/\/3joursdecherbourg.fr\/index.php?rest_route=%2Fwp%2Fv2%2Fmedia&parent=3079"}],"curies":[{"name":"wp","href":"https:\/\/api.w.org\/{rel}","templated":true}]}}