{"id":3086,"date":"2022-04-11T18:40:48","date_gmt":"2022-04-11T16:40:48","guid":{"rendered":"https:\/\/3joursdecherbourg.fr\/?page_id=3086"},"modified":"2022-08-09T22:54:47","modified_gmt":"2022-08-09T20:54:47","slug":"1ere-etape-2022","status":"publish","type":"page","link":"https:\/\/3joursdecherbourg.fr\/?page_id=3086","title":{"rendered":"1\u00e8re \u00e9tape 2022"},"content":{"rendered":"\n<p style=\"font-size:18px\"><strong>Bretteville-en-saire &#8211;&gt; Port-Bail-sur-Mer (146.22km) <\/strong><\/p>\n\n\n\n<ul class=\"wp-block-list\"><li><span style=\"text-decoration: underline;\">La parcours interactif:<\/span> <a href=\"https:\/\/www.relive.cc\/view\/vevYoJQndJ6\/explore\" data-type=\"URL\" data-id=\"https:\/\/www.relive.cc\/view\/vevYoJQndJ6\/explore\">https:\/\/www.relive.cc\/view\/vevYoJQndJ6\/explore<\/a> <\/li><\/ul>\n\n\n\n<ul class=\"wp-block-list\"><li><span style=\"text-decoration: underline;\">Le circuit sur \u00ab&nbsp;Calcul itin\u00e9raires&nbsp;\u00bb : <\/span> <a href=\"https:\/\/www.calculitineraires.fr\/index.php?id=1200864#map\" target=\"_blank\" rel=\"noreferrer noopener\">https:\/\/www.calculitineraires.fr\/index.php?id=1200864#map<\/a><\/li><\/ul>\n\n\n\n<figure class=\"wp-block-embed is-type-video is-provider-youtube wp-block-embed-youtube wp-embed-aspect-16-9 wp-has-aspect-ratio\"><div class=\"wp-block-embed__wrapper\">\n<span class=\"embed-youtube\" style=\"text-align:center; display: block;\"><iframe loading=\"lazy\" class=\"youtube-player\" width=\"640\" height=\"360\" src=\"https:\/\/www.youtube.com\/embed\/T1dh5fwO-X4?version=3&#038;rel=1&#038;showsearch=0&#038;showinfo=1&#038;iv_load_policy=1&#038;fs=1&#038;hl=fr-FR&#038;autohide=2&#038;wmode=transparent\" allowfullscreen=\"true\" style=\"border:0;\" sandbox=\"allow-scripts allow-same-origin allow-popups allow-presentation allow-popups-to-escape-sandbox\"><\/iframe><\/span>\n<\/div><\/figure>\n\n\n<p style=\"text-align: center;\"><em>Cette premi\u00e8re \u00e9tape 2022 est la reconduction de l&rsquo;an pass\u00e9. Les coureurs semblent l&rsquo;avoir particuli\u00e8rement appr\u00e9ci\u00e9e pour son profil vari\u00e9 et rapide. Son arriv\u00e9e sera \u00e0 nouveau jug\u00e9e \u00e0 <strong>Port-Bail-sur-Mer, <\/strong>qui nous a accueillis avec grand plaisir l&rsquo;an dernier. Avec un d\u00e9part classique par le Val-de-Saire, les deux difficult\u00e9s de La Pernelle puis du Vast arrivent tr\u00e8s rapidement, suivies plus loin par la mont\u00e9e de Beauvais \u00e0 Morsaline. Les coureurs traversent ensuite le Cotentin d\u2019Est en Ouest pour rejoindre la c\u00f4te des Isles. Les 30 derniers km sur un circuit cher \u00e0 Andr\u00e9 Quentin et sa \u00ab Gainsbarre \u00bb et emprunt\u00e9 en 2016 par le Tour de France, permettront aux plus rapides de se disputer le sprint final. En petit comit\u00e9 comme l&rsquo;an dernier, ou en peloton plus fourni, qui sait, ce sont les coureurs qui font la course<\/em>!<\/p>\n<div id=\"attachment_3124\" style=\"width: 650px\" class=\"wp-caption alignright\"><a href=\"https:\/\/i0.wp.com\/3joursdecherbourg.fr\/wp-content\/uploads\/2022\/04\/DSC_3033.jpg?ssl=1\"><img data-recalc-dims=\"1\" loading=\"lazy\" decoding=\"async\" aria-describedby=\"caption-attachment-3124\" data-attachment-id=\"3124\" data-permalink=\"https:\/\/3joursdecherbourg.fr\/?attachment_id=3124\" data-orig-file=\"https:\/\/i0.wp.com\/3joursdecherbourg.fr\/wp-content\/uploads\/2022\/04\/DSC_3033.jpg?fit=1504%2C1000&amp;ssl=1\" data-orig-size=\"1504,1000\" data-comments-opened=\"1\" data-image-meta=\"{&quot;aperture&quot;:&quot;6.3&quot;,&quot;credit&quot;:&quot;&quot;,&quot;camera&quot;:&quot;NIKON D50&quot;,&quot;caption&quot;:&quot;&quot;,&quot;created_timestamp&quot;:&quot;1104554171&quot;,&quot;copyright&quot;:&quot;&quot;,&quot;focal_length&quot;:&quot;70&quot;,&quot;iso&quot;:&quot;0&quot;,&quot;shutter_speed&quot;:&quot;0.002&quot;,&quot;title&quot;:&quot;&quot;,&quot;orientation&quot;:&quot;1&quot;}\" data-image-title=\"DSC_3033\" data-image-description=\"\" data-image-caption=\"&lt;p&gt;Sur le pont des \u00ab\u00a013 arches\u00a0\u00bb pas le temps d&amp;rsquo;admirer la vue!&lt;\/p&gt;\n\" data-medium-file=\"https:\/\/i0.wp.com\/3joursdecherbourg.fr\/wp-content\/uploads\/2022\/04\/DSC_3033.jpg?fit=300%2C199&amp;ssl=1\" data-large-file=\"https:\/\/i0.wp.com\/3joursdecherbourg.fr\/wp-content\/uploads\/2022\/04\/DSC_3033.jpg?fit=640%2C426&amp;ssl=1\" class=\"size-large wp-image-3124\" src=\"https:\/\/i0.wp.com\/3joursdecherbourg.fr\/wp-content\/uploads\/2022\/04\/DSC_3033.jpg?resize=640%2C426&#038;ssl=1\" alt=\"\" width=\"640\" height=\"426\" srcset=\"https:\/\/i0.wp.com\/3joursdecherbourg.fr\/wp-content\/uploads\/2022\/04\/DSC_3033.jpg?resize=1024%2C681&amp;ssl=1 1024w, https:\/\/i0.wp.com\/3joursdecherbourg.fr\/wp-content\/uploads\/2022\/04\/DSC_3033.jpg?resize=300%2C199&amp;ssl=1 300w, https:\/\/i0.wp.com\/3joursdecherbourg.fr\/wp-content\/uploads\/2022\/04\/DSC_3033.jpg?resize=768%2C511&amp;ssl=1 768w, https:\/\/i0.wp.com\/3joursdecherbourg.fr\/wp-content\/uploads\/2022\/04\/DSC_3033.jpg?w=1504&amp;ssl=1 1504w, https:\/\/i0.wp.com\/3joursdecherbourg.fr\/wp-content\/uploads\/2022\/04\/DSC_3033.jpg?w=1280&amp;ssl=1 1280w\" sizes=\"auto, (max-width: 640px) 100vw, 640px\" \/><\/a><p id=\"caption-attachment-3124\" class=\"wp-caption-text\">Sur le pont des \u00ab\u00a013 arches\u00a0\u00bb pas le temps d&rsquo;admirer la vue!<\/p><\/div>\n<a href=\"https:\/\/3joursdecherbourg.fr\/wp-content\/uploads\/2022\/04\/Carte-1ere-etape-2022.pdf\" class=\"pdfemb-viewer\" style=\"\" data-width=\"max\" data-height=\"max\" data-toolbar=\"bottom\" data-toolbar-fixed=\"off\">Carte 1\u00e8re \u00e9tape 2022<\/a>\n\n\n<p><\/p>\n\n\n\n<div data-wp-interactive=\"core\/file\" class=\"wp-block-file\"><object data-wp-bind--hidden=\"!state.hasPdfPreview\" hidden class=\"wp-block-file__embed\" data=\"https:\/\/3joursdecherbourg.fr\/wp-content\/uploads\/2022\/07\/Feuille-de-route-1ere-etape-2022.pdf\" type=\"application\/pdf\" style=\"width:100%;height:600px\" aria-label=\"Contenu embarqu\u00e9 Contenu embarqu\u00e9 Feuille-de-route-1ere-etape-2022..\"><\/object><a id=\"wp-block-file--media-5a8d4d29-fd3c-4fd2-b574-7713f3263c7a\" href=\"https:\/\/3joursdecherbourg.fr\/wp-content\/uploads\/2022\/07\/Feuille-de-route-1ere-etape-2022.pdf\">Feuille-de-route-1ere-etape-2022<\/a><a href=\"https:\/\/3joursdecherbourg.fr\/wp-content\/uploads\/2022\/07\/Feuille-de-route-1ere-etape-2022.pdf\" class=\"wp-block-file__button\" download aria-describedby=\"wp-block-file--media-5a8d4d29-fd3c-4fd2-b574-7713f3263c7a\">T\u00e9l\u00e9charger<\/a><\/div>\n","protected":false},"excerpt":{"rendered":"<p>Bretteville-en-saire &#8211;&gt; Port-Bail-sur-Mer (146.22km) La parcours interactif: https:\/\/www.relive.cc\/view\/vevYoJQndJ6\/explore Le circuit sur \u00ab&nbsp;Calcul itin\u00e9raires&nbsp;\u00bb : https:\/\/www.calculitineraires.fr\/index.php?id=1200864#map Cette premi\u00e8re \u00e9tape 2022 est la reconduction de l&rsquo;an pass\u00e9. Les coureurs semblent l&rsquo;avoir particuli\u00e8rement appr\u00e9ci\u00e9e pour son profil vari\u00e9 et rapide. Son arriv\u00e9e sera &hellip; <a href=\"https:\/\/3joursdecherbourg.fr\/?page_id=3086\">Continuer la lecture <span class=\"meta-nav\">&rarr;<\/span><\/a><\/p>\n","protected":false},"author":1,"featured_media":0,"parent":0,"menu_order":0,"comment_status":"closed","ping_status":"closed","template":"","meta":{"footnotes":""},"class_list":["post-3086","page","type-page","status-publish","hentry"],"jetpack_shortlink":"https:\/\/wp.me\/P8fpGS-NM","jetpack-related-posts":[{"id":2898,"url":"https:\/\/3joursdecherbourg.fr\/?page_id=2898","url_meta":{"origin":3086,"position":0},"title":"Les r\u00e9sultats 2021","author":"admin3809","date":"3 septembre 2021","format":false,"excerpt":"\u00a0 3\u00e8me \u00e9tape:\u00a0 Un sc\u00e9nario identique \u00e0 la veille avec une \u00e9chapp\u00e9e au long cours rattrap\u00e9e sur le tard. Quelque secondes d'avances auront suffi pour d\u00e9signer le vainqueur de la mont\u00e9e du Roule. Cette \u00e9tape disput\u00e9e sous un temps d'abord brumeux s'est termin\u00e9e au grand soleil, devant le millier de\u2026","rel":"","context":"Article similaire","block_context":{"text":"Article similaire","link":""},"img":{"alt_text":"","src":"https:\/\/i0.wp.com\/3joursdecherbourg.fr\/wp-content\/uploads\/2021\/09\/DSC_3143-1024x681.jpg?resize=350%2C200&ssl=1","width":350,"height":200,"srcset":"https:\/\/i0.wp.com\/3joursdecherbourg.fr\/wp-content\/uploads\/2021\/09\/DSC_3143-1024x681.jpg?resize=350%2C200&ssl=1 1x, https:\/\/i0.wp.com\/3joursdecherbourg.fr\/wp-content\/uploads\/2021\/09\/DSC_3143-1024x681.jpg?resize=525%2C300&ssl=1 1.5x"},"classes":[]},{"id":1057,"url":"https:\/\/3joursdecherbourg.fr\/?page_id=1057","url_meta":{"origin":3086,"position":1},"title":"Politique de confidentialit\u00e9","author":"admin3809","date":"26 mai 2018","format":false,"excerpt":"Qui sommes-nous\u00a0? L\u2019adresse de notre site Web est\u00a0: http:\/\/3joursdecherbourg.fr. Utilisation des donn\u00e9es personnelles collect\u00e9es Commentaires Quand vous laissez un commentaire sur notre site web, les donn\u00e9es inscrites dans le formulaire de commentaire, mais aussi votre adresse IP et l\u2019agent utilisateur de votre navigateur sont collect\u00e9s pour nous aider \u00e0 la\u2026","rel":"","context":"Article similaire","block_context":{"text":"Article similaire","link":""},"img":{"alt_text":"","src":"","width":0,"height":0},"classes":[]},{"id":4241,"url":"https:\/\/3joursdecherbourg.fr\/?page_id=4241","url_meta":{"origin":3086,"position":2},"title":"Etape 1","author":"admin3809","date":"15 juillet 2023","format":false,"excerpt":"Victoire de SENICOURT Kylian (PHILIPPE WAGNER CYCLING) C\u2019est sous l\u2019\u00e9motion de la disparition de Johan Paque, directeur sportif du team Bricquebec-en-Cotentin que cette 43\u00e8me \u00e9dition des 3 jours de Cherbourg s\u2019est \u00e9lanc\u00e9e de la mairie de Tourlaville, commune d\u00e9l\u00e9gu\u00e9e de Cherbourg-en-Cotentin.\u00a0 D\u00e8s les premiers kilom\u00e8tres, plusieurs coureurs ont tent\u00e9 de\u2026","rel":"","context":"Article similaire","block_context":{"text":"Article similaire","link":""},"img":{"alt_text":"","src":"https:\/\/i0.wp.com\/3joursdecherbourg.fr\/wp-content\/uploads\/2023\/09\/Capture-decran-2023-09-01-233915.png?resize=350%2C200&ssl=1","width":350,"height":200,"srcset":"https:\/\/i0.wp.com\/3joursdecherbourg.fr\/wp-content\/uploads\/2023\/09\/Capture-decran-2023-09-01-233915.png?resize=350%2C200&ssl=1 1x, https:\/\/i0.wp.com\/3joursdecherbourg.fr\/wp-content\/uploads\/2023\/09\/Capture-decran-2023-09-01-233915.png?resize=525%2C300&ssl=1 1.5x, https:\/\/i0.wp.com\/3joursdecherbourg.fr\/wp-content\/uploads\/2023\/09\/Capture-decran-2023-09-01-233915.png?resize=700%2C400&ssl=1 2x, https:\/\/i0.wp.com\/3joursdecherbourg.fr\/wp-content\/uploads\/2023\/09\/Capture-decran-2023-09-01-233915.png?resize=1050%2C600&ssl=1 3x"},"classes":[]},{"id":5053,"url":"https:\/\/3joursdecherbourg.fr\/","url_meta":{"origin":3086,"position":3},"title":"Accueil","author":"admin3809","date":"28 mai 2025","format":false,"excerpt":"Les 3 Jours de Cherbourg-en-Cotentin reviennent en 2026\u00a0\ud83d\udeb4\u200d\u2642\ufe0f Apr\u00e8s une 45\u1d49 \u00e9dition intense et riche en \u00e9motions, l\u2019\u00e9quipe pr\u00e9pare d\u00e9j\u00e0 la prochaine \u00e9dition. Le site est actuellement en travaux\u00a0afin de vous proposer tr\u00e8s prochainement toutes les informations sur\u00a0l\u2019\u00e9dition 2026\u00a0: parcours, \u00e9quipes, animations et nouveaut\u00e9s. Merci pour votre patience et \u00e0\u2026","rel":"","context":"Article similaire","block_context":{"text":"Article similaire","link":""},"img":{"alt_text":"","src":"https:\/\/i0.wp.com\/img.youtube.com\/vi\/Q_xjKrsfql0\/0.jpg?resize=350%2C200","width":350,"height":200},"classes":[]},{"id":3092,"url":"https:\/\/3joursdecherbourg.fr\/?page_id=3092","url_meta":{"origin":3086,"position":4},"title":"Les r\u00e9sum\u00e9s des \u00e9tapes 2022","author":"admin3809","date":"11 avril 2022","format":false,"excerpt":"1\u00e9re \u00e9tapes (Bretteville - Port-Bail-sur-Mer) Cette \u00e9dition 2022 des 3 jours de Cherbourg en Cotentin a commenc\u00e9 fort par la premi\u00e8re \u00e9tape reliant Bretteville \u00e0 Port-Bail-sur-Mer, cette \u00e9tape longue de 146 kilom\u00e8tres a \u00e9t\u00e9 riche en rebondissements. Le d\u00e9part a \u00e9t\u00e9 marqu\u00e9 par plusieurs probl\u00e8mes m\u00e9caniques et d\u2019une chute dans\u2026","rel":"","context":"Article similaire","block_context":{"text":"Article similaire","link":""},"img":{"alt_text":"","src":"https:\/\/i0.wp.com\/3joursdecherbourg.fr\/wp-content\/uploads\/2022\/09\/IMG_2920-300x200.jpg?resize=350%2C200&ssl=1","width":350,"height":200},"classes":[]},{"id":2098,"url":"https:\/\/3joursdecherbourg.fr\/?page_id=2098","url_meta":{"origin":3086,"position":5},"title":"1\u00e8re \u00e9tape 2021","author":"admin3809","date":"2 d\u00e9cembre 2019","format":false,"excerpt":"Cette premi\u00e8re \u00e9tape 2021 est une nouveaut\u00e9. Son arriv\u00e9e sera en effet jug\u00e9e, pour la premi\u00e8re fois, non pas \u00e0 Cherbourg comme d'habitude, mais \u00e0 l'ouest du Cotentin: Port-Bail-sur-Mer. Avec un d\u00e9part classique par le Val-de-Saire, les deux difficult\u00e9s de La Pernelle puis du Vast arriveront tr\u00e8s rapidement, alors qu'elles\u2026","rel":"","context":"Article similaire","block_context":{"text":"Article similaire","link":""},"img":{"alt_text":"","src":"https:\/\/i0.wp.com\/3joursdecherbourg.fr\/wp-content\/uploads\/2020\/02\/Le-Vast.jpg?resize=350%2C200&ssl=1","width":350,"height":200},"classes":[]}],"jetpack_likes_enabled":false,"jetpack_sharing_enabled":true,"_links":{"self":[{"href":"https:\/\/3joursdecherbourg.fr\/index.php?rest_route=\/wp\/v2\/pages\/3086","targetHints":{"allow":["GET"]}}],"collection":[{"href":"https:\/\/3joursdecherbourg.fr\/index.php?rest_route=\/wp\/v2\/pages"}],"about":[{"href":"https:\/\/3joursdecherbourg.fr\/index.php?rest_route=\/wp\/v2\/types\/page"}],"author":[{"embeddable":true,"href":"https:\/\/3joursdecherbourg.fr\/index.php?rest_route=\/wp\/v2\/users\/1"}],"replies":[{"embeddable":true,"href":"https:\/\/3joursdecherbourg.fr\/index.php?rest_route=%2Fwp%2Fv2%2Fcomments&post=3086"}],"version-history":[{"count":10,"href":"https:\/\/3joursdecherbourg.fr\/index.php?rest_route=\/wp\/v2\/pages\/3086\/revisions"}],"predecessor-version":[{"id":3417,"href":"https:\/\/3joursdecherbourg.fr\/index.php?rest_route=\/wp\/v2\/pages\/3086\/revisions\/3417"}],"wp:attachment":[{"href":"https:\/\/3joursdecherbourg.fr\/index.php?rest_route=%2Fwp%2Fv2%2Fmedia&parent=3086"}],"curies":[{"name":"wp","href":"https:\/\/api.w.org\/{rel}","templated":true}]}}