{"id":3101,"date":"2022-04-11T18:52:28","date_gmt":"2022-04-11T16:52:28","guid":{"rendered":"https:\/\/3joursdecherbourg.fr\/?page_id=3101"},"modified":"2022-09-04T18:45:03","modified_gmt":"2022-09-04T16:45:03","slug":"les-resultats-2022","status":"publish","type":"page","link":"https:\/\/3joursdecherbourg.fr\/?page_id=3101","title":{"rendered":"Les r\u00e9sultats des \u00e9tapes 2022"},"content":{"rendered":"<p>Le classement en direct des transpondeurs.<\/p>\n<p>Attention, les coureurs qui franchissent la ligne sans transpondeur (changement de v\u00e9lo par exemple) sont ajout\u00e9s apr\u00e8s lecture de la photo-finish:<\/p>\n<p><a href=\"https:\/\/www.stsport.fr\/LIVE\/g-live.html?f=FFC\/2022-CDF-N1-M5-CHERBOURG.clax\">https:\/\/www.stsport.fr\/LIVE\/g-live.html?f=FFC\/2022-CDF-N1-M5-CHERBOURG.clax<\/a><\/p>\n<p><a href=\"https:\/\/i0.wp.com\/3joursdecherbourg.fr\/wp-content\/uploads\/2022\/09\/StS.jpg?ssl=1\"><img data-recalc-dims=\"1\" loading=\"lazy\" decoding=\"async\" data-attachment-id=\"3622\" data-permalink=\"https:\/\/3joursdecherbourg.fr\/?attachment_id=3622\" data-orig-file=\"https:\/\/i0.wp.com\/3joursdecherbourg.fr\/wp-content\/uploads\/2022\/09\/StS.jpg?fit=632%2C326&amp;ssl=1\" data-orig-size=\"632,326\" data-comments-opened=\"1\" data-image-meta=\"{&quot;aperture&quot;:&quot;0&quot;,&quot;credit&quot;:&quot;&quot;,&quot;camera&quot;:&quot;&quot;,&quot;caption&quot;:&quot;&quot;,&quot;created_timestamp&quot;:&quot;0&quot;,&quot;copyright&quot;:&quot;&quot;,&quot;focal_length&quot;:&quot;0&quot;,&quot;iso&quot;:&quot;0&quot;,&quot;shutter_speed&quot;:&quot;0&quot;,&quot;title&quot;:&quot;&quot;,&quot;orientation&quot;:&quot;0&quot;}\" data-image-title=\"StS\" data-image-description=\"\" data-image-caption=\"\" data-medium-file=\"https:\/\/i0.wp.com\/3joursdecherbourg.fr\/wp-content\/uploads\/2022\/09\/StS.jpg?fit=300%2C155&amp;ssl=1\" data-large-file=\"https:\/\/i0.wp.com\/3joursdecherbourg.fr\/wp-content\/uploads\/2022\/09\/StS.jpg?fit=632%2C326&amp;ssl=1\" class=\"aligncenter size-full wp-image-3622\" src=\"https:\/\/i0.wp.com\/3joursdecherbourg.fr\/wp-content\/uploads\/2022\/09\/StS.jpg?resize=632%2C326&#038;ssl=1\" alt=\"\" width=\"632\" height=\"326\" srcset=\"https:\/\/i0.wp.com\/3joursdecherbourg.fr\/wp-content\/uploads\/2022\/09\/StS.jpg?w=632&amp;ssl=1 632w, https:\/\/i0.wp.com\/3joursdecherbourg.fr\/wp-content\/uploads\/2022\/09\/StS.jpg?resize=300%2C155&amp;ssl=1 300w\" sizes=\"auto, (max-width: 632px) 100vw, 632px\" \/><\/a><\/p>\n<p>Le tableau complet des r\u00e9sultats de la <strong>premi\u00e8re \u00e9tape:<\/strong><\/p>\n<a href=\"https:\/\/3joursdecherbourg.fr\/wp-content\/uploads\/2022\/09\/Resultats-1ere-etape-Bretteville-en-saire-Port-Bail-sur-Mer.pdf\" class=\"pdfemb-viewer\" style=\"\" data-width=\"max\" data-height=\"max\" data-toolbar=\"bottom\" data-toolbar-fixed=\"off\">R\u00e9sultats 1\u00e8re \u00e9tape Bretteville-en-saire - Port-Bail-sur-Mer<\/a>\n<p>Le tableau complet des r\u00e9sultats de la <strong>deuxi\u00e8me \u00e9tape:<\/strong><\/p>\n<a href=\"https:\/\/3joursdecherbourg.fr\/wp-content\/uploads\/2022\/09\/2eme-etape-Querqueville-Octeville.pdf\" class=\"pdfemb-viewer\" style=\"\" data-width=\"max\" data-height=\"max\" data-toolbar=\"bottom\" data-toolbar-fixed=\"off\">2\u00e8me \u00e9tape Querqueville - Octeville<\/a>\n<p>Le tableau complet des r\u00e9sultats de la <strong>troisi\u00e8me \u00e9tape:<\/strong><\/p>\n<a href=\"https:\/\/3joursdecherbourg.fr\/wp-content\/uploads\/2022\/09\/3eme-etape-Tourlaville-Cherbourg.pdf\" class=\"pdfemb-viewer\" style=\"\" data-width=\"max\" data-height=\"max\" data-toolbar=\"bottom\" data-toolbar-fixed=\"off\">3\u00e8me \u00e9tape Tourlaville - Cherbourg<\/a>\n<p>Et le classement final de la <strong>Coupe de France des Clubs N1<\/strong>:<\/p>\n<a href=\"https:\/\/3joursdecherbourg.fr\/wp-content\/uploads\/2022\/09\/3eme-etape-Tourlaville-Cherbourg-COUPE.pdf\" class=\"pdfemb-viewer\" style=\"\" data-width=\"max\" data-height=\"max\" data-toolbar=\"bottom\" data-toolbar-fixed=\"off\">3\u00e8me \u00e9tape Tourlaville - Cherbourg COUPE<\/a>\n","protected":false},"excerpt":{"rendered":"<p>Le classement en direct des transpondeurs. Attention, les coureurs qui franchissent la ligne sans transpondeur (changement de v\u00e9lo par exemple) sont ajout\u00e9s apr\u00e8s lecture de la photo-finish: https:\/\/www.stsport.fr\/LIVE\/g-live.html?f=FFC\/2022-CDF-N1-M5-CHERBOURG.clax Le tableau complet des r\u00e9sultats de la premi\u00e8re \u00e9tape: Le tableau complet &hellip; <a href=\"https:\/\/3joursdecherbourg.fr\/?page_id=3101\">Continuer la lecture <span class=\"meta-nav\">&rarr;<\/span><\/a><\/p>\n","protected":false},"author":1,"featured_media":0,"parent":0,"menu_order":0,"comment_status":"closed","ping_status":"closed","template":"","meta":{"footnotes":""},"class_list":["post-3101","page","type-page","status-publish","hentry"],"jetpack_shortlink":"https:\/\/wp.me\/P8fpGS-O1","jetpack-related-posts":[{"id":3086,"url":"https:\/\/3joursdecherbourg.fr\/?page_id=3086","url_meta":{"origin":3101,"position":0},"title":"1\u00e8re \u00e9tape 2022","author":"admin3809","date":"11 avril 2022","format":false,"excerpt":"Bretteville-en-saire --> Port-Bail-sur-Mer (146.22km) La parcours interactif: https:\/\/www.relive.cc\/view\/vevYoJQndJ6\/explore Le circuit sur \u00ab\u00a0Calcul itin\u00e9raires\u00a0\u00bb : https:\/\/www.calculitineraires.fr\/index.php?id=1200864#map https:\/\/youtu.be\/T1dh5fwO-X4 Cette premi\u00e8re \u00e9tape 2022 est la reconduction de l'an pass\u00e9. Les coureurs semblent l'avoir particuli\u00e8rement appr\u00e9ci\u00e9e pour son profil vari\u00e9 et rapide. Son arriv\u00e9e sera \u00e0 nouveau jug\u00e9e \u00e0 Port-Bail-sur-Mer, qui nous a accueillis\u2026","rel":"","context":"Article similaire","block_context":{"text":"Article similaire","link":""},"img":{"alt_text":"","src":"https:\/\/i0.wp.com\/3joursdecherbourg.fr\/wp-content\/uploads\/2022\/04\/DSC_3033-1024x681.jpg?resize=350%2C200&ssl=1","width":350,"height":200,"srcset":"https:\/\/i0.wp.com\/3joursdecherbourg.fr\/wp-content\/uploads\/2022\/04\/DSC_3033-1024x681.jpg?resize=350%2C200&ssl=1 1x, https:\/\/i0.wp.com\/3joursdecherbourg.fr\/wp-content\/uploads\/2022\/04\/DSC_3033-1024x681.jpg?resize=525%2C300&ssl=1 1.5x"},"classes":[]},{"id":136,"url":"https:\/\/3joursdecherbourg.fr\/?page_id=136","url_meta":{"origin":3101,"position":1},"title":"Les r\u00e9sultats 2017","author":"admin3809","date":"25 d\u00e9cembre 2016","format":false,"excerpt":"Classements 1\u00e8re \u00e9tape: Etape Grimpeurs Points Equipe Classements 2\u00e8me \u00e9tape: Etape Grimpeurs Points Equipe G\u00e9n\u00e9ral apr\u00e8s la 2\u00e8me \u00e9tape: Etapes Grimpeurs Points Equipe Classements 3\u00e8me \u00e9tape: Etape Grimpeurs Points Equipe G\u00e9n\u00e9ral apr\u00e8s la 3\u00e8me \u00e9tape, classement final: Etapes Grimpeurs Points Equipe \u00a0 \u00a0","rel":"","context":"Article similaire","block_context":{"text":"Article similaire","link":""},"img":{"alt_text":"","src":"","width":0,"height":0},"classes":[]},{"id":908,"url":"https:\/\/3joursdecherbourg.fr\/?page_id=908","url_meta":{"origin":3101,"position":2},"title":"Les 3 jours 2018","author":"admin3809","date":"3 janvier 2018","format":false,"excerpt":"Organisation g\u00e9n\u00e9rale Les \u00e9quipes engag\u00e9es 1\u00e8re \u00e9tape 2\u00e8me \u00e9tape 3\u00e8me \u00e9tape Classements annexes Les r\u00e9sultats","rel":"","context":"Article similaire","block_context":{"text":"Article similaire","link":""},"img":{"alt_text":"","src":"","width":0,"height":0},"classes":[]},{"id":2098,"url":"https:\/\/3joursdecherbourg.fr\/?page_id=2098","url_meta":{"origin":3101,"position":3},"title":"1\u00e8re \u00e9tape 2021","author":"admin3809","date":"2 d\u00e9cembre 2019","format":false,"excerpt":"Cette premi\u00e8re \u00e9tape 2021 est une nouveaut\u00e9. Son arriv\u00e9e sera en effet jug\u00e9e, pour la premi\u00e8re fois, non pas \u00e0 Cherbourg comme d'habitude, mais \u00e0 l'ouest du Cotentin: Port-Bail-sur-Mer. Avec un d\u00e9part classique par le Val-de-Saire, les deux difficult\u00e9s de La Pernelle puis du Vast arriveront tr\u00e8s rapidement, alors qu'elles\u2026","rel":"","context":"Article similaire","block_context":{"text":"Article similaire","link":""},"img":{"alt_text":"","src":"https:\/\/i0.wp.com\/3joursdecherbourg.fr\/wp-content\/uploads\/2020\/02\/Le-Vast.jpg?resize=350%2C200&ssl=1","width":350,"height":200},"classes":[]},{"id":4791,"url":"https:\/\/3joursdecherbourg.fr\/?page_id=4791","url_meta":{"origin":3101,"position":4},"title":"Les r\u00e9sultats 1\u00e8re \u00e9tape 2024","author":"admin3809","date":"30 ao\u00fbt 2024","format":false,"excerpt":"","rel":"","context":"Article similaire","block_context":{"text":"Article similaire","link":""},"img":{"alt_text":"","src":"","width":0,"height":0},"classes":[]},{"id":2898,"url":"https:\/\/3joursdecherbourg.fr\/?page_id=2898","url_meta":{"origin":3101,"position":5},"title":"Les r\u00e9sultats 2021","author":"admin3809","date":"3 septembre 2021","format":false,"excerpt":"\u00a0 3\u00e8me \u00e9tape:\u00a0 Un sc\u00e9nario identique \u00e0 la veille avec une \u00e9chapp\u00e9e au long cours rattrap\u00e9e sur le tard. Quelque secondes d'avances auront suffi pour d\u00e9signer le vainqueur de la mont\u00e9e du Roule. Cette \u00e9tape disput\u00e9e sous un temps d'abord brumeux s'est termin\u00e9e au grand soleil, devant le millier de\u2026","rel":"","context":"Article similaire","block_context":{"text":"Article similaire","link":""},"img":{"alt_text":"","src":"https:\/\/i0.wp.com\/3joursdecherbourg.fr\/wp-content\/uploads\/2021\/09\/DSC_3143-1024x681.jpg?resize=350%2C200&ssl=1","width":350,"height":200,"srcset":"https:\/\/i0.wp.com\/3joursdecherbourg.fr\/wp-content\/uploads\/2021\/09\/DSC_3143-1024x681.jpg?resize=350%2C200&ssl=1 1x, https:\/\/i0.wp.com\/3joursdecherbourg.fr\/wp-content\/uploads\/2021\/09\/DSC_3143-1024x681.jpg?resize=525%2C300&ssl=1 1.5x"},"classes":[]}],"jetpack_likes_enabled":false,"jetpack_sharing_enabled":true,"_links":{"self":[{"href":"https:\/\/3joursdecherbourg.fr\/index.php?rest_route=\/wp\/v2\/pages\/3101","targetHints":{"allow":["GET"]}}],"collection":[{"href":"https:\/\/3joursdecherbourg.fr\/index.php?rest_route=\/wp\/v2\/pages"}],"about":[{"href":"https:\/\/3joursdecherbourg.fr\/index.php?rest_route=\/wp\/v2\/types\/page"}],"author":[{"embeddable":true,"href":"https:\/\/3joursdecherbourg.fr\/index.php?rest_route=\/wp\/v2\/users\/1"}],"replies":[{"embeddable":true,"href":"https:\/\/3joursdecherbourg.fr\/index.php?rest_route=%2Fwp%2Fv2%2Fcomments&post=3101"}],"version-history":[{"count":11,"href":"https:\/\/3joursdecherbourg.fr\/index.php?rest_route=\/wp\/v2\/pages\/3101\/revisions"}],"predecessor-version":[{"id":3683,"href":"https:\/\/3joursdecherbourg.fr\/index.php?rest_route=\/wp\/v2\/pages\/3101\/revisions\/3683"}],"wp:attachment":[{"href":"https:\/\/3joursdecherbourg.fr\/index.php?rest_route=%2Fwp%2Fv2%2Fmedia&parent=3101"}],"curies":[{"name":"wp","href":"https:\/\/api.w.org\/{rel}","templated":true}]}}