{"id":3144,"date":"2022-04-20T12:12:04","date_gmt":"2022-04-20T10:12:04","guid":{"rendered":"https:\/\/3joursdecherbourg.fr\/?page_id=3144"},"modified":"2022-08-09T22:57:33","modified_gmt":"2022-08-09T20:57:33","slug":"2eme-etape-2022-2","status":"publish","type":"page","link":"https:\/\/3joursdecherbourg.fr\/?page_id=3144","title":{"rendered":"2\u00e8me \u00e9tape 2022"},"content":{"rendered":"\n<p style=\"font-size:18px\"><strong>Querqueville &#8211;&gt; Octeville (163.21km)<\/strong><\/p>\n\n\n\n<div class=\"wp-block-group\"><div class=\"wp-block-group__inner-container is-layout-flow wp-block-group-is-layout-flow\">\n<ul class=\"wp-block-list\"><li><span style=\"text-decoration: underline;\">La parcours interactif:<\/span>  <a rel=\"noreferrer noopener\" href=\"https:\/\/www.relive.cc\/view\/vYvrL3Vx3x6\/explore\" data-type=\"URL\" data-id=\"https:\/\/www.relive.cc\/view\/vYvrL3Vx3x6\/explore\" target=\"_blank\">https:\/\/www.relive.cc\/view\/vYvrL3Vx3x6\/explore<\/a><\/li><li><span style=\"text-decoration: underline;\">Le circuit sur \u00ab&nbsp;Calcul itin\u00e9raires&nbsp;\u00bb:<\/span> <a href=\"https:\/\/www.calculitineraires.fr\/index.php?id=1208749#map\" target=\"_blank\" rel=\"noreferrer noopener\">https:\/\/www.calculitineraires.fr\/index.php?id=1208749#map<\/a><\/li><\/ul>\n<\/div><\/div>\n\n\n\n<figure class=\"wp-block-embed is-type-video is-provider-youtube wp-block-embed-youtube wp-embed-aspect-16-9 wp-has-aspect-ratio\"><div class=\"wp-block-embed__wrapper\">\n<span class=\"embed-youtube\" style=\"text-align:center; display: block;\"><iframe loading=\"lazy\" class=\"youtube-player\" width=\"640\" height=\"360\" src=\"https:\/\/www.youtube.com\/embed\/t2VZTzWXPI4?version=3&#038;rel=1&#038;showsearch=0&#038;showinfo=1&#038;iv_load_policy=1&#038;fs=1&#038;hl=fr-FR&#038;autohide=2&#038;wmode=transparent\" allowfullscreen=\"true\" style=\"border:0;\" sandbox=\"allow-scripts allow-same-origin allow-popups allow-presentation allow-popups-to-escape-sandbox\"><\/iframe><\/span>\n<\/div><\/figure>\n\n\n<p style=\"text-align: center;\"><em>Etape semblable \u00e0 2021, mais avec quelques am\u00e9nagements:<\/em><\/p>\n<p style=\"text-align: center;\"><em>Plus de passage par le bourg de Flamanville, nous filerons directement de Di\u00e8lette jusqu&rsquo;aux Pieux. Ensuite, apr\u00e8s Bricquebec et sa c\u00f4te de Catigny, la difficult\u00e9 suivante de Brix sera atteinte par Saint-Martin-le-H\u00e9bert et Rocheville. et derni\u00e8re modification, un tour de circuit suppl\u00e9mentaire sera effectu\u00e9 \u00e0 l&rsquo;arriv\u00e9e. Ce sera l&rsquo;\u00e9tape la plus longue avec ses 163km.<\/em><\/p>\n<div id=\"attachment_3145\" style=\"width: 650px\" class=\"wp-caption aligncenter\"><a href=\"https:\/\/i0.wp.com\/3joursdecherbourg.fr\/wp-content\/uploads\/2022\/04\/DSC_7777-scaled.jpg?ssl=1\"><img data-recalc-dims=\"1\" loading=\"lazy\" decoding=\"async\" aria-describedby=\"caption-attachment-3145\" data-attachment-id=\"3145\" data-permalink=\"https:\/\/3joursdecherbourg.fr\/?attachment_id=3145\" data-orig-file=\"https:\/\/i0.wp.com\/3joursdecherbourg.fr\/wp-content\/uploads\/2022\/04\/DSC_7777-scaled.jpg?fit=2560%2C1707&amp;ssl=1\" data-orig-size=\"2560,1707\" data-comments-opened=\"1\" data-image-meta=\"{&quot;aperture&quot;:&quot;5.6&quot;,&quot;credit&quot;:&quot;&quot;,&quot;camera&quot;:&quot;NIKON D3X&quot;,&quot;caption&quot;:&quot;&quot;,&quot;created_timestamp&quot;:&quot;1630774232&quot;,&quot;copyright&quot;:&quot;&quot;,&quot;focal_length&quot;:&quot;80&quot;,&quot;iso&quot;:&quot;500&quot;,&quot;shutter_speed&quot;:&quot;0.0015625&quot;,&quot;title&quot;:&quot;&quot;,&quot;orientation&quot;:&quot;1&quot;}\" data-image-title=\"DSC_7777\" data-image-description=\"\" data-image-caption=\"&lt;p&gt;3 passages sur la ligne avant l&amp;rsquo;arriv\u00e9e \u00e0 Octeville, pour le plaisir d&amp;rsquo;un public toujours plus nombreux!&lt;\/p&gt;\n\" data-medium-file=\"https:\/\/i0.wp.com\/3joursdecherbourg.fr\/wp-content\/uploads\/2022\/04\/DSC_7777-scaled.jpg?fit=300%2C200&amp;ssl=1\" data-large-file=\"https:\/\/i0.wp.com\/3joursdecherbourg.fr\/wp-content\/uploads\/2022\/04\/DSC_7777-scaled.jpg?fit=640%2C427&amp;ssl=1\" class=\"size-large wp-image-3145\" src=\"https:\/\/i0.wp.com\/3joursdecherbourg.fr\/wp-content\/uploads\/2022\/04\/DSC_7777.jpg?resize=640%2C427&#038;ssl=1\" alt=\"\" width=\"640\" height=\"427\" srcset=\"https:\/\/i0.wp.com\/3joursdecherbourg.fr\/wp-content\/uploads\/2022\/04\/DSC_7777-scaled.jpg?resize=1024%2C683&amp;ssl=1 1024w, https:\/\/i0.wp.com\/3joursdecherbourg.fr\/wp-content\/uploads\/2022\/04\/DSC_7777-scaled.jpg?resize=300%2C200&amp;ssl=1 300w, https:\/\/i0.wp.com\/3joursdecherbourg.fr\/wp-content\/uploads\/2022\/04\/DSC_7777-scaled.jpg?resize=768%2C512&amp;ssl=1 768w, https:\/\/i0.wp.com\/3joursdecherbourg.fr\/wp-content\/uploads\/2022\/04\/DSC_7777-scaled.jpg?resize=1536%2C1024&amp;ssl=1 1536w, https:\/\/i0.wp.com\/3joursdecherbourg.fr\/wp-content\/uploads\/2022\/04\/DSC_7777-scaled.jpg?resize=2048%2C1365&amp;ssl=1 2048w, https:\/\/i0.wp.com\/3joursdecherbourg.fr\/wp-content\/uploads\/2022\/04\/DSC_7777-scaled.jpg?w=1280&amp;ssl=1 1280w, https:\/\/i0.wp.com\/3joursdecherbourg.fr\/wp-content\/uploads\/2022\/04\/DSC_7777-scaled.jpg?w=1920&amp;ssl=1 1920w\" sizes=\"auto, (max-width: 640px) 100vw, 640px\" \/><\/a><p id=\"caption-attachment-3145\" class=\"wp-caption-text\">3 passages sur la ligne avant l&rsquo;arriv\u00e9e \u00e0 Octeville, pour le plaisir d&rsquo;un public toujours plus nombreux!<\/p><\/div>\n<a href=\"https:\/\/3joursdecherbourg.fr\/wp-content\/uploads\/2022\/04\/Carte-2eme-etape-2022.pdf\" class=\"pdfemb-viewer\" style=\"\" data-width=\"max\" data-height=\"max\" data-toolbar=\"bottom\" data-toolbar-fixed=\"off\">Carte 2\u00e8me \u00e9tape 2022<\/a>\n\n\n<div data-wp-interactive=\"core\/file\" class=\"wp-block-file\"><object data-wp-bind--hidden=\"!state.hasPdfPreview\" hidden class=\"wp-block-file__embed\" data=\"https:\/\/3joursdecherbourg.fr\/wp-content\/uploads\/2022\/07\/Feuille-de-route-2eme-etape-2022.pdf\" type=\"application\/pdf\" style=\"width:100%;height:600px\" aria-label=\"Contenu embarqu\u00e9 Contenu embarqu\u00e9 Feuille-de-route-2eme-etape-2022..\"><\/object><a id=\"wp-block-file--media-34333aea-9ae7-4bf4-a959-b42ff99e6969\" href=\"https:\/\/3joursdecherbourg.fr\/wp-content\/uploads\/2022\/07\/Feuille-de-route-2eme-etape-2022.pdf\">Feuille-de-route-2eme-etape-2022<\/a><a href=\"https:\/\/3joursdecherbourg.fr\/wp-content\/uploads\/2022\/07\/Feuille-de-route-2eme-etape-2022.pdf\" class=\"wp-block-file__button\" download aria-describedby=\"wp-block-file--media-34333aea-9ae7-4bf4-a959-b42ff99e6969\">T\u00e9l\u00e9charger<\/a><\/div>\n","protected":false},"excerpt":{"rendered":"<p>Querqueville &#8211;&gt; Octeville (163.21km) La parcours interactif: https:\/\/www.relive.cc\/view\/vYvrL3Vx3x6\/explore Le circuit sur \u00ab&nbsp;Calcul itin\u00e9raires&nbsp;\u00bb: https:\/\/www.calculitineraires.fr\/index.php?id=1208749#map Etape semblable \u00e0 2021, mais avec quelques am\u00e9nagements: Plus de passage par le bourg de Flamanville, nous filerons directement de Di\u00e8lette jusqu&rsquo;aux Pieux. Ensuite, apr\u00e8s Bricquebec &hellip; <a href=\"https:\/\/3joursdecherbourg.fr\/?page_id=3144\">Continuer la lecture <span class=\"meta-nav\">&rarr;<\/span><\/a><\/p>\n","protected":false},"author":1,"featured_media":0,"parent":0,"menu_order":0,"comment_status":"closed","ping_status":"closed","template":"","meta":{"footnotes":""},"class_list":["post-3144","page","type-page","status-publish","hentry"],"jetpack_shortlink":"https:\/\/wp.me\/P8fpGS-OI","jetpack-related-posts":[],"jetpack_likes_enabled":false,"jetpack_sharing_enabled":true,"_links":{"self":[{"href":"https:\/\/3joursdecherbourg.fr\/index.php?rest_route=\/wp\/v2\/pages\/3144","targetHints":{"allow":["GET"]}}],"collection":[{"href":"https:\/\/3joursdecherbourg.fr\/index.php?rest_route=\/wp\/v2\/pages"}],"about":[{"href":"https:\/\/3joursdecherbourg.fr\/index.php?rest_route=\/wp\/v2\/types\/page"}],"author":[{"embeddable":true,"href":"https:\/\/3joursdecherbourg.fr\/index.php?rest_route=\/wp\/v2\/users\/1"}],"replies":[{"embeddable":true,"href":"https:\/\/3joursdecherbourg.fr\/index.php?rest_route=%2Fwp%2Fv2%2Fcomments&post=3144"}],"version-history":[{"count":6,"href":"https:\/\/3joursdecherbourg.fr\/index.php?rest_route=\/wp\/v2\/pages\/3144\/revisions"}],"predecessor-version":[{"id":3418,"href":"https:\/\/3joursdecherbourg.fr\/index.php?rest_route=\/wp\/v2\/pages\/3144\/revisions\/3418"}],"wp:attachment":[{"href":"https:\/\/3joursdecherbourg.fr\/index.php?rest_route=%2Fwp%2Fv2%2Fmedia&parent=3144"}],"curies":[{"name":"wp","href":"https:\/\/api.w.org\/{rel}","templated":true}]}}