{"id":4078,"date":"2023-03-08T11:29:47","date_gmt":"2023-03-08T10:29:47","guid":{"rendered":"https:\/\/3joursdecherbourg.fr\/?page_id=4078"},"modified":"2023-09-02T09:07:27","modified_gmt":"2023-09-02T07:07:27","slug":"1ere-etape-2023","status":"publish","type":"page","link":"https:\/\/3joursdecherbourg.fr\/?page_id=4078","title":{"rendered":"1\u00e8re \u00e9tape 2023"},"content":{"rendered":"\n<figure class=\"wp-block-embed is-type-video is-provider-youtube wp-block-embed-youtube wp-embed-aspect-16-9 wp-has-aspect-ratio\"><div class=\"wp-block-embed__wrapper\">\n<span class=\"embed-youtube\" style=\"text-align:center; display: block;\"><iframe loading=\"lazy\" class=\"youtube-player\" width=\"640\" height=\"360\" src=\"https:\/\/www.youtube.com\/embed\/RfWuC_Hms0s?version=3&#038;rel=1&#038;showsearch=0&#038;showinfo=1&#038;iv_load_policy=1&#038;fs=1&#038;hl=fr-FR&#038;autohide=2&#038;wmode=transparent\" allowfullscreen=\"true\" style=\"border:0;\" sandbox=\"allow-scripts allow-same-origin allow-popups allow-presentation allow-popups-to-escape-sandbox\"><\/iframe><\/span>\n<\/div><\/figure>\n\n\n\n<figure class=\"wp-block-embed is-type-video is-provider-youtube wp-block-embed-youtube wp-embed-aspect-16-9 wp-has-aspect-ratio\"><div class=\"wp-block-embed__wrapper\">\n<span class=\"embed-youtube\" style=\"text-align:center; display: block;\"><iframe loading=\"lazy\" class=\"youtube-player\" width=\"640\" height=\"360\" src=\"https:\/\/www.youtube.com\/embed\/A-Rp0FnVHqw?version=3&#038;rel=1&#038;showsearch=0&#038;showinfo=1&#038;iv_load_policy=1&#038;fs=1&#038;hl=fr-FR&#038;autohide=2&#038;wmode=transparent\" allowfullscreen=\"true\" style=\"border:0;\" sandbox=\"allow-scripts allow-same-origin allow-popups allow-presentation allow-popups-to-escape-sandbox\"><\/iframe><\/span>\n<\/div><\/figure>\n\n\n\n<p><a href=\"https:\/\/www.calculitineraires.fr\/index.php?id=1363012#map\">https:\/\/www.calculitineraires.fr\/index.php?id=1363012#map<\/a><\/p>\n\n\n\n<p>Apr\u00e8s 2 ann\u00e9es \u00e0 Portbail-sur-Mer, c&rsquo;est maintenant <strong>Bricquebec-en-Cotentin<\/strong> qui accueillera l&rsquo;arriv\u00e9e de cette premi\u00e8re \u00e9tape 2023.<\/p>\n\n\n\n<p>Avec un d\u00e9part classique par le Val-de-Saire, la premi\u00e8re difficult\u00e9 de La Pernelle arrive tr\u00e8s rapidement. Un changement ensuite puisque dans le bourg du Vast les coureurs partiront \u00e0 gauche directement vers Quettehou. Une mont\u00e9e tout aussi longue mais moins raide. La c\u00f4te de Beauvais \u00e0 Morsaline sera la deuxi\u00e8me difficult\u00e9 r\u00e9pertori\u00e9e. Les coureurs traversent ensuite le Cotentin d\u2019Est en Ouest pour rejoindre le Vald\u00e9cie, l&rsquo;une des 6 communes d\u00e9l\u00e9gu\u00e9es de la commune nouvelle de Bricquebec-en-Cotentin . Le passage par la rude mont\u00e9e des Perques permettra aux meilleurs grimpeurs de se d\u00e9partager une troisi\u00e8me fois. Passage par la ligne d&rsquo;arriv\u00e9e au pied du ch\u00e2teau pour rejoindre Saint-Martin-le-H\u00e9bert, Quettetot puis le Vr\u00e9tot pour un premier tour de circuit de 31km. Enfin deux tours d&rsquo;un circuit plus court de 18km par le Vr\u00e9tot am\u00e9neront les coureurs \u00e0 se d\u00e9partager apr\u00e8s 160km d&rsquo;efforts. <\/p>\n\n\n<a href=\"https:\/\/3joursdecherbourg.fr\/wp-content\/uploads\/2023\/03\/1ere-etape-8.pdf\" class=\"pdfemb-viewer\" style=\"\" data-width=\"max\" data-height=\"max\" data-toolbar=\"bottom\" data-toolbar-fixed=\"off\">1ere-etape-8<\/a>\n<p class=\"wp-block-pdfemb-pdf-embedder-viewer\"><\/p>\n\n\n\n<p><strong><span style=\"text-decoration: underline;\">Retrouve le circuit sur STRAVA<\/span> :<\/strong><\/p>\n\n\n\n<div class=\"strava-embed-placeholder\" data-embed-type=\"activity\" data-embed-id=\"9454499668\"><\/div><script src=\"https:\/\/strava-embeds.com\/embed.js\"><\/script>\n","protected":false},"excerpt":{"rendered":"<p>https:\/\/www.calculitineraires.fr\/index.php?id=1363012#map Apr\u00e8s 2 ann\u00e9es \u00e0 Portbail-sur-Mer, c&rsquo;est maintenant Bricquebec-en-Cotentin qui accueillera l&rsquo;arriv\u00e9e de cette premi\u00e8re \u00e9tape 2023. Avec un d\u00e9part classique par le Val-de-Saire, la premi\u00e8re difficult\u00e9 de La Pernelle arrive tr\u00e8s rapidement. Un changement ensuite puisque dans le bourg &hellip; <a href=\"https:\/\/3joursdecherbourg.fr\/?page_id=4078\">Continuer la lecture <span class=\"meta-nav\">&rarr;<\/span><\/a><\/p>\n","protected":false},"author":1,"featured_media":0,"parent":0,"menu_order":0,"comment_status":"closed","ping_status":"closed","template":"","meta":{"footnotes":""},"class_list":["post-4078","page","type-page","status-publish","hentry"],"jetpack_shortlink":"https:\/\/wp.me\/P8fpGS-13M","jetpack-related-posts":[{"id":3566,"url":"https:\/\/3joursdecherbourg.fr\/?page_id=3566","url_meta":{"origin":4078,"position":0},"title":"Les photos et les directs 2022","author":"admin3809","date":"30 ao\u00fbt 2022","format":false,"excerpt":"Vendredi 02 Septembre : Etape 1 https:\/\/youtu.be\/ejTfJ2OujzY https:\/\/youtu.be\/liwU61WC0sg https:\/\/youtu.be\/grLypcfxmdA Lundi 29 Septembre : Pr\u00e9sentation des maillots distinctifs \u00e0 la Mairie de Cherbourg (3 Jours de Cherbourg en Cotentin 2022) Voici les photos : https:\/\/drive.google.com\/drive\/folders\/10xrnJ6Hs45pmF7q5uxQgZI7FqmA7XIcL?usp=sharing https:\/\/youtu.be\/s4NaKsUL180","rel":"","context":"Article similaire","block_context":{"text":"Article similaire","link":""},"img":{"alt_text":"","src":"https:\/\/i0.wp.com\/3joursdecherbourg.fr\/wp-content\/uploads\/2022\/09\/IMG_2920-scaled.jpg?resize=350%2C200&ssl=1","width":350,"height":200,"srcset":"https:\/\/i0.wp.com\/3joursdecherbourg.fr\/wp-content\/uploads\/2022\/09\/IMG_2920-scaled.jpg?resize=350%2C200&ssl=1 1x, https:\/\/i0.wp.com\/3joursdecherbourg.fr\/wp-content\/uploads\/2022\/09\/IMG_2920-scaled.jpg?resize=525%2C300&ssl=1 1.5x, https:\/\/i0.wp.com\/3joursdecherbourg.fr\/wp-content\/uploads\/2022\/09\/IMG_2920-scaled.jpg?resize=700%2C400&ssl=1 2x, https:\/\/i0.wp.com\/3joursdecherbourg.fr\/wp-content\/uploads\/2022\/09\/IMG_2920-scaled.jpg?resize=1050%2C600&ssl=1 3x, https:\/\/i0.wp.com\/3joursdecherbourg.fr\/wp-content\/uploads\/2022\/09\/IMG_2920-scaled.jpg?resize=1400%2C800&ssl=1 4x"},"classes":[]},{"id":5053,"url":"https:\/\/3joursdecherbourg.fr\/","url_meta":{"origin":4078,"position":1},"title":"Accueil","author":"admin3809","date":"28 mai 2025","format":false,"excerpt":"Les 3 Jours de Cherbourg-en-Cotentin reviennent en 2026\u00a0\ud83d\udeb4\u200d\u2642\ufe0f Apr\u00e8s une 45\u1d49 \u00e9dition intense et riche en \u00e9motions, l\u2019\u00e9quipe pr\u00e9pare d\u00e9j\u00e0 la prochaine \u00e9dition. Le site est actuellement en travaux\u00a0afin de vous proposer tr\u00e8s prochainement toutes les informations sur\u00a0l\u2019\u00e9dition 2026\u00a0: parcours, \u00e9quipes, animations et nouveaut\u00e9s. Merci pour votre patience et \u00e0\u2026","rel":"","context":"Article similaire","block_context":{"text":"Article similaire","link":""},"img":{"alt_text":"","src":"https:\/\/i0.wp.com\/img.youtube.com\/vi\/Q_xjKrsfql0\/0.jpg?resize=350%2C200","width":350,"height":200},"classes":[]},{"id":5082,"url":"https:\/\/3joursdecherbourg.fr\/?page_id=5082","url_meta":{"origin":4078,"position":2},"title":"2\u00e8me \u00e9tape 2025","author":"admin3809","date":"28 mai 2025","format":false,"excerpt":"https:\/\/youtu.be\/8dTyLmTvaQQ https:\/\/youtu.be\/5FvxSeg4Edo TRAC\u00c9S GPX : https:\/\/drive.google.com\/drive\/folders\/18HOh64HG5j7vGjt3lpY5BieSabbufVwx?usp=share_link","rel":"","context":"Article similaire","block_context":{"text":"Article similaire","link":""},"img":{"alt_text":"","src":"https:\/\/i0.wp.com\/img.youtube.com\/vi\/8dTyLmTvaQQ\/0.jpg?resize=350%2C200","width":350,"height":200},"classes":[]},{"id":5083,"url":"https:\/\/3joursdecherbourg.fr\/?page_id=5083","url_meta":{"origin":4078,"position":3},"title":"3\u00e8me \u00e9tape 2025","author":"admin3809","date":"28 mai 2025","format":false,"excerpt":"https:\/\/youtu.be\/Q_xjKrsfql0 https:\/\/youtu.be\/oeIxUiGz9oA TRAC\u00c9S GPX : https:\/\/drive.google.com\/drive\/folders\/18HOh64HG5j7vGjt3lpY5BieSabbufVwx?usp=share_link","rel":"","context":"Article similaire","block_context":{"text":"Article similaire","link":""},"img":{"alt_text":"","src":"https:\/\/i0.wp.com\/img.youtube.com\/vi\/Q_xjKrsfql0\/0.jpg?resize=350%2C200","width":350,"height":200},"classes":[]},{"id":5081,"url":"https:\/\/3joursdecherbourg.fr\/?page_id=5081","url_meta":{"origin":4078,"position":4},"title":"1\u00e8re \u00e9tape 2025","author":"admin3809","date":"28 mai 2025","format":false,"excerpt":"R\u00c9SUM\u00c9 : https:\/\/youtu.be\/rU1dnD_Sxh0 https:\/\/youtu.be\/W55r7pJJPnM TRAC\u00c9S GPX : https:\/\/drive.google.com\/drive\/folders\/18HOh64HG5j7vGjt3lpY5BieSabbufVwx?usp=share_link","rel":"","context":"Article similaire","block_context":{"text":"Article similaire","link":""},"img":{"alt_text":"","src":"https:\/\/i0.wp.com\/img.youtube.com\/vi\/rU1dnD_Sxh0\/0.jpg?resize=350%2C200","width":350,"height":200},"classes":[]},{"id":4216,"url":"https:\/\/3joursdecherbourg.fr\/?page_id=4216","url_meta":{"origin":4078,"position":5},"title":"Etape 2","author":"admin3809","date":"15 juillet 2023","format":false,"excerpt":"Les photos https:\/\/drive.google.com\/drive\/folders\/1zKVcXcMrOUSS3Bdd0tcRdhFAM3BLYnuN?usp=sharing https:\/\/youtu.be\/Du_uzNY9VyE","rel":"","context":"Article similaire","block_context":{"text":"Article similaire","link":""},"img":{"alt_text":"","src":"https:\/\/i0.wp.com\/img.youtube.com\/vi\/Du_uzNY9VyE\/0.jpg?resize=350%2C200","width":350,"height":200},"classes":[]}],"jetpack_likes_enabled":false,"jetpack_sharing_enabled":true,"_links":{"self":[{"href":"https:\/\/3joursdecherbourg.fr\/index.php?rest_route=\/wp\/v2\/pages\/4078","targetHints":{"allow":["GET"]}}],"collection":[{"href":"https:\/\/3joursdecherbourg.fr\/index.php?rest_route=\/wp\/v2\/pages"}],"about":[{"href":"https:\/\/3joursdecherbourg.fr\/index.php?rest_route=\/wp\/v2\/types\/page"}],"author":[{"embeddable":true,"href":"https:\/\/3joursdecherbourg.fr\/index.php?rest_route=\/wp\/v2\/users\/1"}],"replies":[{"embeddable":true,"href":"https:\/\/3joursdecherbourg.fr\/index.php?rest_route=%2Fwp%2Fv2%2Fcomments&post=4078"}],"version-history":[{"count":9,"href":"https:\/\/3joursdecherbourg.fr\/index.php?rest_route=\/wp\/v2\/pages\/4078\/revisions"}],"predecessor-version":[{"id":4521,"href":"https:\/\/3joursdecherbourg.fr\/index.php?rest_route=\/wp\/v2\/pages\/4078\/revisions\/4521"}],"wp:attachment":[{"href":"https:\/\/3joursdecherbourg.fr\/index.php?rest_route=%2Fwp%2Fv2%2Fmedia&parent=4078"}],"curies":[{"name":"wp","href":"https:\/\/api.w.org\/{rel}","templated":true}]}}