{"id":4080,"date":"2023-03-08T11:30:10","date_gmt":"2023-03-08T10:30:10","guid":{"rendered":"https:\/\/3joursdecherbourg.fr\/?page_id=4080"},"modified":"2023-08-31T16:53:12","modified_gmt":"2023-08-31T14:53:12","slug":"2eme-etape-2023","status":"publish","type":"page","link":"https:\/\/3joursdecherbourg.fr\/?page_id=4080","title":{"rendered":"2\u00e8me \u00e9tape 2023"},"content":{"rendered":"\n<figure class=\"wp-block-embed is-type-video is-provider-youtube wp-block-embed-youtube wp-embed-aspect-16-9 wp-has-aspect-ratio\"><div class=\"wp-block-embed__wrapper\">\n<span class=\"embed-youtube\" style=\"text-align:center; display: block;\"><iframe loading=\"lazy\" class=\"youtube-player\" width=\"640\" height=\"360\" src=\"https:\/\/www.youtube.com\/embed\/EIvUOdhcAwg?version=3&#038;rel=1&#038;showsearch=0&#038;showinfo=1&#038;iv_load_policy=1&#038;fs=1&#038;hl=fr-FR&#038;autohide=2&#038;wmode=transparent\" allowfullscreen=\"true\" style=\"border:0;\" sandbox=\"allow-scripts allow-same-origin allow-popups allow-presentation allow-popups-to-escape-sandbox\"><\/iframe><\/span>\n<\/div><\/figure>\n\n\n\n<p><a href=\"https:\/\/www.calculitineraires.fr\/index.php?id=1313632#map\">https:\/\/www.calculitineraires.fr\/index.php?id=1313632#map<\/a><\/p>\n\n\n<p>Un \u00e9tape presque identique \u00e0 l&rsquo;an dernier. Le seul changement se situe \u00e0 Brix avec la mont\u00e9e directe vers le bourg. 163km \u00e0 parcourir avant de pouvoir esp\u00e9rer lever les bras, comme le Champion de France Matt\u00e9o VERCHER en 2022.<\/p>\n\n<a href=\"https:\/\/3joursdecherbourg.fr\/wp-content\/uploads\/2023\/03\/2eme-etape.pdf\" class=\"pdfemb-viewer\" style=\"\" data-width=\"max\" data-height=\"max\" data-toolbar=\"bottom\" data-toolbar-fixed=\"off\">2eme-etape<\/a>\n<p class=\"wp-block-pdfemb-pdf-embedder-viewer\"><\/p>\n\n\n\n<p><strong><span style=\"text-decoration: underline;\">Retrouve le circuit sur STRAVA<\/span> :<\/strong><\/p>\n\n\n\n<div class=\"strava-embed-placeholder\" data-embed-type=\"activity\" data-embed-id=\"9454594778\"><\/div><script src=\"https:\/\/strava-embeds.com\/embed.js\"><\/script>\n","protected":false},"excerpt":{"rendered":"<p>https:\/\/www.calculitineraires.fr\/index.php?id=1313632#map Un \u00e9tape presque identique \u00e0 l&rsquo;an dernier. Le seul changement se situe \u00e0 Brix avec la mont\u00e9e directe vers le bourg. 163km \u00e0 parcourir avant de pouvoir esp\u00e9rer lever les bras, comme le Champion de France Matt\u00e9o VERCHER en &hellip; <a href=\"https:\/\/3joursdecherbourg.fr\/?page_id=4080\">Continuer la lecture <span class=\"meta-nav\">&rarr;<\/span><\/a><\/p>\n","protected":false},"author":1,"featured_media":0,"parent":0,"menu_order":0,"comment_status":"closed","ping_status":"closed","template":"","meta":{"footnotes":""},"class_list":["post-4080","page","type-page","status-publish","hentry"],"jetpack_shortlink":"https:\/\/wp.me\/P8fpGS-13O","jetpack-related-posts":[{"id":94,"url":"https:\/\/3joursdecherbourg.fr\/?page_id=94","url_meta":{"origin":4080,"position":0},"title":"2\u00e8me \u00e9tape 2017","author":"admin3809","date":"24 d\u00e9cembre 2016","format":false,"excerpt":"Fini l'\u00e9tape courte du samedi matin, retour \u00e0 une seule \u00e9tape le samedi apr\u00e8s-midi. Et quelle \u00e9tape! Au d\u00e9part de Querqueville, les coureurs, habitu\u00e9s \u00e0 La Hague, d\u00e9couvriront dans l'autre sens Landemer, Port Racine, Auderville, Herquet\u00f4t, Siouville. Puis apr\u00e8s les bosses de la route de Surtainville, ils retrouveront la c\u00f4te\u2026","rel":"","context":"Article similaire","block_context":{"text":"Article similaire","link":""},"img":{"alt_text":"","src":"https:\/\/i0.wp.com\/3joursdecherbourg.fr\/wp-content\/uploads\/2016\/12\/etape-2-3-j-dch2014-265-3000x2000-300x200.jpg?resize=350%2C200","width":350,"height":200},"classes":[]},{"id":1579,"url":"https:\/\/3joursdecherbourg.fr\/?page_id=1579","url_meta":{"origin":4080,"position":1},"title":"1\u00e8re \u00e9tape 2019","author":"admin3809","date":"22 f\u00e9vrier 2019","format":false,"excerpt":"On ne change pas une \"\u00e9tape\" qui gagne! Les changements apport\u00e9s l'an dernier ont \u00e9t\u00e9 appr\u00e9ci\u00e9s par les coureurs, les suiveurs et sans doute les nombreux spectateurs pr\u00e9sents le long des routes de cette premi\u00e8re \u00e9tape. La mont\u00e9e de Beauvais, d\u00e8s le 33\u00e8me kilom\u00e8tre \u00e9tire le peloton sur les routes\u2026","rel":"","context":"Article similaire","block_context":{"text":"Article similaire","link":""},"img":{"alt_text":"","src":"https:\/\/i0.wp.com\/3joursdecherbourg.fr\/wp-content\/uploads\/2019\/07\/DSC_2451-300x199.jpg?resize=350%2C200","width":350,"height":200},"classes":[]},{"id":3144,"url":"https:\/\/3joursdecherbourg.fr\/?page_id=3144","url_meta":{"origin":4080,"position":2},"title":"2\u00e8me \u00e9tape 2022","author":"admin3809","date":"20 avril 2022","format":false,"excerpt":"Querqueville --> Octeville (163.21km) La parcours interactif: https:\/\/www.relive.cc\/view\/vYvrL3Vx3x6\/exploreLe circuit sur \u00ab\u00a0Calcul itin\u00e9raires\u00a0\u00bb: https:\/\/www.calculitineraires.fr\/index.php?id=1208749#map https:\/\/youtu.be\/t2VZTzWXPI4 Etape semblable \u00e0 2021, mais avec quelques am\u00e9nagements: Plus de passage par le bourg de Flamanville, nous filerons directement de Di\u00e8lette jusqu'aux Pieux. Ensuite, apr\u00e8s Bricquebec et sa c\u00f4te de Catigny, la difficult\u00e9 suivante de Brix\u2026","rel":"","context":"Article similaire","block_context":{"text":"Article similaire","link":""},"img":{"alt_text":"","src":"https:\/\/i0.wp.com\/3joursdecherbourg.fr\/wp-content\/uploads\/2022\/04\/DSC_7777-1024x683.jpg?resize=350%2C200&ssl=1","width":350,"height":200,"srcset":"https:\/\/i0.wp.com\/3joursdecherbourg.fr\/wp-content\/uploads\/2022\/04\/DSC_7777-1024x683.jpg?resize=350%2C200&ssl=1 1x, https:\/\/i0.wp.com\/3joursdecherbourg.fr\/wp-content\/uploads\/2022\/04\/DSC_7777-1024x683.jpg?resize=525%2C300&ssl=1 1.5x"},"classes":[]},{"id":2898,"url":"https:\/\/3joursdecherbourg.fr\/?page_id=2898","url_meta":{"origin":4080,"position":3},"title":"Les r\u00e9sultats 2021","author":"admin3809","date":"3 septembre 2021","format":false,"excerpt":"\u00a0 3\u00e8me \u00e9tape:\u00a0 Un sc\u00e9nario identique \u00e0 la veille avec une \u00e9chapp\u00e9e au long cours rattrap\u00e9e sur le tard. Quelque secondes d'avances auront suffi pour d\u00e9signer le vainqueur de la mont\u00e9e du Roule. Cette \u00e9tape disput\u00e9e sous un temps d'abord brumeux s'est termin\u00e9e au grand soleil, devant le millier de\u2026","rel":"","context":"Article similaire","block_context":{"text":"Article similaire","link":""},"img":{"alt_text":"","src":"https:\/\/i0.wp.com\/3joursdecherbourg.fr\/wp-content\/uploads\/2021\/09\/DSC_3143-1024x681.jpg?resize=350%2C200&ssl=1","width":350,"height":200,"srcset":"https:\/\/i0.wp.com\/3joursdecherbourg.fr\/wp-content\/uploads\/2021\/09\/DSC_3143-1024x681.jpg?resize=350%2C200&ssl=1 1x, https:\/\/i0.wp.com\/3joursdecherbourg.fr\/wp-content\/uploads\/2021\/09\/DSC_3143-1024x681.jpg?resize=525%2C300&ssl=1 1.5x"},"classes":[]},{"id":1594,"url":"https:\/\/3joursdecherbourg.fr\/?page_id=1594","url_meta":{"origin":4080,"position":4},"title":"Les r\u00e9sultats 2019","author":"admin3809","date":"22 f\u00e9vrier 2019","format":false,"excerpt":"La troisi\u00e8me et derni\u00e8re \u00e9tape a consacr\u00e9 le Team Nantes Atlantique et son jeune coureur, Louis Barr\u00e9 dans la d\u00e9fense de son maillot de leader de l'\u00e9preuve. Apr\u00e8s les premi\u00e8res escarmouches, une \u00e9chapp\u00e9e a pu prendre les devants et rester aux avants postes jusqu'aux difficiles bosses des derniers kilom\u00e8tres. Owen\u2026","rel":"","context":"Article similaire","block_context":{"text":"Article similaire","link":""},"img":{"alt_text":"","src":"https:\/\/i0.wp.com\/3joursdecherbourg.fr\/wp-content\/uploads\/2019\/09\/DSC_2981-300x199.jpg?resize=350%2C200","width":350,"height":200},"classes":[]},{"id":1583,"url":"https:\/\/3joursdecherbourg.fr\/?page_id=1583","url_meta":{"origin":4080,"position":5},"title":"3\u00e8me \u00e9tape 2019","author":"admin3809","date":"22 f\u00e9vrier 2019","format":false,"excerpt":"Une troisi\u00e8me \u00e9tape qui se lance sans difficult\u00e9s majeures, de Bricquebec \u00e0 Saint-Sauveur-le-Vicomte, qui va fl\u00e2ner vers la c\u00f4te de Portbail \u00e0 Barneville-Carteret avant de revenir vers Les Pieux. Une premi\u00e8re partie \"bucolique\", sauf si le vent s'en m\u00eale! Le retour par La Hague, \u00e0 partir de Di\u00e9lette, est plus\u2026","rel":"","context":"Article similaire","block_context":{"text":"Article similaire","link":""},"img":{"alt_text":"","src":"https:\/\/i0.wp.com\/3joursdecherbourg.fr\/wp-content\/uploads\/2019\/07\/DSC_2698-300x199.jpg?resize=350%2C200","width":350,"height":200},"classes":[]}],"jetpack_likes_enabled":false,"jetpack_sharing_enabled":true,"_links":{"self":[{"href":"https:\/\/3joursdecherbourg.fr\/index.php?rest_route=\/wp\/v2\/pages\/4080","targetHints":{"allow":["GET"]}}],"collection":[{"href":"https:\/\/3joursdecherbourg.fr\/index.php?rest_route=\/wp\/v2\/pages"}],"about":[{"href":"https:\/\/3joursdecherbourg.fr\/index.php?rest_route=\/wp\/v2\/types\/page"}],"author":[{"embeddable":true,"href":"https:\/\/3joursdecherbourg.fr\/index.php?rest_route=\/wp\/v2\/users\/1"}],"replies":[{"embeddable":true,"href":"https:\/\/3joursdecherbourg.fr\/index.php?rest_route=%2Fwp%2Fv2%2Fcomments&post=4080"}],"version-history":[{"count":5,"href":"https:\/\/3joursdecherbourg.fr\/index.php?rest_route=\/wp\/v2\/pages\/4080\/revisions"}],"predecessor-version":[{"id":4423,"href":"https:\/\/3joursdecherbourg.fr\/index.php?rest_route=\/wp\/v2\/pages\/4080\/revisions\/4423"}],"wp:attachment":[{"href":"https:\/\/3joursdecherbourg.fr\/index.php?rest_route=%2Fwp%2Fv2%2Fmedia&parent=4080"}],"curies":[{"name":"wp","href":"https:\/\/api.w.org\/{rel}","templated":true}]}}