{"id":4238,"date":"2023-07-15T14:15:10","date_gmt":"2023-07-15T12:15:10","guid":{"rendered":"https:\/\/3joursdecherbourg.fr\/?page_id=4238"},"modified":"2023-09-13T14:18:19","modified_gmt":"2023-09-13T12:18:19","slug":"etape-3-2","status":"publish","type":"page","link":"https:\/\/3joursdecherbourg.fr\/?page_id=4238","title":{"rendered":"Etape 3"},"content":{"rendered":"\n<p>Une derni\u00e8re \u00e9tape marqu\u00e9e par le num\u00e9ro incroyable de L\u00e9andre HUCK, le Rouennais s\u2019est envol\u00e9 avec plus de 5 min d\u2019avance sur le peloton, celui-ci \u00e0 fait plus de 90 km \u00e0 l\u2019avant mais sera repris \u00e0 moins de 3 km de l\u2019arriv\u00e9e par un contre de 4 coureurs qui rendra victorieux le<br>coureur breton LAURENSOT Edgar .<br><\/p>\n\n\n\n<p>Une journ\u00e9e sous le soleil cherbourgeois, avec de nombreuses animations au pied du roule (Montagne du roule) comme le chrono du roule qui a accueilli environ 90 personnes accompagn\u00e9es d\u2019un village animation. <\/p>\n\n\n\n<p>D\u00e8s le kilom\u00e8tre 0 une \u00e9chapp\u00e9e d\u2019une trentaine de coureurs prend de nombreuses distances d\u2019avance sur le peloton et celui-ci fera donc rideaux quelques kilom\u00e8tre plus loin.<br><\/p>\n\n\n\n<p>C\u2019est \u00e0 la suite que la physionomie de la course est modifi\u00e9e par l\u2019acc\u00e9l\u00e9ration du coureur du VC Rouen qui prendra plus de 5 min d\u2019avance.<br><\/p>\n\n\n\n<p>C\u2019est donc le jeu de la bascule pour LAURENSOT Edgar qui remporte cette troisi\u00e8me \u00e9tape en haut de la montagne du roule et r\u00e9cup\u00e8re le maillot de leader parrain\u00e9 par la ville de Cherbourg en Cotentin.<\/p>\n\n\n\n<p><br>Du beau spectacle pour cette 43\u00e8me \u00e9dition<\/p>\n\n\n\n<figure class=\"wp-block-image size-large is-resized\"><img data-recalc-dims=\"1\" loading=\"lazy\" decoding=\"async\" data-attachment-id=\"4585\" data-permalink=\"https:\/\/3joursdecherbourg.fr\/?attachment_id=4585\" data-orig-file=\"https:\/\/i0.wp.com\/3joursdecherbourg.fr\/wp-content\/uploads\/2023\/09\/Capture-decran-2023-09-03-194133.png?fit=1174%2C437&amp;ssl=1\" data-orig-size=\"1174,437\" data-comments-opened=\"1\" data-image-meta=\"{&quot;aperture&quot;:&quot;0&quot;,&quot;credit&quot;:&quot;&quot;,&quot;camera&quot;:&quot;&quot;,&quot;caption&quot;:&quot;&quot;,&quot;created_timestamp&quot;:&quot;0&quot;,&quot;copyright&quot;:&quot;&quot;,&quot;focal_length&quot;:&quot;0&quot;,&quot;iso&quot;:&quot;0&quot;,&quot;shutter_speed&quot;:&quot;0&quot;,&quot;title&quot;:&quot;&quot;,&quot;orientation&quot;:&quot;0&quot;}\" data-image-title=\"Capture-decran-2023-09-03-194133\" data-image-description=\"\" data-image-caption=\"\" data-medium-file=\"https:\/\/i0.wp.com\/3joursdecherbourg.fr\/wp-content\/uploads\/2023\/09\/Capture-decran-2023-09-03-194133.png?fit=300%2C112&amp;ssl=1\" data-large-file=\"https:\/\/i0.wp.com\/3joursdecherbourg.fr\/wp-content\/uploads\/2023\/09\/Capture-decran-2023-09-03-194133.png?fit=640%2C238&amp;ssl=1\" src=\"https:\/\/i0.wp.com\/3joursdecherbourg.fr\/wp-content\/uploads\/2023\/09\/Capture-decran-2023-09-03-194133.png?resize=640%2C237&#038;ssl=1\" alt=\"\" class=\"wp-image-4585\" style=\"width:674px;height:250px\" width=\"640\" height=\"237\" srcset=\"https:\/\/i0.wp.com\/3joursdecherbourg.fr\/wp-content\/uploads\/2023\/09\/Capture-decran-2023-09-03-194133.png?resize=1024%2C381&amp;ssl=1 1024w, https:\/\/i0.wp.com\/3joursdecherbourg.fr\/wp-content\/uploads\/2023\/09\/Capture-decran-2023-09-03-194133.png?resize=300%2C112&amp;ssl=1 300w, https:\/\/i0.wp.com\/3joursdecherbourg.fr\/wp-content\/uploads\/2023\/09\/Capture-decran-2023-09-03-194133.png?resize=768%2C286&amp;ssl=1 768w, https:\/\/i0.wp.com\/3joursdecherbourg.fr\/wp-content\/uploads\/2023\/09\/Capture-decran-2023-09-03-194133.png?w=1174&amp;ssl=1 1174w\" sizes=\"auto, (max-width: 640px) 100vw, 640px\" \/><\/figure>\n\n\n<iframe loading=\"lazy\" class=\"embed-pdf-viewer\" src=\"https:\/\/3joursdecherbourg.fr\/wp-content\/uploads\/2023\/09\/ETAPE-3.pdf\" height=\"600\" width=\"600\" title=\"ETAPE-3\"><\/iframe>\n\n<iframe loading=\"lazy\" class=\"embed-pdf-viewer\" src=\"https:\/\/3joursdecherbourg.fr\/wp-content\/uploads\/2023\/09\/GENERAL-3.pdf\" height=\"600\" width=\"600\" title=\"GENERAL-3\"><\/iframe>\n\n<iframe loading=\"lazy\" class=\"embed-pdf-viewer\" src=\"https:\/\/3joursdecherbourg.fr\/wp-content\/uploads\/2023\/09\/POINTS-ETAPE-3.pdf\" height=\"600\" width=\"600\" title=\"POINTS-ETAPE-3\"><\/iframe>\n\n<iframe loading=\"lazy\" class=\"embed-pdf-viewer\" src=\"https:\/\/3joursdecherbourg.fr\/wp-content\/uploads\/2023\/09\/MONTAGNE-ETAPE-3.pdf\" height=\"600\" width=\"600\" title=\"MONTAGNE-ETAPE-3\"><\/iframe>\n\n<iframe loading=\"lazy\" class=\"embed-pdf-viewer\" src=\"https:\/\/3joursdecherbourg.fr\/wp-content\/uploads\/2023\/09\/GENERAL-POINTS-3.pdf\" height=\"600\" width=\"600\" title=\"GENERAL-POINTS-3\"><\/iframe>\n\n<iframe loading=\"lazy\" class=\"embed-pdf-viewer\" src=\"https:\/\/3joursdecherbourg.fr\/wp-content\/uploads\/2023\/09\/GENERAL-MONTAGNE-3.pdf\" height=\"600\" width=\"600\" title=\"GENERAL-MONTAGNE-3\"><\/iframe>\n\n<iframe loading=\"lazy\" class=\"embed-pdf-viewer\" src=\"https:\/\/3joursdecherbourg.fr\/wp-content\/uploads\/2023\/09\/GENERAL-EQUIPE-3.pdf\" height=\"600\" width=\"600\" title=\"GENERAL-EQUIPE-3\"><\/iframe>\n\n<iframe loading=\"lazy\" class=\"embed-pdf-viewer\" src=\"https:\/\/3joursdecherbourg.fr\/wp-content\/uploads\/2023\/09\/EQUIPE-ETAPE-3.pdf\" height=\"600\" width=\"600\" title=\"EQUIPE-ETAPE-3\"><\/iframe>","protected":false},"excerpt":{"rendered":"<p>Une derni\u00e8re \u00e9tape marqu\u00e9e par le num\u00e9ro incroyable de L\u00e9andre HUCK, le Rouennais s\u2019est envol\u00e9 avec plus de 5 min d\u2019avance sur le peloton, celui-ci \u00e0 fait plus de 90 km \u00e0 l\u2019avant mais sera repris \u00e0 moins de 3 &hellip; <a href=\"https:\/\/3joursdecherbourg.fr\/?page_id=4238\">Continuer la lecture <span class=\"meta-nav\">&rarr;<\/span><\/a><\/p>\n","protected":false},"author":1,"featured_media":0,"parent":0,"menu_order":0,"comment_status":"closed","ping_status":"closed","template":"","meta":{"footnotes":""},"class_list":["post-4238","page","type-page","status-publish","hentry"],"jetpack_shortlink":"https:\/\/wp.me\/P8fpGS-16m","jetpack-related-posts":[{"id":3092,"url":"https:\/\/3joursdecherbourg.fr\/?page_id=3092","url_meta":{"origin":4238,"position":0},"title":"Les r\u00e9sum\u00e9s des \u00e9tapes 2022","author":"admin3809","date":"11 avril 2022","format":false,"excerpt":"1\u00e9re \u00e9tapes (Bretteville - Port-Bail-sur-Mer) Cette \u00e9dition 2022 des 3 jours de Cherbourg en Cotentin a commenc\u00e9 fort par la premi\u00e8re \u00e9tape reliant Bretteville \u00e0 Port-Bail-sur-Mer, cette \u00e9tape longue de 146 kilom\u00e8tres a \u00e9t\u00e9 riche en rebondissements. Le d\u00e9part a \u00e9t\u00e9 marqu\u00e9 par plusieurs probl\u00e8mes m\u00e9caniques et d\u2019une chute dans\u2026","rel":"","context":"Article similaire","block_context":{"text":"Article similaire","link":""},"img":{"alt_text":"","src":"https:\/\/i0.wp.com\/3joursdecherbourg.fr\/wp-content\/uploads\/2022\/09\/IMG_2920-300x200.jpg?resize=350%2C200&ssl=1","width":350,"height":200},"classes":[]},{"id":1594,"url":"https:\/\/3joursdecherbourg.fr\/?page_id=1594","url_meta":{"origin":4238,"position":1},"title":"Les r\u00e9sultats 2019","author":"admin3809","date":"22 f\u00e9vrier 2019","format":false,"excerpt":"La troisi\u00e8me et derni\u00e8re \u00e9tape a consacr\u00e9 le Team Nantes Atlantique et son jeune coureur, Louis Barr\u00e9 dans la d\u00e9fense de son maillot de leader de l'\u00e9preuve. Apr\u00e8s les premi\u00e8res escarmouches, une \u00e9chapp\u00e9e a pu prendre les devants et rester aux avants postes jusqu'aux difficiles bosses des derniers kilom\u00e8tres. Owen\u2026","rel":"","context":"Article similaire","block_context":{"text":"Article similaire","link":""},"img":{"alt_text":"","src":"https:\/\/i0.wp.com\/3joursdecherbourg.fr\/wp-content\/uploads\/2019\/09\/DSC_2981-300x199.jpg?resize=350%2C200","width":350,"height":200},"classes":[]},{"id":1579,"url":"https:\/\/3joursdecherbourg.fr\/?page_id=1579","url_meta":{"origin":4238,"position":2},"title":"1\u00e8re \u00e9tape 2019","author":"admin3809","date":"22 f\u00e9vrier 2019","format":false,"excerpt":"On ne change pas une \"\u00e9tape\" qui gagne! Les changements apport\u00e9s l'an dernier ont \u00e9t\u00e9 appr\u00e9ci\u00e9s par les coureurs, les suiveurs et sans doute les nombreux spectateurs pr\u00e9sents le long des routes de cette premi\u00e8re \u00e9tape. La mont\u00e9e de Beauvais, d\u00e8s le 33\u00e8me kilom\u00e8tre \u00e9tire le peloton sur les routes\u2026","rel":"","context":"Article similaire","block_context":{"text":"Article similaire","link":""},"img":{"alt_text":"","src":"https:\/\/i0.wp.com\/3joursdecherbourg.fr\/wp-content\/uploads\/2019\/07\/DSC_2451-300x199.jpg?resize=350%2C200","width":350,"height":200},"classes":[]},{"id":2898,"url":"https:\/\/3joursdecherbourg.fr\/?page_id=2898","url_meta":{"origin":4238,"position":3},"title":"Les r\u00e9sultats 2021","author":"admin3809","date":"3 septembre 2021","format":false,"excerpt":"\u00a0 3\u00e8me \u00e9tape:\u00a0 Un sc\u00e9nario identique \u00e0 la veille avec une \u00e9chapp\u00e9e au long cours rattrap\u00e9e sur le tard. Quelque secondes d'avances auront suffi pour d\u00e9signer le vainqueur de la mont\u00e9e du Roule. Cette \u00e9tape disput\u00e9e sous un temps d'abord brumeux s'est termin\u00e9e au grand soleil, devant le millier de\u2026","rel":"","context":"Article similaire","block_context":{"text":"Article similaire","link":""},"img":{"alt_text":"","src":"https:\/\/i0.wp.com\/3joursdecherbourg.fr\/wp-content\/uploads\/2021\/09\/DSC_3143-1024x681.jpg?resize=350%2C200&ssl=1","width":350,"height":200,"srcset":"https:\/\/i0.wp.com\/3joursdecherbourg.fr\/wp-content\/uploads\/2021\/09\/DSC_3143-1024x681.jpg?resize=350%2C200&ssl=1 1x, https:\/\/i0.wp.com\/3joursdecherbourg.fr\/wp-content\/uploads\/2021\/09\/DSC_3143-1024x681.jpg?resize=525%2C300&ssl=1 1.5x"},"classes":[]},{"id":5085,"url":"https:\/\/3joursdecherbourg.fr\/?page_id=5085","url_meta":{"origin":4238,"position":4},"title":"Chrono Montagne 2025","author":"admin3809","date":"28 mai 2025","format":false,"excerpt":"Dans l\u2019attente de l\u2019arriv\u00e9e de la 3\u00e8me \u00e9tape des \u00ab 3 jours de Cherbourg en Cotentin \u00bb, l\u2019Amicale Cycliste a voulu r\u00e9activer l\u2019ancienne mont\u00e9e chronom\u00e9tr\u00e9e de la Montagne du Roule: 1, 1 km \u00e0 9% de moyenne. Dans les ann\u00e9es 60, le prix Schneider \u2013 Andr\u00e9 H\u00e9bert, organis\u00e9 par l\u2019ASC\u2026","rel":"","context":"Article similaire","block_context":{"text":"Article similaire","link":""},"img":{"alt_text":"","src":"https:\/\/i0.wp.com\/3joursdecherbourg.fr\/wp-content\/uploads\/2025\/08\/Copie-de-44-3.png?resize=350%2C200&ssl=1","width":350,"height":200,"srcset":"https:\/\/i0.wp.com\/3joursdecherbourg.fr\/wp-content\/uploads\/2025\/08\/Copie-de-44-3.png?resize=350%2C200&ssl=1 1x, https:\/\/i0.wp.com\/3joursdecherbourg.fr\/wp-content\/uploads\/2025\/08\/Copie-de-44-3.png?resize=525%2C300&ssl=1 1.5x, https:\/\/i0.wp.com\/3joursdecherbourg.fr\/wp-content\/uploads\/2025\/08\/Copie-de-44-3.png?resize=700%2C400&ssl=1 2x, https:\/\/i0.wp.com\/3joursdecherbourg.fr\/wp-content\/uploads\/2025\/08\/Copie-de-44-3.png?resize=1050%2C600&ssl=1 3x, https:\/\/i0.wp.com\/3joursdecherbourg.fr\/wp-content\/uploads\/2025\/08\/Copie-de-44-3.png?resize=1400%2C800&ssl=1 4x"},"classes":[]},{"id":4654,"url":"https:\/\/3joursdecherbourg.fr\/?page_id=4654","url_meta":{"origin":4238,"position":5},"title":"Chrono Montagne 2024","author":"admin3809","date":"24 juillet 2024","format":false,"excerpt":"Dans l\u2019attente de l\u2019arriv\u00e9e de la 3\u00e8me \u00e9tape des \u00ab 3 jours de Cherbourg en Cotentin \u00bb, l\u2019Amicale Cycliste a voulu r\u00e9activer l\u2019ancienne mont\u00e9e chronom\u00e9tr\u00e9e de la Montagne du Roule: 1, 1 km \u00e0 9% de moyenne. Dans les ann\u00e9es 60, le prix Schneider \u2013 Andr\u00e9 H\u00e9bert, organis\u00e9 par l\u2019ASC\u2026","rel":"","context":"Article similaire","block_context":{"text":"Article similaire","link":""},"img":{"alt_text":"delisle raymond","src":"https:\/\/i0.wp.com\/www.lncpro.fr\/user\/textes\/grands-champions\/delisle_raymond.jpg?resize=350%2C200","width":350,"height":200},"classes":[]}],"jetpack_likes_enabled":false,"jetpack_sharing_enabled":true,"_links":{"self":[{"href":"https:\/\/3joursdecherbourg.fr\/index.php?rest_route=\/wp\/v2\/pages\/4238","targetHints":{"allow":["GET"]}}],"collection":[{"href":"https:\/\/3joursdecherbourg.fr\/index.php?rest_route=\/wp\/v2\/pages"}],"about":[{"href":"https:\/\/3joursdecherbourg.fr\/index.php?rest_route=\/wp\/v2\/types\/page"}],"author":[{"embeddable":true,"href":"https:\/\/3joursdecherbourg.fr\/index.php?rest_route=\/wp\/v2\/users\/1"}],"replies":[{"embeddable":true,"href":"https:\/\/3joursdecherbourg.fr\/index.php?rest_route=%2Fwp%2Fv2%2Fcomments&post=4238"}],"version-history":[{"count":4,"href":"https:\/\/3joursdecherbourg.fr\/index.php?rest_route=\/wp\/v2\/pages\/4238\/revisions"}],"predecessor-version":[{"id":4586,"href":"https:\/\/3joursdecherbourg.fr\/index.php?rest_route=\/wp\/v2\/pages\/4238\/revisions\/4586"}],"wp:attachment":[{"href":"https:\/\/3joursdecherbourg.fr\/index.php?rest_route=%2Fwp%2Fv2%2Fmedia&parent=4238"}],"curies":[{"name":"wp","href":"https:\/\/api.w.org\/{rel}","templated":true}]}}