{"id":4242,"date":"2023-07-15T14:15:10","date_gmt":"2023-07-15T12:15:10","guid":{"rendered":"https:\/\/3joursdecherbourg.fr\/?page_id=4242"},"modified":"2025-09-09T12:17:50","modified_gmt":"2025-09-09T10:17:50","slug":"les-resultats-3","status":"publish","type":"page","link":"https:\/\/3joursdecherbourg.fr\/?page_id=4242","title":{"rendered":"Les r\u00e9sultats"},"content":{"rendered":"<a href=\"https:\/\/3joursdecherbourg.fr\/wp-content\/uploads\/2025\/09\/Chrono-2025-les-resultats.pdf\" class=\"pdfemb-viewer\" style=\"\" data-width=\"max\" data-height=\"max\" data-toolbar=\"bottom\" data-toolbar-fixed=\"off\">Chrono-2025-les-resultats<\/a>","protected":false},"excerpt":{"rendered":"","protected":false},"author":1,"featured_media":0,"parent":0,"menu_order":0,"comment_status":"closed","ping_status":"closed","template":"","meta":{"footnotes":""},"class_list":["post-4242","page","type-page","status-publish","hentry"],"jetpack_shortlink":"https:\/\/wp.me\/P8fpGS-16q","jetpack-related-posts":[{"id":2123,"url":"https:\/\/3joursdecherbourg.fr\/?page_id=2123","url_meta":{"origin":4242,"position":0},"title":"Les r\u00e9sultats 2020","author":"admin3809","date":"3 d\u00e9cembre 2019","format":false,"excerpt":"Retrouvez ici les r\u00e9sultats \u00e0 l'issue de chaque \u00e9tape...","rel":"","context":"Article similaire","block_context":{"text":"Article similaire","link":""},"img":{"alt_text":"","src":"https:\/\/i0.wp.com\/3joursdecherbourg.fr\/wp-content\/uploads\/2019\/12\/trophees011.gif?resize=350%2C200","width":350,"height":200},"classes":[]},{"id":3101,"url":"https:\/\/3joursdecherbourg.fr\/?page_id=3101","url_meta":{"origin":4242,"position":1},"title":"Les r\u00e9sultats des \u00e9tapes 2022","author":"admin3809","date":"11 avril 2022","format":false,"excerpt":"Le classement en direct des transpondeurs. Attention, les coureurs qui franchissent la ligne sans transpondeur (changement de v\u00e9lo par exemple) sont ajout\u00e9s apr\u00e8s lecture de la photo-finish: https:\/\/www.stsport.fr\/LIVE\/g-live.html?f=FFC\/2022-CDF-N1-M5-CHERBOURG.clax Le tableau complet des r\u00e9sultats de la premi\u00e8re \u00e9tape: Le tableau complet des r\u00e9sultats de la deuxi\u00e8me \u00e9tape: Le tableau complet des\u2026","rel":"","context":"Article similaire","block_context":{"text":"Article similaire","link":""},"img":{"alt_text":"","src":"https:\/\/i0.wp.com\/3joursdecherbourg.fr\/wp-content\/uploads\/2022\/09\/StS.jpg?resize=350%2C200&ssl=1","width":350,"height":200,"srcset":"https:\/\/i0.wp.com\/3joursdecherbourg.fr\/wp-content\/uploads\/2022\/09\/StS.jpg?resize=350%2C200&ssl=1 1x, https:\/\/i0.wp.com\/3joursdecherbourg.fr\/wp-content\/uploads\/2022\/09\/StS.jpg?resize=525%2C300&ssl=1 1.5x"},"classes":[]},{"id":4791,"url":"https:\/\/3joursdecherbourg.fr\/?page_id=4791","url_meta":{"origin":4242,"position":2},"title":"Les r\u00e9sultats 1\u00e8re \u00e9tape 2024","author":"admin3809","date":"30 ao\u00fbt 2024","format":false,"excerpt":"","rel":"","context":"Article similaire","block_context":{"text":"Article similaire","link":""},"img":{"alt_text":"","src":"","width":0,"height":0},"classes":[]},{"id":4858,"url":"https:\/\/3joursdecherbourg.fr\/?page_id=4858","url_meta":{"origin":4242,"position":3},"title":"Les r\u00e9sultats 2e \u00e9tape 2024","author":"admin3809","date":"31 ao\u00fbt 2024","format":false,"excerpt":"","rel":"","context":"Article similaire","block_context":{"text":"Article similaire","link":""},"img":{"alt_text":"","src":"","width":0,"height":0},"classes":[]},{"id":4917,"url":"https:\/\/3joursdecherbourg.fr\/?page_id=4917","url_meta":{"origin":4242,"position":4},"title":"Les r\u00e9sultats 3e \u00e9tape 2024","author":"admin3809","date":"1 septembre 2024","format":false,"excerpt":"","rel":"","context":"Article similaire","block_context":{"text":"Article similaire","link":""},"img":{"alt_text":"","src":"","width":0,"height":0},"classes":[]},{"id":927,"url":"https:\/\/3joursdecherbourg.fr\/?page_id=927","url_meta":{"origin":4242,"position":5},"title":"Les r\u00e9sultats 2018","author":"admin3809","date":"3 janvier 2018","format":false,"excerpt":"Une troisi\u00e8me \u00e9tape au m\u00eame rythme que les deux autres: effr\u00e9n\u00e9! Des attaques sans cesse, des \u00e9chapp\u00e9es qui ne peuvent prendre du champ, et comme pr\u00e9vu, les derni\u00e8res bosses qui font la diff\u00e9rence. Et c'est Matthieu Burgaudeau, Vend\u00e9e U, qui rafle la mise \u00e0 l'arriv\u00e9e. Au g\u00e9n\u00e9ral, c'est un Cherbourg\u2026","rel":"","context":"Article similaire","block_context":{"text":"Article similaire","link":""},"img":{"alt_text":"","src":"https:\/\/i0.wp.com\/3joursdecherbourg.fr\/wp-content\/uploads\/2018\/09\/DSC_2702.jpg?resize=350%2C200","width":350,"height":200,"srcset":"https:\/\/i0.wp.com\/3joursdecherbourg.fr\/wp-content\/uploads\/2018\/09\/DSC_2702.jpg?resize=350%2C200 1x, https:\/\/i0.wp.com\/3joursdecherbourg.fr\/wp-content\/uploads\/2018\/09\/DSC_2702.jpg?resize=525%2C300 1.5x, https:\/\/i0.wp.com\/3joursdecherbourg.fr\/wp-content\/uploads\/2018\/09\/DSC_2702.jpg?resize=700%2C400 2x, https:\/\/i0.wp.com\/3joursdecherbourg.fr\/wp-content\/uploads\/2018\/09\/DSC_2702.jpg?resize=1050%2C600 3x"},"classes":[]}],"jetpack_likes_enabled":false,"jetpack_sharing_enabled":true,"_links":{"self":[{"href":"https:\/\/3joursdecherbourg.fr\/index.php?rest_route=\/wp\/v2\/pages\/4242","targetHints":{"allow":["GET"]}}],"collection":[{"href":"https:\/\/3joursdecherbourg.fr\/index.php?rest_route=\/wp\/v2\/pages"}],"about":[{"href":"https:\/\/3joursdecherbourg.fr\/index.php?rest_route=\/wp\/v2\/types\/page"}],"author":[{"embeddable":true,"href":"https:\/\/3joursdecherbourg.fr\/index.php?rest_route=\/wp\/v2\/users\/1"}],"replies":[{"embeddable":true,"href":"https:\/\/3joursdecherbourg.fr\/index.php?rest_route=%2Fwp%2Fv2%2Fcomments&post=4242"}],"version-history":[{"count":2,"href":"https:\/\/3joursdecherbourg.fr\/index.php?rest_route=\/wp\/v2\/pages\/4242\/revisions"}],"predecessor-version":[{"id":5529,"href":"https:\/\/3joursdecherbourg.fr\/index.php?rest_route=\/wp\/v2\/pages\/4242\/revisions\/5529"}],"wp:attachment":[{"href":"https:\/\/3joursdecherbourg.fr\/index.php?rest_route=%2Fwp%2Fv2%2Fmedia&parent=4242"}],"curies":[{"name":"wp","href":"https:\/\/api.w.org\/{rel}","templated":true}]}}