{"id":4654,"date":"2024-07-24T17:55:31","date_gmt":"2024-07-24T15:55:31","guid":{"rendered":"https:\/\/3joursdecherbourg.fr\/?page_id=4654"},"modified":"2024-08-31T19:47:27","modified_gmt":"2024-08-31T17:47:27","slug":"chrono-montagne-2024","status":"publish","type":"page","link":"https:\/\/3joursdecherbourg.fr\/?page_id=4654","title":{"rendered":"Chrono Montagne 2024"},"content":{"rendered":"<p style=\"text-align: left;\">Dans l\u2019attente de l\u2019arriv\u00e9e de la 3\u00e8me \u00e9tape des \u00ab 3 jours de Cherbourg en Cotentin \u00bb,<img data-recalc-dims=\"1\" loading=\"lazy\" decoding=\"async\" class=\"alignright\" src=\"https:\/\/i0.wp.com\/www.lncpro.fr\/user\/textes\/grands-champions\/delisle_raymond.jpg?resize=155%2C222\" alt=\"delisle raymond\" width=\"155\" height=\"222\" \/> l\u2019Amicale Cycliste a voulu r\u00e9activer l\u2019ancienne <strong>mont\u00e9e chronom\u00e9tr\u00e9e de la Montagne du Roule<\/strong>: 1, 1 km \u00e0 9% de moyenne.<\/p>\n<p style=\"text-align: left;\">Dans les ann\u00e9es 60, le prix Schneider \u2013 Andr\u00e9 H\u00e9bert, organis\u00e9 par l\u2019ASC Cyclisme, r\u00e9unissait ainsi tous les amateurs de la \u00ab petite reine \u00bb pour une empoignade br\u00e8ve mais intense dont le recordman reste le regrett\u00e9 Raymond Delisle.<\/p>\n<p style=\"text-align: left;\">Depuis trois ans, 300 mont\u00e9es ont ainsi \u00e9t\u00e9 effectu\u00e9es, pour le plus grand plaisir des participants et de tous leurs supporters. En 2021, c\u2019est l&rsquo;association \u00ab <strong>R\u00eaves<\/strong> \u00bb manche qui a \u00e9t\u00e9 soutenue par l&rsquo;effort des grimpeurs. En 2022, ce sont des <strong>sections handi-sports<\/strong> de clubs locaux et l&rsquo;association \u00ab\u00a0<strong>sport sant\u00e9<\/strong>\u00ab\u00a0. En 2023 \u00e7a a \u00e9t\u00e9 l&rsquo;association humanitaire \u00ab\u00a0<strong>Ti&rsquo;moun<\/strong>\u00ab\u00a0. (Avec l&rsquo;appui du Comit\u00e9 des f\u00eates Equeurdreville-ouest.)<\/p>\n<p>Alors le <strong>dimanche 1er septembre<\/strong> prochain, appel \u00e0 tous les cyclos, coureurs, amateurs de v\u00e9lo : \u00ab\u00a0toutes et tous \u00e0 l&rsquo;assaut de la Montagne du Roule!\u00a0\u00bb<\/p>\n<p><img data-recalc-dims=\"1\" loading=\"lazy\" decoding=\"async\" data-attachment-id=\"4657\" data-permalink=\"https:\/\/3joursdecherbourg.fr\/?attachment_id=4657\" data-orig-file=\"https:\/\/i0.wp.com\/3joursdecherbourg.fr\/wp-content\/uploads\/2024\/07\/IMG_13921-1.jpg?fit=989%2C1410&amp;ssl=1\" data-orig-size=\"989,1410\" data-comments-opened=\"1\" data-image-meta=\"{&quot;aperture&quot;:&quot;0&quot;,&quot;credit&quot;:&quot;&quot;,&quot;camera&quot;:&quot;&quot;,&quot;caption&quot;:&quot;&quot;,&quot;created_timestamp&quot;:&quot;0&quot;,&quot;copyright&quot;:&quot;&quot;,&quot;focal_length&quot;:&quot;0&quot;,&quot;iso&quot;:&quot;0&quot;,&quot;shutter_speed&quot;:&quot;0&quot;,&quot;title&quot;:&quot;&quot;,&quot;orientation&quot;:&quot;0&quot;}\" data-image-title=\"IMG_13921\" data-image-description=\"\" data-image-caption=\"\" data-medium-file=\"https:\/\/i0.wp.com\/3joursdecherbourg.fr\/wp-content\/uploads\/2024\/07\/IMG_13921-1.jpg?fit=210%2C300&amp;ssl=1\" data-large-file=\"https:\/\/i0.wp.com\/3joursdecherbourg.fr\/wp-content\/uploads\/2024\/07\/IMG_13921-1.jpg?fit=640%2C913&amp;ssl=1\" class=\"alignleft size-thumbnail wp-image-4657\" src=\"https:\/\/i0.wp.com\/3joursdecherbourg.fr\/wp-content\/uploads\/2024\/07\/IMG_13921-1.jpg?resize=150%2C150&#038;ssl=1\" alt=\"\" width=\"150\" height=\"150\" srcset=\"https:\/\/i0.wp.com\/3joursdecherbourg.fr\/wp-content\/uploads\/2024\/07\/IMG_13921-1.jpg?resize=150%2C150&amp;ssl=1 150w, https:\/\/i0.wp.com\/3joursdecherbourg.fr\/wp-content\/uploads\/2024\/07\/IMG_13921-1.jpg?zoom=2&amp;resize=150%2C150&amp;ssl=1 300w, https:\/\/i0.wp.com\/3joursdecherbourg.fr\/wp-content\/uploads\/2024\/07\/IMG_13921-1.jpg?zoom=3&amp;resize=150%2C150&amp;ssl=1 450w\" sizes=\"auto, (max-width: 150px) 100vw, 150px\" \/>Cette mont\u00e9e est ouverte \u00e0 toutes et tous, licenci\u00e9(e)s ou non, de 7 \u00e0 77 ans (ou plus). Il n\u2019est pas \u00e9tabli de classement (r\u00e9glementation oblige) mais chacun re\u00e7oit un dipl\u00f4me personnalis\u00e9, avec le soutien du CDOS, Comit\u00e9 D\u00e9partemental Olympique et Sportif. Une participation de 2\u20ac par mont\u00e9e est demand\u00e9e, elle sera vers\u00e9e cette ann\u00e9e \u00e0 l&rsquo;association d&rsquo;insertion \u00ab\u00a0<strong>Au Fil de l&rsquo;Eau<\/strong>\u00ab\u00a0. Celle-ci sera d\u2019ailleurs pr\u00e9sente toute la journ\u00e9e et proposera un stand de mobiliers en carton qui devrait en surprendre plus d&rsquo;un!<\/p>\n<p>Ce sera la f\u00eate de v\u00e9lo aux abords du Jardin Public\u00a0 de Cherbourg-en-Cotentin, qui se terminera vers 14h30 par l\u2019arriv\u00e9e de la course des \u00ab 3 jours \u00bb.\u00a0 C\u2019est un beau dimanche qui se pr\u00e9sente aux amateurs des deux roues sportifs ou de loisirs.<\/p>\n<p><strong><img data-recalc-dims=\"1\" loading=\"lazy\" decoding=\"async\" data-attachment-id=\"4671\" data-permalink=\"https:\/\/3joursdecherbourg.fr\/?attachment_id=4671\" data-orig-file=\"https:\/\/i0.wp.com\/3joursdecherbourg.fr\/wp-content\/uploads\/2024\/07\/IMG_2602.jpg?fit=1495%2C1504&amp;ssl=1\" data-orig-size=\"1495,1504\" data-comments-opened=\"1\" data-image-meta=\"{&quot;aperture&quot;:&quot;0&quot;,&quot;credit&quot;:&quot;&quot;,&quot;camera&quot;:&quot;Canon EOS 1100D&quot;,&quot;caption&quot;:&quot;&quot;,&quot;created_timestamp&quot;:&quot;1693754681&quot;,&quot;copyright&quot;:&quot;&quot;,&quot;focal_length&quot;:&quot;0&quot;,&quot;iso&quot;:&quot;200&quot;,&quot;shutter_speed&quot;:&quot;0&quot;,&quot;title&quot;:&quot;&quot;,&quot;orientation&quot;:&quot;0&quot;}\" data-image-title=\"IMG_2602\" data-image-description=\"\" data-image-caption=\"\" data-medium-file=\"https:\/\/i0.wp.com\/3joursdecherbourg.fr\/wp-content\/uploads\/2024\/07\/IMG_2602.jpg?fit=298%2C300&amp;ssl=1\" data-large-file=\"https:\/\/i0.wp.com\/3joursdecherbourg.fr\/wp-content\/uploads\/2024\/07\/IMG_2602.jpg?fit=640%2C644&amp;ssl=1\" class=\"alignleft size-thumbnail wp-image-4671\" src=\"https:\/\/i0.wp.com\/3joursdecherbourg.fr\/wp-content\/uploads\/2024\/07\/IMG_2602.jpg?resize=150%2C150&#038;ssl=1\" alt=\"\" width=\"150\" height=\"150\" srcset=\"https:\/\/i0.wp.com\/3joursdecherbourg.fr\/wp-content\/uploads\/2024\/07\/IMG_2602.jpg?resize=150%2C150&amp;ssl=1 150w, https:\/\/i0.wp.com\/3joursdecherbourg.fr\/wp-content\/uploads\/2024\/07\/IMG_2602.jpg?resize=298%2C300&amp;ssl=1 298w, https:\/\/i0.wp.com\/3joursdecherbourg.fr\/wp-content\/uploads\/2024\/07\/IMG_2602.jpg?resize=1018%2C1024&amp;ssl=1 1018w, https:\/\/i0.wp.com\/3joursdecherbourg.fr\/wp-content\/uploads\/2024\/07\/IMG_2602.jpg?resize=768%2C773&amp;ssl=1 768w, https:\/\/i0.wp.com\/3joursdecherbourg.fr\/wp-content\/uploads\/2024\/07\/IMG_2602.jpg?w=1495&amp;ssl=1 1495w, https:\/\/i0.wp.com\/3joursdecherbourg.fr\/wp-content\/uploads\/2024\/07\/IMG_2602.jpg?w=1280&amp;ssl=1 1280w\" sizes=\"auto, (max-width: 150px) 100vw, 150px\" \/>Pour vous inscrire au chrono de la Montagne du Roule<\/strong>:<br \/>Choisissez ci-dessous un cr\u00e9neau horaire (de 09h30 \u00e0 10h00, de 10h00 \u00e0 11h00 de 11h00 \u00e0 midi, de 13h00 \u00e0 14h00 ou de 14h00 \u00e0 14h30) qui vous convienne et transmettez le nous avec le formulaire de contact. Les horaires de midi \u00e0 13h00 ont \u00e9t\u00e9 d\u00e9sactiv\u00e9s pour le d\u00e9jeuner des b\u00e9n\u00e9voles. Il pourront \u00eatre ouverts si besoin est!<\/p>\n<p>Vous pouvez faire plusieurs mont\u00e9es si vous le souhaitez, faites une inscription par mont\u00e9e.<\/p>\n<p>Vous recevrez une confirmation de votre inscription, aussi rapidement que possible et pourrez la retrouver sur le tableau ci-joint, qui sera actualis\u00e9 au jour le jour.<\/p>\n\n\n<div class=\"wp-block-contact-form-7-contact-form-selector\">\n<div class=\"wpcf7 no-js\" id=\"wpcf7-f3212-o1\" lang=\"fr-FR\" dir=\"ltr\">\n<div class=\"screen-reader-response\"><p role=\"status\" aria-live=\"polite\" aria-atomic=\"true\"><\/p> <ul><\/ul><\/div>\n<form action=\"\/index.php?rest_route=%2Fwp%2Fv2%2Fpages%2F4654#wpcf7-f3212-o1\" method=\"post\" class=\"wpcf7-form init\" aria-label=\"Formulaire de contact\" novalidate=\"novalidate\" data-status=\"init\">\n<div style=\"display: none;\">\n<input type=\"hidden\" name=\"_wpcf7\" value=\"3212\" \/>\n<input type=\"hidden\" name=\"_wpcf7_version\" value=\"5.7.7\" \/>\n<input type=\"hidden\" name=\"_wpcf7_locale\" value=\"fr_FR\" \/>\n<input type=\"hidden\" name=\"_wpcf7_unit_tag\" value=\"wpcf7-f3212-o1\" \/>\n<input type=\"hidden\" name=\"_wpcf7_container_post\" value=\"0\" \/>\n<input type=\"hidden\" name=\"_wpcf7_posted_data_hash\" value=\"\" \/>\n<\/div>\n<p><label> Votre pr\u00e9nom (obligatoire)<br \/>\n<span class=\"wpcf7-form-control-wrap\" data-name=\"your-firstname\"><input size=\"40\" class=\"wpcf7-form-control wpcf7-text wpcf7-validates-as-required\" aria-required=\"true\" aria-invalid=\"false\" value=\"\" type=\"text\" name=\"your-firstname\" \/><\/span> <\/label><br \/>\n<label> Votre nom (obligatoire)<br \/>\n<span class=\"wpcf7-form-control-wrap\" data-name=\"your-name\"><input size=\"40\" class=\"wpcf7-form-control wpcf7-text wpcf7-validates-as-required\" aria-required=\"true\" aria-invalid=\"false\" value=\"\" type=\"text\" name=\"your-name\" \/><\/span> <\/label><br \/>\n<label> Votre adresse de messagerie (obligatoire)<br \/>\n<span class=\"wpcf7-form-control-wrap\" data-name=\"your-email\"><input size=\"40\" class=\"wpcf7-form-control wpcf7-text wpcf7-email wpcf7-validates-as-required wpcf7-validates-as-email\" aria-required=\"true\" aria-invalid=\"false\" value=\"\" type=\"email\" name=\"your-email\" \/><\/span> <\/label><br \/>\n<label> Votre date de naissance<br \/>\n<span class=\"wpcf7-form-control-wrap\" data-name=\"date-688\"><input class=\"wpcf7-form-control wpcf7-date wpcf7-validates-as-date\" aria-invalid=\"false\" value=\"\" type=\"date\" name=\"date-688\" \/><\/span> <\/label><br \/>\n<label> Votre Club si vous \u00eates licenci\u00e9<br \/>\n<span class=\"wpcf7-form-control-wrap\" data-name=\"text-853\"><input size=\"40\" class=\"wpcf7-form-control wpcf7-text\" aria-invalid=\"false\" value=\"\" type=\"text\" name=\"text-853\" \/><\/span> <\/label><br \/>\n<label> Votre Commune de R\u00e9sidence<br \/>\n<span class=\"wpcf7-form-control-wrap\" data-name=\"your-adress\"><input size=\"40\" class=\"wpcf7-form-control wpcf7-text wpcf7-validates-as-required\" aria-required=\"true\" aria-invalid=\"false\" value=\"\" type=\"text\" name=\"your-adress\" \/><\/span> <\/label>\n<\/p>\n<p><label> Votre (ou vos) horaire (s) souhait\u00e9(s):<br \/>\n<span class=\"wpcf7-form-control-wrap\" data-name=\"checkbox-847\"><span class=\"wpcf7-form-control wpcf7-checkbox\"><span class=\"wpcf7-list-item first last\"><span class=\"wpcf7-list-item-label\">entre 09h30 et 10h00<\/span><input type=\"checkbox\" name=\"checkbox-847[]\" value=\"entre 09h30 et 10h00\" \/><\/span><\/span><\/span><br \/>\n<span class=\"wpcf7-form-control-wrap\" data-name=\"checkbox-847\"><span class=\"wpcf7-form-control wpcf7-checkbox\"><span class=\"wpcf7-list-item first last\"><span class=\"wpcf7-list-item-label\">entre 10h00 et 11h00<\/span><input type=\"checkbox\" name=\"checkbox-847[]\" value=\"entre 10h00 et 11h00\" \/><\/span><\/span><\/span><br \/>\n<span class=\"wpcf7-form-control-wrap\" data-name=\"checkbox-847\"><span class=\"wpcf7-form-control wpcf7-checkbox\"><span class=\"wpcf7-list-item first last\"><span class=\"wpcf7-list-item-label\">entre 11h00 et 12h00<\/span><input type=\"checkbox\" name=\"checkbox-847[]\" value=\"entre 11h00 et 12h00\" \/><\/span><\/span><\/span><br \/>\n<span class=\"wpcf7-form-control-wrap\" data-name=\"checkbox-847\"><span class=\"wpcf7-form-control wpcf7-checkbox\"><span class=\"wpcf7-list-item first last\"><span class=\"wpcf7-list-item-label\">entre 13h00 et 14h00<\/span><input type=\"checkbox\" name=\"checkbox-847[]\" value=\"entre 13h00 et 14h00\" \/><\/span><\/span><\/span><br \/>\n<span class=\"wpcf7-form-control-wrap\" data-name=\"checkbox-847\"><span class=\"wpcf7-form-control wpcf7-checkbox\"><span class=\"wpcf7-list-item first last\"><span class=\"wpcf7-list-item-label\">entre 14h00 et 14h30<\/span><input type=\"checkbox\" name=\"checkbox-847[]\" value=\"entre 14h00 et 14h30\" \/><\/span><\/span><\/span><br \/>\n<input class=\"wpcf7-form-control has-spinner wpcf7-submit\" type=\"submit\" value=\"Envoyer\" \/><\/label>\n<\/p><p style=\"display: none !important;\" class=\"akismet-fields-container\" data-prefix=\"_wpcf7_ak_\"><label>&#916;<textarea name=\"_wpcf7_ak_hp_textarea\" cols=\"45\" rows=\"8\" maxlength=\"100\"><\/textarea><\/label><input type=\"hidden\" id=\"ak_js_1\" name=\"_wpcf7_ak_js\" value=\"114\"\/><script>document.getElementById( \"ak_js_1\" ).setAttribute( \"value\", ( new Date() ).getTime() );<\/script><\/p><div class=\"wpcf7-response-output\" aria-hidden=\"true\"><\/div>\n<\/form>\n<\/div>\n<\/div>\n\n\n<a href=\"https:\/\/3joursdecherbourg.fr\/wp-content\/uploads\/2024\/08\/Chrono-2024-14-1.pdf\" class=\"pdfemb-viewer\" style=\"\" data-width=\"max\" data-height=\"max\" data-toolbar=\"bottom\" data-toolbar-fixed=\"off\">Chrono-2024-14-1<\/a>","protected":false},"excerpt":{"rendered":"<p>Dans l\u2019attente de l\u2019arriv\u00e9e de la 3\u00e8me \u00e9tape des \u00ab 3 jours de Cherbourg en Cotentin \u00bb, l\u2019Amicale Cycliste a voulu r\u00e9activer l\u2019ancienne mont\u00e9e chronom\u00e9tr\u00e9e de la Montagne du Roule: 1, 1 km \u00e0 9% de moyenne. Dans les ann\u00e9es &hellip; <a href=\"https:\/\/3joursdecherbourg.fr\/?page_id=4654\">Continuer la lecture <span class=\"meta-nav\">&rarr;<\/span><\/a><\/p>\n","protected":false},"author":1,"featured_media":0,"parent":0,"menu_order":0,"comment_status":"closed","ping_status":"closed","template":"","meta":{"footnotes":""},"class_list":["post-4654","page","type-page","status-publish","hentry"],"jetpack_shortlink":"https:\/\/wp.me\/P8fpGS-1d4","jetpack-related-posts":[{"id":5085,"url":"https:\/\/3joursdecherbourg.fr\/?page_id=5085","url_meta":{"origin":4654,"position":0},"title":"Chrono Montagne 2025","author":"admin3809","date":"28 mai 2025","format":false,"excerpt":"Dans l\u2019attente de l\u2019arriv\u00e9e de la 3\u00e8me \u00e9tape des \u00ab 3 jours de Cherbourg en Cotentin \u00bb, l\u2019Amicale Cycliste a voulu r\u00e9activer l\u2019ancienne mont\u00e9e chronom\u00e9tr\u00e9e de la Montagne du Roule: 1, 1 km \u00e0 9% de moyenne. Dans les ann\u00e9es 60, le prix Schneider \u2013 Andr\u00e9 H\u00e9bert, organis\u00e9 par l\u2019ASC\u2026","rel":"","context":"Article similaire","block_context":{"text":"Article similaire","link":""},"img":{"alt_text":"","src":"https:\/\/i0.wp.com\/3joursdecherbourg.fr\/wp-content\/uploads\/2025\/08\/Copie-de-44-3.png?resize=350%2C200&ssl=1","width":350,"height":200,"srcset":"https:\/\/i0.wp.com\/3joursdecherbourg.fr\/wp-content\/uploads\/2025\/08\/Copie-de-44-3.png?resize=350%2C200&ssl=1 1x, https:\/\/i0.wp.com\/3joursdecherbourg.fr\/wp-content\/uploads\/2025\/08\/Copie-de-44-3.png?resize=525%2C300&ssl=1 1.5x, https:\/\/i0.wp.com\/3joursdecherbourg.fr\/wp-content\/uploads\/2025\/08\/Copie-de-44-3.png?resize=700%2C400&ssl=1 2x, https:\/\/i0.wp.com\/3joursdecherbourg.fr\/wp-content\/uploads\/2025\/08\/Copie-de-44-3.png?resize=1050%2C600&ssl=1 3x, https:\/\/i0.wp.com\/3joursdecherbourg.fr\/wp-content\/uploads\/2025\/08\/Copie-de-44-3.png?resize=1400%2C800&ssl=1 4x"},"classes":[]},{"id":4163,"url":"https:\/\/3joursdecherbourg.fr\/?page_id=4163","url_meta":{"origin":4654,"position":1},"title":"Chrono Montagne 2023","author":"admin3809","date":"7 juillet 2023","format":false,"excerpt":"Dans l\u2019attente de l\u2019arriv\u00e9e de la 3\u00e8me \u00e9tape des \u00ab 3 jours de Cherbourg en Cotentin \u00bb, l\u2019Amicale Cycliste a voulu r\u00e9activer l\u2019ancienne mont\u00e9e chronom\u00e9tr\u00e9e de la Montagne du Roule: 1, 1 km \u00e0 9% de moyenne. Dans les ann\u00e9es 60, le prix Schneider \u2013 Andr\u00e9 H\u00e9bert, organis\u00e9 par l\u2019ASC\u2026","rel":"","context":"Article similaire","block_context":{"text":"Article similaire","link":""},"img":{"alt_text":"delisle raymond","src":"https:\/\/i0.wp.com\/www.lncpro.fr\/user\/textes\/grands-champions\/delisle_raymond.jpg?resize=350%2C200","width":350,"height":200},"classes":[]},{"id":3155,"url":"https:\/\/3joursdecherbourg.fr\/?page_id=3155","url_meta":{"origin":4654,"position":2},"title":"Chrono Montagne 2022","author":"admin3809","date":"20 avril 2022","format":false,"excerpt":"Dans l'attente de l'arriv\u00e9e de la 3\u00e8me \u00e9tape des \"3 jours de Cherbourg en Cotentin\", l'Amicale Cycliste a voulu r\u00e9activer l'ancienne mont\u00e9e chronom\u00e9tr\u00e9e de la Montagne du Roule: 1, 1 km \u00e0 9% de moyenne. Dans les ann\u00e9es 60, le prix Schneider - Andr\u00e9 H\u00e9bert, organis\u00e9 par l'ASC Cyclisme, r\u00e9unissait\u2026","rel":"","context":"Article similaire","block_context":{"text":"Article similaire","link":""},"img":{"alt_text":"delisle raymond","src":"https:\/\/i0.wp.com\/www.lncpro.fr\/user\/textes\/grands-champions\/delisle_raymond.jpg?resize=350%2C200","width":350,"height":200},"classes":[]},{"id":2493,"url":"https:\/\/3joursdecherbourg.fr\/?page_id=2493","url_meta":{"origin":4654,"position":3},"title":"Chrono Montagne 2021","author":"admin3809","date":"21 juillet 2021","format":false,"excerpt":"Dans l'attente de l'arriv\u00e9e de la 3\u00e8me \u00e9tape des \"3 jours de Cherbourg en Cotentin\", le dimanche 5 septembre 2021, l'Amicale Cycliste a voulu r\u00e9activer l'ancienne mont\u00e9e chronom\u00e9tr\u00e9e de la Montagne du Roule: 1, 1 km \u00e0 9% de moyenne. Dans les ann\u00e9es 60, le prix Schneider-Andr\u00e9 H\u00e9bert, organis\u00e9 par\u2026","rel":"","context":"Article similaire","block_context":{"text":"Article similaire","link":""},"img":{"alt_text":"delisle raymond","src":"https:\/\/i0.wp.com\/www.lncpro.fr\/user\/textes\/grands-champions\/delisle_raymond.jpg?resize=350%2C200","width":350,"height":200},"classes":[]},{"id":3092,"url":"https:\/\/3joursdecherbourg.fr\/?page_id=3092","url_meta":{"origin":4654,"position":4},"title":"Les r\u00e9sum\u00e9s des \u00e9tapes 2022","author":"admin3809","date":"11 avril 2022","format":false,"excerpt":"1\u00e9re \u00e9tapes (Bretteville - Port-Bail-sur-Mer) Cette \u00e9dition 2022 des 3 jours de Cherbourg en Cotentin a commenc\u00e9 fort par la premi\u00e8re \u00e9tape reliant Bretteville \u00e0 Port-Bail-sur-Mer, cette \u00e9tape longue de 146 kilom\u00e8tres a \u00e9t\u00e9 riche en rebondissements. Le d\u00e9part a \u00e9t\u00e9 marqu\u00e9 par plusieurs probl\u00e8mes m\u00e9caniques et d\u2019une chute dans\u2026","rel":"","context":"Article similaire","block_context":{"text":"Article similaire","link":""},"img":{"alt_text":"","src":"https:\/\/i0.wp.com\/3joursdecherbourg.fr\/wp-content\/uploads\/2022\/09\/IMG_2920-300x200.jpg?resize=350%2C200&ssl=1","width":350,"height":200},"classes":[]},{"id":927,"url":"https:\/\/3joursdecherbourg.fr\/?page_id=927","url_meta":{"origin":4654,"position":5},"title":"Les r\u00e9sultats 2018","author":"admin3809","date":"3 janvier 2018","format":false,"excerpt":"Une troisi\u00e8me \u00e9tape au m\u00eame rythme que les deux autres: effr\u00e9n\u00e9! Des attaques sans cesse, des \u00e9chapp\u00e9es qui ne peuvent prendre du champ, et comme pr\u00e9vu, les derni\u00e8res bosses qui font la diff\u00e9rence. Et c'est Matthieu Burgaudeau, Vend\u00e9e U, qui rafle la mise \u00e0 l'arriv\u00e9e. Au g\u00e9n\u00e9ral, c'est un Cherbourg\u2026","rel":"","context":"Article similaire","block_context":{"text":"Article similaire","link":""},"img":{"alt_text":"","src":"https:\/\/i0.wp.com\/3joursdecherbourg.fr\/wp-content\/uploads\/2018\/09\/DSC_2702.jpg?resize=350%2C200","width":350,"height":200,"srcset":"https:\/\/i0.wp.com\/3joursdecherbourg.fr\/wp-content\/uploads\/2018\/09\/DSC_2702.jpg?resize=350%2C200 1x, https:\/\/i0.wp.com\/3joursdecherbourg.fr\/wp-content\/uploads\/2018\/09\/DSC_2702.jpg?resize=525%2C300 1.5x, https:\/\/i0.wp.com\/3joursdecherbourg.fr\/wp-content\/uploads\/2018\/09\/DSC_2702.jpg?resize=700%2C400 2x, https:\/\/i0.wp.com\/3joursdecherbourg.fr\/wp-content\/uploads\/2018\/09\/DSC_2702.jpg?resize=1050%2C600 3x"},"classes":[]}],"jetpack_likes_enabled":false,"jetpack_sharing_enabled":true,"_links":{"self":[{"href":"https:\/\/3joursdecherbourg.fr\/index.php?rest_route=\/wp\/v2\/pages\/4654","targetHints":{"allow":["GET"]}}],"collection":[{"href":"https:\/\/3joursdecherbourg.fr\/index.php?rest_route=\/wp\/v2\/pages"}],"about":[{"href":"https:\/\/3joursdecherbourg.fr\/index.php?rest_route=\/wp\/v2\/types\/page"}],"author":[{"embeddable":true,"href":"https:\/\/3joursdecherbourg.fr\/index.php?rest_route=\/wp\/v2\/users\/1"}],"replies":[{"embeddable":true,"href":"https:\/\/3joursdecherbourg.fr\/index.php?rest_route=%2Fwp%2Fv2%2Fcomments&post=4654"}],"version-history":[{"count":22,"href":"https:\/\/3joursdecherbourg.fr\/index.php?rest_route=\/wp\/v2\/pages\/4654\/revisions"}],"predecessor-version":[{"id":5199,"href":"https:\/\/3joursdecherbourg.fr\/index.php?rest_route=\/wp\/v2\/pages\/4654\/revisions\/5199"}],"wp:attachment":[{"href":"https:\/\/3joursdecherbourg.fr\/index.php?rest_route=%2Fwp%2Fv2%2Fmedia&parent=4654"}],"curies":[{"name":"wp","href":"https:\/\/api.w.org\/{rel}","templated":true}]}}