{"id":4688,"date":"2024-08-04T11:21:21","date_gmt":"2024-08-04T09:21:21","guid":{"rendered":"https:\/\/3joursdecherbourg.fr\/?page_id=4688"},"modified":"2024-08-15T10:31:51","modified_gmt":"2024-08-15T08:31:51","slug":"1ere-etape-2024","status":"publish","type":"page","link":"https:\/\/3joursdecherbourg.fr\/?page_id=4688","title":{"rendered":"1\u00e8re \u00e9tape 2024"},"content":{"rendered":"<a href=\"https:\/\/3joursdecherbourg.fr\/wp-content\/uploads\/2024\/08\/1ere-etape-2024-163.pdf\" class=\"pdfemb-viewer\" style=\"\" data-width=\"max\" data-height=\"max\" data-toolbar=\"bottom\" data-toolbar-fixed=\"off\">1ere-etape-2024-163<\/a>\n\n<a href=\"https:\/\/3joursdecherbourg.fr\/wp-content\/uploads\/2024\/08\/1ere-etape-2024-circuits-arrivee.pdf\" class=\"pdfemb-viewer\" style=\"\" data-width=\"max\" data-height=\"max\" data-toolbar=\"bottom\" data-toolbar-fixed=\"off\">1ere-etape-2024-circuits-arrivee<\/a>\n\n<p><img data-recalc-dims=\"1\" loading=\"lazy\" decoding=\"async\" data-attachment-id=\"4733\" data-permalink=\"https:\/\/3joursdecherbourg.fr\/?attachment_id=4733\" data-orig-file=\"https:\/\/i0.wp.com\/3joursdecherbourg.fr\/wp-content\/uploads\/2024\/08\/Feuille-de-route-1e-etape-2024-163-simplifiee.jpg?fit=1006%2C1374&amp;ssl=1\" data-orig-size=\"1006,1374\" data-comments-opened=\"1\" data-image-meta=\"{&quot;aperture&quot;:&quot;0&quot;,&quot;credit&quot;:&quot;&quot;,&quot;camera&quot;:&quot;&quot;,&quot;caption&quot;:&quot;&quot;,&quot;created_timestamp&quot;:&quot;0&quot;,&quot;copyright&quot;:&quot;&quot;,&quot;focal_length&quot;:&quot;0&quot;,&quot;iso&quot;:&quot;0&quot;,&quot;shutter_speed&quot;:&quot;0&quot;,&quot;title&quot;:&quot;&quot;,&quot;orientation&quot;:&quot;0&quot;}\" data-image-title=\"Feuille de route 1e \u00e9tape 2024-163 simplifi\u00e9e\" data-image-description=\"\" data-image-caption=\"\" data-medium-file=\"https:\/\/i0.wp.com\/3joursdecherbourg.fr\/wp-content\/uploads\/2024\/08\/Feuille-de-route-1e-etape-2024-163-simplifiee.jpg?fit=220%2C300&amp;ssl=1\" data-large-file=\"https:\/\/i0.wp.com\/3joursdecherbourg.fr\/wp-content\/uploads\/2024\/08\/Feuille-de-route-1e-etape-2024-163-simplifiee.jpg?fit=640%2C874&amp;ssl=1\" class=\"alignleft size-full wp-image-4733\" src=\"https:\/\/i0.wp.com\/3joursdecherbourg.fr\/wp-content\/uploads\/2024\/08\/Feuille-de-route-1e-etape-2024-163-simplifiee.jpg?resize=640%2C874&#038;ssl=1\" alt=\"\" width=\"640\" height=\"874\" srcset=\"https:\/\/i0.wp.com\/3joursdecherbourg.fr\/wp-content\/uploads\/2024\/08\/Feuille-de-route-1e-etape-2024-163-simplifiee.jpg?w=1006&amp;ssl=1 1006w, https:\/\/i0.wp.com\/3joursdecherbourg.fr\/wp-content\/uploads\/2024\/08\/Feuille-de-route-1e-etape-2024-163-simplifiee.jpg?resize=220%2C300&amp;ssl=1 220w, https:\/\/i0.wp.com\/3joursdecherbourg.fr\/wp-content\/uploads\/2024\/08\/Feuille-de-route-1e-etape-2024-163-simplifiee.jpg?resize=750%2C1024&amp;ssl=1 750w, https:\/\/i0.wp.com\/3joursdecherbourg.fr\/wp-content\/uploads\/2024\/08\/Feuille-de-route-1e-etape-2024-163-simplifiee.jpg?resize=768%2C1049&amp;ssl=1 768w\" sizes=\"auto, (max-width: 640px) 100vw, 640px\" \/><\/p>","protected":false},"excerpt":{"rendered":"","protected":false},"author":1,"featured_media":0,"parent":0,"menu_order":0,"comment_status":"closed","ping_status":"closed","template":"","meta":{"footnotes":""},"class_list":["post-4688","page","type-page","status-publish","hentry"],"jetpack_shortlink":"https:\/\/wp.me\/P8fpGS-1dC","jetpack-related-posts":[{"id":4791,"url":"https:\/\/3joursdecherbourg.fr\/?page_id=4791","url_meta":{"origin":4688,"position":0},"title":"Les r\u00e9sultats 1\u00e8re \u00e9tape 2024","author":"admin3809","date":"30 ao\u00fbt 2024","format":false,"excerpt":"","rel":"","context":"Article similaire","block_context":{"text":"Article similaire","link":""},"img":{"alt_text":"","src":"","width":0,"height":0},"classes":[]},{"id":4800,"url":"https:\/\/3joursdecherbourg.fr\/?page_id=4800","url_meta":{"origin":4688,"position":1},"title":"Les photos 1\u00e8re \u00e9tape 2024","author":"admin3809","date":"31 ao\u00fbt 2024","format":false,"excerpt":"","rel":"","context":"Article similaire","block_context":{"text":"Article similaire","link":""},"img":{"alt_text":"","src":"https:\/\/i0.wp.com\/3joursdecherbourg.fr\/wp-content\/uploads\/2024\/08\/DSC_4611-1.jpg?resize=350%2C200","width":350,"height":200,"srcset":"https:\/\/i0.wp.com\/3joursdecherbourg.fr\/wp-content\/uploads\/2024\/08\/DSC_4611-1.jpg?resize=350%2C200 1x, https:\/\/i0.wp.com\/3joursdecherbourg.fr\/wp-content\/uploads\/2024\/08\/DSC_4611-1.jpg?resize=525%2C300 1.5x, https:\/\/i0.wp.com\/3joursdecherbourg.fr\/wp-content\/uploads\/2024\/08\/DSC_4611-1.jpg?resize=700%2C400 2x, https:\/\/i0.wp.com\/3joursdecherbourg.fr\/wp-content\/uploads\/2024\/08\/DSC_4611-1.jpg?resize=1050%2C600 3x, https:\/\/i0.wp.com\/3joursdecherbourg.fr\/wp-content\/uploads\/2024\/08\/DSC_4611-1.jpg?resize=1400%2C800 4x"},"classes":[]},{"id":5081,"url":"https:\/\/3joursdecherbourg.fr\/?page_id=5081","url_meta":{"origin":4688,"position":2},"title":"1\u00e8re \u00e9tape 2025","author":"admin3809","date":"28 mai 2025","format":false,"excerpt":"R\u00c9SUM\u00c9 : https:\/\/youtu.be\/rU1dnD_Sxh0 https:\/\/youtu.be\/W55r7pJJPnM TRAC\u00c9S GPX : https:\/\/drive.google.com\/drive\/folders\/18HOh64HG5j7vGjt3lpY5BieSabbufVwx?usp=share_link","rel":"","context":"Article similaire","block_context":{"text":"Article similaire","link":""},"img":{"alt_text":"","src":"https:\/\/i0.wp.com\/img.youtube.com\/vi\/rU1dnD_Sxh0\/0.jpg?resize=350%2C200","width":350,"height":200},"classes":[]},{"id":1579,"url":"https:\/\/3joursdecherbourg.fr\/?page_id=1579","url_meta":{"origin":4688,"position":3},"title":"1\u00e8re \u00e9tape 2019","author":"admin3809","date":"22 f\u00e9vrier 2019","format":false,"excerpt":"On ne change pas une \"\u00e9tape\" qui gagne! Les changements apport\u00e9s l'an dernier ont \u00e9t\u00e9 appr\u00e9ci\u00e9s par les coureurs, les suiveurs et sans doute les nombreux spectateurs pr\u00e9sents le long des routes de cette premi\u00e8re \u00e9tape. La mont\u00e9e de Beauvais, d\u00e8s le 33\u00e8me kilom\u00e8tre \u00e9tire le peloton sur les routes\u2026","rel":"","context":"Article similaire","block_context":{"text":"Article similaire","link":""},"img":{"alt_text":"","src":"https:\/\/i0.wp.com\/3joursdecherbourg.fr\/wp-content\/uploads\/2019\/07\/DSC_2451-300x199.jpg?resize=350%2C200","width":350,"height":200},"classes":[]},{"id":919,"url":"https:\/\/3joursdecherbourg.fr\/?page_id=919","url_meta":{"origin":4688,"position":4},"title":"1\u00e8re \u00e9tape 2018","author":"admin3809","date":"3 janvier 2018","format":false,"excerpt":"Du changement cette ann\u00e9e dans cette premi\u00e8re \u00e9tape du Val-de-Saire, avec la mont\u00e9e de la c\u00f4te de Beauvais, \u00e0 Morsaline. La parcours s'effectue ensuite \u00e0 l'envers des ann\u00e9es pr\u00e9c\u00e9dentes, par Montebourg, Le Ham, Pont-l'Abb\u00e9, Sainte-M\u00e8re-Eglise, Quettehou\u2026 Une modification \u00e9galement apr\u00e8s la c\u00f4te du Vast, par le passage \u00e0 Brillevast afin\u2026","rel":"","context":"Article similaire","block_context":{"text":"Article similaire","link":""},"img":{"alt_text":"","src":"https:\/\/i0.wp.com\/3joursdecherbourg.fr\/wp-content\/uploads\/2018\/05\/C%C3%A9dric-Delaplace.jpg?resize=350%2C200","width":350,"height":200},"classes":[]},{"id":93,"url":"https:\/\/3joursdecherbourg.fr\/?page_id=93","url_meta":{"origin":4688,"position":5},"title":"1\u00e8re \u00e9tape 2017","author":"admin3809","date":"24 d\u00e9cembre 2016","format":false,"excerpt":"La traditionnelle \u00e9tape du Val-de-Saire garde sa configuration \u00e9trenn\u00e9e l'an dernier. Un trac\u00e9 champ\u00eatre qui marie la beaut\u00e9 de la c\u00f4te Est du Cotentin avec les verts p\u00e2turages du bocage Normand. Mais les coureurs sont rappel\u00e9s \u00e0 la r\u00e9alit\u00e9 de la course par les c\u00f4tes de la Pernelle et du\u2026","rel":"","context":"Article similaire","block_context":{"text":"Article similaire","link":""},"img":{"alt_text":"","src":"https:\/\/i0.wp.com\/3joursdecherbourg.fr\/wp-content\/uploads\/2016\/12\/3-jours-de-cherbourg-2014-361-52-300x200.jpg?resize=350%2C200","width":350,"height":200},"classes":[]}],"jetpack_likes_enabled":false,"jetpack_sharing_enabled":true,"_links":{"self":[{"href":"https:\/\/3joursdecherbourg.fr\/index.php?rest_route=\/wp\/v2\/pages\/4688","targetHints":{"allow":["GET"]}}],"collection":[{"href":"https:\/\/3joursdecherbourg.fr\/index.php?rest_route=\/wp\/v2\/pages"}],"about":[{"href":"https:\/\/3joursdecherbourg.fr\/index.php?rest_route=\/wp\/v2\/types\/page"}],"author":[{"embeddable":true,"href":"https:\/\/3joursdecherbourg.fr\/index.php?rest_route=\/wp\/v2\/users\/1"}],"replies":[{"embeddable":true,"href":"https:\/\/3joursdecherbourg.fr\/index.php?rest_route=%2Fwp%2Fv2%2Fcomments&post=4688"}],"version-history":[{"count":13,"href":"https:\/\/3joursdecherbourg.fr\/index.php?rest_route=\/wp\/v2\/pages\/4688\/revisions"}],"predecessor-version":[{"id":4734,"href":"https:\/\/3joursdecherbourg.fr\/index.php?rest_route=\/wp\/v2\/pages\/4688\/revisions\/4734"}],"wp:attachment":[{"href":"https:\/\/3joursdecherbourg.fr\/index.php?rest_route=%2Fwp%2Fv2%2Fmedia&parent=4688"}],"curies":[{"name":"wp","href":"https:\/\/api.w.org\/{rel}","templated":true}]}}