{"id":4707,"date":"2024-08-04T11:58:35","date_gmt":"2024-08-04T09:58:35","guid":{"rendered":"https:\/\/3joursdecherbourg.fr\/?page_id=4707"},"modified":"2024-08-15T10:54:19","modified_gmt":"2024-08-15T08:54:19","slug":"2eme-etape-2024","status":"publish","type":"page","link":"https:\/\/3joursdecherbourg.fr\/?page_id=4707","title":{"rendered":"2\u00e8me \u00e9tape 2024"},"content":{"rendered":"<a href=\"https:\/\/3joursdecherbourg.fr\/wp-content\/uploads\/2024\/08\/2e-etape-2024-166.pdf\" class=\"pdfemb-viewer\" style=\"\" data-width=\"max\" data-height=\"max\" data-toolbar=\"bottom\" data-toolbar-fixed=\"off\">2e-etape-2024-166<\/a>\n\n<a href=\"https:\/\/3joursdecherbourg.fr\/wp-content\/uploads\/2024\/08\/2e-etape-2024-circuit-arrivee.pdf\" class=\"pdfemb-viewer\" style=\"\" data-width=\"max\" data-height=\"max\" data-toolbar=\"bottom\" data-toolbar-fixed=\"off\">2e-etape-2024-circuit-arrivee<\/a>\n\n<p><img data-recalc-dims=\"1\" loading=\"lazy\" decoding=\"async\" data-attachment-id=\"4735\" data-permalink=\"https:\/\/3joursdecherbourg.fr\/?attachment_id=4735\" data-orig-file=\"https:\/\/i0.wp.com\/3joursdecherbourg.fr\/wp-content\/uploads\/2024\/08\/Feuille-de-route-2eme-etape-2024-166-simplifiee.jpg?fit=1041%2C1646&amp;ssl=1\" data-orig-size=\"1041,1646\" data-comments-opened=\"1\" data-image-meta=\"{&quot;aperture&quot;:&quot;0&quot;,&quot;credit&quot;:&quot;&quot;,&quot;camera&quot;:&quot;&quot;,&quot;caption&quot;:&quot;&quot;,&quot;created_timestamp&quot;:&quot;0&quot;,&quot;copyright&quot;:&quot;&quot;,&quot;focal_length&quot;:&quot;0&quot;,&quot;iso&quot;:&quot;0&quot;,&quot;shutter_speed&quot;:&quot;0&quot;,&quot;title&quot;:&quot;&quot;,&quot;orientation&quot;:&quot;0&quot;}\" data-image-title=\"Feuille de route 2\u00e8me \u00e9tape 2024-166 simplifi\u00e9e\" data-image-description=\"\" data-image-caption=\"\" data-medium-file=\"https:\/\/i0.wp.com\/3joursdecherbourg.fr\/wp-content\/uploads\/2024\/08\/Feuille-de-route-2eme-etape-2024-166-simplifiee.jpg?fit=190%2C300&amp;ssl=1\" data-large-file=\"https:\/\/i0.wp.com\/3joursdecherbourg.fr\/wp-content\/uploads\/2024\/08\/Feuille-de-route-2eme-etape-2024-166-simplifiee.jpg?fit=640%2C1011&amp;ssl=1\" class=\"alignleft size-full wp-image-4735\" src=\"https:\/\/i0.wp.com\/3joursdecherbourg.fr\/wp-content\/uploads\/2024\/08\/Feuille-de-route-2eme-etape-2024-166-simplifiee.jpg?resize=640%2C1012&#038;ssl=1\" alt=\"\" width=\"640\" height=\"1012\" srcset=\"https:\/\/i0.wp.com\/3joursdecherbourg.fr\/wp-content\/uploads\/2024\/08\/Feuille-de-route-2eme-etape-2024-166-simplifiee.jpg?w=1041&amp;ssl=1 1041w, https:\/\/i0.wp.com\/3joursdecherbourg.fr\/wp-content\/uploads\/2024\/08\/Feuille-de-route-2eme-etape-2024-166-simplifiee.jpg?resize=190%2C300&amp;ssl=1 190w, https:\/\/i0.wp.com\/3joursdecherbourg.fr\/wp-content\/uploads\/2024\/08\/Feuille-de-route-2eme-etape-2024-166-simplifiee.jpg?resize=648%2C1024&amp;ssl=1 648w, https:\/\/i0.wp.com\/3joursdecherbourg.fr\/wp-content\/uploads\/2024\/08\/Feuille-de-route-2eme-etape-2024-166-simplifiee.jpg?resize=768%2C1214&amp;ssl=1 768w, https:\/\/i0.wp.com\/3joursdecherbourg.fr\/wp-content\/uploads\/2024\/08\/Feuille-de-route-2eme-etape-2024-166-simplifiee.jpg?resize=971%2C1536&amp;ssl=1 971w\" sizes=\"auto, (max-width: 640px) 100vw, 640px\" \/><\/p>","protected":false},"excerpt":{"rendered":"","protected":false},"author":1,"featured_media":0,"parent":0,"menu_order":0,"comment_status":"closed","ping_status":"closed","template":"","meta":{"footnotes":""},"class_list":["post-4707","page","type-page","status-publish","hentry"],"jetpack_shortlink":"https:\/\/wp.me\/P8fpGS-1dV","jetpack-related-posts":[{"id":5573,"url":"https:\/\/3joursdecherbourg.fr\/?page_id=5573","url_meta":{"origin":4707,"position":0},"title":"2\u00e8me \u00e9tape","author":"admin3809","date":"14 d\u00e9cembre 2025","format":false,"excerpt":"","rel":"","context":"Article similaire","block_context":{"text":"Article similaire","link":""},"img":{"alt_text":"","src":"","width":0,"height":0},"classes":[]},{"id":5082,"url":"https:\/\/3joursdecherbourg.fr\/?page_id=5082","url_meta":{"origin":4707,"position":1},"title":"2\u00e8me \u00e9tape 2025","author":"admin3809","date":"28 mai 2025","format":false,"excerpt":"https:\/\/youtu.be\/8dTyLmTvaQQ https:\/\/youtu.be\/5FvxSeg4Edo TRAC\u00c9S GPX : https:\/\/drive.google.com\/drive\/folders\/18HOh64HG5j7vGjt3lpY5BieSabbufVwx?usp=share_link","rel":"","context":"Article similaire","block_context":{"text":"Article similaire","link":""},"img":{"alt_text":"","src":"https:\/\/i0.wp.com\/img.youtube.com\/vi\/8dTyLmTvaQQ\/0.jpg?resize=350%2C200","width":350,"height":200},"classes":[]},{"id":1581,"url":"https:\/\/3joursdecherbourg.fr\/?page_id=1581","url_meta":{"origin":4707,"position":2},"title":"2\u00e8me \u00e9tape 2019","author":"admin3809","date":"22 f\u00e9vrier 2019","format":false,"excerpt":"Une deuxi\u00e8me \u00e9tape difficile qui monte et descend sans cesse. Les bosses sont courtes, 1 \u00e0 2 km tout au plus, mais raides. C'est une \u00e9tape qui permet \u00e0 un puncheur de lever les bras rue Roger Salengro \u00e0 Octeville.","rel":"","context":"Article similaire","block_context":{"text":"Article similaire","link":""},"img":{"alt_text":"","src":"https:\/\/i0.wp.com\/3joursdecherbourg.fr\/wp-content\/uploads\/2019\/07\/DSC_2528-300x199.jpg?resize=350%2C200","width":350,"height":200},"classes":[]},{"id":136,"url":"https:\/\/3joursdecherbourg.fr\/?page_id=136","url_meta":{"origin":4707,"position":3},"title":"Les r\u00e9sultats 2017","author":"admin3809","date":"25 d\u00e9cembre 2016","format":false,"excerpt":"Classements 1\u00e8re \u00e9tape: Etape Grimpeurs Points Equipe Classements 2\u00e8me \u00e9tape: Etape Grimpeurs Points Equipe G\u00e9n\u00e9ral apr\u00e8s la 2\u00e8me \u00e9tape: Etapes Grimpeurs Points Equipe Classements 3\u00e8me \u00e9tape: Etape Grimpeurs Points Equipe G\u00e9n\u00e9ral apr\u00e8s la 3\u00e8me \u00e9tape, classement final: Etapes Grimpeurs Points Equipe \u00a0 \u00a0","rel":"","context":"Article similaire","block_context":{"text":"Article similaire","link":""},"img":{"alt_text":"","src":"","width":0,"height":0},"classes":[]},{"id":4080,"url":"https:\/\/3joursdecherbourg.fr\/?page_id=4080","url_meta":{"origin":4707,"position":4},"title":"2\u00e8me \u00e9tape 2023","author":"admin3809","date":"8 mars 2023","format":false,"excerpt":"https:\/\/youtu.be\/EIvUOdhcAwg?si=ilNhSLQf4j1OCfn6 https:\/\/www.calculitineraires.fr\/index.php?id=1313632#map Un \u00e9tape presque identique \u00e0 l'an dernier. Le seul changement se situe \u00e0 Brix avec la mont\u00e9e directe vers le bourg. 163km \u00e0 parcourir avant de pouvoir esp\u00e9rer lever les bras, comme le Champion de France Matt\u00e9o VERCHER en 2022. Retrouve le circuit sur STRAVA :","rel":"","context":"Article similaire","block_context":{"text":"Article similaire","link":""},"img":{"alt_text":"","src":"https:\/\/i0.wp.com\/img.youtube.com\/vi\/EIvUOdhcAwg\/0.jpg?resize=350%2C200","width":350,"height":200},"classes":[]},{"id":2108,"url":"https:\/\/3joursdecherbourg.fr\/?page_id=2108","url_meta":{"origin":4707,"position":5},"title":"2\u00e8me \u00e9tape 2021","author":"admin3809","date":"2 d\u00e9cembre 2019","format":false,"excerpt":"Pour cette deuxi\u00e8me \u00e9tape 2021, les modifications concernent d'abord un passage pour un point chaud dans le bourg de Flamanville, une mont\u00e9e de Brix par un c\u00f4t\u00e9 diff\u00e9rent et \u00e9galement 2 tours 1\/4 d'un circuit final par la mont\u00e9e des Ragotins. LE TRAJET","rel":"","context":"Article similaire","block_context":{"text":"Article similaire","link":""},"img":{"alt_text":"","src":"https:\/\/i0.wp.com\/3joursdecherbourg.fr\/wp-content\/uploads\/2020\/02\/Catigny.jpg?resize=350%2C200&ssl=1","width":350,"height":200,"srcset":"https:\/\/i0.wp.com\/3joursdecherbourg.fr\/wp-content\/uploads\/2020\/02\/Catigny.jpg?resize=350%2C200&ssl=1 1x, https:\/\/i0.wp.com\/3joursdecherbourg.fr\/wp-content\/uploads\/2020\/02\/Catigny.jpg?resize=525%2C300&ssl=1 1.5x, https:\/\/i0.wp.com\/3joursdecherbourg.fr\/wp-content\/uploads\/2020\/02\/Catigny.jpg?resize=700%2C400&ssl=1 2x"},"classes":[]}],"jetpack_likes_enabled":false,"jetpack_sharing_enabled":true,"_links":{"self":[{"href":"https:\/\/3joursdecherbourg.fr\/index.php?rest_route=\/wp\/v2\/pages\/4707","targetHints":{"allow":["GET"]}}],"collection":[{"href":"https:\/\/3joursdecherbourg.fr\/index.php?rest_route=\/wp\/v2\/pages"}],"about":[{"href":"https:\/\/3joursdecherbourg.fr\/index.php?rest_route=\/wp\/v2\/types\/page"}],"author":[{"embeddable":true,"href":"https:\/\/3joursdecherbourg.fr\/index.php?rest_route=\/wp\/v2\/users\/1"}],"replies":[{"embeddable":true,"href":"https:\/\/3joursdecherbourg.fr\/index.php?rest_route=%2Fwp%2Fv2%2Fcomments&post=4707"}],"version-history":[{"count":2,"href":"https:\/\/3joursdecherbourg.fr\/index.php?rest_route=\/wp\/v2\/pages\/4707\/revisions"}],"predecessor-version":[{"id":4736,"href":"https:\/\/3joursdecherbourg.fr\/index.php?rest_route=\/wp\/v2\/pages\/4707\/revisions\/4736"}],"wp:attachment":[{"href":"https:\/\/3joursdecherbourg.fr\/index.php?rest_route=%2Fwp%2Fv2%2Fmedia&parent=4707"}],"curies":[{"name":"wp","href":"https:\/\/api.w.org\/{rel}","templated":true}]}}