{"id":4791,"date":"2024-08-30T21:56:14","date_gmt":"2024-08-30T19:56:14","guid":{"rendered":"https:\/\/3joursdecherbourg.fr\/?page_id=4791"},"modified":"2024-08-30T21:56:14","modified_gmt":"2024-08-30T19:56:14","slug":"les-resultats-1ere-etape-2024","status":"publish","type":"page","link":"https:\/\/3joursdecherbourg.fr\/?page_id=4791","title":{"rendered":"Les r\u00e9sultats 1\u00e8re \u00e9tape 2024"},"content":{"rendered":"<a href=\"https:\/\/3joursdecherbourg.fr\/wp-content\/uploads\/2024\/08\/ETAPE-1.pdf\" class=\"pdfemb-viewer\" style=\"\" data-width=\"max\" data-height=\"max\" data-toolbar=\"bottom\" data-toolbar-fixed=\"off\">ETAPE-1<\/a>\n\n<a href=\"https:\/\/3joursdecherbourg.fr\/wp-content\/uploads\/2024\/08\/MG-ETAPE-1.pdf\" class=\"pdfemb-viewer\" style=\"\" data-width=\"max\" data-height=\"max\" data-toolbar=\"bottom\" data-toolbar-fixed=\"off\">MG-ETAPE-1<\/a>\n\n<a href=\"https:\/\/3joursdecherbourg.fr\/wp-content\/uploads\/2024\/08\/PC-ETAPE-1.pdf\" class=\"pdfemb-viewer\" style=\"\" data-width=\"max\" data-height=\"max\" data-toolbar=\"bottom\" data-toolbar-fixed=\"off\">PC-ETAPE-1<\/a>","protected":false},"excerpt":{"rendered":"","protected":false},"author":1,"featured_media":0,"parent":0,"menu_order":0,"comment_status":"closed","ping_status":"closed","template":"","meta":{"footnotes":""},"class_list":["post-4791","page","type-page","status-publish","hentry"],"jetpack_shortlink":"https:\/\/wp.me\/P8fpGS-1fh","jetpack-related-posts":[{"id":908,"url":"https:\/\/3joursdecherbourg.fr\/?page_id=908","url_meta":{"origin":4791,"position":0},"title":"Les 3 jours 2018","author":"admin3809","date":"3 janvier 2018","format":false,"excerpt":"Organisation g\u00e9n\u00e9rale Les \u00e9quipes engag\u00e9es 1\u00e8re \u00e9tape 2\u00e8me \u00e9tape 3\u00e8me \u00e9tape Classements annexes Les r\u00e9sultats","rel":"","context":"Article similaire","block_context":{"text":"Article similaire","link":""},"img":{"alt_text":"","src":"","width":0,"height":0},"classes":[]},{"id":136,"url":"https:\/\/3joursdecherbourg.fr\/?page_id=136","url_meta":{"origin":4791,"position":1},"title":"Les r\u00e9sultats 2017","author":"admin3809","date":"25 d\u00e9cembre 2016","format":false,"excerpt":"Classements 1\u00e8re \u00e9tape: Etape Grimpeurs Points Equipe Classements 2\u00e8me \u00e9tape: Etape Grimpeurs Points Equipe G\u00e9n\u00e9ral apr\u00e8s la 2\u00e8me \u00e9tape: Etapes Grimpeurs Points Equipe Classements 3\u00e8me \u00e9tape: Etape Grimpeurs Points Equipe G\u00e9n\u00e9ral apr\u00e8s la 3\u00e8me \u00e9tape, classement final: Etapes Grimpeurs Points Equipe \u00a0 \u00a0","rel":"","context":"Article similaire","block_context":{"text":"Article similaire","link":""},"img":{"alt_text":"","src":"","width":0,"height":0},"classes":[]},{"id":4800,"url":"https:\/\/3joursdecherbourg.fr\/?page_id=4800","url_meta":{"origin":4791,"position":2},"title":"Les photos 1\u00e8re \u00e9tape 2024","author":"admin3809","date":"31 ao\u00fbt 2024","format":false,"excerpt":"","rel":"","context":"Article similaire","block_context":{"text":"Article similaire","link":""},"img":{"alt_text":"","src":"https:\/\/i0.wp.com\/3joursdecherbourg.fr\/wp-content\/uploads\/2024\/08\/DSC_4611-1.jpg?resize=350%2C200","width":350,"height":200,"srcset":"https:\/\/i0.wp.com\/3joursdecherbourg.fr\/wp-content\/uploads\/2024\/08\/DSC_4611-1.jpg?resize=350%2C200 1x, https:\/\/i0.wp.com\/3joursdecherbourg.fr\/wp-content\/uploads\/2024\/08\/DSC_4611-1.jpg?resize=525%2C300 1.5x, https:\/\/i0.wp.com\/3joursdecherbourg.fr\/wp-content\/uploads\/2024\/08\/DSC_4611-1.jpg?resize=700%2C400 2x, https:\/\/i0.wp.com\/3joursdecherbourg.fr\/wp-content\/uploads\/2024\/08\/DSC_4611-1.jpg?resize=1050%2C600 3x, https:\/\/i0.wp.com\/3joursdecherbourg.fr\/wp-content\/uploads\/2024\/08\/DSC_4611-1.jpg?resize=1400%2C800 4x"},"classes":[]},{"id":4858,"url":"https:\/\/3joursdecherbourg.fr\/?page_id=4858","url_meta":{"origin":4791,"position":3},"title":"Les r\u00e9sultats 2e \u00e9tape 2024","author":"admin3809","date":"31 ao\u00fbt 2024","format":false,"excerpt":"","rel":"","context":"Article similaire","block_context":{"text":"Article similaire","link":""},"img":{"alt_text":"","src":"","width":0,"height":0},"classes":[]},{"id":4917,"url":"https:\/\/3joursdecherbourg.fr\/?page_id=4917","url_meta":{"origin":4791,"position":4},"title":"Les r\u00e9sultats 3e \u00e9tape 2024","author":"admin3809","date":"1 septembre 2024","format":false,"excerpt":"","rel":"","context":"Article similaire","block_context":{"text":"Article similaire","link":""},"img":{"alt_text":"","src":"","width":0,"height":0},"classes":[]},{"id":2898,"url":"https:\/\/3joursdecherbourg.fr\/?page_id=2898","url_meta":{"origin":4791,"position":5},"title":"Les r\u00e9sultats 2021","author":"admin3809","date":"3 septembre 2021","format":false,"excerpt":"\u00a0 3\u00e8me \u00e9tape:\u00a0 Un sc\u00e9nario identique \u00e0 la veille avec une \u00e9chapp\u00e9e au long cours rattrap\u00e9e sur le tard. Quelque secondes d'avances auront suffi pour d\u00e9signer le vainqueur de la mont\u00e9e du Roule. Cette \u00e9tape disput\u00e9e sous un temps d'abord brumeux s'est termin\u00e9e au grand soleil, devant le millier de\u2026","rel":"","context":"Article similaire","block_context":{"text":"Article similaire","link":""},"img":{"alt_text":"","src":"https:\/\/i0.wp.com\/3joursdecherbourg.fr\/wp-content\/uploads\/2021\/09\/DSC_3143-1024x681.jpg?resize=350%2C200&ssl=1","width":350,"height":200,"srcset":"https:\/\/i0.wp.com\/3joursdecherbourg.fr\/wp-content\/uploads\/2021\/09\/DSC_3143-1024x681.jpg?resize=350%2C200&ssl=1 1x, https:\/\/i0.wp.com\/3joursdecherbourg.fr\/wp-content\/uploads\/2021\/09\/DSC_3143-1024x681.jpg?resize=525%2C300&ssl=1 1.5x"},"classes":[]}],"jetpack_likes_enabled":false,"jetpack_sharing_enabled":true,"_links":{"self":[{"href":"https:\/\/3joursdecherbourg.fr\/index.php?rest_route=\/wp\/v2\/pages\/4791","targetHints":{"allow":["GET"]}}],"collection":[{"href":"https:\/\/3joursdecherbourg.fr\/index.php?rest_route=\/wp\/v2\/pages"}],"about":[{"href":"https:\/\/3joursdecherbourg.fr\/index.php?rest_route=\/wp\/v2\/types\/page"}],"author":[{"embeddable":true,"href":"https:\/\/3joursdecherbourg.fr\/index.php?rest_route=\/wp\/v2\/users\/1"}],"replies":[{"embeddable":true,"href":"https:\/\/3joursdecherbourg.fr\/index.php?rest_route=%2Fwp%2Fv2%2Fcomments&post=4791"}],"version-history":[{"count":1,"href":"https:\/\/3joursdecherbourg.fr\/index.php?rest_route=\/wp\/v2\/pages\/4791\/revisions"}],"predecessor-version":[{"id":4795,"href":"https:\/\/3joursdecherbourg.fr\/index.php?rest_route=\/wp\/v2\/pages\/4791\/revisions\/4795"}],"wp:attachment":[{"href":"https:\/\/3joursdecherbourg.fr\/index.php?rest_route=%2Fwp%2Fv2%2Fmedia&parent=4791"}],"curies":[{"name":"wp","href":"https:\/\/api.w.org\/{rel}","templated":true}]}}