{"id":48,"date":"2016-12-24T18:04:08","date_gmt":"2016-12-24T17:04:08","guid":{"rendered":"http:\/\/3joursdecherbourg.fr\/?page_id=48"},"modified":"2019-12-02T14:33:03","modified_gmt":"2019-12-02T13:33:03","slug":"les-3-jours-2017","status":"publish","type":"page","link":"https:\/\/3joursdecherbourg.fr\/?page_id=48","title":{"rendered":"Les 3 jours 2017"},"content":{"rendered":"<p><a href=\"https:\/\/3joursdecherbourg.fr\/?page_id=77\">Organisation g\u00e9n\u00e9rale<\/a><\/p>\n<p><a href=\"https:\/\/3joursdecherbourg.fr\/?page_id=98\">Les \u00e9quipes engag\u00e9es<\/a><\/p>\n<p><a href=\"https:\/\/3joursdecherbourg.fr\/?page_id=93\">1\u00e8re \u00e9tape<\/a><\/p>\n<p><a href=\"https:\/\/3joursdecherbourg.fr\/?page_id=94\">2\u00e8me \u00e9tape<\/a><\/p>\n<p><a href=\"https:\/\/3joursdecherbourg.fr\/?page_id=95\">3\u00e8me \u00e9tape<\/a><\/p>\n<p><a href=\"https:\/\/3joursdecherbourg.fr\/?page_id=669\">Classements annexes<\/a><\/p>\n<p><a href=\"https:\/\/3joursdecherbourg.fr\/?page_id=136\">G\u00e9n\u00e9ral<\/a><\/p>\n","protected":false},"excerpt":{"rendered":"<p>Organisation g\u00e9n\u00e9rale Les \u00e9quipes engag\u00e9es 1\u00e8re \u00e9tape 2\u00e8me \u00e9tape 3\u00e8me \u00e9tape Classements annexes G\u00e9n\u00e9ral<\/p>\n","protected":false},"author":1,"featured_media":0,"parent":49,"menu_order":0,"comment_status":"closed","ping_status":"closed","template":"","meta":{"footnotes":""},"class_list":["post-48","page","type-page","status-publish","hentry"],"jetpack_shortlink":"https:\/\/wp.me\/P8fpGS-M","jetpack-related-posts":[{"id":908,"url":"https:\/\/3joursdecherbourg.fr\/?page_id=908","url_meta":{"origin":48,"position":0},"title":"Les 3 jours 2018","author":"admin3809","date":"3 janvier 2018","format":false,"excerpt":"Organisation g\u00e9n\u00e9rale Les \u00e9quipes engag\u00e9es 1\u00e8re \u00e9tape 2\u00e8me \u00e9tape 3\u00e8me \u00e9tape Classements annexes Les r\u00e9sultats","rel":"","context":"Article similaire","block_context":{"text":"Article similaire","link":""},"img":{"alt_text":"","src":"","width":0,"height":0},"classes":[]},{"id":136,"url":"https:\/\/3joursdecherbourg.fr\/?page_id=136","url_meta":{"origin":48,"position":1},"title":"Les r\u00e9sultats 2017","author":"admin3809","date":"25 d\u00e9cembre 2016","format":false,"excerpt":"Classements 1\u00e8re \u00e9tape: Etape Grimpeurs Points Equipe Classements 2\u00e8me \u00e9tape: Etape Grimpeurs Points Equipe G\u00e9n\u00e9ral apr\u00e8s la 2\u00e8me \u00e9tape: Etapes Grimpeurs Points Equipe Classements 3\u00e8me \u00e9tape: Etape Grimpeurs Points Equipe G\u00e9n\u00e9ral apr\u00e8s la 3\u00e8me \u00e9tape, classement final: Etapes Grimpeurs Points Equipe \u00a0 \u00a0","rel":"","context":"Article similaire","block_context":{"text":"Article similaire","link":""},"img":{"alt_text":"","src":"","width":0,"height":0},"classes":[]},{"id":2904,"url":"https:\/\/3joursdecherbourg.fr\/?page_id=2904","url_meta":{"origin":48,"position":2},"title":"Classements annexes 2021","author":"admin3809","date":"3 septembre 2021","format":false,"excerpt":"1\u00e8re \u00e9tape 2021: 2\u00e8me \u00e9tape 2021: 3\u00e8me \u00e9tape 2021:","rel":"","context":"Article similaire","block_context":{"text":"Article similaire","link":""},"img":{"alt_text":"","src":"","width":0,"height":0},"classes":[]},{"id":3092,"url":"https:\/\/3joursdecherbourg.fr\/?page_id=3092","url_meta":{"origin":48,"position":3},"title":"Les r\u00e9sum\u00e9s des \u00e9tapes 2022","author":"admin3809","date":"11 avril 2022","format":false,"excerpt":"1\u00e9re \u00e9tapes (Bretteville - Port-Bail-sur-Mer) Cette \u00e9dition 2022 des 3 jours de Cherbourg en Cotentin a commenc\u00e9 fort par la premi\u00e8re \u00e9tape reliant Bretteville \u00e0 Port-Bail-sur-Mer, cette \u00e9tape longue de 146 kilom\u00e8tres a \u00e9t\u00e9 riche en rebondissements. Le d\u00e9part a \u00e9t\u00e9 marqu\u00e9 par plusieurs probl\u00e8mes m\u00e9caniques et d\u2019une chute dans\u2026","rel":"","context":"Article similaire","block_context":{"text":"Article similaire","link":""},"img":{"alt_text":"","src":"https:\/\/i0.wp.com\/3joursdecherbourg.fr\/wp-content\/uploads\/2022\/09\/IMG_2920-300x200.jpg?resize=350%2C200&ssl=1","width":350,"height":200},"classes":[]},{"id":1594,"url":"https:\/\/3joursdecherbourg.fr\/?page_id=1594","url_meta":{"origin":48,"position":4},"title":"Les r\u00e9sultats 2019","author":"admin3809","date":"22 f\u00e9vrier 2019","format":false,"excerpt":"La troisi\u00e8me et derni\u00e8re \u00e9tape a consacr\u00e9 le Team Nantes Atlantique et son jeune coureur, Louis Barr\u00e9 dans la d\u00e9fense de son maillot de leader de l'\u00e9preuve. Apr\u00e8s les premi\u00e8res escarmouches, une \u00e9chapp\u00e9e a pu prendre les devants et rester aux avants postes jusqu'aux difficiles bosses des derniers kilom\u00e8tres. Owen\u2026","rel":"","context":"Article similaire","block_context":{"text":"Article similaire","link":""},"img":{"alt_text":"","src":"https:\/\/i0.wp.com\/3joursdecherbourg.fr\/wp-content\/uploads\/2019\/09\/DSC_2981-300x199.jpg?resize=350%2C200","width":350,"height":200},"classes":[]},{"id":2898,"url":"https:\/\/3joursdecherbourg.fr\/?page_id=2898","url_meta":{"origin":48,"position":5},"title":"Les r\u00e9sultats 2021","author":"admin3809","date":"3 septembre 2021","format":false,"excerpt":"\u00a0 3\u00e8me \u00e9tape:\u00a0 Un sc\u00e9nario identique \u00e0 la veille avec une \u00e9chapp\u00e9e au long cours rattrap\u00e9e sur le tard. Quelque secondes d'avances auront suffi pour d\u00e9signer le vainqueur de la mont\u00e9e du Roule. Cette \u00e9tape disput\u00e9e sous un temps d'abord brumeux s'est termin\u00e9e au grand soleil, devant le millier de\u2026","rel":"","context":"Article similaire","block_context":{"text":"Article similaire","link":""},"img":{"alt_text":"","src":"https:\/\/i0.wp.com\/3joursdecherbourg.fr\/wp-content\/uploads\/2021\/09\/DSC_3143-1024x681.jpg?resize=350%2C200&ssl=1","width":350,"height":200,"srcset":"https:\/\/i0.wp.com\/3joursdecherbourg.fr\/wp-content\/uploads\/2021\/09\/DSC_3143-1024x681.jpg?resize=350%2C200&ssl=1 1x, https:\/\/i0.wp.com\/3joursdecherbourg.fr\/wp-content\/uploads\/2021\/09\/DSC_3143-1024x681.jpg?resize=525%2C300&ssl=1 1.5x"},"classes":[]}],"jetpack_likes_enabled":false,"jetpack_sharing_enabled":true,"_links":{"self":[{"href":"https:\/\/3joursdecherbourg.fr\/index.php?rest_route=\/wp\/v2\/pages\/48","targetHints":{"allow":["GET"]}}],"collection":[{"href":"https:\/\/3joursdecherbourg.fr\/index.php?rest_route=\/wp\/v2\/pages"}],"about":[{"href":"https:\/\/3joursdecherbourg.fr\/index.php?rest_route=\/wp\/v2\/types\/page"}],"author":[{"embeddable":true,"href":"https:\/\/3joursdecherbourg.fr\/index.php?rest_route=\/wp\/v2\/users\/1"}],"replies":[{"embeddable":true,"href":"https:\/\/3joursdecherbourg.fr\/index.php?rest_route=%2Fwp%2Fv2%2Fcomments&post=48"}],"version-history":[{"count":2,"href":"https:\/\/3joursdecherbourg.fr\/index.php?rest_route=\/wp\/v2\/pages\/48\/revisions"}],"predecessor-version":[{"id":677,"href":"https:\/\/3joursdecherbourg.fr\/index.php?rest_route=\/wp\/v2\/pages\/48\/revisions\/677"}],"up":[{"embeddable":true,"href":"https:\/\/3joursdecherbourg.fr\/index.php?rest_route=\/wp\/v2\/pages\/49"}],"wp:attachment":[{"href":"https:\/\/3joursdecherbourg.fr\/index.php?rest_route=%2Fwp%2Fv2%2Fmedia&parent=48"}],"curies":[{"name":"wp","href":"https:\/\/api.w.org\/{rel}","templated":true}]}}