{"id":49,"date":"2016-12-24T18:04:08","date_gmt":"2016-12-24T17:04:08","guid":{"rendered":"http:\/\/3joursdecherbourg.fr\/?page_id=49"},"modified":"2017-08-26T15:12:10","modified_gmt":"2017-08-26T13:12:10","slug":"archives","status":"publish","type":"page","link":"https:\/\/3joursdecherbourg.fr\/?page_id=49","title":{"rendered":"Toute une histoire"},"content":{"rendered":"<p style=\"text-align: center;\"><strong>Historique<\/strong><\/p>\n<p style=\"text-align: right;\"><em>A l\u2019origine <strong>Roger Lani\u00e8ce<\/strong>, <img data-recalc-dims=\"1\" loading=\"lazy\" decoding=\"async\" data-attachment-id=\"201\" data-permalink=\"https:\/\/3joursdecherbourg.fr\/?attachment_id=201\" data-orig-file=\"https:\/\/i0.wp.com\/3joursdecherbourg.fr\/wp-content\/uploads\/2016\/12\/Roger-Lani%C3%A8ce.jpg?fit=494%2C884&amp;ssl=1\" data-orig-size=\"494,884\" data-comments-opened=\"1\" data-image-meta=\"{&quot;aperture&quot;:&quot;0&quot;,&quot;credit&quot;:&quot;&quot;,&quot;camera&quot;:&quot;&quot;,&quot;caption&quot;:&quot;&quot;,&quot;created_timestamp&quot;:&quot;0&quot;,&quot;copyright&quot;:&quot;&quot;,&quot;focal_length&quot;:&quot;0&quot;,&quot;iso&quot;:&quot;0&quot;,&quot;shutter_speed&quot;:&quot;0&quot;,&quot;title&quot;:&quot;&quot;,&quot;orientation&quot;:&quot;0&quot;}\" data-image-title=\"Roger Lani\u00e8ce\" data-image-description=\"\" data-image-caption=\"\" data-medium-file=\"https:\/\/i0.wp.com\/3joursdecherbourg.fr\/wp-content\/uploads\/2016\/12\/Roger-Lani%C3%A8ce.jpg?fit=168%2C300&amp;ssl=1\" data-large-file=\"https:\/\/i0.wp.com\/3joursdecherbourg.fr\/wp-content\/uploads\/2016\/12\/Roger-Lani%C3%A8ce.jpg?fit=494%2C884&amp;ssl=1\" class=\"size-medium wp-image-201 alignleft\" src=\"https:\/\/i0.wp.com\/3joursdecherbourg.fr\/wp-content\/uploads\/2016\/12\/Roger-Lani%C3%A8ce.jpg?resize=168%2C300&#038;ssl=1\" alt=\"\" width=\"168\" height=\"300\" srcset=\"https:\/\/i0.wp.com\/3joursdecherbourg.fr\/wp-content\/uploads\/2016\/12\/Roger-Lani%C3%A8ce.jpg?resize=168%2C300&amp;ssl=1 168w, https:\/\/i0.wp.com\/3joursdecherbourg.fr\/wp-content\/uploads\/2016\/12\/Roger-Lani%C3%A8ce.jpg?w=494&amp;ssl=1 494w\" sizes=\"auto, (max-width: 168px) 100vw, 168px\" \/>longtemps commissaire de courses au niveau national et international, organisateur du Tour de la Manche professionnel dans les ann\u00e9es 50, des r\u00e9unions d\u2019apr\u00e8s Tour de France au v\u00e9lodrome Jean Jaur\u00e8s, grand d\u00e9fenseur du cyclisme pour avoir acc\u00e9d\u00e9 aux plus hautes instances f\u00e9d\u00e9rales, \u00e9voquant un jour avec une certaine nostalgie l\u2019organisation des grandes \u00e9preuves pass\u00e9es et la pauvret\u00e9 pr\u00e9sente, eut envie de cr\u00e9er une \u00e9preuve nouvelle, une \u00e9preuve \u00e0 \u00e9tapes pour amateurs.<\/em><br \/>\n<em>Ancien correspondant sportif de La Presse de la Manche, il soumit le projet \u00e0 Monsieur Louis Darinot, maire de Cherbourg et Maurice Postaire, adjoint aux sports, qui se d\u00e9clar\u00e8rent favorables.<\/em><br \/>\n<em>Fort de cet aval, Roger Lani\u00e8ce demanda \u00e0 Raymond Thomas, alors travaillant pour Sports et Jeux, s\u2019il pensait r\u00e9unir les publicit\u00e9s pour financer l\u2019\u00e9preuve. A l\u2019affirmation de ce dernier, accompagn\u00e9 de <strong>Michel Lani\u00e8ce<\/strong>, son neveu, de <strong>Daniel Desquesnes<\/strong> et <strong>Raymond Thomas<\/strong>, le dossier fut pr\u00e9sent\u00e9 \u00e0 Monsieur Marc Giustiniani, Pr\u00e9sident Directeur G\u00e9n\u00e9ral de la Presse de la Manche, sollicitant son aide et l\u2019appui de journal.<\/em><br \/>\n<em>S\u00e9duit par ce projet, la participation de La Presse de la Manche fut confi\u00e9e au directeur de sports, Marcel Clairet (futur Directeur G\u00e9n\u00e9ral du journal), qui inaugura la cr\u00e9ation du petit journal gratuit support de l\u2019\u00e9preuve, encart\u00e9 et distribu\u00e9 avec le quotidien.<\/em><br \/>\n<em>La premi\u00e8re \u00e9dition eut lieu en septembre 1980, mais ne fut class\u00e9e par \u00e9tapes avec un classement g\u00e9n\u00e9ral qu\u2019en 1982.<\/em><br \/>\n<em>Organis\u00e9e au d\u00e9part par l\u2019A.S. Cherbourg, c\u2019est en 1992 avec la cr\u00e9ation de L\u2019Amicale Cycliste des 3 Jours de Cherbourg que cette derni\u00e8re assurera la continuit\u00e9 de l\u2019\u00e9preuve, en rehaussant l\u2019aspect sportif par la cr\u00e9ation de la remise au vainqueur de chaque \u00e9tape des produits du terroir, ainsi que la corbeille finale attribu\u00e9e, elle, \u00e0 l\u2019\u00e9quipe vainqueur.<\/em><br \/>\n<strong>Raymond THOMAS<\/strong><\/p>\n<p style=\"text-align: right;\"><strong><img data-recalc-dims=\"1\" loading=\"lazy\" decoding=\"async\" data-attachment-id=\"203\" data-permalink=\"https:\/\/3joursdecherbourg.fr\/?attachment_id=203\" data-orig-file=\"https:\/\/i0.wp.com\/3joursdecherbourg.fr\/wp-content\/uploads\/2016\/12\/Daniel-Desquesnes.jpg?fit=569%2C937&amp;ssl=1\" data-orig-size=\"569,937\" data-comments-opened=\"1\" data-image-meta=\"{&quot;aperture&quot;:&quot;0&quot;,&quot;credit&quot;:&quot;&quot;,&quot;camera&quot;:&quot;&quot;,&quot;caption&quot;:&quot;&quot;,&quot;created_timestamp&quot;:&quot;0&quot;,&quot;copyright&quot;:&quot;&quot;,&quot;focal_length&quot;:&quot;0&quot;,&quot;iso&quot;:&quot;0&quot;,&quot;shutter_speed&quot;:&quot;0&quot;,&quot;title&quot;:&quot;&quot;,&quot;orientation&quot;:&quot;0&quot;}\" data-image-title=\"Daniel Desquesnes\" data-image-description=\"\" data-image-caption=\"\" data-medium-file=\"https:\/\/i0.wp.com\/3joursdecherbourg.fr\/wp-content\/uploads\/2016\/12\/Daniel-Desquesnes.jpg?fit=182%2C300&amp;ssl=1\" data-large-file=\"https:\/\/i0.wp.com\/3joursdecherbourg.fr\/wp-content\/uploads\/2016\/12\/Daniel-Desquesnes.jpg?fit=569%2C937&amp;ssl=1\" class=\"size-medium wp-image-203 alignnone\" src=\"https:\/\/i0.wp.com\/3joursdecherbourg.fr\/wp-content\/uploads\/2016\/12\/Daniel-Desquesnes.jpg?resize=182%2C300&#038;ssl=1\" alt=\"\" width=\"182\" height=\"300\" srcset=\"https:\/\/i0.wp.com\/3joursdecherbourg.fr\/wp-content\/uploads\/2016\/12\/Daniel-Desquesnes.jpg?resize=182%2C300&amp;ssl=1 182w, https:\/\/i0.wp.com\/3joursdecherbourg.fr\/wp-content\/uploads\/2016\/12\/Daniel-Desquesnes.jpg?w=569&amp;ssl=1 569w\" sizes=\"auto, (max-width: 182px) 100vw, 182px\" \/><img data-recalc-dims=\"1\" loading=\"lazy\" decoding=\"async\" data-attachment-id=\"204\" data-permalink=\"https:\/\/3joursdecherbourg.fr\/?attachment_id=204\" data-orig-file=\"https:\/\/i0.wp.com\/3joursdecherbourg.fr\/wp-content\/uploads\/2016\/12\/Micher-Lani%C3%A8ce.jpg?fit=520%2C940&amp;ssl=1\" data-orig-size=\"520,940\" data-comments-opened=\"1\" data-image-meta=\"{&quot;aperture&quot;:&quot;0&quot;,&quot;credit&quot;:&quot;&quot;,&quot;camera&quot;:&quot;&quot;,&quot;caption&quot;:&quot;&quot;,&quot;created_timestamp&quot;:&quot;0&quot;,&quot;copyright&quot;:&quot;&quot;,&quot;focal_length&quot;:&quot;0&quot;,&quot;iso&quot;:&quot;0&quot;,&quot;shutter_speed&quot;:&quot;0&quot;,&quot;title&quot;:&quot;&quot;,&quot;orientation&quot;:&quot;0&quot;}\" data-image-title=\"Micher Lani\u00e8ce\" data-image-description=\"\" data-image-caption=\"\" data-medium-file=\"https:\/\/i0.wp.com\/3joursdecherbourg.fr\/wp-content\/uploads\/2016\/12\/Micher-Lani%C3%A8ce.jpg?fit=166%2C300&amp;ssl=1\" data-large-file=\"https:\/\/i0.wp.com\/3joursdecherbourg.fr\/wp-content\/uploads\/2016\/12\/Micher-Lani%C3%A8ce.jpg?fit=520%2C940&amp;ssl=1\" class=\"size-medium wp-image-204 alignnone\" src=\"https:\/\/i0.wp.com\/3joursdecherbourg.fr\/wp-content\/uploads\/2016\/12\/Micher-Lani%C3%A8ce.jpg?resize=166%2C300&#038;ssl=1\" alt=\"\" width=\"166\" height=\"300\" srcset=\"https:\/\/i0.wp.com\/3joursdecherbourg.fr\/wp-content\/uploads\/2016\/12\/Micher-Lani%C3%A8ce.jpg?resize=166%2C300&amp;ssl=1 166w, https:\/\/i0.wp.com\/3joursdecherbourg.fr\/wp-content\/uploads\/2016\/12\/Micher-Lani%C3%A8ce.jpg?w=520&amp;ssl=1 520w\" sizes=\"auto, (max-width: 166px) 100vw, 166px\" \/><img data-recalc-dims=\"1\" loading=\"lazy\" decoding=\"async\" data-attachment-id=\"202\" data-permalink=\"https:\/\/3joursdecherbourg.fr\/?attachment_id=202\" data-orig-file=\"https:\/\/i0.wp.com\/3joursdecherbourg.fr\/wp-content\/uploads\/2016\/12\/Raymond-Thomas.jpg?fit=566%2C937&amp;ssl=1\" data-orig-size=\"566,937\" data-comments-opened=\"1\" data-image-meta=\"{&quot;aperture&quot;:&quot;0&quot;,&quot;credit&quot;:&quot;&quot;,&quot;camera&quot;:&quot;&quot;,&quot;caption&quot;:&quot;&quot;,&quot;created_timestamp&quot;:&quot;0&quot;,&quot;copyright&quot;:&quot;&quot;,&quot;focal_length&quot;:&quot;0&quot;,&quot;iso&quot;:&quot;0&quot;,&quot;shutter_speed&quot;:&quot;0&quot;,&quot;title&quot;:&quot;&quot;,&quot;orientation&quot;:&quot;0&quot;}\" data-image-title=\"Raymond Thomas\" data-image-description=\"\" data-image-caption=\"\" data-medium-file=\"https:\/\/i0.wp.com\/3joursdecherbourg.fr\/wp-content\/uploads\/2016\/12\/Raymond-Thomas.jpg?fit=181%2C300&amp;ssl=1\" data-large-file=\"https:\/\/i0.wp.com\/3joursdecherbourg.fr\/wp-content\/uploads\/2016\/12\/Raymond-Thomas.jpg?fit=566%2C937&amp;ssl=1\" class=\"size-medium wp-image-202 alignnone\" src=\"https:\/\/i0.wp.com\/3joursdecherbourg.fr\/wp-content\/uploads\/2016\/12\/Raymond-Thomas.jpg?resize=181%2C300&#038;ssl=1\" alt=\"\" width=\"181\" height=\"300\" srcset=\"https:\/\/i0.wp.com\/3joursdecherbourg.fr\/wp-content\/uploads\/2016\/12\/Raymond-Thomas.jpg?resize=181%2C300&amp;ssl=1 181w, https:\/\/i0.wp.com\/3joursdecherbourg.fr\/wp-content\/uploads\/2016\/12\/Raymond-Thomas.jpg?w=566&amp;ssl=1 566w\" sizes=\"auto, (max-width: 181px) 100vw, 181px\" \/><\/strong><\/p>\n<p style=\"text-align: right;\">\n","protected":false},"excerpt":{"rendered":"<p>Historique A l\u2019origine Roger Lani\u00e8ce, longtemps commissaire de courses au niveau national et international, organisateur du Tour de la Manche professionnel dans les ann\u00e9es 50, des r\u00e9unions d\u2019apr\u00e8s Tour de France au v\u00e9lodrome Jean Jaur\u00e8s, grand d\u00e9fenseur du cyclisme pour &hellip; <a href=\"https:\/\/3joursdecherbourg.fr\/?page_id=49\">Continuer la lecture <span class=\"meta-nav\">&rarr;<\/span><\/a><\/p>\n","protected":false},"author":1,"featured_media":0,"parent":0,"menu_order":0,"comment_status":"closed","ping_status":"closed","template":"","meta":{"footnotes":""},"class_list":["post-49","page","type-page","status-publish","hentry"],"jetpack_shortlink":"https:\/\/wp.me\/P8fpGS-N","jetpack-related-posts":[{"id":4163,"url":"https:\/\/3joursdecherbourg.fr\/?page_id=4163","url_meta":{"origin":49,"position":0},"title":"Chrono Montagne 2023","author":"admin3809","date":"7 juillet 2023","format":false,"excerpt":"Dans l\u2019attente de l\u2019arriv\u00e9e de la 3\u00e8me \u00e9tape des \u00ab 3 jours de Cherbourg en Cotentin \u00bb, l\u2019Amicale Cycliste a voulu r\u00e9activer l\u2019ancienne mont\u00e9e chronom\u00e9tr\u00e9e de la Montagne du Roule: 1, 1 km \u00e0 9% de moyenne. Dans les ann\u00e9es 60, le prix Schneider \u2013 Andr\u00e9 H\u00e9bert, organis\u00e9 par l\u2019ASC\u2026","rel":"","context":"Article similaire","block_context":{"text":"Article similaire","link":""},"img":{"alt_text":"delisle raymond","src":"https:\/\/i0.wp.com\/www.lncpro.fr\/user\/textes\/grands-champions\/delisle_raymond.jpg?resize=350%2C200","width":350,"height":200},"classes":[]},{"id":5085,"url":"https:\/\/3joursdecherbourg.fr\/?page_id=5085","url_meta":{"origin":49,"position":1},"title":"Chrono Montagne 2025","author":"admin3809","date":"28 mai 2025","format":false,"excerpt":"Dans l\u2019attente de l\u2019arriv\u00e9e de la 3\u00e8me \u00e9tape des \u00ab 3 jours de Cherbourg en Cotentin \u00bb, l\u2019Amicale Cycliste a voulu r\u00e9activer l\u2019ancienne mont\u00e9e chronom\u00e9tr\u00e9e de la Montagne du Roule: 1, 1 km \u00e0 9% de moyenne. Dans les ann\u00e9es 60, le prix Schneider \u2013 Andr\u00e9 H\u00e9bert, organis\u00e9 par l\u2019ASC\u2026","rel":"","context":"Article similaire","block_context":{"text":"Article similaire","link":""},"img":{"alt_text":"","src":"https:\/\/i0.wp.com\/3joursdecherbourg.fr\/wp-content\/uploads\/2025\/08\/Copie-de-44-3.png?resize=350%2C200&ssl=1","width":350,"height":200,"srcset":"https:\/\/i0.wp.com\/3joursdecherbourg.fr\/wp-content\/uploads\/2025\/08\/Copie-de-44-3.png?resize=350%2C200&ssl=1 1x, https:\/\/i0.wp.com\/3joursdecherbourg.fr\/wp-content\/uploads\/2025\/08\/Copie-de-44-3.png?resize=525%2C300&ssl=1 1.5x, https:\/\/i0.wp.com\/3joursdecherbourg.fr\/wp-content\/uploads\/2025\/08\/Copie-de-44-3.png?resize=700%2C400&ssl=1 2x, https:\/\/i0.wp.com\/3joursdecherbourg.fr\/wp-content\/uploads\/2025\/08\/Copie-de-44-3.png?resize=1050%2C600&ssl=1 3x, https:\/\/i0.wp.com\/3joursdecherbourg.fr\/wp-content\/uploads\/2025\/08\/Copie-de-44-3.png?resize=1400%2C800&ssl=1 4x"},"classes":[]},{"id":2493,"url":"https:\/\/3joursdecherbourg.fr\/?page_id=2493","url_meta":{"origin":49,"position":2},"title":"Chrono Montagne 2021","author":"admin3809","date":"21 juillet 2021","format":false,"excerpt":"Dans l'attente de l'arriv\u00e9e de la 3\u00e8me \u00e9tape des \"3 jours de Cherbourg en Cotentin\", le dimanche 5 septembre 2021, l'Amicale Cycliste a voulu r\u00e9activer l'ancienne mont\u00e9e chronom\u00e9tr\u00e9e de la Montagne du Roule: 1, 1 km \u00e0 9% de moyenne. Dans les ann\u00e9es 60, le prix Schneider-Andr\u00e9 H\u00e9bert, organis\u00e9 par\u2026","rel":"","context":"Article similaire","block_context":{"text":"Article similaire","link":""},"img":{"alt_text":"delisle raymond","src":"https:\/\/i0.wp.com\/www.lncpro.fr\/user\/textes\/grands-champions\/delisle_raymond.jpg?resize=350%2C200","width":350,"height":200},"classes":[]},{"id":4654,"url":"https:\/\/3joursdecherbourg.fr\/?page_id=4654","url_meta":{"origin":49,"position":3},"title":"Chrono Montagne 2024","author":"admin3809","date":"24 juillet 2024","format":false,"excerpt":"Dans l\u2019attente de l\u2019arriv\u00e9e de la 3\u00e8me \u00e9tape des \u00ab 3 jours de Cherbourg en Cotentin \u00bb, l\u2019Amicale Cycliste a voulu r\u00e9activer l\u2019ancienne mont\u00e9e chronom\u00e9tr\u00e9e de la Montagne du Roule: 1, 1 km \u00e0 9% de moyenne. Dans les ann\u00e9es 60, le prix Schneider \u2013 Andr\u00e9 H\u00e9bert, organis\u00e9 par l\u2019ASC\u2026","rel":"","context":"Article similaire","block_context":{"text":"Article similaire","link":""},"img":{"alt_text":"delisle raymond","src":"https:\/\/i0.wp.com\/www.lncpro.fr\/user\/textes\/grands-champions\/delisle_raymond.jpg?resize=350%2C200","width":350,"height":200},"classes":[]},{"id":3155,"url":"https:\/\/3joursdecherbourg.fr\/?page_id=3155","url_meta":{"origin":49,"position":4},"title":"Chrono Montagne 2022","author":"admin3809","date":"20 avril 2022","format":false,"excerpt":"Dans l'attente de l'arriv\u00e9e de la 3\u00e8me \u00e9tape des \"3 jours de Cherbourg en Cotentin\", l'Amicale Cycliste a voulu r\u00e9activer l'ancienne mont\u00e9e chronom\u00e9tr\u00e9e de la Montagne du Roule: 1, 1 km \u00e0 9% de moyenne. Dans les ann\u00e9es 60, le prix Schneider - Andr\u00e9 H\u00e9bert, organis\u00e9 par l'ASC Cyclisme, r\u00e9unissait\u2026","rel":"","context":"Article similaire","block_context":{"text":"Article similaire","link":""},"img":{"alt_text":"delisle raymond","src":"https:\/\/i0.wp.com\/www.lncpro.fr\/user\/textes\/grands-champions\/delisle_raymond.jpg?resize=350%2C200","width":350,"height":200},"classes":[]},{"id":2898,"url":"https:\/\/3joursdecherbourg.fr\/?page_id=2898","url_meta":{"origin":49,"position":5},"title":"Les r\u00e9sultats 2021","author":"admin3809","date":"3 septembre 2021","format":false,"excerpt":"\u00a0 3\u00e8me \u00e9tape:\u00a0 Un sc\u00e9nario identique \u00e0 la veille avec une \u00e9chapp\u00e9e au long cours rattrap\u00e9e sur le tard. Quelque secondes d'avances auront suffi pour d\u00e9signer le vainqueur de la mont\u00e9e du Roule. Cette \u00e9tape disput\u00e9e sous un temps d'abord brumeux s'est termin\u00e9e au grand soleil, devant le millier de\u2026","rel":"","context":"Article similaire","block_context":{"text":"Article similaire","link":""},"img":{"alt_text":"","src":"https:\/\/i0.wp.com\/3joursdecherbourg.fr\/wp-content\/uploads\/2021\/09\/DSC_3143-1024x681.jpg?resize=350%2C200&ssl=1","width":350,"height":200,"srcset":"https:\/\/i0.wp.com\/3joursdecherbourg.fr\/wp-content\/uploads\/2021\/09\/DSC_3143-1024x681.jpg?resize=350%2C200&ssl=1 1x, https:\/\/i0.wp.com\/3joursdecherbourg.fr\/wp-content\/uploads\/2021\/09\/DSC_3143-1024x681.jpg?resize=525%2C300&ssl=1 1.5x"},"classes":[]}],"jetpack_likes_enabled":false,"jetpack_sharing_enabled":true,"_links":{"self":[{"href":"https:\/\/3joursdecherbourg.fr\/index.php?rest_route=\/wp\/v2\/pages\/49","targetHints":{"allow":["GET"]}}],"collection":[{"href":"https:\/\/3joursdecherbourg.fr\/index.php?rest_route=\/wp\/v2\/pages"}],"about":[{"href":"https:\/\/3joursdecherbourg.fr\/index.php?rest_route=\/wp\/v2\/types\/page"}],"author":[{"embeddable":true,"href":"https:\/\/3joursdecherbourg.fr\/index.php?rest_route=\/wp\/v2\/users\/1"}],"replies":[{"embeddable":true,"href":"https:\/\/3joursdecherbourg.fr\/index.php?rest_route=%2Fwp%2Fv2%2Fcomments&post=49"}],"version-history":[{"count":6,"href":"https:\/\/3joursdecherbourg.fr\/index.php?rest_route=\/wp\/v2\/pages\/49\/revisions"}],"predecessor-version":[{"id":691,"href":"https:\/\/3joursdecherbourg.fr\/index.php?rest_route=\/wp\/v2\/pages\/49\/revisions\/691"}],"wp:attachment":[{"href":"https:\/\/3joursdecherbourg.fr\/index.php?rest_route=%2Fwp%2Fv2%2Fmedia&parent=49"}],"curies":[{"name":"wp","href":"https:\/\/api.w.org\/{rel}","templated":true}]}}