{"id":4996,"date":"2024-09-02T13:35:29","date_gmt":"2024-09-02T11:35:29","guid":{"rendered":"https:\/\/3joursdecherbourg.fr\/?page_id=4996"},"modified":"2024-09-02T13:35:29","modified_gmt":"2024-09-02T11:35:29","slug":"resultats-chrono-montagne-2024","status":"publish","type":"page","link":"https:\/\/3joursdecherbourg.fr\/?page_id=4996","title":{"rendered":"R\u00e9sultats chrono montagne 2024"},"content":{"rendered":"<a href=\"https:\/\/3joursdecherbourg.fr\/wp-content\/uploads\/2024\/09\/Chrono-2024.pdf\" class=\"pdfemb-viewer\" style=\"\" data-width=\"max\" data-height=\"max\" data-toolbar=\"bottom\" data-toolbar-fixed=\"off\">Chrono-2024<\/a>","protected":false},"excerpt":{"rendered":"","protected":false},"author":1,"featured_media":0,"parent":0,"menu_order":0,"comment_status":"closed","ping_status":"closed","template":"","meta":{"footnotes":""},"class_list":["post-4996","page","type-page","status-publish","hentry"],"jetpack_shortlink":"https:\/\/wp.me\/P8fpGS-1iA","jetpack-related-posts":[{"id":2979,"url":"https:\/\/3joursdecherbourg.fr\/?page_id=2979","url_meta":{"origin":4996,"position":0},"title":"R\u00e9sultats chrono Montagne 2021","author":"admin3809","date":"11 septembre 2021","format":false,"excerpt":"","rel":"","context":"Article similaire","block_context":{"text":"Article similaire","link":""},"img":{"alt_text":"","src":"","width":0,"height":0},"classes":[]},{"id":3687,"url":"https:\/\/3joursdecherbourg.fr\/?page_id=3687","url_meta":{"origin":4996,"position":1},"title":"R\u00e9sultats chrono Montagne 2022","author":"admin3809","date":"5 septembre 2022","format":false,"excerpt":"","rel":"","context":"Article similaire","block_context":{"text":"Article similaire","link":""},"img":{"alt_text":"","src":"","width":0,"height":0},"classes":[]},{"id":2493,"url":"https:\/\/3joursdecherbourg.fr\/?page_id=2493","url_meta":{"origin":4996,"position":2},"title":"Chrono Montagne 2021","author":"admin3809","date":"21 juillet 2021","format":false,"excerpt":"Dans l'attente de l'arriv\u00e9e de la 3\u00e8me \u00e9tape des \"3 jours de Cherbourg en Cotentin\", le dimanche 5 septembre 2021, l'Amicale Cycliste a voulu r\u00e9activer l'ancienne mont\u00e9e chronom\u00e9tr\u00e9e de la Montagne du Roule: 1, 1 km \u00e0 9% de moyenne. Dans les ann\u00e9es 60, le prix Schneider-Andr\u00e9 H\u00e9bert, organis\u00e9 par\u2026","rel":"","context":"Article similaire","block_context":{"text":"Article similaire","link":""},"img":{"alt_text":"delisle raymond","src":"https:\/\/i0.wp.com\/www.lncpro.fr\/user\/textes\/grands-champions\/delisle_raymond.jpg?resize=350%2C200","width":350,"height":200},"classes":[]},{"id":5000,"url":"https:\/\/3joursdecherbourg.fr\/?page_id=5000","url_meta":{"origin":4996,"position":3},"title":"Galerie photos Montagne 2024","author":"admin3809","date":"2 septembre 2024","format":false,"excerpt":"Si vous avez d'autres photos et souhaitez les partager, n'h\u00e9sitez pas \u00e0 nous les transmettre: chrono-montagne@3joursdecherbourg.fr","rel":"","context":"Article similaire","block_context":{"text":"Article similaire","link":""},"img":{"alt_text":"","src":"https:\/\/i0.wp.com\/3joursdecherbourg.fr\/wp-content\/uploads\/2024\/09\/DSC_4724.jpg?resize=350%2C200","width":350,"height":200,"srcset":"https:\/\/i0.wp.com\/3joursdecherbourg.fr\/wp-content\/uploads\/2024\/09\/DSC_4724.jpg?resize=350%2C200 1x, https:\/\/i0.wp.com\/3joursdecherbourg.fr\/wp-content\/uploads\/2024\/09\/DSC_4724.jpg?resize=525%2C300 1.5x, https:\/\/i0.wp.com\/3joursdecherbourg.fr\/wp-content\/uploads\/2024\/09\/DSC_4724.jpg?resize=700%2C400 2x, https:\/\/i0.wp.com\/3joursdecherbourg.fr\/wp-content\/uploads\/2024\/09\/DSC_4724.jpg?resize=1050%2C600 3x, https:\/\/i0.wp.com\/3joursdecherbourg.fr\/wp-content\/uploads\/2024\/09\/DSC_4724.jpg?resize=1400%2C800 4x"},"classes":[]},{"id":5575,"url":"https:\/\/3joursdecherbourg.fr\/?page_id=5575","url_meta":{"origin":4996,"position":4},"title":"Chrono Montagne","author":"admin3809","date":"14 d\u00e9cembre 2025","format":false,"excerpt":"","rel":"","context":"Article similaire","block_context":{"text":"Article similaire","link":""},"img":{"alt_text":"","src":"","width":0,"height":0},"classes":[]},{"id":4219,"url":"https:\/\/3joursdecherbourg.fr\/?page_id=4219","url_meta":{"origin":4996,"position":5},"title":"Chrono Montagne du Roule","author":"admin3809","date":"15 juillet 2023","format":false,"excerpt":"Animations Inscription","rel":"","context":"Article similaire","block_context":{"text":"Article similaire","link":""},"img":{"alt_text":"","src":"","width":0,"height":0},"classes":[]}],"jetpack_likes_enabled":false,"jetpack_sharing_enabled":true,"_links":{"self":[{"href":"https:\/\/3joursdecherbourg.fr\/index.php?rest_route=\/wp\/v2\/pages\/4996","targetHints":{"allow":["GET"]}}],"collection":[{"href":"https:\/\/3joursdecherbourg.fr\/index.php?rest_route=\/wp\/v2\/pages"}],"about":[{"href":"https:\/\/3joursdecherbourg.fr\/index.php?rest_route=\/wp\/v2\/types\/page"}],"author":[{"embeddable":true,"href":"https:\/\/3joursdecherbourg.fr\/index.php?rest_route=\/wp\/v2\/users\/1"}],"replies":[{"embeddable":true,"href":"https:\/\/3joursdecherbourg.fr\/index.php?rest_route=%2Fwp%2Fv2%2Fcomments&post=4996"}],"version-history":[{"count":1,"href":"https:\/\/3joursdecherbourg.fr\/index.php?rest_route=\/wp\/v2\/pages\/4996\/revisions"}],"predecessor-version":[{"id":4998,"href":"https:\/\/3joursdecherbourg.fr\/index.php?rest_route=\/wp\/v2\/pages\/4996\/revisions\/4998"}],"wp:attachment":[{"href":"https:\/\/3joursdecherbourg.fr\/index.php?rest_route=%2Fwp%2Fv2%2Fmedia&parent=4996"}],"curies":[{"name":"wp","href":"https:\/\/api.w.org\/{rel}","templated":true}]}}