{"id":50,"date":"2016-12-24T18:04:08","date_gmt":"2016-12-24T17:04:08","guid":{"rendered":"http:\/\/3joursdecherbourg.fr\/?page_id=50"},"modified":"2018-07-16T15:10:09","modified_gmt":"2018-07-16T13:10:09","slug":"nous-contacter","status":"publish","type":"page","link":"https:\/\/3joursdecherbourg.fr\/?page_id=50","title":{"rendered":"Nous contacter"},"content":{"rendered":"<p>N&rsquo;h\u00e9sitez pas \u00e0\u00a0nous contacter pour toute remarque, information, inscription&#8230;<\/p>\n\n<div class=\"wpcf7 no-js\" id=\"wpcf7-f981-o1\" lang=\"fr-FR\" dir=\"ltr\">\n<div class=\"screen-reader-response\"><p role=\"status\" aria-live=\"polite\" aria-atomic=\"true\"><\/p> <ul><\/ul><\/div>\n<form action=\"\/index.php?rest_route=%2Fwp%2Fv2%2Fpages%2F50#wpcf7-f981-o1\" method=\"post\" class=\"wpcf7-form init\" aria-label=\"Formulaire de contact\" novalidate=\"novalidate\" data-status=\"init\">\n<div style=\"display: none;\">\n<input type=\"hidden\" name=\"_wpcf7\" value=\"981\" \/>\n<input type=\"hidden\" name=\"_wpcf7_version\" value=\"5.7.7\" \/>\n<input type=\"hidden\" name=\"_wpcf7_locale\" value=\"fr_FR\" \/>\n<input type=\"hidden\" name=\"_wpcf7_unit_tag\" value=\"wpcf7-f981-o1\" \/>\n<input type=\"hidden\" name=\"_wpcf7_container_post\" value=\"0\" \/>\n<input type=\"hidden\" name=\"_wpcf7_posted_data_hash\" value=\"\" \/>\n<\/div>\n<p><label> Votre nom (obligatoire)<br \/>\n<span class=\"wpcf7-form-control-wrap\" data-name=\"your-name\"><input size=\"40\" class=\"wpcf7-form-control wpcf7-text wpcf7-validates-as-required\" aria-required=\"true\" aria-invalid=\"false\" value=\"\" type=\"text\" name=\"your-name\" \/><\/span> <\/label>\n<\/p>\n<p><label> Votre adresse de messagerie (obligatoire)<br \/>\n<span class=\"wpcf7-form-control-wrap\" data-name=\"your-email\"><input size=\"40\" class=\"wpcf7-form-control wpcf7-text wpcf7-email wpcf7-validates-as-required wpcf7-validates-as-email\" aria-required=\"true\" aria-invalid=\"false\" value=\"\" type=\"email\" name=\"your-email\" \/><\/span> <\/label>\n<\/p>\n<p><label> Objet<br \/>\n<span class=\"wpcf7-form-control-wrap\" data-name=\"your-subject\"><input size=\"40\" class=\"wpcf7-form-control wpcf7-text\" aria-invalid=\"false\" value=\"\" type=\"text\" name=\"your-subject\" \/><\/span> <\/label>\n<\/p>\n<p><label> Votre message<br \/>\n<span class=\"wpcf7-form-control-wrap\" data-name=\"your-message\"><textarea cols=\"40\" rows=\"10\" class=\"wpcf7-form-control wpcf7-textarea\" aria-invalid=\"false\" name=\"your-message\"><\/textarea><\/span> <\/label>\n<\/p>\n<p><label> Vous \u00eates humain: vous saurez bien r\u00e9pondre \u00e0 la question suivante sur le cyclisme:<br \/>\n<span class=\"wpcf7-form-control-wrap\" data-name=\"quiz-653\"><label><span class=\"wpcf7-quiz-label\">Qui \u00e9tait surnomm\u00e9 Le Cannibale?<\/span> <input size=\"40\" class=\"wpcf7-form-control wpcf7-quiz\" autocomplete=\"off\" aria-required=\"true\" aria-invalid=\"false\" type=\"text\" name=\"quiz-653\" \/><\/label><input type=\"hidden\" name=\"_wpcf7_quiz_answer_quiz-653\" value=\"25e3badf88bedf69cd8e93cfdbbc6c56\" \/><\/span><br \/>\n<input class=\"wpcf7-form-control has-spinner wpcf7-submit\" type=\"submit\" value=\"Envoyer\" \/><\/label>\n<\/p><p style=\"display: none !important;\" class=\"akismet-fields-container\" data-prefix=\"_wpcf7_ak_\"><label>&#916;<textarea name=\"_wpcf7_ak_hp_textarea\" cols=\"45\" rows=\"8\" maxlength=\"100\"><\/textarea><\/label><input type=\"hidden\" id=\"ak_js_1\" name=\"_wpcf7_ak_js\" value=\"41\"\/><script>document.getElementById( \"ak_js_1\" ).setAttribute( \"value\", ( new Date() ).getTime() );<\/script><\/p><div class=\"wpcf7-response-output\" aria-hidden=\"true\"><\/div>\n<\/form>\n<\/div>\n\n","protected":false},"excerpt":{"rendered":"<p>N&rsquo;h\u00e9sitez pas \u00e0\u00a0nous contacter pour toute remarque, information, inscription&#8230;<\/p>\n","protected":false},"author":1,"featured_media":0,"parent":0,"menu_order":0,"comment_status":"closed","ping_status":"closed","template":"","meta":{"footnotes":""},"class_list":["post-50","page","type-page","status-publish","hentry"],"jetpack_shortlink":"https:\/\/wp.me\/P8fpGS-O","jetpack-related-posts":[{"id":2493,"url":"https:\/\/3joursdecherbourg.fr\/?page_id=2493","url_meta":{"origin":50,"position":0},"title":"Chrono Montagne 2021","author":"admin3809","date":"21 juillet 2021","format":false,"excerpt":"Dans l'attente de l'arriv\u00e9e de la 3\u00e8me \u00e9tape des \"3 jours de Cherbourg en Cotentin\", le dimanche 5 septembre 2021, l'Amicale Cycliste a voulu r\u00e9activer l'ancienne mont\u00e9e chronom\u00e9tr\u00e9e de la Montagne du Roule: 1, 1 km \u00e0 9% de moyenne. Dans les ann\u00e9es 60, le prix Schneider-Andr\u00e9 H\u00e9bert, organis\u00e9 par\u2026","rel":"","context":"Article similaire","block_context":{"text":"Article similaire","link":""},"img":{"alt_text":"delisle raymond","src":"https:\/\/i0.wp.com\/www.lncpro.fr\/user\/textes\/grands-champions\/delisle_raymond.jpg?resize=350%2C200","width":350,"height":200},"classes":[]},{"id":3155,"url":"https:\/\/3joursdecherbourg.fr\/?page_id=3155","url_meta":{"origin":50,"position":1},"title":"Chrono Montagne 2022","author":"admin3809","date":"20 avril 2022","format":false,"excerpt":"Dans l'attente de l'arriv\u00e9e de la 3\u00e8me \u00e9tape des \"3 jours de Cherbourg en Cotentin\", l'Amicale Cycliste a voulu r\u00e9activer l'ancienne mont\u00e9e chronom\u00e9tr\u00e9e de la Montagne du Roule: 1, 1 km \u00e0 9% de moyenne. Dans les ann\u00e9es 60, le prix Schneider - Andr\u00e9 H\u00e9bert, organis\u00e9 par l'ASC Cyclisme, r\u00e9unissait\u2026","rel":"","context":"Article similaire","block_context":{"text":"Article similaire","link":""},"img":{"alt_text":"delisle raymond","src":"https:\/\/i0.wp.com\/www.lncpro.fr\/user\/textes\/grands-champions\/delisle_raymond.jpg?resize=350%2C200","width":350,"height":200},"classes":[]},{"id":4654,"url":"https:\/\/3joursdecherbourg.fr\/?page_id=4654","url_meta":{"origin":50,"position":2},"title":"Chrono Montagne 2024","author":"admin3809","date":"24 juillet 2024","format":false,"excerpt":"Dans l\u2019attente de l\u2019arriv\u00e9e de la 3\u00e8me \u00e9tape des \u00ab 3 jours de Cherbourg en Cotentin \u00bb, l\u2019Amicale Cycliste a voulu r\u00e9activer l\u2019ancienne mont\u00e9e chronom\u00e9tr\u00e9e de la Montagne du Roule: 1, 1 km \u00e0 9% de moyenne. Dans les ann\u00e9es 60, le prix Schneider \u2013 Andr\u00e9 H\u00e9bert, organis\u00e9 par l\u2019ASC\u2026","rel":"","context":"Article similaire","block_context":{"text":"Article similaire","link":""},"img":{"alt_text":"delisle raymond","src":"https:\/\/i0.wp.com\/www.lncpro.fr\/user\/textes\/grands-champions\/delisle_raymond.jpg?resize=350%2C200","width":350,"height":200},"classes":[]},{"id":4163,"url":"https:\/\/3joursdecherbourg.fr\/?page_id=4163","url_meta":{"origin":50,"position":3},"title":"Chrono Montagne 2023","author":"admin3809","date":"7 juillet 2023","format":false,"excerpt":"Dans l\u2019attente de l\u2019arriv\u00e9e de la 3\u00e8me \u00e9tape des \u00ab 3 jours de Cherbourg en Cotentin \u00bb, l\u2019Amicale Cycliste a voulu r\u00e9activer l\u2019ancienne mont\u00e9e chronom\u00e9tr\u00e9e de la Montagne du Roule: 1, 1 km \u00e0 9% de moyenne. Dans les ann\u00e9es 60, le prix Schneider \u2013 Andr\u00e9 H\u00e9bert, organis\u00e9 par l\u2019ASC\u2026","rel":"","context":"Article similaire","block_context":{"text":"Article similaire","link":""},"img":{"alt_text":"delisle raymond","src":"https:\/\/i0.wp.com\/www.lncpro.fr\/user\/textes\/grands-champions\/delisle_raymond.jpg?resize=350%2C200","width":350,"height":200},"classes":[]},{"id":5085,"url":"https:\/\/3joursdecherbourg.fr\/?page_id=5085","url_meta":{"origin":50,"position":4},"title":"Chrono Montagne 2025","author":"admin3809","date":"28 mai 2025","format":false,"excerpt":"Dans l\u2019attente de l\u2019arriv\u00e9e de la 3\u00e8me \u00e9tape des \u00ab 3 jours de Cherbourg en Cotentin \u00bb, l\u2019Amicale Cycliste a voulu r\u00e9activer l\u2019ancienne mont\u00e9e chronom\u00e9tr\u00e9e de la Montagne du Roule: 1, 1 km \u00e0 9% de moyenne. Dans les ann\u00e9es 60, le prix Schneider \u2013 Andr\u00e9 H\u00e9bert, organis\u00e9 par l\u2019ASC\u2026","rel":"","context":"Article similaire","block_context":{"text":"Article similaire","link":""},"img":{"alt_text":"","src":"https:\/\/i0.wp.com\/3joursdecherbourg.fr\/wp-content\/uploads\/2025\/08\/Copie-de-44-3.png?resize=350%2C200&ssl=1","width":350,"height":200,"srcset":"https:\/\/i0.wp.com\/3joursdecherbourg.fr\/wp-content\/uploads\/2025\/08\/Copie-de-44-3.png?resize=350%2C200&ssl=1 1x, https:\/\/i0.wp.com\/3joursdecherbourg.fr\/wp-content\/uploads\/2025\/08\/Copie-de-44-3.png?resize=525%2C300&ssl=1 1.5x, https:\/\/i0.wp.com\/3joursdecherbourg.fr\/wp-content\/uploads\/2025\/08\/Copie-de-44-3.png?resize=700%2C400&ssl=1 2x, https:\/\/i0.wp.com\/3joursdecherbourg.fr\/wp-content\/uploads\/2025\/08\/Copie-de-44-3.png?resize=1050%2C600&ssl=1 3x, https:\/\/i0.wp.com\/3joursdecherbourg.fr\/wp-content\/uploads\/2025\/08\/Copie-de-44-3.png?resize=1400%2C800&ssl=1 4x"},"classes":[]},{"id":5000,"url":"https:\/\/3joursdecherbourg.fr\/?page_id=5000","url_meta":{"origin":50,"position":5},"title":"Galerie photos Montagne 2024","author":"admin3809","date":"2 septembre 2024","format":false,"excerpt":"Si vous avez d'autres photos et souhaitez les partager, n'h\u00e9sitez pas \u00e0 nous les transmettre: chrono-montagne@3joursdecherbourg.fr","rel":"","context":"Article similaire","block_context":{"text":"Article similaire","link":""},"img":{"alt_text":"","src":"https:\/\/i0.wp.com\/3joursdecherbourg.fr\/wp-content\/uploads\/2024\/09\/DSC_4724.jpg?resize=350%2C200","width":350,"height":200,"srcset":"https:\/\/i0.wp.com\/3joursdecherbourg.fr\/wp-content\/uploads\/2024\/09\/DSC_4724.jpg?resize=350%2C200 1x, https:\/\/i0.wp.com\/3joursdecherbourg.fr\/wp-content\/uploads\/2024\/09\/DSC_4724.jpg?resize=525%2C300 1.5x, https:\/\/i0.wp.com\/3joursdecherbourg.fr\/wp-content\/uploads\/2024\/09\/DSC_4724.jpg?resize=700%2C400 2x, https:\/\/i0.wp.com\/3joursdecherbourg.fr\/wp-content\/uploads\/2024\/09\/DSC_4724.jpg?resize=1050%2C600 3x, https:\/\/i0.wp.com\/3joursdecherbourg.fr\/wp-content\/uploads\/2024\/09\/DSC_4724.jpg?resize=1400%2C800 4x"},"classes":[]}],"jetpack_likes_enabled":false,"jetpack_sharing_enabled":true,"_links":{"self":[{"href":"https:\/\/3joursdecherbourg.fr\/index.php?rest_route=\/wp\/v2\/pages\/50","targetHints":{"allow":["GET"]}}],"collection":[{"href":"https:\/\/3joursdecherbourg.fr\/index.php?rest_route=\/wp\/v2\/pages"}],"about":[{"href":"https:\/\/3joursdecherbourg.fr\/index.php?rest_route=\/wp\/v2\/types\/page"}],"author":[{"embeddable":true,"href":"https:\/\/3joursdecherbourg.fr\/index.php?rest_route=\/wp\/v2\/users\/1"}],"replies":[{"embeddable":true,"href":"https:\/\/3joursdecherbourg.fr\/index.php?rest_route=%2Fwp%2Fv2%2Fcomments&post=50"}],"version-history":[{"count":6,"href":"https:\/\/3joursdecherbourg.fr\/index.php?rest_route=\/wp\/v2\/pages\/50\/revisions"}],"predecessor-version":[{"id":983,"href":"https:\/\/3joursdecherbourg.fr\/index.php?rest_route=\/wp\/v2\/pages\/50\/revisions\/983"}],"wp:attachment":[{"href":"https:\/\/3joursdecherbourg.fr\/index.php?rest_route=%2Fwp%2Fv2%2Fmedia&parent=50"}],"curies":[{"name":"wp","href":"https:\/\/api.w.org\/{rel}","templated":true}]}}