{"id":5079,"date":"2025-05-28T19:26:42","date_gmt":"2025-05-28T17:26:42","guid":{"rendered":"https:\/\/3joursdecherbourg.fr\/?page_id=5079"},"modified":"2025-08-12T14:38:02","modified_gmt":"2025-08-12T12:38:02","slug":"presentation-2025","status":"publish","type":"page","link":"https:\/\/3joursdecherbourg.fr\/?page_id=5079","title":{"rendered":"Pr\u00e9sentation 2025"},"content":{"rendered":"<p><span style=\"color: #333333;\"><span style=\"font-family: Georgia, Bitstream Charter, serif;\"><span style=\"font-size: large;\"><span style=\"font-size: x-large;\">C&rsquo;est le 45\u00e8me&#8230;<\/span><\/span><\/span><\/span><\/p>\n<p><span style=\"color: #333333;\"><span style=\"font-family: Georgia, Bitstream Charter, serif;\"><span style=\"font-size: large;\"><span style=\"font-size: x-large;\">Oui, 45 ans que les meilleurs cycliste<\/span><\/span><\/span><\/span><span style=\"color: #333333;\"><span style=\"font-family: Georgia, Bitstream Charter, serif;\"><span style=\"font-size: large;\">s<\/span><\/span><\/span><span style=\"color: #333333;\"><span style=\"font-family: Georgia, Bitstream Charter, serif;\"><span style=\"font-size: large;\"> amateurs de France et de l\u2019\u00c9tranger parcourent notre beau Cotentin \u00e0 la recherche de la prestigieuse victoire aux \u00ab\u00a03 jours de Cherbourg en Cotentin.\u00a0\u00bb<\/span><\/span><\/span><\/p>\n<h5><span style=\"color: #333333;\"><span style=\"font-family: Georgia, Bitstream Charter, serif;\"><span style=\"font-size: large;\"><span style=\"font-size: x-large;\">La 44<\/span><\/span><\/span><\/span><span style=\"color: #333333;\"><sup><span style=\"font-family: Georgia, Bitstream Charter, serif;\"><span style=\"font-size: large;\">e<\/span><\/span><\/sup><\/span><span style=\"color: #333333;\"><span style=\"font-family: Georgia, Bitstream Charter, serif;\"><span style=\"font-size: large;\"> \u00e9dition fut fort belle et r\u00e9compensa un \u00ab\u00a0manchois\u00a0\u00bb &#8211; ce n\u2019est pas si souvent \u2013 \u00e0 nouveau vainqueur en Mayenne quelques semaines plus tard. \u00c0 22 ans, Yohann SIMON est promis \u00e0 un bel avenir. On reparlera de lui\u00a0!<\/span><\/span><\/span><\/h5>\n<h5><span style=\"color: #333333;\"><span style=\"font-family: Georgia, Bitstream Charter, serif;\"><span style=\"font-size: large;\"><span style=\"font-size: x-large;\">U<\/span><\/span><\/span><\/span><span style=\"color: #333333;\"><span style=\"font-family: Georgia, Bitstream Charter, serif;\"><span style=\"font-size: large;\">ne belle course donc, avec 129 coureurs au d\u00e9part <\/span><\/span><\/span><span style=\"color: #333333;\"><span style=\"font-family: Georgia, Bitstream Charter, serif;\"><span style=\"font-size: large;\">( 100 \u00e0 l\u2019arriv\u00e9e) <\/span><\/span><\/span><span style=\"color: #333333;\"><span style=\"font-family: Georgia, Bitstream Charter, serif;\"><span style=\"font-size: large;\">r\u00e9partis dans 26 \u00e9quipes, dont les meilleures \u00e9quipes de nationale 1, <\/span><\/span><\/span><span style=\"color: #333333;\"><span style=\"font-family: Georgia, Bitstream Charter, serif;\"><span style=\"font-size: large;\">une \u00e9quipe britannique et une \u00e9quipe belge fid\u00e8les au Cotentin, des \u00e9quipes de nationale 1 et 2 ainsi qu\u2019une s\u00e9lection Normandie.<\/span><\/span><\/span><\/h5>\n<h5><span style=\"color: #333333;\"><span style=\"font-family: Georgia, Bitstream Charter, serif;\"><span style=\"font-size: large;\"><span style=\"font-size: x-large;\">A <\/span><\/span><\/span><\/span><span style=\"color: #333333;\"><span style=\"font-family: Georgia, Bitstream Charter, serif;\"><span style=\"font-size: large;\">nouveau <\/span><\/span><\/span><span style=\"color: #333333;\"><span style=\"font-family: Georgia, Bitstream Charter, serif;\"><span style=\"font-size: large;\">en 2025 <\/span><\/span><\/span><span style=\"color: #333333;\"><span style=\"font-family: Georgia, Bitstream Charter, serif;\"><span style=\"font-size: large;\">nous <\/span><\/span><\/span><span style=\"color: #333333;\"><span style=\"font-family: Georgia, Bitstream Charter, serif;\"><span style=\"font-size: large;\">viserons le 25 \u00e0 30 \u00e9quipes pour 125 \u00e0<\/span><\/span><\/span> <span style=\"color: #333333;\"><span style=\"font-family: Georgia, Bitstream Charter, serif;\"><span style=\"font-size: large;\">150 coureurs pour <\/span><\/span><\/span><span style=\"color: #333333;\"><span style=\"font-family: Georgia, Bitstream Charter, serif;\"><span style=\"font-size: large;\">parcourir <\/span><\/span><\/span><span style=\"color: #333333;\"><span style=\"font-family: Georgia, Bitstream Charter, serif;\"><span style=\"font-size: large;\">les <\/span><\/span><\/span><span style=\"color: #333333;\"><span style=\"font-family: Georgia, Bitstream Charter, serif;\"><span style=\"font-size: large;\">4<\/span><\/span><\/span><span style=\"color: #333333;\"><span style=\"font-family: Georgia, Bitstream Charter, serif;\"><span style=\"font-size: large;\">50<\/span><\/span><\/span><span style=\"color: #333333;\"><span style=\"font-family: Georgia, Bitstream Charter, serif;\"><span style=\"font-size: large;\"> km pr\u00e9vus pour ces trois jours de course. <\/span><\/span><\/span><span style=\"color: #333333;\"><span style=\"font-family: Georgia, Bitstream Charter, serif;\"><span style=\"font-size: large;\">Nous compterons encore sur les meilleures \u00e9quipes<\/span><\/span><\/span><span style=\"color: #333333;\"><span style=\"font-family: Georgia, Bitstream Charter, serif;\"><span style=\"font-size: large;\">, <\/span><\/span><\/span><span style=\"color: #333333;\"><span style=\"font-family: Georgia, Bitstream Charter, serif;\"><span style=\"font-size: large;\">parmi lesquel<\/span><\/span><\/span><span style=\"color: #333333;\"><span style=\"font-family: Georgia, Bitstream Charter, serif;\"><span style=\"font-size: large;\">le<\/span><\/span><\/span><span style=\"color: #333333;\"><span style=\"font-family: Georgia, Bitstream Charter, serif;\"><span style=\"font-size: large;\">s le Team Bricquebec Cotentin qui aura \u00e0 c\u0153ur de <\/span><\/span><\/span><span style=\"color: #333333;\"><span style=\"font-family: Georgia, Bitstream Charter, serif;\"><span style=\"font-size: large;\">montrer le maillot<\/span><\/span><\/span><span style=\"color: #333333;\"><span style=\"font-family: Georgia, Bitstream Charter, serif;\"><span style=\"font-size: large;\">, <\/span><\/span><\/span><span style=\"color: #333333;\"><span style=\"font-family: Georgia, Bitstream Charter, serif;\"><span style=\"font-size: large;\">Moyon et Torigny <\/span><\/span><\/span><span style=\"color: #333333;\"><span style=\"font-family: Georgia, Bitstream Charter, serif;\"><span style=\"font-size: large;\">qui ne s\u2019en laisseront pas compter <\/span><\/span><\/span><span style=\"color: #333333;\"><span style=\"font-family: Georgia, Bitstream Charter, serif;\"><span style=\"font-size: large;\">et Avranches. 6<\/span><\/span><\/span><span style=\"color: #333333;\"><span style=\"font-family: Georgia, Bitstream Charter, serif;\"><span style=\"font-size: large;\"> \u00e9quipes \u00e9trang\u00e8res sont aussi attendues.<\/span><\/span><\/span><\/h5>\n<h5><span style=\"color: #333333;\"><span style=\"font-family: Georgia, Bitstream Charter, serif;\"><span style=\"font-size: large;\">Ce sera une fois de plus, l\u2019un des meilleurs plateaux de cyclisme amateur de France qui, nous l\u2019esp\u00e9rons, drainera des milliers d\u2019amoureux du v\u00e9lo sur les routes de notre beau Cotentin.<\/span><\/span><\/span><\/h5>\n<h5><span style=\"font-size: large;\"><span style=\"color: #333333;\"><span style=\"font-family: Georgia, Bitstream Charter, serif;\">C<\/span><\/span><span style=\"color: #333333;\"><span style=\"font-family: Georgia, Bitstream Charter, serif;\">ette 4<\/span><\/span><span style=\"color: #333333;\"><span style=\"font-family: Georgia, Bitstream Charter, serif;\">5<\/span><\/span><span style=\"color: #333333;\"><span style=\"font-family: Georgia, Bitstream Charter, serif;\">\u00e8me \u00e9dition d<\/span><\/span><span style=\"color: #333333;\"><span style=\"font-family: Georgia, Bitstream Charter, serif;\">es<\/span><\/span><span style=\"color: #333333;\"><span style=\"font-family: Georgia, Bitstream Charter, serif;\"> \u00ab\u00a03 jours de Cherbourg en Cotentin\u00a0\u00bb comptera <\/span><\/span><span style=\"color: #333333;\"><span style=\"font-family: Georgia, Bitstream Charter, serif;\">\u00e0 nouveau <\/span><\/span><span style=\"color: #333333;\"><span style=\"font-family: Georgia, Bitstream Charter, serif;\">pour le <\/span><\/span><span style=\"color: #333333;\"><span style=\"font-family: Georgia, Bitstream Charter, serif;\">Challenge Raymond Poulidor<\/span><\/span><span style=\"color: #333333;\"><span style=\"font-family: Georgia, Bitstream Charter, serif;\">, <\/span><\/span><span style=\"color: #333333;\"><span style=\"font-family: Georgia, Bitstream Charter, serif;\">rassemblant la plupart des grandes \u00e9preuves amateur fran\u00e7aises.<\/span><\/span><\/span><\/h5>\n<h5><span style=\"color: #333333;\"><span style=\"font-family: Georgia, Bitstream Charter, serif;\"><span style=\"font-size: large;\">Au menu des trois \u00e9tapes\u00a0: <\/span><\/span><\/span><\/h5>\n<h5><span style=\"color: #333333;\"><span style=\"font-family: Georgia, Bitstream Charter, serif;\"><span style=\"font-size: large;\">&#8211; Un tour et des d\u00e9tours sur les routes de la Hague pour une arriv\u00e9e \u00e0 Flamanville, apr\u00e8s 145 km de course.<\/span><\/span><\/span><\/h5>\n<h5><span style=\"color: #333333;\"><span style=\"font-family: Georgia, Bitstream Charter, serif;\"><span style=\"font-size: large;\">&#8211; Un tour du Val-de-Saire, au d\u00e9part de Tourlaville, avant trois tours de circuit \u00e0 Octeville pour 159 km.<\/span><\/span><\/span><\/h5>\n<h5><span style=\"color: #333333;\"><span style=\"font-family: Georgia, Bitstream Charter, serif;\"><span style=\"font-size: large;\">&#8211; La Hague, encore mais \u00e0 contre-sens, au d\u00e9part du Jardin Public de Cherbourg, avant l\u2019apoth\u00e9ose de la Montagne du Roule apr\u00e8s 145 km.<\/span><\/span><\/span><\/h5>\n<h5><span style=\"color: #333333;\"><span style=\"font-family: Georgia, Bitstream Charter, serif;\"><span style=\"font-size: large;\">Avec le contre la montre populaire du dimanche \u00e0 la Montagne du Roule, ouvert \u00e0 toutes et tous, c\u2019est assur\u00e9ment le Cyclisme qui sera \u00e0 l\u2019honneur en Cotentin le vendredi 5, samedi 6 et dimanche 7 septembre prochains.<\/span><\/span><\/span><\/h5>\n\n\n<figure class=\"wp-block-embed is-type-video is-provider-youtube wp-block-embed-youtube wp-embed-aspect-16-9 wp-has-aspect-ratio\"><div class=\"wp-block-embed__wrapper\">\n<span class=\"embed-youtube\" style=\"text-align:center; display: block;\"><iframe loading=\"lazy\" class=\"youtube-player\" width=\"640\" height=\"360\" src=\"https:\/\/www.youtube.com\/embed\/COX_hYxlDXI?version=3&#038;rel=1&#038;showsearch=0&#038;showinfo=1&#038;iv_load_policy=1&#038;fs=1&#038;hl=fr-FR&#038;autohide=2&#038;wmode=transparent\" allowfullscreen=\"true\" style=\"border:0;\" sandbox=\"allow-scripts allow-same-origin allow-popups allow-presentation allow-popups-to-escape-sandbox\"><\/iframe><\/span>\n<\/div><\/figure>\n","protected":false},"excerpt":{"rendered":"<p>C&rsquo;est le 45\u00e8me&#8230; Oui, 45 ans que les meilleurs cyclistes amateurs de France et de l\u2019\u00c9tranger parcourent notre beau Cotentin \u00e0 la recherche de la prestigieuse victoire aux \u00ab\u00a03 jours de Cherbourg en Cotentin.\u00a0\u00bb La 44e \u00e9dition fut fort belle &hellip; <a href=\"https:\/\/3joursdecherbourg.fr\/?page_id=5079\">Continuer la lecture <span class=\"meta-nav\">&rarr;<\/span><\/a><\/p>\n","protected":false},"author":1,"featured_media":0,"parent":0,"menu_order":0,"comment_status":"closed","ping_status":"closed","template":"","meta":{"footnotes":""},"class_list":["post-5079","page","type-page","status-publish","hentry"],"jetpack_shortlink":"https:\/\/wp.me\/P8fpGS-1jV","jetpack-related-posts":[{"id":4241,"url":"https:\/\/3joursdecherbourg.fr\/?page_id=4241","url_meta":{"origin":5079,"position":0},"title":"Etape 1","author":"admin3809","date":"15 juillet 2023","format":false,"excerpt":"Victoire de SENICOURT Kylian (PHILIPPE WAGNER CYCLING) C\u2019est sous l\u2019\u00e9motion de la disparition de Johan Paque, directeur sportif du team Bricquebec-en-Cotentin que cette 43\u00e8me \u00e9dition des 3 jours de Cherbourg s\u2019est \u00e9lanc\u00e9e de la mairie de Tourlaville, commune d\u00e9l\u00e9gu\u00e9e de Cherbourg-en-Cotentin.\u00a0 D\u00e8s les premiers kilom\u00e8tres, plusieurs coureurs ont tent\u00e9 de\u2026","rel":"","context":"Article similaire","block_context":{"text":"Article similaire","link":""},"img":{"alt_text":"","src":"https:\/\/i0.wp.com\/3joursdecherbourg.fr\/wp-content\/uploads\/2023\/09\/Capture-decran-2023-09-01-233915.png?resize=350%2C200&ssl=1","width":350,"height":200,"srcset":"https:\/\/i0.wp.com\/3joursdecherbourg.fr\/wp-content\/uploads\/2023\/09\/Capture-decran-2023-09-01-233915.png?resize=350%2C200&ssl=1 1x, https:\/\/i0.wp.com\/3joursdecherbourg.fr\/wp-content\/uploads\/2023\/09\/Capture-decran-2023-09-01-233915.png?resize=525%2C300&ssl=1 1.5x, https:\/\/i0.wp.com\/3joursdecherbourg.fr\/wp-content\/uploads\/2023\/09\/Capture-decran-2023-09-01-233915.png?resize=700%2C400&ssl=1 2x, https:\/\/i0.wp.com\/3joursdecherbourg.fr\/wp-content\/uploads\/2023\/09\/Capture-decran-2023-09-01-233915.png?resize=1050%2C600&ssl=1 3x"},"classes":[]},{"id":5053,"url":"https:\/\/3joursdecherbourg.fr\/","url_meta":{"origin":5079,"position":1},"title":"Accueil","author":"admin3809","date":"28 mai 2025","format":false,"excerpt":"Les 3 Jours de Cherbourg-en-Cotentin reviennent en 2026\u00a0\ud83d\udeb4\u200d\u2642\ufe0f Apr\u00e8s une 45\u1d49 \u00e9dition intense et riche en \u00e9motions, l\u2019\u00e9quipe pr\u00e9pare d\u00e9j\u00e0 la prochaine \u00e9dition. Le site est actuellement en travaux\u00a0afin de vous proposer tr\u00e8s prochainement toutes les informations sur\u00a0l\u2019\u00e9dition 2026\u00a0: parcours, \u00e9quipes, animations et nouveaut\u00e9s. Merci pour votre patience et \u00e0\u2026","rel":"","context":"Article similaire","block_context":{"text":"Article similaire","link":""},"img":{"alt_text":"","src":"https:\/\/i0.wp.com\/img.youtube.com\/vi\/Q_xjKrsfql0\/0.jpg?resize=350%2C200","width":350,"height":200},"classes":[]},{"id":4078,"url":"https:\/\/3joursdecherbourg.fr\/?page_id=4078","url_meta":{"origin":5079,"position":2},"title":"1\u00e8re \u00e9tape 2023","author":"admin3809","date":"8 mars 2023","format":false,"excerpt":"https:\/\/youtu.be\/RfWuC_Hms0s https:\/\/youtu.be\/A-Rp0FnVHqw?si=vLJr27Vg-7lbq967 https:\/\/www.calculitineraires.fr\/index.php?id=1363012#map Apr\u00e8s 2 ann\u00e9es \u00e0 Portbail-sur-Mer, c'est maintenant Bricquebec-en-Cotentin qui accueillera l'arriv\u00e9e de cette premi\u00e8re \u00e9tape 2023. Avec un d\u00e9part classique par le Val-de-Saire, la premi\u00e8re difficult\u00e9 de La Pernelle arrive tr\u00e8s rapidement. Un changement ensuite puisque dans le bourg du Vast les coureurs partiront \u00e0 gauche directement\u2026","rel":"","context":"Article similaire","block_context":{"text":"Article similaire","link":""},"img":{"alt_text":"","src":"https:\/\/i0.wp.com\/img.youtube.com\/vi\/RfWuC_Hms0s\/0.jpg?resize=350%2C200","width":350,"height":200},"classes":[]},{"id":2294,"url":"https:\/\/3joursdecherbourg.fr\/?page_id=2294","url_meta":{"origin":5079,"position":3},"title":"Les \u00e9quipes 2021","author":"admin3809","date":"24 d\u00e9cembre 2020","format":false,"excerpt":"41 \u00e9quipes ont postul\u00e9 pour cette \u00e9dition 2021 des \"3 jours de Cherbourg en Cotentin\". Quelques unes se\u00a0 sont ensuite d\u00e9sist\u00e9es. Nous avons d\u00e9cid\u00e9, apr\u00e8s concertation avec la ville de Cherbourg-en-Cotentin, partenaire principal de l'\u00e9preuve, de retenir ces candidatures dans l'optique d'une course du plus haut niveau, apr\u00e8s une ann\u00e9e\u2026","rel":"","context":"Article similaire","block_context":{"text":"Article similaire","link":""},"img":{"alt_text":"","src":"","width":0,"height":0},"classes":[]},{"id":2098,"url":"https:\/\/3joursdecherbourg.fr\/?page_id=2098","url_meta":{"origin":5079,"position":4},"title":"1\u00e8re \u00e9tape 2021","author":"admin3809","date":"2 d\u00e9cembre 2019","format":false,"excerpt":"Cette premi\u00e8re \u00e9tape 2021 est une nouveaut\u00e9. Son arriv\u00e9e sera en effet jug\u00e9e, pour la premi\u00e8re fois, non pas \u00e0 Cherbourg comme d'habitude, mais \u00e0 l'ouest du Cotentin: Port-Bail-sur-Mer. Avec un d\u00e9part classique par le Val-de-Saire, les deux difficult\u00e9s de La Pernelle puis du Vast arriveront tr\u00e8s rapidement, alors qu'elles\u2026","rel":"","context":"Article similaire","block_context":{"text":"Article similaire","link":""},"img":{"alt_text":"","src":"https:\/\/i0.wp.com\/3joursdecherbourg.fr\/wp-content\/uploads\/2020\/02\/Le-Vast.jpg?resize=350%2C200&ssl=1","width":350,"height":200},"classes":[]},{"id":2,"url":"https:\/\/3joursdecherbourg.fr\/?page_id=2","url_meta":{"origin":5079,"position":5},"title":"Le mot du Pr\u00e9sident","author":"admin3809","date":"22 d\u00e9cembre 2016","format":false,"excerpt":"Depuis plus de quarante ans, les meilleurs cyclistes amateurs de l\u2019hexagone et d'ailleurs sillonnent les routes du Cotentin \u00e0 l\u2019appel de l\u2019Amicale Cycliste des 3 Jours de Cherbourg. Jean-Claude PRIGENT a men\u00e9 l\u2019\u00e9quipe des b\u00e9n\u00e9voles avec brio pendant 25 ans puis a souhait\u00e9 retrouver son pays basque natal, puis les\u2026","rel":"","context":"Article similaire","block_context":{"text":"Article similaire","link":""},"img":{"alt_text":"","src":"https:\/\/i0.wp.com\/3joursdecherbourg.fr\/wp-content\/uploads\/2022\/07\/1-12-1-scaled.jpg?resize=350%2C200&ssl=1","width":350,"height":200},"classes":[]}],"jetpack_likes_enabled":false,"jetpack_sharing_enabled":true,"_links":{"self":[{"href":"https:\/\/3joursdecherbourg.fr\/index.php?rest_route=\/wp\/v2\/pages\/5079","targetHints":{"allow":["GET"]}}],"collection":[{"href":"https:\/\/3joursdecherbourg.fr\/index.php?rest_route=\/wp\/v2\/pages"}],"about":[{"href":"https:\/\/3joursdecherbourg.fr\/index.php?rest_route=\/wp\/v2\/types\/page"}],"author":[{"embeddable":true,"href":"https:\/\/3joursdecherbourg.fr\/index.php?rest_route=\/wp\/v2\/users\/1"}],"replies":[{"embeddable":true,"href":"https:\/\/3joursdecherbourg.fr\/index.php?rest_route=%2Fwp%2Fv2%2Fcomments&post=5079"}],"version-history":[{"count":3,"href":"https:\/\/3joursdecherbourg.fr\/index.php?rest_route=\/wp\/v2\/pages\/5079\/revisions"}],"predecessor-version":[{"id":5269,"href":"https:\/\/3joursdecherbourg.fr\/index.php?rest_route=\/wp\/v2\/pages\/5079\/revisions\/5269"}],"wp:attachment":[{"href":"https:\/\/3joursdecherbourg.fr\/index.php?rest_route=%2Fwp%2Fv2%2Fmedia&parent=5079"}],"curies":[{"name":"wp","href":"https:\/\/api.w.org\/{rel}","templated":true}]}}