{"id":5083,"date":"2025-05-28T19:26:42","date_gmt":"2025-05-28T17:26:42","guid":{"rendered":"https:\/\/3joursdecherbourg.fr\/?page_id=5083"},"modified":"2025-09-08T17:03:08","modified_gmt":"2025-09-08T15:03:08","slug":"3eme-etape-2025","status":"publish","type":"page","link":"https:\/\/3joursdecherbourg.fr\/?page_id=5083","title":{"rendered":"3\u00e8me \u00e9tape 2025"},"content":{"rendered":"\n<figure class=\"wp-block-embed is-type-video is-provider-youtube wp-block-embed-youtube wp-embed-aspect-16-9 wp-has-aspect-ratio\"><div class=\"wp-block-embed__wrapper\">\n<span class=\"embed-youtube\" style=\"text-align:center; display: block;\"><iframe loading=\"lazy\" class=\"youtube-player\" width=\"640\" height=\"360\" src=\"https:\/\/www.youtube.com\/embed\/Q_xjKrsfql0?version=3&#038;rel=1&#038;showsearch=0&#038;showinfo=1&#038;iv_load_policy=1&#038;fs=1&#038;hl=fr-FR&#038;autohide=2&#038;wmode=transparent\" allowfullscreen=\"true\" style=\"border:0;\" sandbox=\"allow-scripts allow-same-origin allow-popups allow-presentation allow-popups-to-escape-sandbox\"><\/iframe><\/span>\n<\/div><\/figure>\n\n\n\n<figure class=\"wp-block-embed is-type-video is-provider-youtube wp-block-embed-youtube wp-embed-aspect-16-9 wp-has-aspect-ratio\"><div class=\"wp-block-embed__wrapper\">\n<span class=\"embed-youtube\" style=\"text-align:center; display: block;\"><iframe loading=\"lazy\" class=\"youtube-player\" width=\"640\" height=\"360\" src=\"https:\/\/www.youtube.com\/embed\/oeIxUiGz9oA?version=3&#038;rel=1&#038;showsearch=0&#038;showinfo=1&#038;iv_load_policy=1&#038;fs=1&#038;hl=fr-FR&#038;autohide=2&#038;wmode=transparent\" allowfullscreen=\"true\" style=\"border:0;\" sandbox=\"allow-scripts allow-same-origin allow-popups allow-presentation allow-popups-to-escape-sandbox\"><\/iframe><\/span>\n<\/div><\/figure>\n\n\n\n<p>TRAC\u00c9S GPX : <a href=\"https:\/\/drive.google.com\/drive\/folders\/18HOh64HG5j7vGjt3lpY5BieSabbufVwx?usp=share_link\">https:\/\/drive.google.com\/drive\/folders\/18HOh64HG5j7vGjt3lpY5BieSabbufVwx?usp=share_link<\/a><\/p>\n\n\n\n<iframe loading=\"lazy\" src=\"https:\/\/www.google.com\/maps\/d\/embed?mid=1HUNLuhWpDp76R98IqlMyCJg2cMzV9ws&#038;hl=fr&#038;ehbc=2E312F\" width=\"640\" height=\"480\"><\/iframe>\n\n\n<iframe loading=\"lazy\" class=\"embed-pdf-viewer\" src=\"https:\/\/3joursdecherbourg.fr\/wp-content\/uploads\/2025\/06\/3e-etape-2025-145.pdf\" height=\"600\" width=\"600\" title=\"3e \u00e9tape 2025 - 145\"><\/iframe>\n\n<iframe loading=\"lazy\" class=\"embed-pdf-viewer\" src=\"https:\/\/3joursdecherbourg.fr\/wp-content\/uploads\/2025\/06\/3e-etape-2025-Allure-controlee.pdf\" height=\"600\" width=\"600\" title=\"3e \u00e9tape 2025 - Allure contr\u00f4l\u00e9e\"><\/iframe>\n\n<iframe loading=\"lazy\" class=\"embed-pdf-viewer\" src=\"https:\/\/3joursdecherbourg.fr\/wp-content\/uploads\/2025\/08\/Feuille-de-route-3-eme-etape-2025-145.pdf\" height=\"600\" width=\"600\" title=\"Feuille de route 3 \u00e8me \u00e9tape 2025-145\"><\/iframe>","protected":false},"excerpt":{"rendered":"<p>TRAC\u00c9S GPX : https:\/\/drive.google.com\/drive\/folders\/18HOh64HG5j7vGjt3lpY5BieSabbufVwx?usp=share_link<\/p>\n","protected":false},"author":1,"featured_media":0,"parent":0,"menu_order":0,"comment_status":"closed","ping_status":"closed","template":"","meta":{"footnotes":""},"class_list":["post-5083","page","type-page","status-publish","hentry"],"jetpack_shortlink":"https:\/\/wp.me\/P8fpGS-1jZ","jetpack-related-posts":[{"id":3566,"url":"https:\/\/3joursdecherbourg.fr\/?page_id=3566","url_meta":{"origin":5083,"position":0},"title":"Les photos et les directs 2022","author":"admin3809","date":"30 ao\u00fbt 2022","format":false,"excerpt":"Vendredi 02 Septembre : Etape 1 https:\/\/youtu.be\/ejTfJ2OujzY https:\/\/youtu.be\/liwU61WC0sg https:\/\/youtu.be\/grLypcfxmdA Lundi 29 Septembre : Pr\u00e9sentation des maillots distinctifs \u00e0 la Mairie de Cherbourg (3 Jours de Cherbourg en Cotentin 2022) Voici les photos : https:\/\/drive.google.com\/drive\/folders\/10xrnJ6Hs45pmF7q5uxQgZI7FqmA7XIcL?usp=sharing https:\/\/youtu.be\/s4NaKsUL180","rel":"","context":"Article similaire","block_context":{"text":"Article similaire","link":""},"img":{"alt_text":"","src":"https:\/\/i0.wp.com\/3joursdecherbourg.fr\/wp-content\/uploads\/2022\/09\/IMG_2920-scaled.jpg?resize=350%2C200&ssl=1","width":350,"height":200,"srcset":"https:\/\/i0.wp.com\/3joursdecherbourg.fr\/wp-content\/uploads\/2022\/09\/IMG_2920-scaled.jpg?resize=350%2C200&ssl=1 1x, https:\/\/i0.wp.com\/3joursdecherbourg.fr\/wp-content\/uploads\/2022\/09\/IMG_2920-scaled.jpg?resize=525%2C300&ssl=1 1.5x, https:\/\/i0.wp.com\/3joursdecherbourg.fr\/wp-content\/uploads\/2022\/09\/IMG_2920-scaled.jpg?resize=700%2C400&ssl=1 2x, https:\/\/i0.wp.com\/3joursdecherbourg.fr\/wp-content\/uploads\/2022\/09\/IMG_2920-scaled.jpg?resize=1050%2C600&ssl=1 3x, https:\/\/i0.wp.com\/3joursdecherbourg.fr\/wp-content\/uploads\/2022\/09\/IMG_2920-scaled.jpg?resize=1400%2C800&ssl=1 4x"},"classes":[]},{"id":5053,"url":"https:\/\/3joursdecherbourg.fr\/","url_meta":{"origin":5083,"position":1},"title":"Accueil","author":"admin3809","date":"28 mai 2025","format":false,"excerpt":"Les 3 Jours de Cherbourg-en-Cotentin reviennent en 2026\u00a0\ud83d\udeb4\u200d\u2642\ufe0f Apr\u00e8s une 45\u1d49 \u00e9dition intense et riche en \u00e9motions, l\u2019\u00e9quipe pr\u00e9pare d\u00e9j\u00e0 la prochaine \u00e9dition. Le site est actuellement en travaux\u00a0afin de vous proposer tr\u00e8s prochainement toutes les informations sur\u00a0l\u2019\u00e9dition 2026\u00a0: parcours, \u00e9quipes, animations et nouveaut\u00e9s. Merci pour votre patience et \u00e0\u2026","rel":"","context":"Article similaire","block_context":{"text":"Article similaire","link":""},"img":{"alt_text":"","src":"https:\/\/i0.wp.com\/img.youtube.com\/vi\/Q_xjKrsfql0\/0.jpg?resize=350%2C200","width":350,"height":200},"classes":[]},{"id":5082,"url":"https:\/\/3joursdecherbourg.fr\/?page_id=5082","url_meta":{"origin":5083,"position":2},"title":"2\u00e8me \u00e9tape 2025","author":"admin3809","date":"28 mai 2025","format":false,"excerpt":"https:\/\/youtu.be\/8dTyLmTvaQQ https:\/\/youtu.be\/5FvxSeg4Edo TRAC\u00c9S GPX : https:\/\/drive.google.com\/drive\/folders\/18HOh64HG5j7vGjt3lpY5BieSabbufVwx?usp=share_link","rel":"","context":"Article similaire","block_context":{"text":"Article similaire","link":""},"img":{"alt_text":"","src":"https:\/\/i0.wp.com\/img.youtube.com\/vi\/8dTyLmTvaQQ\/0.jpg?resize=350%2C200","width":350,"height":200},"classes":[]},{"id":5081,"url":"https:\/\/3joursdecherbourg.fr\/?page_id=5081","url_meta":{"origin":5083,"position":3},"title":"1\u00e8re \u00e9tape 2025","author":"admin3809","date":"28 mai 2025","format":false,"excerpt":"R\u00c9SUM\u00c9 : https:\/\/youtu.be\/rU1dnD_Sxh0 https:\/\/youtu.be\/W55r7pJJPnM TRAC\u00c9S GPX : https:\/\/drive.google.com\/drive\/folders\/18HOh64HG5j7vGjt3lpY5BieSabbufVwx?usp=share_link","rel":"","context":"Article similaire","block_context":{"text":"Article similaire","link":""},"img":{"alt_text":"","src":"https:\/\/i0.wp.com\/img.youtube.com\/vi\/rU1dnD_Sxh0\/0.jpg?resize=350%2C200","width":350,"height":200},"classes":[]},{"id":4216,"url":"https:\/\/3joursdecherbourg.fr\/?page_id=4216","url_meta":{"origin":5083,"position":4},"title":"Etape 2","author":"admin3809","date":"15 juillet 2023","format":false,"excerpt":"Les photos https:\/\/drive.google.com\/drive\/folders\/1zKVcXcMrOUSS3Bdd0tcRdhFAM3BLYnuN?usp=sharing https:\/\/youtu.be\/Du_uzNY9VyE","rel":"","context":"Article similaire","block_context":{"text":"Article similaire","link":""},"img":{"alt_text":"","src":"https:\/\/i0.wp.com\/img.youtube.com\/vi\/Du_uzNY9VyE\/0.jpg?resize=350%2C200","width":350,"height":200},"classes":[]},{"id":4217,"url":"https:\/\/3joursdecherbourg.fr\/?page_id=4217","url_meta":{"origin":5083,"position":5},"title":"Etape 3","author":"admin3809","date":"15 juillet 2023","format":false,"excerpt":"Les photos : https:\/\/drive.google.com\/drive\/folders\/1IPXTrioNNXtjJuMChBchWhWmSNcuNgFm?usp=sharing https:\/\/youtu.be\/_kcFRdhWax4","rel":"","context":"Article similaire","block_context":{"text":"Article similaire","link":""},"img":{"alt_text":"","src":"https:\/\/i0.wp.com\/img.youtube.com\/vi\/_kcFRdhWax4\/0.jpg?resize=350%2C200","width":350,"height":200},"classes":[]}],"jetpack_likes_enabled":false,"jetpack_sharing_enabled":true,"_links":{"self":[{"href":"https:\/\/3joursdecherbourg.fr\/index.php?rest_route=\/wp\/v2\/pages\/5083","targetHints":{"allow":["GET"]}}],"collection":[{"href":"https:\/\/3joursdecherbourg.fr\/index.php?rest_route=\/wp\/v2\/pages"}],"about":[{"href":"https:\/\/3joursdecherbourg.fr\/index.php?rest_route=\/wp\/v2\/types\/page"}],"author":[{"embeddable":true,"href":"https:\/\/3joursdecherbourg.fr\/index.php?rest_route=\/wp\/v2\/users\/1"}],"replies":[{"embeddable":true,"href":"https:\/\/3joursdecherbourg.fr\/index.php?rest_route=%2Fwp%2Fv2%2Fcomments&post=5083"}],"version-history":[{"count":8,"href":"https:\/\/3joursdecherbourg.fr\/index.php?rest_route=\/wp\/v2\/pages\/5083\/revisions"}],"predecessor-version":[{"id":5524,"href":"https:\/\/3joursdecherbourg.fr\/index.php?rest_route=\/wp\/v2\/pages\/5083\/revisions\/5524"}],"wp:attachment":[{"href":"https:\/\/3joursdecherbourg.fr\/index.php?rest_route=%2Fwp%2Fv2%2Fmedia&parent=5083"}],"curies":[{"name":"wp","href":"https:\/\/api.w.org\/{rel}","templated":true}]}}