{"id":5118,"date":"2025-05-28T19:44:36","date_gmt":"2025-05-28T17:44:36","guid":{"rendered":"https:\/\/3joursdecherbourg.fr\/?page_id=5118"},"modified":"2025-08-09T12:11:19","modified_gmt":"2025-08-09T10:11:19","slug":"animations","status":"publish","type":"page","link":"https:\/\/3joursdecherbourg.fr\/?page_id=5118","title":{"rendered":"Animations"},"content":{"rendered":"\n<figure class=\"wp-block-image size-large is-resized\"><img data-recalc-dims=\"1\" loading=\"lazy\" decoding=\"async\" width=\"640\" height=\"905\" data-attachment-id=\"5261\" data-permalink=\"https:\/\/3joursdecherbourg.fr\/?attachment_id=5261\" data-orig-file=\"https:\/\/i0.wp.com\/3joursdecherbourg.fr\/wp-content\/uploads\/2025\/08\/Copie-de-44-3.png?fit=1587%2C2245&amp;ssl=1\" data-orig-size=\"1587,2245\" data-comments-opened=\"1\" data-image-meta=\"{&quot;aperture&quot;:&quot;0&quot;,&quot;credit&quot;:&quot;&quot;,&quot;camera&quot;:&quot;&quot;,&quot;caption&quot;:&quot;&quot;,&quot;created_timestamp&quot;:&quot;0&quot;,&quot;copyright&quot;:&quot;&quot;,&quot;focal_length&quot;:&quot;0&quot;,&quot;iso&quot;:&quot;0&quot;,&quot;shutter_speed&quot;:&quot;0&quot;,&quot;title&quot;:&quot;&quot;,&quot;orientation&quot;:&quot;0&quot;}\" data-image-title=\"Copie de 44-3\" data-image-description=\"\" data-image-caption=\"\" data-medium-file=\"https:\/\/i0.wp.com\/3joursdecherbourg.fr\/wp-content\/uploads\/2025\/08\/Copie-de-44-3.png?fit=212%2C300&amp;ssl=1\" data-large-file=\"https:\/\/i0.wp.com\/3joursdecherbourg.fr\/wp-content\/uploads\/2025\/08\/Copie-de-44-3.png?fit=640%2C905&amp;ssl=1\" src=\"https:\/\/i0.wp.com\/3joursdecherbourg.fr\/wp-content\/uploads\/2025\/08\/Copie-de-44-3.png?resize=640%2C905&#038;ssl=1\" alt=\"\" class=\"wp-image-5261\" style=\"width:574px;height:auto\" srcset=\"https:\/\/i0.wp.com\/3joursdecherbourg.fr\/wp-content\/uploads\/2025\/08\/Copie-de-44-3.png?resize=724%2C1024&amp;ssl=1 724w, https:\/\/i0.wp.com\/3joursdecherbourg.fr\/wp-content\/uploads\/2025\/08\/Copie-de-44-3.png?resize=212%2C300&amp;ssl=1 212w, https:\/\/i0.wp.com\/3joursdecherbourg.fr\/wp-content\/uploads\/2025\/08\/Copie-de-44-3.png?resize=768%2C1086&amp;ssl=1 768w, https:\/\/i0.wp.com\/3joursdecherbourg.fr\/wp-content\/uploads\/2025\/08\/Copie-de-44-3.png?resize=1086%2C1536&amp;ssl=1 1086w, https:\/\/i0.wp.com\/3joursdecherbourg.fr\/wp-content\/uploads\/2025\/08\/Copie-de-44-3.png?resize=1448%2C2048&amp;ssl=1 1448w, https:\/\/i0.wp.com\/3joursdecherbourg.fr\/wp-content\/uploads\/2025\/08\/Copie-de-44-3.png?w=1587&amp;ssl=1 1587w, https:\/\/i0.wp.com\/3joursdecherbourg.fr\/wp-content\/uploads\/2025\/08\/Copie-de-44-3.png?w=1280&amp;ssl=1 1280w\" sizes=\"auto, (max-width: 640px) 100vw, 640px\" \/><\/figure>\n","protected":false},"excerpt":{"rendered":"","protected":false},"author":1,"featured_media":0,"parent":0,"menu_order":0,"comment_status":"closed","ping_status":"closed","template":"","meta":{"footnotes":""},"class_list":["post-5118","page","type-page","status-publish","hentry"],"jetpack_shortlink":"https:\/\/wp.me\/P8fpGS-1ky","jetpack-related-posts":[{"id":4219,"url":"https:\/\/3joursdecherbourg.fr\/?page_id=4219","url_meta":{"origin":5118,"position":0},"title":"Chrono Montagne du Roule","author":"admin3809","date":"15 juillet 2023","format":false,"excerpt":"Animations Inscription","rel":"","context":"Article similaire","block_context":{"text":"Article similaire","link":""},"img":{"alt_text":"","src":"","width":0,"height":0},"classes":[]},{"id":5053,"url":"https:\/\/3joursdecherbourg.fr\/","url_meta":{"origin":5118,"position":1},"title":"Accueil","author":"admin3809","date":"28 mai 2025","format":false,"excerpt":"Les 3 Jours de Cherbourg-en-Cotentin reviennent en 2026\u00a0\ud83d\udeb4\u200d\u2642\ufe0f Apr\u00e8s une 45\u1d49 \u00e9dition intense et riche en \u00e9motions, l\u2019\u00e9quipe pr\u00e9pare d\u00e9j\u00e0 la prochaine \u00e9dition. Le site est actuellement en travaux\u00a0afin de vous proposer tr\u00e8s prochainement toutes les informations sur\u00a0l\u2019\u00e9dition 2026\u00a0: parcours, \u00e9quipes, animations et nouveaut\u00e9s. Merci pour votre patience et \u00e0\u2026","rel":"","context":"Article similaire","block_context":{"text":"Article similaire","link":""},"img":{"alt_text":"","src":"https:\/\/i0.wp.com\/img.youtube.com\/vi\/Q_xjKrsfql0\/0.jpg?resize=350%2C200","width":350,"height":200},"classes":[]},{"id":4238,"url":"https:\/\/3joursdecherbourg.fr\/?page_id=4238","url_meta":{"origin":5118,"position":2},"title":"Etape 3","author":"admin3809","date":"15 juillet 2023","format":false,"excerpt":"Une derni\u00e8re \u00e9tape marqu\u00e9e par le num\u00e9ro incroyable de L\u00e9andre HUCK, le Rouennais s\u2019est envol\u00e9 avec plus de 5 min d\u2019avance sur le peloton, celui-ci \u00e0 fait plus de 90 km \u00e0 l\u2019avant mais sera repris \u00e0 moins de 3 km de l\u2019arriv\u00e9e par un contre de 4 coureurs qui\u2026","rel":"","context":"Article similaire","block_context":{"text":"Article similaire","link":""},"img":{"alt_text":"","src":"https:\/\/i0.wp.com\/3joursdecherbourg.fr\/wp-content\/uploads\/2023\/09\/Capture-decran-2023-09-03-194133.png?resize=350%2C200&ssl=1","width":350,"height":200,"srcset":"https:\/\/i0.wp.com\/3joursdecherbourg.fr\/wp-content\/uploads\/2023\/09\/Capture-decran-2023-09-03-194133.png?resize=350%2C200&ssl=1 1x, https:\/\/i0.wp.com\/3joursdecherbourg.fr\/wp-content\/uploads\/2023\/09\/Capture-decran-2023-09-03-194133.png?resize=525%2C300&ssl=1 1.5x, https:\/\/i0.wp.com\/3joursdecherbourg.fr\/wp-content\/uploads\/2023\/09\/Capture-decran-2023-09-03-194133.png?resize=700%2C400&ssl=1 2x, https:\/\/i0.wp.com\/3joursdecherbourg.fr\/wp-content\/uploads\/2023\/09\/Capture-decran-2023-09-03-194133.png?resize=1050%2C600&ssl=1 3x"},"classes":[]}],"jetpack_likes_enabled":false,"jetpack_sharing_enabled":true,"_links":{"self":[{"href":"https:\/\/3joursdecherbourg.fr\/index.php?rest_route=\/wp\/v2\/pages\/5118","targetHints":{"allow":["GET"]}}],"collection":[{"href":"https:\/\/3joursdecherbourg.fr\/index.php?rest_route=\/wp\/v2\/pages"}],"about":[{"href":"https:\/\/3joursdecherbourg.fr\/index.php?rest_route=\/wp\/v2\/types\/page"}],"author":[{"embeddable":true,"href":"https:\/\/3joursdecherbourg.fr\/index.php?rest_route=\/wp\/v2\/users\/1"}],"replies":[{"embeddable":true,"href":"https:\/\/3joursdecherbourg.fr\/index.php?rest_route=%2Fwp%2Fv2%2Fcomments&post=5118"}],"version-history":[{"count":2,"href":"https:\/\/3joursdecherbourg.fr\/index.php?rest_route=\/wp\/v2\/pages\/5118\/revisions"}],"predecessor-version":[{"id":5262,"href":"https:\/\/3joursdecherbourg.fr\/index.php?rest_route=\/wp\/v2\/pages\/5118\/revisions\/5262"}],"wp:attachment":[{"href":"https:\/\/3joursdecherbourg.fr\/index.php?rest_route=%2Fwp%2Fv2%2Fmedia&parent=5118"}],"curies":[{"name":"wp","href":"https:\/\/api.w.org\/{rel}","templated":true}]}}