{"id":5119,"date":"2025-05-28T19:44:36","date_gmt":"2025-05-28T17:44:36","guid":{"rendered":"https:\/\/3joursdecherbourg.fr\/?page_id=5119"},"modified":"2025-09-08T17:10:53","modified_gmt":"2025-09-08T15:10:53","slug":"photos-videos","status":"publish","type":"page","link":"https:\/\/3joursdecherbourg.fr\/?page_id=5119","title":{"rendered":"Photos &#038; Vid\u00e9os"},"content":{"rendered":"\n<p>PHOTOS ETAPE 3 : <a href=\"https:\/\/drive.google.com\/drive\/folders\/1xZOEkHkFmoGnjgwUkJj6ptX2sPDSmteY?usp=share_link\">https:\/\/drive.google.com\/drive\/folders\/1xZOEkHkFmoGnjgwUkJj6ptX2sPDSmteY?usp=share_link<\/a> <\/p>\n\n\n\n<p>PHOTOS ETAPE 2 : <a href=\"https:\/\/drive.google.com\/drive\/folders\/1VHVlsckxDBo_6xpjQMm1C-vk_NYcO54Z?usp=share_link\">https:\/\/drive.google.com\/drive\/folders\/1VHVlsckxDBo_6xpjQMm1C-vk_NYcO54Z?usp=share_link<\/a><\/p>\n\n\n\n<p>PHOTOS ETAPE 1 : <a href=\"https:\/\/drive.google.com\/drive\/folders\/1Pgjtphx6-iKWeqdDYQLyF3zoTcCLFE98?usp=share_link\">https:\/\/drive.google.com\/drive\/folders\/1Pgjtphx6-iKWeqdDYQLyF3zoTcCLFE98?usp=share_link<\/a><\/p>\n","protected":false},"excerpt":{"rendered":"<p>PHOTOS ETAPE 3 : https:\/\/drive.google.com\/drive\/folders\/1xZOEkHkFmoGnjgwUkJj6ptX2sPDSmteY?usp=share_link PHOTOS ETAPE 2 : https:\/\/drive.google.com\/drive\/folders\/1VHVlsckxDBo_6xpjQMm1C-vk_NYcO54Z?usp=share_link PHOTOS ETAPE 1 : https:\/\/drive.google.com\/drive\/folders\/1Pgjtphx6-iKWeqdDYQLyF3zoTcCLFE98?usp=share_link<\/p>\n","protected":false},"author":1,"featured_media":0,"parent":0,"menu_order":0,"comment_status":"closed","ping_status":"closed","template":"","meta":{"footnotes":""},"class_list":["post-5119","page","type-page","status-publish","hentry"],"jetpack_shortlink":"https:\/\/wp.me\/P8fpGS-1kz","jetpack-related-posts":[{"id":5082,"url":"https:\/\/3joursdecherbourg.fr\/?page_id=5082","url_meta":{"origin":5119,"position":0},"title":"2\u00e8me \u00e9tape 2025","author":"admin3809","date":"28 mai 2025","format":false,"excerpt":"https:\/\/youtu.be\/8dTyLmTvaQQ https:\/\/youtu.be\/5FvxSeg4Edo TRAC\u00c9S GPX : https:\/\/drive.google.com\/drive\/folders\/18HOh64HG5j7vGjt3lpY5BieSabbufVwx?usp=share_link","rel":"","context":"Article similaire","block_context":{"text":"Article similaire","link":""},"img":{"alt_text":"","src":"https:\/\/i0.wp.com\/img.youtube.com\/vi\/8dTyLmTvaQQ\/0.jpg?resize=350%2C200","width":350,"height":200},"classes":[]},{"id":5083,"url":"https:\/\/3joursdecherbourg.fr\/?page_id=5083","url_meta":{"origin":5119,"position":1},"title":"3\u00e8me \u00e9tape 2025","author":"admin3809","date":"28 mai 2025","format":false,"excerpt":"https:\/\/youtu.be\/Q_xjKrsfql0 https:\/\/youtu.be\/oeIxUiGz9oA TRAC\u00c9S GPX : https:\/\/drive.google.com\/drive\/folders\/18HOh64HG5j7vGjt3lpY5BieSabbufVwx?usp=share_link","rel":"","context":"Article similaire","block_context":{"text":"Article similaire","link":""},"img":{"alt_text":"","src":"https:\/\/i0.wp.com\/img.youtube.com\/vi\/Q_xjKrsfql0\/0.jpg?resize=350%2C200","width":350,"height":200},"classes":[]},{"id":5081,"url":"https:\/\/3joursdecherbourg.fr\/?page_id=5081","url_meta":{"origin":5119,"position":2},"title":"1\u00e8re \u00e9tape 2025","author":"admin3809","date":"28 mai 2025","format":false,"excerpt":"R\u00c9SUM\u00c9 : https:\/\/youtu.be\/rU1dnD_Sxh0 https:\/\/youtu.be\/W55r7pJJPnM TRAC\u00c9S GPX : https:\/\/drive.google.com\/drive\/folders\/18HOh64HG5j7vGjt3lpY5BieSabbufVwx?usp=share_link","rel":"","context":"Article similaire","block_context":{"text":"Article similaire","link":""},"img":{"alt_text":"","src":"https:\/\/i0.wp.com\/img.youtube.com\/vi\/rU1dnD_Sxh0\/0.jpg?resize=350%2C200","width":350,"height":200},"classes":[]},{"id":5110,"url":"https:\/\/3joursdecherbourg.fr\/?page_id=5110","url_meta":{"origin":5119,"position":3},"title":"Livre de Route","author":"admin3809","date":"28 mai 2025","format":false,"excerpt":"A t\u00e9l\u00e9charger ici TRAC\u00c9S GPX : https:\/\/drive.google.com\/drive\/folders\/18HOh64HG5j7vGjt3lpY5BieSabbufVwx?usp=share_link","rel":"","context":"Article similaire","block_context":{"text":"Article similaire","link":""},"img":{"alt_text":"","src":"","width":0,"height":0},"classes":[]},{"id":4216,"url":"https:\/\/3joursdecherbourg.fr\/?page_id=4216","url_meta":{"origin":5119,"position":4},"title":"Etape 2","author":"admin3809","date":"15 juillet 2023","format":false,"excerpt":"Les photos https:\/\/drive.google.com\/drive\/folders\/1zKVcXcMrOUSS3Bdd0tcRdhFAM3BLYnuN?usp=sharing https:\/\/youtu.be\/Du_uzNY9VyE","rel":"","context":"Article similaire","block_context":{"text":"Article similaire","link":""},"img":{"alt_text":"","src":"https:\/\/i0.wp.com\/img.youtube.com\/vi\/Du_uzNY9VyE\/0.jpg?resize=350%2C200","width":350,"height":200},"classes":[]},{"id":4217,"url":"https:\/\/3joursdecherbourg.fr\/?page_id=4217","url_meta":{"origin":5119,"position":5},"title":"Etape 3","author":"admin3809","date":"15 juillet 2023","format":false,"excerpt":"Les photos : https:\/\/drive.google.com\/drive\/folders\/1IPXTrioNNXtjJuMChBchWhWmSNcuNgFm?usp=sharing https:\/\/youtu.be\/_kcFRdhWax4","rel":"","context":"Article similaire","block_context":{"text":"Article similaire","link":""},"img":{"alt_text":"","src":"https:\/\/i0.wp.com\/img.youtube.com\/vi\/_kcFRdhWax4\/0.jpg?resize=350%2C200","width":350,"height":200},"classes":[]}],"jetpack_likes_enabled":false,"jetpack_sharing_enabled":true,"_links":{"self":[{"href":"https:\/\/3joursdecherbourg.fr\/index.php?rest_route=\/wp\/v2\/pages\/5119","targetHints":{"allow":["GET"]}}],"collection":[{"href":"https:\/\/3joursdecherbourg.fr\/index.php?rest_route=\/wp\/v2\/pages"}],"about":[{"href":"https:\/\/3joursdecherbourg.fr\/index.php?rest_route=\/wp\/v2\/types\/page"}],"author":[{"embeddable":true,"href":"https:\/\/3joursdecherbourg.fr\/index.php?rest_route=\/wp\/v2\/users\/1"}],"replies":[{"embeddable":true,"href":"https:\/\/3joursdecherbourg.fr\/index.php?rest_route=%2Fwp%2Fv2%2Fcomments&post=5119"}],"version-history":[{"count":3,"href":"https:\/\/3joursdecherbourg.fr\/index.php?rest_route=\/wp\/v2\/pages\/5119\/revisions"}],"predecessor-version":[{"id":5526,"href":"https:\/\/3joursdecherbourg.fr\/index.php?rest_route=\/wp\/v2\/pages\/5119\/revisions\/5526"}],"wp:attachment":[{"href":"https:\/\/3joursdecherbourg.fr\/index.php?rest_route=%2Fwp%2Fv2%2Fmedia&parent=5119"}],"curies":[{"name":"wp","href":"https:\/\/api.w.org\/{rel}","templated":true}]}}