{"id":5435,"date":"2025-09-06T09:54:17","date_gmt":"2025-09-06T07:54:17","guid":{"rendered":"https:\/\/3joursdecherbourg.fr\/?page_id=5435"},"modified":"2025-09-06T10:25:17","modified_gmt":"2025-09-06T08:25:17","slug":"resultats-1e-etape-2025","status":"publish","type":"page","link":"https:\/\/3joursdecherbourg.fr\/?page_id=5435","title":{"rendered":"R\u00e9sultats 1e \u00e9tape 2025"},"content":{"rendered":"<a href=\"https:\/\/3joursdecherbourg.fr\/wp-content\/uploads\/2025\/09\/etape-1.pdf\" class=\"pdfemb-viewer\" style=\"\" data-width=\"max\" data-height=\"max\" data-toolbar=\"bottom\" data-toolbar-fixed=\"off\">etape-1<\/a>\n\n<a href=\"https:\/\/3joursdecherbourg.fr\/wp-content\/uploads\/2025\/09\/general-1.pdf\" class=\"pdfemb-viewer\" style=\"\" data-width=\"max\" data-height=\"max\" data-toolbar=\"bottom\" data-toolbar-fixed=\"off\">general-1<\/a>\n\n<a href=\"https:\/\/3joursdecherbourg.fr\/wp-content\/uploads\/2025\/09\/grimpeur-general-etape-1.pdf\" class=\"pdfemb-viewer\" style=\"\" data-width=\"max\" data-height=\"max\" data-toolbar=\"bottom\" data-toolbar-fixed=\"off\">grimpeur-general-etape-1<\/a>\n\n<a href=\"https:\/\/3joursdecherbourg.fr\/wp-content\/uploads\/2025\/09\/points-general-etape-1.pdf\" class=\"pdfemb-viewer\" style=\"\" data-width=\"max\" data-height=\"max\" data-toolbar=\"bottom\" data-toolbar-fixed=\"off\">points-general-etape-1<\/a>\n\n<a href=\"https:\/\/3joursdecherbourg.fr\/wp-content\/uploads\/2025\/09\/equipe-1.pdf\" class=\"pdfemb-viewer\" style=\"\" data-width=\"max\" data-height=\"max\" data-toolbar=\"bottom\" data-toolbar-fixed=\"off\">equipe-1<\/a>\n\n<!-- PDF Embedder: Please provide an \"URL\" attribute in your shortcode. -->","protected":false},"excerpt":{"rendered":"","protected":false},"author":1,"featured_media":0,"parent":0,"menu_order":0,"comment_status":"closed","ping_status":"closed","template":"","meta":{"footnotes":""},"class_list":["post-5435","page","type-page","status-publish","hentry"],"jetpack_shortlink":"https:\/\/wp.me\/P8fpGS-1pF","jetpack-related-posts":[{"id":5598,"url":"https:\/\/3joursdecherbourg.fr\/?page_id=5598","url_meta":{"origin":5435,"position":0},"title":"R\u00e9sultats 1e \u00e9tape 2026","author":"admin3809","date":"14 d\u00e9cembre 2025","format":false,"excerpt":"","rel":"","context":"Article similaire","block_context":{"text":"Article similaire","link":""},"img":{"alt_text":"","src":"","width":0,"height":0},"classes":[]},{"id":5437,"url":"https:\/\/3joursdecherbourg.fr\/?page_id=5437","url_meta":{"origin":5435,"position":1},"title":"R\u00e9sultats 2e \u00e9tape 2025","author":"admin3809","date":"6 septembre 2025","format":false,"excerpt":"","rel":"","context":"Article similaire","block_context":{"text":"Article similaire","link":""},"img":{"alt_text":"","src":"","width":0,"height":0},"classes":[]},{"id":5439,"url":"https:\/\/3joursdecherbourg.fr\/?page_id=5439","url_meta":{"origin":5435,"position":2},"title":"R\u00e9sultats 3e \u00e9tape 2025","author":"admin3809","date":"6 septembre 2025","format":false,"excerpt":"","rel":"","context":"Article similaire","block_context":{"text":"Article similaire","link":""},"img":{"alt_text":"","src":"","width":0,"height":0},"classes":[]},{"id":5599,"url":"https:\/\/3joursdecherbourg.fr\/?page_id=5599","url_meta":{"origin":5435,"position":3},"title":"R\u00e9sultats 2e \u00e9tape 2026","author":"admin3809","date":"14 d\u00e9cembre 2025","format":false,"excerpt":"","rel":"","context":"Article similaire","block_context":{"text":"Article similaire","link":""},"img":{"alt_text":"","src":"","width":0,"height":0},"classes":[]},{"id":5600,"url":"https:\/\/3joursdecherbourg.fr\/?page_id=5600","url_meta":{"origin":5435,"position":4},"title":"R\u00e9sultats 3e \u00e9tape 2026","author":"admin3809","date":"14 d\u00e9cembre 2025","format":false,"excerpt":"","rel":"","context":"Article similaire","block_context":{"text":"Article similaire","link":""},"img":{"alt_text":"","src":"","width":0,"height":0},"classes":[]},{"id":4791,"url":"https:\/\/3joursdecherbourg.fr\/?page_id=4791","url_meta":{"origin":5435,"position":5},"title":"Les r\u00e9sultats 1\u00e8re \u00e9tape 2024","author":"admin3809","date":"30 ao\u00fbt 2024","format":false,"excerpt":"","rel":"","context":"Article similaire","block_context":{"text":"Article similaire","link":""},"img":{"alt_text":"","src":"","width":0,"height":0},"classes":[]}],"jetpack_likes_enabled":false,"jetpack_sharing_enabled":true,"_links":{"self":[{"href":"https:\/\/3joursdecherbourg.fr\/index.php?rest_route=\/wp\/v2\/pages\/5435","targetHints":{"allow":["GET"]}}],"collection":[{"href":"https:\/\/3joursdecherbourg.fr\/index.php?rest_route=\/wp\/v2\/pages"}],"about":[{"href":"https:\/\/3joursdecherbourg.fr\/index.php?rest_route=\/wp\/v2\/types\/page"}],"author":[{"embeddable":true,"href":"https:\/\/3joursdecherbourg.fr\/index.php?rest_route=\/wp\/v2\/users\/1"}],"replies":[{"embeddable":true,"href":"https:\/\/3joursdecherbourg.fr\/index.php?rest_route=%2Fwp%2Fv2%2Fcomments&post=5435"}],"version-history":[{"count":2,"href":"https:\/\/3joursdecherbourg.fr\/index.php?rest_route=\/wp\/v2\/pages\/5435\/revisions"}],"predecessor-version":[{"id":5454,"href":"https:\/\/3joursdecherbourg.fr\/index.php?rest_route=\/wp\/v2\/pages\/5435\/revisions\/5454"}],"wp:attachment":[{"href":"https:\/\/3joursdecherbourg.fr\/index.php?rest_route=%2Fwp%2Fv2%2Fmedia&parent=5435"}],"curies":[{"name":"wp","href":"https:\/\/api.w.org\/{rel}","templated":true}]}}