{"id":5437,"date":"2025-09-06T09:55:12","date_gmt":"2025-09-06T07:55:12","guid":{"rendered":"https:\/\/3joursdecherbourg.fr\/?page_id=5437"},"modified":"2025-09-06T20:10:24","modified_gmt":"2025-09-06T18:10:24","slug":"resultats-2e-etape-2025","status":"publish","type":"page","link":"https:\/\/3joursdecherbourg.fr\/?page_id=5437","title":{"rendered":"R\u00e9sultats 2e \u00e9tape 2025"},"content":{"rendered":"<a href=\"https:\/\/3joursdecherbourg.fr\/wp-content\/uploads\/2025\/09\/etape-2.pdf\" class=\"pdfemb-viewer\" style=\"\" data-width=\"max\" data-height=\"max\" data-toolbar=\"bottom\" data-toolbar-fixed=\"off\">etape-2<\/a>\n\n<a href=\"https:\/\/3joursdecherbourg.fr\/wp-content\/uploads\/2025\/09\/general-etape-2.pdf\" class=\"pdfemb-viewer\" style=\"\" data-width=\"max\" data-height=\"max\" data-toolbar=\"bottom\" data-toolbar-fixed=\"off\">general-etape-2<\/a>\n\n<a href=\"https:\/\/3joursdecherbourg.fr\/wp-content\/uploads\/2025\/09\/general-points-etape-2.pdf\" class=\"pdfemb-viewer\" style=\"\" data-width=\"max\" data-height=\"max\" data-toolbar=\"bottom\" data-toolbar-fixed=\"off\">general-points-etape-2<\/a>\n\n<a href=\"https:\/\/3joursdecherbourg.fr\/wp-content\/uploads\/2025\/09\/general-grimpeur-etape-2.pdf\" class=\"pdfemb-viewer\" style=\"\" data-width=\"max\" data-height=\"max\" data-toolbar=\"bottom\" data-toolbar-fixed=\"off\">general-grimpeur-etape-2<\/a>\n\n\n<p><\/p>\n","protected":false},"excerpt":{"rendered":"","protected":false},"author":1,"featured_media":0,"parent":0,"menu_order":0,"comment_status":"closed","ping_status":"closed","template":"","meta":{"footnotes":""},"class_list":["post-5437","page","type-page","status-publish","hentry"],"jetpack_shortlink":"https:\/\/wp.me\/P8fpGS-1pH","jetpack-related-posts":[{"id":5599,"url":"https:\/\/3joursdecherbourg.fr\/?page_id=5599","url_meta":{"origin":5437,"position":0},"title":"R\u00e9sultats 2e \u00e9tape 2026","author":"admin3809","date":"14 d\u00e9cembre 2025","format":false,"excerpt":"","rel":"","context":"Article similaire","block_context":{"text":"Article similaire","link":""},"img":{"alt_text":"","src":"","width":0,"height":0},"classes":[]},{"id":4858,"url":"https:\/\/3joursdecherbourg.fr\/?page_id=4858","url_meta":{"origin":5437,"position":1},"title":"Les r\u00e9sultats 2e \u00e9tape 2024","author":"admin3809","date":"31 ao\u00fbt 2024","format":false,"excerpt":"","rel":"","context":"Article similaire","block_context":{"text":"Article similaire","link":""},"img":{"alt_text":"","src":"","width":0,"height":0},"classes":[]},{"id":5435,"url":"https:\/\/3joursdecherbourg.fr\/?page_id=5435","url_meta":{"origin":5437,"position":2},"title":"R\u00e9sultats 1e \u00e9tape 2025","author":"admin3809","date":"6 septembre 2025","format":false,"excerpt":"","rel":"","context":"Article similaire","block_context":{"text":"Article similaire","link":""},"img":{"alt_text":"","src":"","width":0,"height":0},"classes":[]},{"id":5439,"url":"https:\/\/3joursdecherbourg.fr\/?page_id=5439","url_meta":{"origin":5437,"position":3},"title":"R\u00e9sultats 3e \u00e9tape 2025","author":"admin3809","date":"6 septembre 2025","format":false,"excerpt":"","rel":"","context":"Article similaire","block_context":{"text":"Article similaire","link":""},"img":{"alt_text":"","src":"","width":0,"height":0},"classes":[]},{"id":5598,"url":"https:\/\/3joursdecherbourg.fr\/?page_id=5598","url_meta":{"origin":5437,"position":4},"title":"R\u00e9sultats 1e \u00e9tape 2026","author":"admin3809","date":"14 d\u00e9cembre 2025","format":false,"excerpt":"","rel":"","context":"Article similaire","block_context":{"text":"Article similaire","link":""},"img":{"alt_text":"","src":"","width":0,"height":0},"classes":[]},{"id":5600,"url":"https:\/\/3joursdecherbourg.fr\/?page_id=5600","url_meta":{"origin":5437,"position":5},"title":"R\u00e9sultats 3e \u00e9tape 2026","author":"admin3809","date":"14 d\u00e9cembre 2025","format":false,"excerpt":"","rel":"","context":"Article similaire","block_context":{"text":"Article similaire","link":""},"img":{"alt_text":"","src":"","width":0,"height":0},"classes":[]}],"jetpack_likes_enabled":false,"jetpack_sharing_enabled":true,"_links":{"self":[{"href":"https:\/\/3joursdecherbourg.fr\/index.php?rest_route=\/wp\/v2\/pages\/5437","targetHints":{"allow":["GET"]}}],"collection":[{"href":"https:\/\/3joursdecherbourg.fr\/index.php?rest_route=\/wp\/v2\/pages"}],"about":[{"href":"https:\/\/3joursdecherbourg.fr\/index.php?rest_route=\/wp\/v2\/types\/page"}],"author":[{"embeddable":true,"href":"https:\/\/3joursdecherbourg.fr\/index.php?rest_route=\/wp\/v2\/users\/1"}],"replies":[{"embeddable":true,"href":"https:\/\/3joursdecherbourg.fr\/index.php?rest_route=%2Fwp%2Fv2%2Fcomments&post=5437"}],"version-history":[{"count":3,"href":"https:\/\/3joursdecherbourg.fr\/index.php?rest_route=\/wp\/v2\/pages\/5437\/revisions"}],"predecessor-version":[{"id":5463,"href":"https:\/\/3joursdecherbourg.fr\/index.php?rest_route=\/wp\/v2\/pages\/5437\/revisions\/5463"}],"wp:attachment":[{"href":"https:\/\/3joursdecherbourg.fr\/index.php?rest_route=%2Fwp%2Fv2%2Fmedia&parent=5437"}],"curies":[{"name":"wp","href":"https:\/\/api.w.org\/{rel}","templated":true}]}}