{"id":5439,"date":"2025-09-06T09:55:49","date_gmt":"2025-09-06T07:55:49","guid":{"rendered":"https:\/\/3joursdecherbourg.fr\/?page_id=5439"},"modified":"2025-09-07T18:03:38","modified_gmt":"2025-09-07T16:03:38","slug":"resultats-3e-etape-2025","status":"publish","type":"page","link":"https:\/\/3joursdecherbourg.fr\/?page_id=5439","title":{"rendered":"R\u00e9sultats 3e \u00e9tape 2025"},"content":{"rendered":"<a href=\"https:\/\/3joursdecherbourg.fr\/wp-content\/uploads\/2025\/09\/etape-3.pdf\" class=\"pdfemb-viewer\" style=\"\" data-width=\"max\" data-height=\"max\" data-toolbar=\"bottom\" data-toolbar-fixed=\"off\">etape-3<\/a>\n\n<a href=\"https:\/\/3joursdecherbourg.fr\/wp-content\/uploads\/2025\/09\/general-etape-3.pdf\" class=\"pdfemb-viewer\" style=\"\" data-width=\"max\" data-height=\"max\" data-toolbar=\"bottom\" data-toolbar-fixed=\"off\">general-etape-3<\/a>\n\n<a href=\"https:\/\/3joursdecherbourg.fr\/wp-content\/uploads\/2025\/09\/general-points-etape-3.pdf\" class=\"pdfemb-viewer\" style=\"\" data-width=\"max\" data-height=\"max\" data-toolbar=\"bottom\" data-toolbar-fixed=\"off\">general-points-etape-3<\/a>\n\n<a href=\"https:\/\/3joursdecherbourg.fr\/wp-content\/uploads\/2025\/09\/general-grimpeur-etape-3.pdf\" class=\"pdfemb-viewer\" style=\"\" data-width=\"max\" data-height=\"max\" data-toolbar=\"bottom\" data-toolbar-fixed=\"off\">general-grimpeur-etape-3<\/a>\n\n<a href=\"https:\/\/3joursdecherbourg.fr\/wp-content\/uploads\/2025\/09\/classement-espoir.pdf\" class=\"pdfemb-viewer\" style=\"\" data-width=\"max\" data-height=\"max\" data-toolbar=\"bottom\" data-toolbar-fixed=\"off\">classement-espoir<\/a>","protected":false},"excerpt":{"rendered":"","protected":false},"author":1,"featured_media":0,"parent":0,"menu_order":0,"comment_status":"closed","ping_status":"closed","template":"","meta":{"footnotes":""},"class_list":["post-5439","page","type-page","status-publish","hentry"],"jetpack_shortlink":"https:\/\/wp.me\/P8fpGS-1pJ","jetpack-related-posts":[{"id":5600,"url":"https:\/\/3joursdecherbourg.fr\/?page_id=5600","url_meta":{"origin":5439,"position":0},"title":"R\u00e9sultats 3e \u00e9tape 2026","author":"admin3809","date":"14 d\u00e9cembre 2025","format":false,"excerpt":"","rel":"","context":"Article similaire","block_context":{"text":"Article similaire","link":""},"img":{"alt_text":"","src":"","width":0,"height":0},"classes":[]},{"id":4917,"url":"https:\/\/3joursdecherbourg.fr\/?page_id=4917","url_meta":{"origin":5439,"position":1},"title":"Les r\u00e9sultats 3e \u00e9tape 2024","author":"admin3809","date":"1 septembre 2024","format":false,"excerpt":"","rel":"","context":"Article similaire","block_context":{"text":"Article similaire","link":""},"img":{"alt_text":"","src":"","width":0,"height":0},"classes":[]},{"id":5437,"url":"https:\/\/3joursdecherbourg.fr\/?page_id=5437","url_meta":{"origin":5439,"position":2},"title":"R\u00e9sultats 2e \u00e9tape 2025","author":"admin3809","date":"6 septembre 2025","format":false,"excerpt":"","rel":"","context":"Article similaire","block_context":{"text":"Article similaire","link":""},"img":{"alt_text":"","src":"","width":0,"height":0},"classes":[]},{"id":5435,"url":"https:\/\/3joursdecherbourg.fr\/?page_id=5435","url_meta":{"origin":5439,"position":3},"title":"R\u00e9sultats 1e \u00e9tape 2025","author":"admin3809","date":"6 septembre 2025","format":false,"excerpt":"","rel":"","context":"Article similaire","block_context":{"text":"Article similaire","link":""},"img":{"alt_text":"","src":"","width":0,"height":0},"classes":[]},{"id":5598,"url":"https:\/\/3joursdecherbourg.fr\/?page_id=5598","url_meta":{"origin":5439,"position":4},"title":"R\u00e9sultats 1e \u00e9tape 2026","author":"admin3809","date":"14 d\u00e9cembre 2025","format":false,"excerpt":"","rel":"","context":"Article similaire","block_context":{"text":"Article similaire","link":""},"img":{"alt_text":"","src":"","width":0,"height":0},"classes":[]},{"id":5599,"url":"https:\/\/3joursdecherbourg.fr\/?page_id=5599","url_meta":{"origin":5439,"position":5},"title":"R\u00e9sultats 2e \u00e9tape 2026","author":"admin3809","date":"14 d\u00e9cembre 2025","format":false,"excerpt":"","rel":"","context":"Article similaire","block_context":{"text":"Article similaire","link":""},"img":{"alt_text":"","src":"","width":0,"height":0},"classes":[]}],"jetpack_likes_enabled":false,"jetpack_sharing_enabled":true,"_links":{"self":[{"href":"https:\/\/3joursdecherbourg.fr\/index.php?rest_route=\/wp\/v2\/pages\/5439","targetHints":{"allow":["GET"]}}],"collection":[{"href":"https:\/\/3joursdecherbourg.fr\/index.php?rest_route=\/wp\/v2\/pages"}],"about":[{"href":"https:\/\/3joursdecherbourg.fr\/index.php?rest_route=\/wp\/v2\/types\/page"}],"author":[{"embeddable":true,"href":"https:\/\/3joursdecherbourg.fr\/index.php?rest_route=\/wp\/v2\/users\/1"}],"replies":[{"embeddable":true,"href":"https:\/\/3joursdecherbourg.fr\/index.php?rest_route=%2Fwp%2Fv2%2Fcomments&post=5439"}],"version-history":[{"count":4,"href":"https:\/\/3joursdecherbourg.fr\/index.php?rest_route=\/wp\/v2\/pages\/5439\/revisions"}],"predecessor-version":[{"id":5501,"href":"https:\/\/3joursdecherbourg.fr\/index.php?rest_route=\/wp\/v2\/pages\/5439\/revisions\/5501"}],"wp:attachment":[{"href":"https:\/\/3joursdecherbourg.fr\/index.php?rest_route=%2Fwp%2Fv2%2Fmedia&parent=5439"}],"curies":[{"name":"wp","href":"https:\/\/api.w.org\/{rel}","templated":true}]}}