{"id":5571,"date":"2025-12-14T01:11:53","date_gmt":"2025-12-14T00:11:53","guid":{"rendered":"https:\/\/3joursdecherbourg.fr\/?page_id=5571"},"modified":"2025-12-14T01:11:53","modified_gmt":"2025-12-14T00:11:53","slug":"presentation","status":"publish","type":"page","link":"https:\/\/3joursdecherbourg.fr\/?page_id=5571","title":{"rendered":"Pr\u00e9sentation"},"content":{"rendered":"","protected":false},"excerpt":{"rendered":"","protected":false},"author":1,"featured_media":0,"parent":0,"menu_order":0,"comment_status":"closed","ping_status":"closed","template":"","meta":{"footnotes":""},"class_list":["post-5571","page","type-page","status-publish","hentry"],"jetpack_shortlink":"https:\/\/wp.me\/P8fpGS-1rR","jetpack-related-posts":[{"id":4218,"url":"https:\/\/3joursdecherbourg.fr\/?page_id=4218","url_meta":{"origin":5571,"position":0},"title":"Pr\u00e9sentation de l&rsquo;\u00e9dition 2023","author":"admin3809","date":"15 juillet 2023","format":false,"excerpt":"","rel":"","context":"Article similaire","block_context":{"text":"Article similaire","link":""},"img":{"alt_text":"","src":"https:\/\/i0.wp.com\/3joursdecherbourg.fr\/wp-content\/uploads\/2023\/08\/IMG_9723-1.jpg?resize=350%2C200","width":350,"height":200,"srcset":"https:\/\/i0.wp.com\/3joursdecherbourg.fr\/wp-content\/uploads\/2023\/08\/IMG_9723-1.jpg?resize=350%2C200 1x, https:\/\/i0.wp.com\/3joursdecherbourg.fr\/wp-content\/uploads\/2023\/08\/IMG_9723-1.jpg?resize=525%2C300 1.5x, https:\/\/i0.wp.com\/3joursdecherbourg.fr\/wp-content\/uploads\/2023\/08\/IMG_9723-1.jpg?resize=700%2C400 2x, https:\/\/i0.wp.com\/3joursdecherbourg.fr\/wp-content\/uploads\/2023\/08\/IMG_9723-1.jpg?resize=1050%2C600 3x, https:\/\/i0.wp.com\/3joursdecherbourg.fr\/wp-content\/uploads\/2023\/08\/IMG_9723-1.jpg?resize=1400%2C800 4x"},"classes":[]},{"id":4109,"url":"https:\/\/3joursdecherbourg.fr\/?page_id=4109","url_meta":{"origin":5571,"position":1},"title":"Pr\u00e9sentation 2024","author":"admin3809","date":"22 mars 2023","format":false,"excerpt":"La page peut \u00eatre un peu longue \u00e0 s'afficher... patience!","rel":"","context":"Article similaire","block_context":{"text":"Article similaire","link":""},"img":{"alt_text":"","src":"","width":0,"height":0},"classes":[]},{"id":5079,"url":"https:\/\/3joursdecherbourg.fr\/?page_id=5079","url_meta":{"origin":5571,"position":2},"title":"Pr\u00e9sentation 2025","author":"admin3809","date":"28 mai 2025","format":false,"excerpt":"C'est le 45\u00e8me... Oui, 45 ans que les meilleurs cyclistes amateurs de France et de l\u2019\u00c9tranger parcourent notre beau Cotentin \u00e0 la recherche de la prestigieuse victoire aux \u00ab\u00a03 jours de Cherbourg en Cotentin.\u00a0\u00bb La 44e \u00e9dition fut fort belle et r\u00e9compensa un \u00ab\u00a0manchois\u00a0\u00bb - ce n\u2019est pas si souvent\u2026","rel":"","context":"Article similaire","block_context":{"text":"Article similaire","link":""},"img":{"alt_text":"","src":"https:\/\/i0.wp.com\/img.youtube.com\/vi\/COX_hYxlDXI\/0.jpg?resize=350%2C200","width":350,"height":200},"classes":[]},{"id":3566,"url":"https:\/\/3joursdecherbourg.fr\/?page_id=3566","url_meta":{"origin":5571,"position":3},"title":"Les photos et les directs 2022","author":"admin3809","date":"30 ao\u00fbt 2022","format":false,"excerpt":"Vendredi 02 Septembre : Etape 1 https:\/\/youtu.be\/ejTfJ2OujzY https:\/\/youtu.be\/liwU61WC0sg https:\/\/youtu.be\/grLypcfxmdA Lundi 29 Septembre : Pr\u00e9sentation des maillots distinctifs \u00e0 la Mairie de Cherbourg (3 Jours de Cherbourg en Cotentin 2022) Voici les photos : https:\/\/drive.google.com\/drive\/folders\/10xrnJ6Hs45pmF7q5uxQgZI7FqmA7XIcL?usp=sharing https:\/\/youtu.be\/s4NaKsUL180","rel":"","context":"Article similaire","block_context":{"text":"Article similaire","link":""},"img":{"alt_text":"","src":"https:\/\/i0.wp.com\/3joursdecherbourg.fr\/wp-content\/uploads\/2022\/09\/IMG_2920-scaled.jpg?resize=350%2C200&ssl=1","width":350,"height":200,"srcset":"https:\/\/i0.wp.com\/3joursdecherbourg.fr\/wp-content\/uploads\/2022\/09\/IMG_2920-scaled.jpg?resize=350%2C200&ssl=1 1x, https:\/\/i0.wp.com\/3joursdecherbourg.fr\/wp-content\/uploads\/2022\/09\/IMG_2920-scaled.jpg?resize=525%2C300&ssl=1 1.5x, https:\/\/i0.wp.com\/3joursdecherbourg.fr\/wp-content\/uploads\/2022\/09\/IMG_2920-scaled.jpg?resize=700%2C400&ssl=1 2x, https:\/\/i0.wp.com\/3joursdecherbourg.fr\/wp-content\/uploads\/2022\/09\/IMG_2920-scaled.jpg?resize=1050%2C600&ssl=1 3x, https:\/\/i0.wp.com\/3joursdecherbourg.fr\/wp-content\/uploads\/2022\/09\/IMG_2920-scaled.jpg?resize=1400%2C800&ssl=1 4x"},"classes":[]}],"jetpack_likes_enabled":false,"jetpack_sharing_enabled":true,"_links":{"self":[{"href":"https:\/\/3joursdecherbourg.fr\/index.php?rest_route=\/wp\/v2\/pages\/5571","targetHints":{"allow":["GET"]}}],"collection":[{"href":"https:\/\/3joursdecherbourg.fr\/index.php?rest_route=\/wp\/v2\/pages"}],"about":[{"href":"https:\/\/3joursdecherbourg.fr\/index.php?rest_route=\/wp\/v2\/types\/page"}],"author":[{"embeddable":true,"href":"https:\/\/3joursdecherbourg.fr\/index.php?rest_route=\/wp\/v2\/users\/1"}],"replies":[{"embeddable":true,"href":"https:\/\/3joursdecherbourg.fr\/index.php?rest_route=%2Fwp%2Fv2%2Fcomments&post=5571"}],"version-history":[{"count":1,"href":"https:\/\/3joursdecherbourg.fr\/index.php?rest_route=\/wp\/v2\/pages\/5571\/revisions"}],"predecessor-version":[{"id":5579,"href":"https:\/\/3joursdecherbourg.fr\/index.php?rest_route=\/wp\/v2\/pages\/5571\/revisions\/5579"}],"wp:attachment":[{"href":"https:\/\/3joursdecherbourg.fr\/index.php?rest_route=%2Fwp%2Fv2%2Fmedia&parent=5571"}],"curies":[{"name":"wp","href":"https:\/\/api.w.org\/{rel}","templated":true}]}}