{"id":5598,"date":"2025-12-14T01:14:22","date_gmt":"2025-12-14T00:14:22","guid":{"rendered":"https:\/\/3joursdecherbourg.fr\/?page_id=5598"},"modified":"2025-12-14T01:14:22","modified_gmt":"2025-12-14T00:14:22","slug":"resultats-1e-etape-2026","status":"publish","type":"page","link":"https:\/\/3joursdecherbourg.fr\/?page_id=5598","title":{"rendered":"R\u00e9sultats 1e \u00e9tape 2026"},"content":{"rendered":"","protected":false},"excerpt":{"rendered":"","protected":false},"author":1,"featured_media":0,"parent":0,"menu_order":0,"comment_status":"closed","ping_status":"closed","template":"","meta":{"footnotes":""},"class_list":["post-5598","page","type-page","status-publish","hentry"],"jetpack_shortlink":"https:\/\/wp.me\/P8fpGS-1si","jetpack-related-posts":[{"id":5435,"url":"https:\/\/3joursdecherbourg.fr\/?page_id=5435","url_meta":{"origin":5598,"position":0},"title":"R\u00e9sultats 1e \u00e9tape 2025","author":"admin3809","date":"6 septembre 2025","format":false,"excerpt":"","rel":"","context":"Article similaire","block_context":{"text":"Article similaire","link":""},"img":{"alt_text":"","src":"","width":0,"height":0},"classes":[]},{"id":5599,"url":"https:\/\/3joursdecherbourg.fr\/?page_id=5599","url_meta":{"origin":5598,"position":1},"title":"R\u00e9sultats 2e \u00e9tape 2026","author":"admin3809","date":"14 d\u00e9cembre 2025","format":false,"excerpt":"","rel":"","context":"Article similaire","block_context":{"text":"Article similaire","link":""},"img":{"alt_text":"","src":"","width":0,"height":0},"classes":[]},{"id":5600,"url":"https:\/\/3joursdecherbourg.fr\/?page_id=5600","url_meta":{"origin":5598,"position":2},"title":"R\u00e9sultats 3e \u00e9tape 2026","author":"admin3809","date":"14 d\u00e9cembre 2025","format":false,"excerpt":"","rel":"","context":"Article similaire","block_context":{"text":"Article similaire","link":""},"img":{"alt_text":"","src":"","width":0,"height":0},"classes":[]},{"id":5437,"url":"https:\/\/3joursdecherbourg.fr\/?page_id=5437","url_meta":{"origin":5598,"position":3},"title":"R\u00e9sultats 2e \u00e9tape 2025","author":"admin3809","date":"6 septembre 2025","format":false,"excerpt":"","rel":"","context":"Article similaire","block_context":{"text":"Article similaire","link":""},"img":{"alt_text":"","src":"","width":0,"height":0},"classes":[]},{"id":5439,"url":"https:\/\/3joursdecherbourg.fr\/?page_id=5439","url_meta":{"origin":5598,"position":4},"title":"R\u00e9sultats 3e \u00e9tape 2025","author":"admin3809","date":"6 septembre 2025","format":false,"excerpt":"","rel":"","context":"Article similaire","block_context":{"text":"Article similaire","link":""},"img":{"alt_text":"","src":"","width":0,"height":0},"classes":[]},{"id":4791,"url":"https:\/\/3joursdecherbourg.fr\/?page_id=4791","url_meta":{"origin":5598,"position":5},"title":"Les r\u00e9sultats 1\u00e8re \u00e9tape 2024","author":"admin3809","date":"30 ao\u00fbt 2024","format":false,"excerpt":"","rel":"","context":"Article similaire","block_context":{"text":"Article similaire","link":""},"img":{"alt_text":"","src":"","width":0,"height":0},"classes":[]}],"jetpack_likes_enabled":false,"jetpack_sharing_enabled":true,"_links":{"self":[{"href":"https:\/\/3joursdecherbourg.fr\/index.php?rest_route=\/wp\/v2\/pages\/5598","targetHints":{"allow":["GET"]}}],"collection":[{"href":"https:\/\/3joursdecherbourg.fr\/index.php?rest_route=\/wp\/v2\/pages"}],"about":[{"href":"https:\/\/3joursdecherbourg.fr\/index.php?rest_route=\/wp\/v2\/types\/page"}],"author":[{"embeddable":true,"href":"https:\/\/3joursdecherbourg.fr\/index.php?rest_route=\/wp\/v2\/users\/1"}],"replies":[{"embeddable":true,"href":"https:\/\/3joursdecherbourg.fr\/index.php?rest_route=%2Fwp%2Fv2%2Fcomments&post=5598"}],"version-history":[{"count":1,"href":"https:\/\/3joursdecherbourg.fr\/index.php?rest_route=\/wp\/v2\/pages\/5598\/revisions"}],"predecessor-version":[{"id":5604,"href":"https:\/\/3joursdecherbourg.fr\/index.php?rest_route=\/wp\/v2\/pages\/5598\/revisions\/5604"}],"wp:attachment":[{"href":"https:\/\/3joursdecherbourg.fr\/index.php?rest_route=%2Fwp%2Fv2%2Fmedia&parent=5598"}],"curies":[{"name":"wp","href":"https:\/\/api.w.org\/{rel}","templated":true}]}}