{"id":5600,"date":"2025-12-14T01:14:22","date_gmt":"2025-12-14T00:14:22","guid":{"rendered":"https:\/\/3joursdecherbourg.fr\/?page_id=5600"},"modified":"2025-12-14T01:14:22","modified_gmt":"2025-12-14T00:14:22","slug":"resultats-3e-etape-2026","status":"publish","type":"page","link":"https:\/\/3joursdecherbourg.fr\/?page_id=5600","title":{"rendered":"R\u00e9sultats 3e \u00e9tape 2026"},"content":{"rendered":"","protected":false},"excerpt":{"rendered":"","protected":false},"author":1,"featured_media":0,"parent":0,"menu_order":0,"comment_status":"closed","ping_status":"closed","template":"","meta":{"footnotes":""},"class_list":["post-5600","page","type-page","status-publish","hentry"],"jetpack_shortlink":"https:\/\/wp.me\/P8fpGS-1sk","jetpack-related-posts":[{"id":5439,"url":"https:\/\/3joursdecherbourg.fr\/?page_id=5439","url_meta":{"origin":5600,"position":0},"title":"R\u00e9sultats 3e \u00e9tape 2025","author":"admin3809","date":"6 septembre 2025","format":false,"excerpt":"","rel":"","context":"Article similaire","block_context":{"text":"Article similaire","link":""},"img":{"alt_text":"","src":"","width":0,"height":0},"classes":[]},{"id":4917,"url":"https:\/\/3joursdecherbourg.fr\/?page_id=4917","url_meta":{"origin":5600,"position":1},"title":"Les r\u00e9sultats 3e \u00e9tape 2024","author":"admin3809","date":"1 septembre 2024","format":false,"excerpt":"","rel":"","context":"Article similaire","block_context":{"text":"Article similaire","link":""},"img":{"alt_text":"","src":"","width":0,"height":0},"classes":[]},{"id":5598,"url":"https:\/\/3joursdecherbourg.fr\/?page_id=5598","url_meta":{"origin":5600,"position":2},"title":"R\u00e9sultats 1e \u00e9tape 2026","author":"admin3809","date":"14 d\u00e9cembre 2025","format":false,"excerpt":"","rel":"","context":"Article similaire","block_context":{"text":"Article similaire","link":""},"img":{"alt_text":"","src":"","width":0,"height":0},"classes":[]},{"id":5599,"url":"https:\/\/3joursdecherbourg.fr\/?page_id=5599","url_meta":{"origin":5600,"position":3},"title":"R\u00e9sultats 2e \u00e9tape 2026","author":"admin3809","date":"14 d\u00e9cembre 2025","format":false,"excerpt":"","rel":"","context":"Article similaire","block_context":{"text":"Article similaire","link":""},"img":{"alt_text":"","src":"","width":0,"height":0},"classes":[]},{"id":4928,"url":"https:\/\/3joursdecherbourg.fr\/?page_id=4928","url_meta":{"origin":5600,"position":4},"title":"Les photos 3e \u00e9tape 2024","author":"admin3809","date":"1 septembre 2024","format":false,"excerpt":"","rel":"","context":"Article similaire","block_context":{"text":"Article similaire","link":""},"img":{"alt_text":"","src":"https:\/\/i0.wp.com\/3joursdecherbourg.fr\/wp-content\/uploads\/2024\/09\/DSC_4745.jpg?resize=350%2C200","width":350,"height":200,"srcset":"https:\/\/i0.wp.com\/3joursdecherbourg.fr\/wp-content\/uploads\/2024\/09\/DSC_4745.jpg?resize=350%2C200 1x, https:\/\/i0.wp.com\/3joursdecherbourg.fr\/wp-content\/uploads\/2024\/09\/DSC_4745.jpg?resize=525%2C300 1.5x, https:\/\/i0.wp.com\/3joursdecherbourg.fr\/wp-content\/uploads\/2024\/09\/DSC_4745.jpg?resize=700%2C400 2x, https:\/\/i0.wp.com\/3joursdecherbourg.fr\/wp-content\/uploads\/2024\/09\/DSC_4745.jpg?resize=1050%2C600 3x, https:\/\/i0.wp.com\/3joursdecherbourg.fr\/wp-content\/uploads\/2024\/09\/DSC_4745.jpg?resize=1400%2C800 4x"},"classes":[]},{"id":5437,"url":"https:\/\/3joursdecherbourg.fr\/?page_id=5437","url_meta":{"origin":5600,"position":5},"title":"R\u00e9sultats 2e \u00e9tape 2025","author":"admin3809","date":"6 septembre 2025","format":false,"excerpt":"","rel":"","context":"Article similaire","block_context":{"text":"Article similaire","link":""},"img":{"alt_text":"","src":"","width":0,"height":0},"classes":[]}],"jetpack_likes_enabled":false,"jetpack_sharing_enabled":true,"_links":{"self":[{"href":"https:\/\/3joursdecherbourg.fr\/index.php?rest_route=\/wp\/v2\/pages\/5600","targetHints":{"allow":["GET"]}}],"collection":[{"href":"https:\/\/3joursdecherbourg.fr\/index.php?rest_route=\/wp\/v2\/pages"}],"about":[{"href":"https:\/\/3joursdecherbourg.fr\/index.php?rest_route=\/wp\/v2\/types\/page"}],"author":[{"embeddable":true,"href":"https:\/\/3joursdecherbourg.fr\/index.php?rest_route=\/wp\/v2\/users\/1"}],"replies":[{"embeddable":true,"href":"https:\/\/3joursdecherbourg.fr\/index.php?rest_route=%2Fwp%2Fv2%2Fcomments&post=5600"}],"version-history":[{"count":1,"href":"https:\/\/3joursdecherbourg.fr\/index.php?rest_route=\/wp\/v2\/pages\/5600\/revisions"}],"predecessor-version":[{"id":5606,"href":"https:\/\/3joursdecherbourg.fr\/index.php?rest_route=\/wp\/v2\/pages\/5600\/revisions\/5606"}],"wp:attachment":[{"href":"https:\/\/3joursdecherbourg.fr\/index.php?rest_route=%2Fwp%2Fv2%2Fmedia&parent=5600"}],"curies":[{"name":"wp","href":"https:\/\/api.w.org\/{rel}","templated":true}]}}