{"id":77,"date":"2016-12-24T18:15:10","date_gmt":"2016-12-24T17:15:10","guid":{"rendered":"http:\/\/3joursdecherbourg.fr\/?page_id=77"},"modified":"2021-07-24T12:46:41","modified_gmt":"2021-07-24T10:46:41","slug":"organisation-generale","status":"publish","type":"page","link":"https:\/\/3joursdecherbourg.fr\/?page_id=77","title":{"rendered":"Organisation g\u00e9n\u00e9rale"},"content":{"rendered":"<p align=\"center\"><em>Attention: ce r\u00e8glement peut \u00e9voluer \u00e0 tout moment avant le d\u00e9part de l&rsquo;\u00e9preuve, en fonction de circonstances particuli\u00e8res, d&rsquo;\u00e9v\u00e8nements nouveaux, de changements de r\u00e9glementations ou toutes autres d\u00e9cisions jug\u00e9es utiles par les organisateurs.<\/em><\/p>\n<p align=\"center\">(mis \u00e0 jour le 24 juillet 2021)<\/p>\n\n<a href=\"https:\/\/3joursdecherbourg.fr\/wp-content\/uploads\/2021\/07\/Reglement-particulier-2021.pdf\" class=\"pdfemb-viewer\" style=\"\" data-width=\"max\" data-height=\"max\" data-toolbar=\"bottom\" data-toolbar-fixed=\"off\">Reglement-particulier-2021<\/a>\n<p class=\"wp-block-pdfemb-pdf-embedder-viewer\"><\/p>\n\n\n\n<p><\/p>\n","protected":false},"excerpt":{"rendered":"<p>Attention: ce r\u00e8glement peut \u00e9voluer \u00e0 tout moment avant le d\u00e9part de l&rsquo;\u00e9preuve, en fonction de circonstances particuli\u00e8res, d&rsquo;\u00e9v\u00e8nements nouveaux, de changements de r\u00e9glementations ou toutes autres d\u00e9cisions jug\u00e9es utiles par les organisateurs. (mis \u00e0 jour le 24 juillet 2021)<\/p>\n","protected":false},"author":1,"featured_media":0,"parent":0,"menu_order":0,"comment_status":"closed","ping_status":"closed","template":"","meta":{"footnotes":""},"class_list":["post-77","page","type-page","status-publish","hentry"],"jetpack_shortlink":"https:\/\/wp.me\/P8fpGS-1f","jetpack-related-posts":[{"id":2898,"url":"https:\/\/3joursdecherbourg.fr\/?page_id=2898","url_meta":{"origin":77,"position":0},"title":"Les r\u00e9sultats 2021","author":"admin3809","date":"3 septembre 2021","format":false,"excerpt":"\u00a0 3\u00e8me \u00e9tape:\u00a0 Un sc\u00e9nario identique \u00e0 la veille avec une \u00e9chapp\u00e9e au long cours rattrap\u00e9e sur le tard. Quelque secondes d'avances auront suffi pour d\u00e9signer le vainqueur de la mont\u00e9e du Roule. Cette \u00e9tape disput\u00e9e sous un temps d'abord brumeux s'est termin\u00e9e au grand soleil, devant le millier de\u2026","rel":"","context":"Article similaire","block_context":{"text":"Article similaire","link":""},"img":{"alt_text":"","src":"https:\/\/i0.wp.com\/3joursdecherbourg.fr\/wp-content\/uploads\/2021\/09\/DSC_3143-1024x681.jpg?resize=350%2C200&ssl=1","width":350,"height":200,"srcset":"https:\/\/i0.wp.com\/3joursdecherbourg.fr\/wp-content\/uploads\/2021\/09\/DSC_3143-1024x681.jpg?resize=350%2C200&ssl=1 1x, https:\/\/i0.wp.com\/3joursdecherbourg.fr\/wp-content\/uploads\/2021\/09\/DSC_3143-1024x681.jpg?resize=525%2C300&ssl=1 1.5x"},"classes":[]},{"id":92,"url":"https:\/\/3joursdecherbourg.fr\/?page_id=92","url_meta":{"origin":77,"position":1},"title":"Prologue","author":"admin3809","date":"24 d\u00e9cembre 2016","format":false,"excerpt":"Une premi\u00e8re sur les 3 jours: un prologue A\u00a0Tourlaville, la mise en jambe de ces 3 jours s'annonce roulante.\u00a0Le circuit ne pr\u00e9sente pas de difficult\u00e9 particuli\u00e8re: les coureurs n'auront pas le temps d'admirer \u00e0 Collignon la magnifique rade de Cherbourg . Le retour le long de la mer, tr\u00e8s rapide\u2026","rel":"","context":"Article similaire","block_context":{"text":"Article similaire","link":""},"img":{"alt_text":"","src":"https:\/\/i0.wp.com\/3joursdecherbourg.fr\/wp-content\/uploads\/2016\/12\/Bricquebec-234x300.jpg?resize=350%2C200","width":350,"height":200},"classes":[]},{"id":4078,"url":"https:\/\/3joursdecherbourg.fr\/?page_id=4078","url_meta":{"origin":77,"position":2},"title":"1\u00e8re \u00e9tape 2023","author":"admin3809","date":"8 mars 2023","format":false,"excerpt":"https:\/\/youtu.be\/RfWuC_Hms0s https:\/\/youtu.be\/A-Rp0FnVHqw?si=vLJr27Vg-7lbq967 https:\/\/www.calculitineraires.fr\/index.php?id=1363012#map Apr\u00e8s 2 ann\u00e9es \u00e0 Portbail-sur-Mer, c'est maintenant Bricquebec-en-Cotentin qui accueillera l'arriv\u00e9e de cette premi\u00e8re \u00e9tape 2023. Avec un d\u00e9part classique par le Val-de-Saire, la premi\u00e8re difficult\u00e9 de La Pernelle arrive tr\u00e8s rapidement. Un changement ensuite puisque dans le bourg du Vast les coureurs partiront \u00e0 gauche directement\u2026","rel":"","context":"Article similaire","block_context":{"text":"Article similaire","link":""},"img":{"alt_text":"","src":"https:\/\/i0.wp.com\/img.youtube.com\/vi\/RfWuC_Hms0s\/0.jpg?resize=350%2C200","width":350,"height":200},"classes":[]},{"id":4238,"url":"https:\/\/3joursdecherbourg.fr\/?page_id=4238","url_meta":{"origin":77,"position":3},"title":"Etape 3","author":"admin3809","date":"15 juillet 2023","format":false,"excerpt":"Une derni\u00e8re \u00e9tape marqu\u00e9e par le num\u00e9ro incroyable de L\u00e9andre HUCK, le Rouennais s\u2019est envol\u00e9 avec plus de 5 min d\u2019avance sur le peloton, celui-ci \u00e0 fait plus de 90 km \u00e0 l\u2019avant mais sera repris \u00e0 moins de 3 km de l\u2019arriv\u00e9e par un contre de 4 coureurs qui\u2026","rel":"","context":"Article similaire","block_context":{"text":"Article similaire","link":""},"img":{"alt_text":"","src":"https:\/\/i0.wp.com\/3joursdecherbourg.fr\/wp-content\/uploads\/2023\/09\/Capture-decran-2023-09-03-194133.png?resize=350%2C200&ssl=1","width":350,"height":200,"srcset":"https:\/\/i0.wp.com\/3joursdecherbourg.fr\/wp-content\/uploads\/2023\/09\/Capture-decran-2023-09-03-194133.png?resize=350%2C200&ssl=1 1x, https:\/\/i0.wp.com\/3joursdecherbourg.fr\/wp-content\/uploads\/2023\/09\/Capture-decran-2023-09-03-194133.png?resize=525%2C300&ssl=1 1.5x, https:\/\/i0.wp.com\/3joursdecherbourg.fr\/wp-content\/uploads\/2023\/09\/Capture-decran-2023-09-03-194133.png?resize=700%2C400&ssl=1 2x, https:\/\/i0.wp.com\/3joursdecherbourg.fr\/wp-content\/uploads\/2023\/09\/Capture-decran-2023-09-03-194133.png?resize=1050%2C600&ssl=1 3x"},"classes":[]},{"id":2493,"url":"https:\/\/3joursdecherbourg.fr\/?page_id=2493","url_meta":{"origin":77,"position":4},"title":"Chrono Montagne 2021","author":"admin3809","date":"21 juillet 2021","format":false,"excerpt":"Dans l'attente de l'arriv\u00e9e de la 3\u00e8me \u00e9tape des \"3 jours de Cherbourg en Cotentin\", le dimanche 5 septembre 2021, l'Amicale Cycliste a voulu r\u00e9activer l'ancienne mont\u00e9e chronom\u00e9tr\u00e9e de la Montagne du Roule: 1, 1 km \u00e0 9% de moyenne. Dans les ann\u00e9es 60, le prix Schneider-Andr\u00e9 H\u00e9bert, organis\u00e9 par\u2026","rel":"","context":"Article similaire","block_context":{"text":"Article similaire","link":""},"img":{"alt_text":"delisle raymond","src":"https:\/\/i0.wp.com\/www.lncpro.fr\/user\/textes\/grands-champions\/delisle_raymond.jpg?resize=350%2C200","width":350,"height":200},"classes":[]},{"id":3101,"url":"https:\/\/3joursdecherbourg.fr\/?page_id=3101","url_meta":{"origin":77,"position":5},"title":"Les r\u00e9sultats des \u00e9tapes 2022","author":"admin3809","date":"11 avril 2022","format":false,"excerpt":"Le classement en direct des transpondeurs. Attention, les coureurs qui franchissent la ligne sans transpondeur (changement de v\u00e9lo par exemple) sont ajout\u00e9s apr\u00e8s lecture de la photo-finish: https:\/\/www.stsport.fr\/LIVE\/g-live.html?f=FFC\/2022-CDF-N1-M5-CHERBOURG.clax Le tableau complet des r\u00e9sultats de la premi\u00e8re \u00e9tape: Le tableau complet des r\u00e9sultats de la deuxi\u00e8me \u00e9tape: Le tableau complet des\u2026","rel":"","context":"Article similaire","block_context":{"text":"Article similaire","link":""},"img":{"alt_text":"","src":"https:\/\/i0.wp.com\/3joursdecherbourg.fr\/wp-content\/uploads\/2022\/09\/StS.jpg?resize=350%2C200&ssl=1","width":350,"height":200,"srcset":"https:\/\/i0.wp.com\/3joursdecherbourg.fr\/wp-content\/uploads\/2022\/09\/StS.jpg?resize=350%2C200&ssl=1 1x, https:\/\/i0.wp.com\/3joursdecherbourg.fr\/wp-content\/uploads\/2022\/09\/StS.jpg?resize=525%2C300&ssl=1 1.5x"},"classes":[]}],"jetpack_likes_enabled":false,"jetpack_sharing_enabled":true,"_links":{"self":[{"href":"https:\/\/3joursdecherbourg.fr\/index.php?rest_route=\/wp\/v2\/pages\/77","targetHints":{"allow":["GET"]}}],"collection":[{"href":"https:\/\/3joursdecherbourg.fr\/index.php?rest_route=\/wp\/v2\/pages"}],"about":[{"href":"https:\/\/3joursdecherbourg.fr\/index.php?rest_route=\/wp\/v2\/types\/page"}],"author":[{"embeddable":true,"href":"https:\/\/3joursdecherbourg.fr\/index.php?rest_route=\/wp\/v2\/users\/1"}],"replies":[{"embeddable":true,"href":"https:\/\/3joursdecherbourg.fr\/index.php?rest_route=%2Fwp%2Fv2%2Fcomments&post=77"}],"version-history":[{"count":25,"href":"https:\/\/3joursdecherbourg.fr\/index.php?rest_route=\/wp\/v2\/pages\/77\/revisions"}],"predecessor-version":[{"id":2530,"href":"https:\/\/3joursdecherbourg.fr\/index.php?rest_route=\/wp\/v2\/pages\/77\/revisions\/2530"}],"wp:attachment":[{"href":"https:\/\/3joursdecherbourg.fr\/index.php?rest_route=%2Fwp%2Fv2%2Fmedia&parent=77"}],"curies":[{"name":"wp","href":"https:\/\/api.w.org\/{rel}","templated":true}]}}