{"id":921,"date":"2018-01-03T11:59:36","date_gmt":"2018-01-03T10:59:36","guid":{"rendered":"http:\/\/3joursdecherbourg.fr\/?page_id=921"},"modified":"2019-02-22T11:33:20","modified_gmt":"2019-02-22T10:33:20","slug":"2eme-etape-2","status":"publish","type":"page","link":"https:\/\/3joursdecherbourg.fr\/?page_id=921","title":{"rendered":"2\u00e8me \u00e9tape 2018"},"content":{"rendered":"<div id=\"attachment_1043\" style=\"width: 310px\" class=\"wp-caption alignright\"><a href=\"https:\/\/i0.wp.com\/3joursdecherbourg.fr\/wp-content\/uploads\/2018\/05\/LES-3-JOURS-2017-suite-066.jpg?ssl=1\"><img data-recalc-dims=\"1\" loading=\"lazy\" decoding=\"async\" aria-describedby=\"caption-attachment-1043\" data-attachment-id=\"1043\" data-permalink=\"https:\/\/3joursdecherbourg.fr\/?attachment_id=1043\" data-orig-file=\"https:\/\/i0.wp.com\/3joursdecherbourg.fr\/wp-content\/uploads\/2018\/05\/LES-3-JOURS-2017-suite-066.jpg?fit=4272%2C2848&amp;ssl=1\" data-orig-size=\"4272,2848\" data-comments-opened=\"1\" data-image-meta=\"{&quot;aperture&quot;:&quot;8&quot;,&quot;credit&quot;:&quot;&quot;,&quot;camera&quot;:&quot;Canon EOS 1100D&quot;,&quot;caption&quot;:&quot;&quot;,&quot;created_timestamp&quot;:&quot;1504374259&quot;,&quot;copyright&quot;:&quot;&quot;,&quot;focal_length&quot;:&quot;44&quot;,&quot;iso&quot;:&quot;100&quot;,&quot;shutter_speed&quot;:&quot;0.005&quot;,&quot;title&quot;:&quot;&quot;,&quot;orientation&quot;:&quot;1&quot;}\" data-image-title=\"LES 3 JOURS 2017 suite 066\" data-image-description=\"\" data-image-caption=\"&lt;p&gt;Les spectateurs toujours au rendez-vous de la rue Roger Salengro, \u00e0 Octeville.&lt;\/p&gt;\n\" data-medium-file=\"https:\/\/i0.wp.com\/3joursdecherbourg.fr\/wp-content\/uploads\/2018\/05\/LES-3-JOURS-2017-suite-066.jpg?fit=300%2C200&amp;ssl=1\" data-large-file=\"https:\/\/i0.wp.com\/3joursdecherbourg.fr\/wp-content\/uploads\/2018\/05\/LES-3-JOURS-2017-suite-066.jpg?fit=640%2C427&amp;ssl=1\" width=\"300\" height=\"200\" class=\"wp-image-1043 size-medium\" alt=\"\" src=\"https:\/\/i0.wp.com\/3joursdecherbourg.fr\/wp-content\/uploads\/2018\/05\/LES-3-JOURS-2017-suite-066.jpg?resize=300%2C200&#038;ssl=1\" srcset=\"https:\/\/i0.wp.com\/3joursdecherbourg.fr\/wp-content\/uploads\/2018\/05\/LES-3-JOURS-2017-suite-066.jpg?resize=300%2C200&amp;ssl=1 300w, https:\/\/i0.wp.com\/3joursdecherbourg.fr\/wp-content\/uploads\/2018\/05\/LES-3-JOURS-2017-suite-066.jpg?resize=768%2C512&amp;ssl=1 768w, https:\/\/i0.wp.com\/3joursdecherbourg.fr\/wp-content\/uploads\/2018\/05\/LES-3-JOURS-2017-suite-066.jpg?resize=1024%2C683&amp;ssl=1 1024w, https:\/\/i0.wp.com\/3joursdecherbourg.fr\/wp-content\/uploads\/2018\/05\/LES-3-JOURS-2017-suite-066.jpg?w=1280&amp;ssl=1 1280w, https:\/\/i0.wp.com\/3joursdecherbourg.fr\/wp-content\/uploads\/2018\/05\/LES-3-JOURS-2017-suite-066.jpg?w=1920&amp;ssl=1 1920w\" sizes=\"auto, (max-width: 300px) 100vw, 300px\" \/><\/a><p id=\"caption-attachment-1043\" class=\"wp-caption-text\">Les spectateurs toujours au rendez-vous de la rue Roger Salengro, \u00e0 Octeville.<\/p><\/div>\n<p>Cette belle \u00e9tape avait \u00e9t\u00e9 appr\u00e9ci\u00e9e l&rsquo;an dernier par tous les coureurs, suiveurs et les nombreux spectateurs mass\u00e9s dans toutes les difficult\u00e9s du parcours. Elle est renouvel\u00e9e cette ann\u00e9e, en modifiant seulement l&rsquo;avant-dernier kilom\u00e8tre pour \u00e9viter le boulevard de l&rsquo;Atlantique \u00e0 Octeville.<\/p>\n<p>&nbsp;<\/p>\n<a href=\"https:\/\/3joursdecherbourg.fr\/wp-content\/uploads\/2018\/05\/2e-\u00e9tape-2018-carte.pdf\" class=\"pdfemb-viewer\" style=\"\" data-width=\"max\" data-height=\"max\" data-toolbar=\"bottom\" data-toolbar-fixed=\"off\">2e \u00e9tape 2018 - carte<\/a>\n<p>&nbsp;<\/p>\n<a href=\"https:\/\/3joursdecherbourg.fr\/wp-content\/uploads\/2018\/05\/2\u00e8me-\u00e9tape-2018.pdf\" class=\"pdfemb-viewer\" style=\"\" data-width=\"max\" data-height=\"max\" data-toolbar=\"bottom\" data-toolbar-fixed=\"off\">2\u00e8me \u00e9tape 2018 - Fiche technique<\/a>\n<p>&nbsp;<\/p>\n<p>Nota: sous r\u00e9serve de validation par les autorit\u00e9s comp\u00e9tentes<\/p>\n<p>&nbsp;<\/p>\n","protected":false},"excerpt":{"rendered":"<p>Cette belle \u00e9tape avait \u00e9t\u00e9 appr\u00e9ci\u00e9e l&rsquo;an dernier par tous les coureurs, suiveurs et les nombreux spectateurs mass\u00e9s dans toutes les difficult\u00e9s du parcours. Elle est renouvel\u00e9e cette ann\u00e9e, en modifiant seulement l&rsquo;avant-dernier kilom\u00e8tre pour \u00e9viter le boulevard de l&rsquo;Atlantique &hellip; <a href=\"https:\/\/3joursdecherbourg.fr\/?page_id=921\">Continuer la lecture <span class=\"meta-nav\">&rarr;<\/span><\/a><\/p>\n","protected":false},"author":1,"featured_media":0,"parent":0,"menu_order":0,"comment_status":"closed","ping_status":"closed","template":"","meta":{"footnotes":""},"class_list":["post-921","page","type-page","status-publish","hentry"],"jetpack_shortlink":"https:\/\/wp.me\/P8fpGS-eR","jetpack-related-posts":[{"id":1594,"url":"https:\/\/3joursdecherbourg.fr\/?page_id=1594","url_meta":{"origin":921,"position":0},"title":"Les r\u00e9sultats 2019","author":"admin3809","date":"22 f\u00e9vrier 2019","format":false,"excerpt":"La troisi\u00e8me et derni\u00e8re \u00e9tape a consacr\u00e9 le Team Nantes Atlantique et son jeune coureur, Louis Barr\u00e9 dans la d\u00e9fense de son maillot de leader de l'\u00e9preuve. Apr\u00e8s les premi\u00e8res escarmouches, une \u00e9chapp\u00e9e a pu prendre les devants et rester aux avants postes jusqu'aux difficiles bosses des derniers kilom\u00e8tres. Owen\u2026","rel":"","context":"Article similaire","block_context":{"text":"Article similaire","link":""},"img":{"alt_text":"","src":"https:\/\/i0.wp.com\/3joursdecherbourg.fr\/wp-content\/uploads\/2019\/09\/DSC_2981-300x199.jpg?resize=350%2C200","width":350,"height":200},"classes":[]},{"id":1581,"url":"https:\/\/3joursdecherbourg.fr\/?page_id=1581","url_meta":{"origin":921,"position":1},"title":"2\u00e8me \u00e9tape 2019","author":"admin3809","date":"22 f\u00e9vrier 2019","format":false,"excerpt":"Une deuxi\u00e8me \u00e9tape difficile qui monte et descend sans cesse. Les bosses sont courtes, 1 \u00e0 2 km tout au plus, mais raides. C'est une \u00e9tape qui permet \u00e0 un puncheur de lever les bras rue Roger Salengro \u00e0 Octeville.","rel":"","context":"Article similaire","block_context":{"text":"Article similaire","link":""},"img":{"alt_text":"","src":"https:\/\/i0.wp.com\/3joursdecherbourg.fr\/wp-content\/uploads\/2019\/07\/DSC_2528-300x199.jpg?resize=350%2C200","width":350,"height":200},"classes":[]},{"id":94,"url":"https:\/\/3joursdecherbourg.fr\/?page_id=94","url_meta":{"origin":921,"position":2},"title":"2\u00e8me \u00e9tape 2017","author":"admin3809","date":"24 d\u00e9cembre 2016","format":false,"excerpt":"Fini l'\u00e9tape courte du samedi matin, retour \u00e0 une seule \u00e9tape le samedi apr\u00e8s-midi. Et quelle \u00e9tape! Au d\u00e9part de Querqueville, les coureurs, habitu\u00e9s \u00e0 La Hague, d\u00e9couvriront dans l'autre sens Landemer, Port Racine, Auderville, Herquet\u00f4t, Siouville. Puis apr\u00e8s les bosses de la route de Surtainville, ils retrouveront la c\u00f4te\u2026","rel":"","context":"Article similaire","block_context":{"text":"Article similaire","link":""},"img":{"alt_text":"","src":"https:\/\/i0.wp.com\/3joursdecherbourg.fr\/wp-content\/uploads\/2016\/12\/etape-2-3-j-dch2014-265-3000x2000-300x200.jpg?resize=350%2C200","width":350,"height":200},"classes":[]},{"id":3144,"url":"https:\/\/3joursdecherbourg.fr\/?page_id=3144","url_meta":{"origin":921,"position":3},"title":"2\u00e8me \u00e9tape 2022","author":"admin3809","date":"20 avril 2022","format":false,"excerpt":"Querqueville --> Octeville (163.21km) La parcours interactif: https:\/\/www.relive.cc\/view\/vYvrL3Vx3x6\/exploreLe circuit sur \u00ab\u00a0Calcul itin\u00e9raires\u00a0\u00bb: https:\/\/www.calculitineraires.fr\/index.php?id=1208749#map https:\/\/youtu.be\/t2VZTzWXPI4 Etape semblable \u00e0 2021, mais avec quelques am\u00e9nagements: Plus de passage par le bourg de Flamanville, nous filerons directement de Di\u00e8lette jusqu'aux Pieux. Ensuite, apr\u00e8s Bricquebec et sa c\u00f4te de Catigny, la difficult\u00e9 suivante de Brix\u2026","rel":"","context":"Article similaire","block_context":{"text":"Article similaire","link":""},"img":{"alt_text":"","src":"https:\/\/i0.wp.com\/3joursdecherbourg.fr\/wp-content\/uploads\/2022\/04\/DSC_7777-1024x683.jpg?resize=350%2C200&ssl=1","width":350,"height":200,"srcset":"https:\/\/i0.wp.com\/3joursdecherbourg.fr\/wp-content\/uploads\/2022\/04\/DSC_7777-1024x683.jpg?resize=350%2C200&ssl=1 1x, https:\/\/i0.wp.com\/3joursdecherbourg.fr\/wp-content\/uploads\/2022\/04\/DSC_7777-1024x683.jpg?resize=525%2C300&ssl=1 1.5x"},"classes":[]},{"id":2108,"url":"https:\/\/3joursdecherbourg.fr\/?page_id=2108","url_meta":{"origin":921,"position":4},"title":"2\u00e8me \u00e9tape 2021","author":"admin3809","date":"2 d\u00e9cembre 2019","format":false,"excerpt":"Pour cette deuxi\u00e8me \u00e9tape 2021, les modifications concernent d'abord un passage pour un point chaud dans le bourg de Flamanville, une mont\u00e9e de Brix par un c\u00f4t\u00e9 diff\u00e9rent et \u00e9galement 2 tours 1\/4 d'un circuit final par la mont\u00e9e des Ragotins. LE TRAJET","rel":"","context":"Article similaire","block_context":{"text":"Article similaire","link":""},"img":{"alt_text":"","src":"https:\/\/i0.wp.com\/3joursdecherbourg.fr\/wp-content\/uploads\/2020\/02\/Catigny.jpg?resize=350%2C200&ssl=1","width":350,"height":200,"srcset":"https:\/\/i0.wp.com\/3joursdecherbourg.fr\/wp-content\/uploads\/2020\/02\/Catigny.jpg?resize=350%2C200&ssl=1 1x, https:\/\/i0.wp.com\/3joursdecherbourg.fr\/wp-content\/uploads\/2020\/02\/Catigny.jpg?resize=525%2C300&ssl=1 1.5x, https:\/\/i0.wp.com\/3joursdecherbourg.fr\/wp-content\/uploads\/2020\/02\/Catigny.jpg?resize=700%2C400&ssl=1 2x"},"classes":[]},{"id":1579,"url":"https:\/\/3joursdecherbourg.fr\/?page_id=1579","url_meta":{"origin":921,"position":5},"title":"1\u00e8re \u00e9tape 2019","author":"admin3809","date":"22 f\u00e9vrier 2019","format":false,"excerpt":"On ne change pas une \"\u00e9tape\" qui gagne! Les changements apport\u00e9s l'an dernier ont \u00e9t\u00e9 appr\u00e9ci\u00e9s par les coureurs, les suiveurs et sans doute les nombreux spectateurs pr\u00e9sents le long des routes de cette premi\u00e8re \u00e9tape. La mont\u00e9e de Beauvais, d\u00e8s le 33\u00e8me kilom\u00e8tre \u00e9tire le peloton sur les routes\u2026","rel":"","context":"Article similaire","block_context":{"text":"Article similaire","link":""},"img":{"alt_text":"","src":"https:\/\/i0.wp.com\/3joursdecherbourg.fr\/wp-content\/uploads\/2019\/07\/DSC_2451-300x199.jpg?resize=350%2C200","width":350,"height":200},"classes":[]}],"jetpack_likes_enabled":false,"jetpack_sharing_enabled":true,"_links":{"self":[{"href":"https:\/\/3joursdecherbourg.fr\/index.php?rest_route=\/wp\/v2\/pages\/921","targetHints":{"allow":["GET"]}}],"collection":[{"href":"https:\/\/3joursdecherbourg.fr\/index.php?rest_route=\/wp\/v2\/pages"}],"about":[{"href":"https:\/\/3joursdecherbourg.fr\/index.php?rest_route=\/wp\/v2\/types\/page"}],"author":[{"embeddable":true,"href":"https:\/\/3joursdecherbourg.fr\/index.php?rest_route=\/wp\/v2\/users\/1"}],"replies":[{"embeddable":true,"href":"https:\/\/3joursdecherbourg.fr\/index.php?rest_route=%2Fwp%2Fv2%2Fcomments&post=921"}],"version-history":[{"count":3,"href":"https:\/\/3joursdecherbourg.fr\/index.php?rest_route=\/wp\/v2\/pages\/921\/revisions"}],"predecessor-version":[{"id":1573,"href":"https:\/\/3joursdecherbourg.fr\/index.php?rest_route=\/wp\/v2\/pages\/921\/revisions\/1573"}],"wp:attachment":[{"href":"https:\/\/3joursdecherbourg.fr\/index.php?rest_route=%2Fwp%2Fv2%2Fmedia&parent=921"}],"curies":[{"name":"wp","href":"https:\/\/api.w.org\/{rel}","templated":true}]}}