{"id":923,"date":"2018-01-03T11:59:52","date_gmt":"2018-01-03T10:59:52","guid":{"rendered":"http:\/\/3joursdecherbourg.fr\/?page_id=923"},"modified":"2019-02-22T11:33:38","modified_gmt":"2019-02-22T10:33:38","slug":"3eme-etape-2","status":"publish","type":"page","link":"https:\/\/3joursdecherbourg.fr\/?page_id=923","title":{"rendered":"3\u00e8me \u00e9tape 2018"},"content":{"rendered":"<p>L&rsquo;\u00e9tape, modifi\u00e9e l&rsquo;an dernier avec la mont\u00e9 des Aiguillons \u00e0 l&rsquo;approche de l&rsquo;arriv\u00e9e, est inchang\u00e9e cette ann\u00e9e.<\/p>\n<a href=\"https:\/\/3joursdecherbourg.fr\/wp-content\/uploads\/2018\/05\/3e-\u00e9tape-2018-carte.pdf\" class=\"pdfemb-viewer\" style=\"\" data-width=\"max\" data-height=\"max\" data-toolbar=\"bottom\" data-toolbar-fixed=\"off\">3e \u00e9tape 2018 - carte<\/a>\n<p>&nbsp;<\/p>\n<a href=\"https:\/\/3joursdecherbourg.fr\/wp-content\/uploads\/2018\/05\/3\u00e8me-\u00e9tape-2018.pdf\" class=\"pdfemb-viewer\" style=\"\" data-width=\"max\" data-height=\"max\" data-toolbar=\"bottom\" data-toolbar-fixed=\"off\">3\u00e8me \u00e9tape 2018 - Fiche technique<\/a>\n<p>&nbsp;<\/p>\n<p>Nota: sous r\u00e9serve de validation par les autorit\u00e9s comp\u00e9tentes<\/p>\n<div id=\"attachment_1048\" style=\"width: 650px\" class=\"wp-caption alignright\"><a href=\"https:\/\/i0.wp.com\/3joursdecherbourg.fr\/wp-content\/uploads\/2018\/05\/EFC-Vulsteke.jpg?ssl=1\"><img data-recalc-dims=\"1\" loading=\"lazy\" decoding=\"async\" aria-describedby=\"caption-attachment-1048\" data-attachment-id=\"1048\" data-permalink=\"https:\/\/3joursdecherbourg.fr\/?attachment_id=1048\" data-orig-file=\"https:\/\/i0.wp.com\/3joursdecherbourg.fr\/wp-content\/uploads\/2018\/05\/EFC-Vulsteke.jpg?fit=1504%2C561&amp;ssl=1\" data-orig-size=\"1504,561\" data-comments-opened=\"1\" data-image-meta=\"{&quot;aperture&quot;:&quot;7.1&quot;,&quot;credit&quot;:&quot;&quot;,&quot;camera&quot;:&quot;NIKON D50&quot;,&quot;caption&quot;:&quot;&quot;,&quot;created_timestamp&quot;:&quot;1504271193&quot;,&quot;copyright&quot;:&quot;&quot;,&quot;focal_length&quot;:&quot;26&quot;,&quot;iso&quot;:&quot;0&quot;,&quot;shutter_speed&quot;:&quot;0.005&quot;,&quot;title&quot;:&quot;&quot;,&quot;orientation&quot;:&quot;0&quot;}\" data-image-title=\"EFC-Vulsteke\" data-image-description=\"\" data-image-caption=\"&lt;p&gt;Les minots de Tourlaville porteront-ils chance \u00e0 l&amp;rsquo;EFC-Vulsteke cette ann\u00e9e encore?&lt;\/p&gt;\n\" data-medium-file=\"https:\/\/i0.wp.com\/3joursdecherbourg.fr\/wp-content\/uploads\/2018\/05\/EFC-Vulsteke.jpg?fit=300%2C112&amp;ssl=1\" data-large-file=\"https:\/\/i0.wp.com\/3joursdecherbourg.fr\/wp-content\/uploads\/2018\/05\/EFC-Vulsteke.jpg?fit=640%2C239&amp;ssl=1\" width=\"640\" height=\"239\" class=\"size-large wp-image-1048\" alt=\"\" src=\"https:\/\/i0.wp.com\/3joursdecherbourg.fr\/wp-content\/uploads\/2018\/05\/EFC-Vulsteke.jpg?resize=640%2C239&#038;ssl=1\" srcset=\"https:\/\/i0.wp.com\/3joursdecherbourg.fr\/wp-content\/uploads\/2018\/05\/EFC-Vulsteke.jpg?resize=1024%2C382&amp;ssl=1 1024w, https:\/\/i0.wp.com\/3joursdecherbourg.fr\/wp-content\/uploads\/2018\/05\/EFC-Vulsteke.jpg?resize=300%2C112&amp;ssl=1 300w, https:\/\/i0.wp.com\/3joursdecherbourg.fr\/wp-content\/uploads\/2018\/05\/EFC-Vulsteke.jpg?resize=768%2C286&amp;ssl=1 768w, https:\/\/i0.wp.com\/3joursdecherbourg.fr\/wp-content\/uploads\/2018\/05\/EFC-Vulsteke.jpg?w=1504&amp;ssl=1 1504w, https:\/\/i0.wp.com\/3joursdecherbourg.fr\/wp-content\/uploads\/2018\/05\/EFC-Vulsteke.jpg?w=1280&amp;ssl=1 1280w\" sizes=\"auto, (max-width: 640px) 100vw, 640px\" \/><\/a><p id=\"caption-attachment-1048\" class=\"wp-caption-text\">Les minots de Tourlaville porteront-ils chance \u00e0 l&rsquo;EFC-Vulsteke cette ann\u00e9e encore?<\/p><\/div>\n<p>&nbsp;<\/p>\n<p>&nbsp;<\/p>\n","protected":false},"excerpt":{"rendered":"<p>L&rsquo;\u00e9tape, modifi\u00e9e l&rsquo;an dernier avec la mont\u00e9 des Aiguillons \u00e0 l&rsquo;approche de l&rsquo;arriv\u00e9e, est inchang\u00e9e cette ann\u00e9e. &nbsp; &nbsp; Nota: sous r\u00e9serve de validation par les autorit\u00e9s comp\u00e9tentes &nbsp; &nbsp;<\/p>\n","protected":false},"author":1,"featured_media":0,"parent":0,"menu_order":0,"comment_status":"closed","ping_status":"closed","template":"","meta":{"footnotes":""},"class_list":["post-923","page","type-page","status-publish","hentry"],"jetpack_shortlink":"https:\/\/wp.me\/P8fpGS-eT","jetpack-related-posts":[{"id":136,"url":"https:\/\/3joursdecherbourg.fr\/?page_id=136","url_meta":{"origin":923,"position":0},"title":"Les r\u00e9sultats 2017","author":"admin3809","date":"25 d\u00e9cembre 2016","format":false,"excerpt":"Classements 1\u00e8re \u00e9tape: Etape Grimpeurs Points Equipe Classements 2\u00e8me \u00e9tape: Etape Grimpeurs Points Equipe G\u00e9n\u00e9ral apr\u00e8s la 2\u00e8me \u00e9tape: Etapes Grimpeurs Points Equipe Classements 3\u00e8me \u00e9tape: Etape Grimpeurs Points Equipe G\u00e9n\u00e9ral apr\u00e8s la 3\u00e8me \u00e9tape, classement final: Etapes Grimpeurs Points Equipe \u00a0 \u00a0","rel":"","context":"Article similaire","block_context":{"text":"Article similaire","link":""},"img":{"alt_text":"","src":"","width":0,"height":0},"classes":[]},{"id":2110,"url":"https:\/\/3joursdecherbourg.fr\/?page_id=2110","url_meta":{"origin":923,"position":1},"title":"3\u00e8me \u00e9tape 2021","author":"admin3809","date":"2 d\u00e9cembre 2019","format":false,"excerpt":"Cette derni\u00e8re \u00e9tape sacrera sans nul doute un grand champion au sommet de la Montagne du Roule. C'est en effet l\u00e0 que se terminera cette \u00e9dition 2021 apr\u00e8s une \u00e9tape particuli\u00e8rement difficile. Le d\u00e9part sera donn\u00e9 \u00e0 la sortie de Tourlaville en haut de la c\u00f4te de Br\u00e9qu\u00e9cal qui constituera\u2026","rel":"","context":"Article similaire","block_context":{"text":"Article similaire","link":""},"img":{"alt_text":"","src":"https:\/\/i0.wp.com\/3joursdecherbourg.fr\/wp-content\/uploads\/2020\/02\/Sciotot.jpg?resize=350%2C200&ssl=1","width":350,"height":200,"srcset":"https:\/\/i0.wp.com\/3joursdecherbourg.fr\/wp-content\/uploads\/2020\/02\/Sciotot.jpg?resize=350%2C200&ssl=1 1x, https:\/\/i0.wp.com\/3joursdecherbourg.fr\/wp-content\/uploads\/2020\/02\/Sciotot.jpg?resize=525%2C300&ssl=1 1.5x"},"classes":[]},{"id":95,"url":"https:\/\/3joursdecherbourg.fr\/?page_id=95","url_meta":{"origin":923,"position":2},"title":"3\u00e8me \u00e9tape 2017","author":"admin3809","date":"24 d\u00e9cembre 2016","format":false,"excerpt":"Cette \u00e9tape emm\u00e8nera les coureurs jusqu'\u00e0 la C\u00f4te-des-Isles avant de revenir \u00e0 Cherbourg par La Hague. L'arriv\u00e9e, \u00e0 nouveau, aura lieu Boulevard Schuman. Outre un point chaud dans Bricquebec, le changement pour cette 38\u00e8me \u00e9dition se trouve aux abords des derniers kilom\u00e8tres. Apr\u00e8s la c\u00f4te de La Valette, \u00e0 la\u2026","rel":"","context":"Article similaire","block_context":{"text":"Article similaire","link":""},"img":{"alt_text":"","src":"https:\/\/i0.wp.com\/3joursdecherbourg.fr\/wp-content\/uploads\/2016\/12\/035-300x200.jpg?resize=350%2C200","width":350,"height":200},"classes":[]},{"id":5574,"url":"https:\/\/3joursdecherbourg.fr\/?page_id=5574","url_meta":{"origin":923,"position":3},"title":"3\u00e8me \u00e9tape","author":"admin3809","date":"14 d\u00e9cembre 2025","format":false,"excerpt":"","rel":"","context":"Article similaire","block_context":{"text":"Article similaire","link":""},"img":{"alt_text":"","src":"","width":0,"height":0},"classes":[]},{"id":4712,"url":"https:\/\/3joursdecherbourg.fr\/?page_id=4712","url_meta":{"origin":923,"position":4},"title":"3\u00e8me \u00e9tape 2024","author":"admin3809","date":"4 ao\u00fbt 2024","format":false,"excerpt":"","rel":"","context":"Article similaire","block_context":{"text":"Article similaire","link":""},"img":{"alt_text":"","src":"https:\/\/i0.wp.com\/3joursdecherbourg.fr\/wp-content\/uploads\/2024\/08\/Feuille-de-route-3-eme-etape-2024-130-simplifiee.jpg?resize=350%2C200&ssl=1","width":350,"height":200,"srcset":"https:\/\/i0.wp.com\/3joursdecherbourg.fr\/wp-content\/uploads\/2024\/08\/Feuille-de-route-3-eme-etape-2024-130-simplifiee.jpg?resize=350%2C200&ssl=1 1x, https:\/\/i0.wp.com\/3joursdecherbourg.fr\/wp-content\/uploads\/2024\/08\/Feuille-de-route-3-eme-etape-2024-130-simplifiee.jpg?resize=525%2C300&ssl=1 1.5x, https:\/\/i0.wp.com\/3joursdecherbourg.fr\/wp-content\/uploads\/2024\/08\/Feuille-de-route-3-eme-etape-2024-130-simplifiee.jpg?resize=700%2C400&ssl=1 2x, https:\/\/i0.wp.com\/3joursdecherbourg.fr\/wp-content\/uploads\/2024\/08\/Feuille-de-route-3-eme-etape-2024-130-simplifiee.jpg?resize=1050%2C600&ssl=1 3x"},"classes":[]},{"id":3090,"url":"https:\/\/3joursdecherbourg.fr\/?page_id=3090","url_meta":{"origin":923,"position":5},"title":"3\u00e8me \u00e9tape 2022","author":"admin3809","date":"11 avril 2022","format":false,"excerpt":"Tourlaville --> Cherbourg (145.33km) Le parcours interactif: https:\/\/www.relive.cc\/view\/vLqekLDDYdO\/explore Le circuit sur \"Calcul itin\u00e9raires\": https:\/\/www.calculitineraires.fr\/index.php?id=1264009#map https:\/\/youtu.be\/UKYpCs1gZUY L\u00e9g\u00e8rement raccourcie, 145 km quand m\u00eame, l'\u00e9tape nous emm\u00e8nera d'abord vers Sottevast et son Point Chaud puis une route vers Breuville pas facile du tout. La remont\u00e9e de La Hague apr\u00e8s Barneville-Carteret (sans Le Pou\u2026","rel":"","context":"Article similaire","block_context":{"text":"Article similaire","link":""},"img":{"alt_text":"","src":"https:\/\/i0.wp.com\/3joursdecherbourg.fr\/wp-content\/uploads\/2022\/04\/DSC_3173-1024x681.jpg?resize=350%2C200&ssl=1","width":350,"height":200,"srcset":"https:\/\/i0.wp.com\/3joursdecherbourg.fr\/wp-content\/uploads\/2022\/04\/DSC_3173-1024x681.jpg?resize=350%2C200&ssl=1 1x, https:\/\/i0.wp.com\/3joursdecherbourg.fr\/wp-content\/uploads\/2022\/04\/DSC_3173-1024x681.jpg?resize=525%2C300&ssl=1 1.5x"},"classes":[]}],"jetpack_likes_enabled":false,"jetpack_sharing_enabled":true,"_links":{"self":[{"href":"https:\/\/3joursdecherbourg.fr\/index.php?rest_route=\/wp\/v2\/pages\/923","targetHints":{"allow":["GET"]}}],"collection":[{"href":"https:\/\/3joursdecherbourg.fr\/index.php?rest_route=\/wp\/v2\/pages"}],"about":[{"href":"https:\/\/3joursdecherbourg.fr\/index.php?rest_route=\/wp\/v2\/types\/page"}],"author":[{"embeddable":true,"href":"https:\/\/3joursdecherbourg.fr\/index.php?rest_route=\/wp\/v2\/users\/1"}],"replies":[{"embeddable":true,"href":"https:\/\/3joursdecherbourg.fr\/index.php?rest_route=%2Fwp%2Fv2%2Fcomments&post=923"}],"version-history":[{"count":4,"href":"https:\/\/3joursdecherbourg.fr\/index.php?rest_route=\/wp\/v2\/pages\/923\/revisions"}],"predecessor-version":[{"id":1574,"href":"https:\/\/3joursdecherbourg.fr\/index.php?rest_route=\/wp\/v2\/pages\/923\/revisions\/1574"}],"wp:attachment":[{"href":"https:\/\/3joursdecherbourg.fr\/index.php?rest_route=%2Fwp%2Fv2%2Fmedia&parent=923"}],"curies":[{"name":"wp","href":"https:\/\/api.w.org\/{rel}","templated":true}]}}