{"id":925,"date":"2018-01-03T12:00:14","date_gmt":"2018-01-03T11:00:14","guid":{"rendered":"http:\/\/3joursdecherbourg.fr\/?page_id=925"},"modified":"2019-02-22T11:34:12","modified_gmt":"2019-02-22T10:34:12","slug":"classements-annexes","status":"publish","type":"page","link":"https:\/\/3joursdecherbourg.fr\/?page_id=925","title":{"rendered":"Classements annexes 2018"},"content":{"rendered":"<a href=\"https:\/\/3joursdecherbourg.fr\/wp-content\/uploads\/2018\/05\/Classements-annexes-2018.pdf\" class=\"pdfemb-viewer\" style=\"\" data-width=\"max\" data-height=\"max\" data-toolbar=\"bottom\" data-toolbar-fixed=\"off\">Classements annexes 2018<\/a>\n<p>&nbsp;<\/p>\n<p>&nbsp;<\/p>\n<p>&nbsp;<\/p>\n","protected":false},"excerpt":{"rendered":"<p>&nbsp; &nbsp; &nbsp;<\/p>\n","protected":false},"author":1,"featured_media":0,"parent":0,"menu_order":0,"comment_status":"closed","ping_status":"closed","template":"","meta":{"footnotes":""},"class_list":["post-925","page","type-page","status-publish","hentry"],"jetpack_shortlink":"https:\/\/wp.me\/P8fpGS-eV","jetpack-related-posts":[{"id":1585,"url":"https:\/\/3joursdecherbourg.fr\/?page_id=1585","url_meta":{"origin":925,"position":0},"title":"Classements annexes 2019","author":"admin3809","date":"22 f\u00e9vrier 2019","format":false,"excerpt":"","rel":"","context":"Article similaire","block_context":{"text":"Article similaire","link":""},"img":{"alt_text":"","src":"","width":0,"height":0},"classes":[]},{"id":2112,"url":"https:\/\/3joursdecherbourg.fr\/?page_id=2112","url_meta":{"origin":925,"position":1},"title":"Classements annexes 2020","author":"admin3809","date":"2 d\u00e9cembre 2019","format":false,"excerpt":"","rel":"","context":"Article similaire","block_context":{"text":"Article similaire","link":""},"img":{"alt_text":"","src":"https:\/\/i0.wp.com\/3joursdecherbourg.fr\/wp-content\/uploads\/2019\/12\/const_travaux07.gif?resize=350%2C200","width":350,"height":200},"classes":[]},{"id":669,"url":"https:\/\/3joursdecherbourg.fr\/?page_id=669","url_meta":{"origin":925,"position":2},"title":"Classements annexes 2017","author":"admin3809","date":"19 ao\u00fbt 2017","format":false,"excerpt":"","rel":"","context":"Article similaire","block_context":{"text":"Article similaire","link":""},"img":{"alt_text":"","src":"","width":0,"height":0},"classes":[]},{"id":2904,"url":"https:\/\/3joursdecherbourg.fr\/?page_id=2904","url_meta":{"origin":925,"position":3},"title":"Classements annexes 2021","author":"admin3809","date":"3 septembre 2021","format":false,"excerpt":"1\u00e8re \u00e9tape 2021: 2\u00e8me \u00e9tape 2021: 3\u00e8me \u00e9tape 2021:","rel":"","context":"Article similaire","block_context":{"text":"Article similaire","link":""},"img":{"alt_text":"","src":"","width":0,"height":0},"classes":[]},{"id":908,"url":"https:\/\/3joursdecherbourg.fr\/?page_id=908","url_meta":{"origin":925,"position":4},"title":"Les 3 jours 2018","author":"admin3809","date":"3 janvier 2018","format":false,"excerpt":"Organisation g\u00e9n\u00e9rale Les \u00e9quipes engag\u00e9es 1\u00e8re \u00e9tape 2\u00e8me \u00e9tape 3\u00e8me \u00e9tape Classements annexes Les r\u00e9sultats","rel":"","context":"Article similaire","block_context":{"text":"Article similaire","link":""},"img":{"alt_text":"","src":"","width":0,"height":0},"classes":[]},{"id":48,"url":"https:\/\/3joursdecherbourg.fr\/?page_id=48","url_meta":{"origin":925,"position":5},"title":"Les 3 jours 2017","author":"admin3809","date":"24 d\u00e9cembre 2016","format":false,"excerpt":"Organisation g\u00e9n\u00e9rale Les \u00e9quipes engag\u00e9es 1\u00e8re \u00e9tape 2\u00e8me \u00e9tape 3\u00e8me \u00e9tape Classements annexes G\u00e9n\u00e9ral","rel":"","context":"Article similaire","block_context":{"text":"Article similaire","link":""},"img":{"alt_text":"","src":"","width":0,"height":0},"classes":[]}],"jetpack_likes_enabled":false,"jetpack_sharing_enabled":true,"_links":{"self":[{"href":"https:\/\/3joursdecherbourg.fr\/index.php?rest_route=\/wp\/v2\/pages\/925","targetHints":{"allow":["GET"]}}],"collection":[{"href":"https:\/\/3joursdecherbourg.fr\/index.php?rest_route=\/wp\/v2\/pages"}],"about":[{"href":"https:\/\/3joursdecherbourg.fr\/index.php?rest_route=\/wp\/v2\/types\/page"}],"author":[{"embeddable":true,"href":"https:\/\/3joursdecherbourg.fr\/index.php?rest_route=\/wp\/v2\/users\/1"}],"replies":[{"embeddable":true,"href":"https:\/\/3joursdecherbourg.fr\/index.php?rest_route=%2Fwp%2Fv2%2Fcomments&post=925"}],"version-history":[{"count":7,"href":"https:\/\/3joursdecherbourg.fr\/index.php?rest_route=\/wp\/v2\/pages\/925\/revisions"}],"predecessor-version":[{"id":1575,"href":"https:\/\/3joursdecherbourg.fr\/index.php?rest_route=\/wp\/v2\/pages\/925\/revisions\/1575"}],"wp:attachment":[{"href":"https:\/\/3joursdecherbourg.fr\/index.php?rest_route=%2Fwp%2Fv2%2Fmedia&parent=925"}],"curies":[{"name":"wp","href":"https:\/\/api.w.org\/{rel}","templated":true}]}}