{"id":927,"date":"2018-01-03T12:00:30","date_gmt":"2018-01-03T11:00:30","guid":{"rendered":"http:\/\/3joursdecherbourg.fr\/?page_id=927"},"modified":"2019-02-22T11:37:28","modified_gmt":"2019-02-22T10:37:28","slug":"les-resultats","status":"publish","type":"page","link":"https:\/\/3joursdecherbourg.fr\/?page_id=927","title":{"rendered":"Les r\u00e9sultats 2018"},"content":{"rendered":"<p><strong>Une troisi\u00e8me \u00e9tape<\/strong> au m\u00eame rythme que les deux autres: effr\u00e9n\u00e9! Des attaques sans cesse, des \u00e9chapp\u00e9es qui ne peuvent prendre du champ, et comme pr\u00e9vu, les derni\u00e8res bosses qui font la diff\u00e9rence. Et c&rsquo;est Matthieu Burgaudeau, Vend\u00e9e U, qui rafle la mise \u00e0 l&rsquo;arriv\u00e9e.<\/p>\n<p>Au g\u00e9n\u00e9ral, c&rsquo;est un Cherbourg merveilleusement ensoleill\u00e9 qui a vu triompher Taruia Krainer, VC Rouen 76, pour cette 39\u00e8me \u00e9dition.<\/p>\n<p>La f\u00eate \u00e9tait belle, les coureurs ont \u00e9t\u00e9 \u00e9patants de classe. Merci \u00e0 tous les participants et vive les 40\u00e8mes \u00ab\u00a03 jours de Cherbourg!<\/p>\n<a href=\"https:\/\/3joursdecherbourg.fr\/wp-content\/uploads\/2018\/09\/3CJ-2018-ETAPE-3.pdf\" class=\"pdfemb-viewer\" style=\"\" data-width=\"max\" data-height=\"max\" data-toolbar=\"bottom\" data-toolbar-fixed=\"off\">Classement Etape 3<\/a>\n<a href=\"https:\/\/3joursdecherbourg.fr\/wp-content\/uploads\/2018\/09\/3CJ-2018-GENERAL.pdf\" class=\"pdfemb-viewer\" style=\"\" data-width=\"max\" data-height=\"max\" data-toolbar=\"bottom\" data-toolbar-fixed=\"off\">Classement g\u00e9n\u00e9ral apr\u00e8s Etape 3<\/a>\n<a href=\"https:\/\/3joursdecherbourg.fr\/wp-content\/uploads\/2018\/09\/3CJ-2018-POINTS-ETAPE-3.pdf\" class=\"pdfemb-viewer\" style=\"\" data-width=\"max\" data-height=\"max\" data-toolbar=\"bottom\" data-toolbar-fixed=\"off\">Classement aux points Etape 3<\/a>\n<a href=\"https:\/\/3joursdecherbourg.fr\/wp-content\/uploads\/2018\/09\/3CJ-2018-POINTS-GENERAL.pdf\" class=\"pdfemb-viewer\" style=\"\" data-width=\"max\" data-height=\"max\" data-toolbar=\"bottom\" data-toolbar-fixed=\"off\">Classement g\u00e9n\u00e9ral aux points apr\u00e8s Etape 3<\/a>\n<a href=\"https:\/\/3joursdecherbourg.fr\/wp-content\/uploads\/2018\/09\/3CJ-2018-MONTAGNE-ETAPE-3.pdf\" class=\"pdfemb-viewer\" style=\"\" data-width=\"max\" data-height=\"max\" data-toolbar=\"bottom\" data-toolbar-fixed=\"off\">Classement grimpeurs Etape 3<\/a>\n<a href=\"https:\/\/3joursdecherbourg.fr\/wp-content\/uploads\/2018\/09\/3CJ-2018-MONTAGNE-GENERAL.pdf\" class=\"pdfemb-viewer\" style=\"\" data-width=\"max\" data-height=\"max\" data-toolbar=\"bottom\" data-toolbar-fixed=\"off\">Classement g\u00e9n\u00e9ral grimpeurs apr\u00e8s Etape 3<\/a>\n<a href=\"https:\/\/3joursdecherbourg.fr\/wp-content\/uploads\/2018\/09\/3CJ-2018-EQUIPE-ETAPE-3.pdf\" class=\"pdfemb-viewer\" style=\"\" data-width=\"max\" data-height=\"max\" data-toolbar=\"bottom\" data-toolbar-fixed=\"off\">Classement par \u00e9quipe Etape 3<\/a>\n<a href=\"https:\/\/3joursdecherbourg.fr\/wp-content\/uploads\/2018\/09\/3CJ-2018-EQUIPE-GENERAL.pdf\" class=\"pdfemb-viewer\" style=\"\" data-width=\"max\" data-height=\"max\" data-toolbar=\"bottom\" data-toolbar-fixed=\"off\">Classement g\u00e9n\u00e9ral par Equipe apr\u00e8s Etape 3<\/a>\n<p><a href=\"https:\/\/i0.wp.com\/3joursdecherbourg.fr\/wp-content\/uploads\/2018\/09\/DSC_2702.jpg?ssl=1\"><img data-recalc-dims=\"1\" loading=\"lazy\" decoding=\"async\" data-attachment-id=\"1456\" data-permalink=\"https:\/\/3joursdecherbourg.fr\/?attachment_id=1456\" data-orig-file=\"https:\/\/i0.wp.com\/3joursdecherbourg.fr\/wp-content\/uploads\/2018\/09\/DSC_2702.jpg?fit=1279%2C939&amp;ssl=1\" data-orig-size=\"1279,939\" data-comments-opened=\"1\" data-image-meta=\"{&quot;aperture&quot;:&quot;6.3&quot;,&quot;credit&quot;:&quot;&quot;,&quot;camera&quot;:&quot;NIKON D50&quot;,&quot;caption&quot;:&quot;&quot;,&quot;created_timestamp&quot;:&quot;1535903000&quot;,&quot;copyright&quot;:&quot;&quot;,&quot;focal_length&quot;:&quot;98&quot;,&quot;iso&quot;:&quot;0&quot;,&quot;shutter_speed&quot;:&quot;0.0015625&quot;,&quot;title&quot;:&quot;&quot;,&quot;orientation&quot;:&quot;1&quot;}\" data-image-title=\"DSC_2702\" data-image-description=\"\" data-image-caption=\"\" data-medium-file=\"https:\/\/i0.wp.com\/3joursdecherbourg.fr\/wp-content\/uploads\/2018\/09\/DSC_2702.jpg?fit=300%2C220&amp;ssl=1\" data-large-file=\"https:\/\/i0.wp.com\/3joursdecherbourg.fr\/wp-content\/uploads\/2018\/09\/DSC_2702.jpg?fit=640%2C470&amp;ssl=1\" width=\"640\" height=\"470\" class=\"alignnone size-full wp-image-1456\" alt=\"\" src=\"https:\/\/i0.wp.com\/3joursdecherbourg.fr\/wp-content\/uploads\/2018\/09\/DSC_2702.jpg?resize=640%2C470&#038;ssl=1\" srcset=\"https:\/\/i0.wp.com\/3joursdecherbourg.fr\/wp-content\/uploads\/2018\/09\/DSC_2702.jpg?w=1279&amp;ssl=1 1279w, https:\/\/i0.wp.com\/3joursdecherbourg.fr\/wp-content\/uploads\/2018\/09\/DSC_2702.jpg?resize=300%2C220&amp;ssl=1 300w, https:\/\/i0.wp.com\/3joursdecherbourg.fr\/wp-content\/uploads\/2018\/09\/DSC_2702.jpg?resize=768%2C564&amp;ssl=1 768w, https:\/\/i0.wp.com\/3joursdecherbourg.fr\/wp-content\/uploads\/2018\/09\/DSC_2702.jpg?resize=1024%2C752&amp;ssl=1 1024w\" sizes=\"auto, (max-width: 640px) 100vw, 640px\" \/><\/a><\/p>\n<p><strong>La deuxi\u00e8me \u00e9tape<\/strong> a \u00e9t\u00e9 dynamit\u00e9e d\u00e8s le d\u00e9but par l&rsquo;ascension de Landemer o\u00f9 les premi\u00e8res difficult\u00e9s se sont fait sentir pour les plus faibles. Le rythme de la course a ensuite fait de nombreux d\u00e9g\u00e2ts tout au long de l&rsquo;apr\u00e8s-midi et d&rsquo;un parcours qui ne permettait aucune rel\u00e2che. Sorti du groupe de la trentaine de coureurs qui a marqu\u00e9 la fin de course, Julien Van den Brande, EFC L&amp;R Vulst\u00e8ke s&rsquo;impose en force devant Alain Riou.<\/p>\n<p>Taruia Krainer, VC Rouen 76 prend le maillot de leader.<\/p>\n<p>La 3\u00e8me \u00e9tape sera chaude\u2026.<\/p>\n<a href=\"https:\/\/3joursdecherbourg.fr\/wp-content\/uploads\/2018\/09\/3JC-2018-ETAPE-2.pdf\" class=\"pdfemb-viewer\" style=\"\" data-width=\"max\" data-height=\"max\" data-toolbar=\"bottom\" data-toolbar-fixed=\"off\">Classement Etape 2<\/a>\n<a href=\"https:\/\/3joursdecherbourg.fr\/wp-content\/uploads\/2018\/09\/3JC-2018-GENERAL-2.pdf\" class=\"pdfemb-viewer\" style=\"\" data-width=\"max\" data-height=\"max\" data-toolbar=\"bottom\" data-toolbar-fixed=\"off\">Classement G\u00e9n\u00e9ral apr\u00e8s Etape 2<\/a>\n<a href=\"https:\/\/3joursdecherbourg.fr\/wp-content\/uploads\/2018\/09\/3JC-2018-POINTS-2.pdf\" class=\"pdfemb-viewer\" style=\"\" data-width=\"max\" data-height=\"max\" data-toolbar=\"bottom\" data-toolbar-fixed=\"off\">Classement par points Etape 2<\/a>\n<a href=\"https:\/\/3joursdecherbourg.fr\/wp-content\/uploads\/2018\/09\/3JC-2018-MONTAGNE-2.pdf\" class=\"pdfemb-viewer\" style=\"\" data-width=\"max\" data-height=\"max\" data-toolbar=\"bottom\" data-toolbar-fixed=\"off\">Classement Grimpeurs Etape 2<\/a>\n<a href=\"https:\/\/3joursdecherbourg.fr\/wp-content\/uploads\/2018\/09\/3JC-2018-EQUIPE-2.pdf\" class=\"pdfemb-viewer\" style=\"\" data-width=\"max\" data-height=\"max\" data-toolbar=\"bottom\" data-toolbar-fixed=\"off\">Classement par Equipes Etape 2<\/a>\n<p><a href=\"https:\/\/i0.wp.com\/3joursdecherbourg.fr\/wp-content\/uploads\/2018\/09\/DSC_2595.jpg?ssl=1\"><img data-recalc-dims=\"1\" loading=\"lazy\" decoding=\"async\" data-attachment-id=\"1406\" data-permalink=\"https:\/\/3joursdecherbourg.fr\/?attachment_id=1406\" data-orig-file=\"https:\/\/i0.wp.com\/3joursdecherbourg.fr\/wp-content\/uploads\/2018\/09\/DSC_2595.jpg?fit=1504%2C1000&amp;ssl=1\" data-orig-size=\"1504,1000\" data-comments-opened=\"1\" data-image-meta=\"{&quot;aperture&quot;:&quot;6.3&quot;,&quot;credit&quot;:&quot;&quot;,&quot;camera&quot;:&quot;NIKON D50&quot;,&quot;caption&quot;:&quot;&quot;,&quot;created_timestamp&quot;:&quot;1535820739&quot;,&quot;copyright&quot;:&quot;&quot;,&quot;focal_length&quot;:&quot;70&quot;,&quot;iso&quot;:&quot;0&quot;,&quot;shutter_speed&quot;:&quot;0.0015625&quot;,&quot;title&quot;:&quot;&quot;,&quot;orientation&quot;:&quot;1&quot;}\" data-image-title=\"DSC_2595\" data-image-description=\"\" data-image-caption=\"\" data-medium-file=\"https:\/\/i0.wp.com\/3joursdecherbourg.fr\/wp-content\/uploads\/2018\/09\/DSC_2595.jpg?fit=300%2C199&amp;ssl=1\" data-large-file=\"https:\/\/i0.wp.com\/3joursdecherbourg.fr\/wp-content\/uploads\/2018\/09\/DSC_2595.jpg?fit=640%2C426&amp;ssl=1\" width=\"640\" height=\"426\" class=\"alignnone size-full wp-image-1406\" alt=\"\" src=\"https:\/\/i0.wp.com\/3joursdecherbourg.fr\/wp-content\/uploads\/2018\/09\/DSC_2595.jpg?resize=640%2C426&#038;ssl=1\" srcset=\"https:\/\/i0.wp.com\/3joursdecherbourg.fr\/wp-content\/uploads\/2018\/09\/DSC_2595.jpg?w=1504&amp;ssl=1 1504w, https:\/\/i0.wp.com\/3joursdecherbourg.fr\/wp-content\/uploads\/2018\/09\/DSC_2595.jpg?resize=300%2C199&amp;ssl=1 300w, https:\/\/i0.wp.com\/3joursdecherbourg.fr\/wp-content\/uploads\/2018\/09\/DSC_2595.jpg?resize=768%2C511&amp;ssl=1 768w, https:\/\/i0.wp.com\/3joursdecherbourg.fr\/wp-content\/uploads\/2018\/09\/DSC_2595.jpg?resize=1024%2C681&amp;ssl=1 1024w, https:\/\/i0.wp.com\/3joursdecherbourg.fr\/wp-content\/uploads\/2018\/09\/DSC_2595.jpg?w=1280&amp;ssl=1 1280w\" sizes=\"auto, (max-width: 640px) 100vw, 640px\" \/><\/a><\/p>\n<p>&nbsp;<\/p>\n<p><strong>Une premi\u00e8re \u00e9tape<\/strong> anim\u00e9e, tr\u00e8s nerveuse sous le soleil du Cotentin. Beaucoup de tentatives d&rsquo;\u00e9chapp\u00e9es qui n&rsquo;ont jamais d\u00e9pass\u00e9 la minute. Une \u00e9tape disput\u00e9e \u00e0 la moyenne record de 45,629km\/h&nbsp; . Et surprise, une arriv\u00e9e au sprint au sommet de la montagne du Roule. Un beau vainqueur n\u00e9erlandais: Mathijs PAASSCHENS de l&rsquo;\u00e9quipe belge Home Solutions-Anmapa-Soenens.<\/p>\n<a href=\"https:\/\/3joursdecherbourg.fr\/wp-content\/uploads\/2018\/08\/3JC-2018-ETAPE-1.pdf\" class=\"pdfemb-viewer\" style=\"\" data-width=\"max\" data-height=\"max\" data-toolbar=\"bottom\" data-toolbar-fixed=\"off\">Classement Etape 1<\/a>\n<a href=\"https:\/\/3joursdecherbourg.fr\/wp-content\/uploads\/2018\/08\/3JC-2018-POINTS-1.pdf\" class=\"pdfemb-viewer\" style=\"\" data-width=\"max\" data-height=\"max\" data-toolbar=\"bottom\" data-toolbar-fixed=\"off\">Classement par Points Etape 1<\/a>\n<a href=\"https:\/\/3joursdecherbourg.fr\/wp-content\/uploads\/2018\/08\/3JC-2018MONTAGNE-1.pdf\" class=\"pdfemb-viewer\" style=\"\" data-width=\"max\" data-height=\"max\" data-toolbar=\"bottom\" data-toolbar-fixed=\"off\">Classement Grimpeur Etape 1<\/a>\n<a href=\"https:\/\/3joursdecherbourg.fr\/wp-content\/uploads\/2018\/08\/3JC-2018-EQUIPE-1.pdf\" class=\"pdfemb-viewer\" style=\"\" data-width=\"max\" data-height=\"max\" data-toolbar=\"bottom\" data-toolbar-fixed=\"off\">Classement par Equipes Etape 1<\/a>\n<p><a href=\"https:\/\/i0.wp.com\/3joursdecherbourg.fr\/wp-content\/uploads\/2018\/08\/DSC_2501-2.jpg?ssl=1\"><img data-recalc-dims=\"1\" loading=\"lazy\" decoding=\"async\" data-attachment-id=\"1342\" data-permalink=\"https:\/\/3joursdecherbourg.fr\/?attachment_id=1342\" data-orig-file=\"https:\/\/i0.wp.com\/3joursdecherbourg.fr\/wp-content\/uploads\/2018\/08\/DSC_2501-2.jpg?fit=1023%2C829&amp;ssl=1\" data-orig-size=\"1023,829\" data-comments-opened=\"1\" data-image-meta=\"{&quot;aperture&quot;:&quot;7.1&quot;,&quot;credit&quot;:&quot;&quot;,&quot;camera&quot;:&quot;NIKON D50&quot;,&quot;caption&quot;:&quot;&quot;,&quot;created_timestamp&quot;:&quot;1535735283&quot;,&quot;copyright&quot;:&quot;&quot;,&quot;focal_length&quot;:&quot;19&quot;,&quot;iso&quot;:&quot;0&quot;,&quot;shutter_speed&quot;:&quot;0.005&quot;,&quot;title&quot;:&quot;&quot;,&quot;orientation&quot;:&quot;1&quot;}\" data-image-title=\"DSC_2501 (2)\" data-image-description=\"\" data-image-caption=\"\" data-medium-file=\"https:\/\/i0.wp.com\/3joursdecherbourg.fr\/wp-content\/uploads\/2018\/08\/DSC_2501-2.jpg?fit=300%2C243&amp;ssl=1\" data-large-file=\"https:\/\/i0.wp.com\/3joursdecherbourg.fr\/wp-content\/uploads\/2018\/08\/DSC_2501-2.jpg?fit=640%2C519&amp;ssl=1\" width=\"640\" height=\"519\" class=\"alignnone size-full wp-image-1342\" alt=\"\" src=\"https:\/\/i0.wp.com\/3joursdecherbourg.fr\/wp-content\/uploads\/2018\/08\/DSC_2501-2.jpg?resize=640%2C519&#038;ssl=1\" srcset=\"https:\/\/i0.wp.com\/3joursdecherbourg.fr\/wp-content\/uploads\/2018\/08\/DSC_2501-2.jpg?w=1023&amp;ssl=1 1023w, https:\/\/i0.wp.com\/3joursdecherbourg.fr\/wp-content\/uploads\/2018\/08\/DSC_2501-2.jpg?resize=300%2C243&amp;ssl=1 300w, https:\/\/i0.wp.com\/3joursdecherbourg.fr\/wp-content\/uploads\/2018\/08\/DSC_2501-2.jpg?resize=768%2C622&amp;ssl=1 768w\" sizes=\"auto, (max-width: 640px) 100vw, 640px\" \/><\/a><\/p>\n","protected":false},"excerpt":{"rendered":"<p>Une troisi\u00e8me \u00e9tape au m\u00eame rythme que les deux autres: effr\u00e9n\u00e9! Des attaques sans cesse, des \u00e9chapp\u00e9es qui ne peuvent prendre du champ, et comme pr\u00e9vu, les derni\u00e8res bosses qui font la diff\u00e9rence. Et c&rsquo;est Matthieu Burgaudeau, Vend\u00e9e U, qui &hellip; <a href=\"https:\/\/3joursdecherbourg.fr\/?page_id=927\">Continuer la lecture <span class=\"meta-nav\">&rarr;<\/span><\/a><\/p>\n","protected":false},"author":1,"featured_media":0,"parent":0,"menu_order":0,"comment_status":"closed","ping_status":"closed","template":"","meta":{"footnotes":""},"class_list":["post-927","page","type-page","status-publish","hentry"],"jetpack_shortlink":"https:\/\/wp.me\/P8fpGS-eX","jetpack-related-posts":[{"id":1594,"url":"https:\/\/3joursdecherbourg.fr\/?page_id=1594","url_meta":{"origin":927,"position":0},"title":"Les r\u00e9sultats 2019","author":"admin3809","date":"22 f\u00e9vrier 2019","format":false,"excerpt":"La troisi\u00e8me et derni\u00e8re \u00e9tape a consacr\u00e9 le Team Nantes Atlantique et son jeune coureur, Louis Barr\u00e9 dans la d\u00e9fense de son maillot de leader de l'\u00e9preuve. Apr\u00e8s les premi\u00e8res escarmouches, une \u00e9chapp\u00e9e a pu prendre les devants et rester aux avants postes jusqu'aux difficiles bosses des derniers kilom\u00e8tres. Owen\u2026","rel":"","context":"Article similaire","block_context":{"text":"Article similaire","link":""},"img":{"alt_text":"","src":"https:\/\/i0.wp.com\/3joursdecherbourg.fr\/wp-content\/uploads\/2019\/09\/DSC_2981-300x199.jpg?resize=350%2C200","width":350,"height":200},"classes":[]},{"id":4241,"url":"https:\/\/3joursdecherbourg.fr\/?page_id=4241","url_meta":{"origin":927,"position":1},"title":"Etape 1","author":"admin3809","date":"15 juillet 2023","format":false,"excerpt":"Victoire de SENICOURT Kylian (PHILIPPE WAGNER CYCLING) C\u2019est sous l\u2019\u00e9motion de la disparition de Johan Paque, directeur sportif du team Bricquebec-en-Cotentin que cette 43\u00e8me \u00e9dition des 3 jours de Cherbourg s\u2019est \u00e9lanc\u00e9e de la mairie de Tourlaville, commune d\u00e9l\u00e9gu\u00e9e de Cherbourg-en-Cotentin.\u00a0 D\u00e8s les premiers kilom\u00e8tres, plusieurs coureurs ont tent\u00e9 de\u2026","rel":"","context":"Article similaire","block_context":{"text":"Article similaire","link":""},"img":{"alt_text":"","src":"https:\/\/i0.wp.com\/3joursdecherbourg.fr\/wp-content\/uploads\/2023\/09\/Capture-decran-2023-09-01-233915.png?resize=350%2C200&ssl=1","width":350,"height":200,"srcset":"https:\/\/i0.wp.com\/3joursdecherbourg.fr\/wp-content\/uploads\/2023\/09\/Capture-decran-2023-09-01-233915.png?resize=350%2C200&ssl=1 1x, https:\/\/i0.wp.com\/3joursdecherbourg.fr\/wp-content\/uploads\/2023\/09\/Capture-decran-2023-09-01-233915.png?resize=525%2C300&ssl=1 1.5x, https:\/\/i0.wp.com\/3joursdecherbourg.fr\/wp-content\/uploads\/2023\/09\/Capture-decran-2023-09-01-233915.png?resize=700%2C400&ssl=1 2x, https:\/\/i0.wp.com\/3joursdecherbourg.fr\/wp-content\/uploads\/2023\/09\/Capture-decran-2023-09-01-233915.png?resize=1050%2C600&ssl=1 3x"},"classes":[]},{"id":2898,"url":"https:\/\/3joursdecherbourg.fr\/?page_id=2898","url_meta":{"origin":927,"position":2},"title":"Les r\u00e9sultats 2021","author":"admin3809","date":"3 septembre 2021","format":false,"excerpt":"\u00a0 3\u00e8me \u00e9tape:\u00a0 Un sc\u00e9nario identique \u00e0 la veille avec une \u00e9chapp\u00e9e au long cours rattrap\u00e9e sur le tard. Quelque secondes d'avances auront suffi pour d\u00e9signer le vainqueur de la mont\u00e9e du Roule. Cette \u00e9tape disput\u00e9e sous un temps d'abord brumeux s'est termin\u00e9e au grand soleil, devant le millier de\u2026","rel":"","context":"Article similaire","block_context":{"text":"Article similaire","link":""},"img":{"alt_text":"","src":"https:\/\/i0.wp.com\/3joursdecherbourg.fr\/wp-content\/uploads\/2021\/09\/DSC_3143-1024x681.jpg?resize=350%2C200&ssl=1","width":350,"height":200,"srcset":"https:\/\/i0.wp.com\/3joursdecherbourg.fr\/wp-content\/uploads\/2021\/09\/DSC_3143-1024x681.jpg?resize=350%2C200&ssl=1 1x, https:\/\/i0.wp.com\/3joursdecherbourg.fr\/wp-content\/uploads\/2021\/09\/DSC_3143-1024x681.jpg?resize=525%2C300&ssl=1 1.5x"},"classes":[]},{"id":3101,"url":"https:\/\/3joursdecherbourg.fr\/?page_id=3101","url_meta":{"origin":927,"position":3},"title":"Les r\u00e9sultats des \u00e9tapes 2022","author":"admin3809","date":"11 avril 2022","format":false,"excerpt":"Le classement en direct des transpondeurs. Attention, les coureurs qui franchissent la ligne sans transpondeur (changement de v\u00e9lo par exemple) sont ajout\u00e9s apr\u00e8s lecture de la photo-finish: https:\/\/www.stsport.fr\/LIVE\/g-live.html?f=FFC\/2022-CDF-N1-M5-CHERBOURG.clax Le tableau complet des r\u00e9sultats de la premi\u00e8re \u00e9tape: Le tableau complet des r\u00e9sultats de la deuxi\u00e8me \u00e9tape: Le tableau complet des\u2026","rel":"","context":"Article similaire","block_context":{"text":"Article similaire","link":""},"img":{"alt_text":"","src":"https:\/\/i0.wp.com\/3joursdecherbourg.fr\/wp-content\/uploads\/2022\/09\/StS.jpg?resize=350%2C200&ssl=1","width":350,"height":200,"srcset":"https:\/\/i0.wp.com\/3joursdecherbourg.fr\/wp-content\/uploads\/2022\/09\/StS.jpg?resize=350%2C200&ssl=1 1x, https:\/\/i0.wp.com\/3joursdecherbourg.fr\/wp-content\/uploads\/2022\/09\/StS.jpg?resize=525%2C300&ssl=1 1.5x"},"classes":[]},{"id":2110,"url":"https:\/\/3joursdecherbourg.fr\/?page_id=2110","url_meta":{"origin":927,"position":4},"title":"3\u00e8me \u00e9tape 2021","author":"admin3809","date":"2 d\u00e9cembre 2019","format":false,"excerpt":"Cette derni\u00e8re \u00e9tape sacrera sans nul doute un grand champion au sommet de la Montagne du Roule. C'est en effet l\u00e0 que se terminera cette \u00e9dition 2021 apr\u00e8s une \u00e9tape particuli\u00e8rement difficile. Le d\u00e9part sera donn\u00e9 \u00e0 la sortie de Tourlaville en haut de la c\u00f4te de Br\u00e9qu\u00e9cal qui constituera\u2026","rel":"","context":"Article similaire","block_context":{"text":"Article similaire","link":""},"img":{"alt_text":"","src":"https:\/\/i0.wp.com\/3joursdecherbourg.fr\/wp-content\/uploads\/2020\/02\/Sciotot.jpg?resize=350%2C200&ssl=1","width":350,"height":200,"srcset":"https:\/\/i0.wp.com\/3joursdecherbourg.fr\/wp-content\/uploads\/2020\/02\/Sciotot.jpg?resize=350%2C200&ssl=1 1x, https:\/\/i0.wp.com\/3joursdecherbourg.fr\/wp-content\/uploads\/2020\/02\/Sciotot.jpg?resize=525%2C300&ssl=1 1.5x"},"classes":[]},{"id":49,"url":"https:\/\/3joursdecherbourg.fr\/?page_id=49","url_meta":{"origin":927,"position":5},"title":"Toute une histoire","author":"admin3809","date":"24 d\u00e9cembre 2016","format":false,"excerpt":"Historique A l\u2019origine Roger Lani\u00e8ce, longtemps commissaire de courses au niveau national et international, organisateur du Tour de la Manche professionnel dans les ann\u00e9es 50, des r\u00e9unions d\u2019apr\u00e8s Tour de France au v\u00e9lodrome Jean Jaur\u00e8s, grand d\u00e9fenseur du cyclisme pour avoir acc\u00e9d\u00e9 aux plus hautes instances f\u00e9d\u00e9rales, \u00e9voquant un jour\u2026","rel":"","context":"Article similaire","block_context":{"text":"Article similaire","link":""},"img":{"alt_text":"","src":"https:\/\/i0.wp.com\/3joursdecherbourg.fr\/wp-content\/uploads\/2016\/12\/Roger-Lani%C3%A8ce-168x300.jpg?resize=350%2C200","width":350,"height":200},"classes":[]}],"jetpack_likes_enabled":false,"jetpack_sharing_enabled":true,"_links":{"self":[{"href":"https:\/\/3joursdecherbourg.fr\/index.php?rest_route=\/wp\/v2\/pages\/927","targetHints":{"allow":["GET"]}}],"collection":[{"href":"https:\/\/3joursdecherbourg.fr\/index.php?rest_route=\/wp\/v2\/pages"}],"about":[{"href":"https:\/\/3joursdecherbourg.fr\/index.php?rest_route=\/wp\/v2\/types\/page"}],"author":[{"embeddable":true,"href":"https:\/\/3joursdecherbourg.fr\/index.php?rest_route=\/wp\/v2\/users\/1"}],"replies":[{"embeddable":true,"href":"https:\/\/3joursdecherbourg.fr\/index.php?rest_route=%2Fwp%2Fv2%2Fcomments&post=927"}],"version-history":[{"count":9,"href":"https:\/\/3joursdecherbourg.fr\/index.php?rest_route=\/wp\/v2\/pages\/927\/revisions"}],"predecessor-version":[{"id":1578,"href":"https:\/\/3joursdecherbourg.fr\/index.php?rest_route=\/wp\/v2\/pages\/927\/revisions\/1578"}],"wp:attachment":[{"href":"https:\/\/3joursdecherbourg.fr\/index.php?rest_route=%2Fwp%2Fv2%2Fmedia&parent=927"}],"curies":[{"name":"wp","href":"https:\/\/api.w.org\/{rel}","templated":true}]}}